{"id":554,"date":"2011-06-01T23:53:55","date_gmt":"2011-06-01T23:53:55","guid":{"rendered":"http:\/\/blog.espol.edu.ec\/misionnerd\/?page_id=554"},"modified":"2011-06-01T23:53:55","modified_gmt":"2011-06-01T23:53:55","slug":"falda-masculina-2","status":"publish","type":"page","link":"https:\/\/blog.espol.edu.ec\/misionnerd\/falda-masculina-2\/","title":{"rendered":"FALDA MASCULINA"},"content":{"rendered":"<h3><a href=\"http:\/\/blog.espol.edu.ec\/misionnerd\/files\/2011\/06\/fotos1.jpg\"><img loading=\"lazy\" decoding=\"async\" class=\"aligncenter size-medium wp-image-555\" title=\"fotos\" src=\"http:\/\/blog.espol.edu.ec\/misionnerd\/files\/2011\/06\/fotos1-218x300.jpg\" alt=\"\" width=\"182\" height=\"253\" \/><\/a>___________________________________<\/h3>\n<h3>Hasta hace poco, un hombre ataviado con una falda significaba una de estas tres cosas:<\/h3>\n<p><a href=\"http:\/\/blog.espol.edu.ec\/misionnerd\/files\/2011\/06\/travesti2.jpg\"><img loading=\"lazy\" decoding=\"async\" class=\"alignleft size-full wp-image-556\" title=\"travesti\" src=\"http:\/\/blog.espol.edu.ec\/misionnerd\/files\/2011\/06\/travesti2.jpg\" alt=\"\" width=\"155\" height=\"185\" \/><\/a><\/p>\n<h3>\u00a0Un travesti<\/h3>\n<p>\u00a0<\/p>\n<p><a href=\"http:\/\/blog.espol.edu.ec\/misionnerd\/files\/2011\/06\/hobre-falda12.jpg\"><img loading=\"lazy\" decoding=\"async\" class=\"alignleft size-medium wp-image-566\" title=\"hobre-falda1\" src=\"http:\/\/blog.espol.edu.ec\/misionnerd\/files\/2011\/06\/hobre-falda12-199x300.jpg\" alt=\"\" width=\"153\" height=\"239\" \/><\/a><\/p>\n<h3>Un amante del esc\u00e1ndalo<\/h3>\n<h3>\u00a0<\/h3>\n<p>\u00a0<\/p>\n<h3><a href=\"http:\/\/blog.espol.edu.ec\/misionnerd\/files\/2011\/06\/untitledq-mini3.jpg\"><img loading=\"lazy\" decoding=\"async\" class=\"alignleft size-medium wp-image-572\" title=\"untitledq mini\" src=\"http:\/\/blog.espol.edu.ec\/misionnerd\/files\/2011\/06\/untitledq-mini3-225x300.jpg\" alt=\"\" width=\"149\" height=\"230\" \/><\/a><\/h3>\n<h3>Un escoc\u00e9s.<\/h3>\n<p>\u00a0<\/p>\n<p>__________________________________________________________________________________________________<\/p>\n<h3>Las prendas que usaban los hombres en algunas tierras ex\u00f3ticas como la India no generaban interrogante alguna, ellos ten\u00edan un vasto repertorio de faldas masculinas hind\u00faes\u00a0 que se sumaban a su encanto oriental.<\/h3>\n<p><a href=\"http:\/\/blog.espol.edu.ec\/misionnerd\/files\/2011\/06\/lungi.jpg\"><img loading=\"lazy\" decoding=\"async\" class=\"alignleft size-medium wp-image-579\" title=\"lungi\" src=\"http:\/\/blog.espol.edu.ec\/misionnerd\/files\/2011\/06\/lungi-300x205.jpg\" alt=\"\" width=\"207\" height=\"142\" srcset=\"https:\/\/blog.espol.edu.ec\/misionnerd\/files\/2011\/06\/lungi-300x205.jpg 300w, https:\/\/blog.espol.edu.ec\/misionnerd\/files\/2011\/06\/lungi.jpg 500w\" sizes=\"auto, (max-width: 207px) 100vw, 207px\" \/><\/a><a href=\"http:\/\/blog.espol.edu.ec\/misionnerd\/files\/2011\/06\/dhoti.jpg\"><img loading=\"lazy\" decoding=\"async\" class=\"alignleft size-medium wp-image-575\" title=\"dhoti\" src=\"http:\/\/blog.espol.edu.ec\/misionnerd\/files\/2011\/06\/dhoti-300x245.jpg\" alt=\"\" width=\"195\" height=\"144\" \/><\/a><a href=\"http:\/\/blog.espol.edu.ec\/misionnerd\/files\/2011\/06\/sherwani.jpg\"><img loading=\"lazy\" decoding=\"async\" class=\"alignleft size-medium wp-image-576\" title=\"sherwani\" src=\"http:\/\/blog.espol.edu.ec\/misionnerd\/files\/2011\/06\/sherwani-300x300.jpg\" alt=\"\" width=\"177\" height=\"168\" \/><\/a><\/p>\n<p>_____________________________________________________________________________________________<\/p>\n<h3>El sarong de la Polinesia se remonta en su origen a\u00a0 la herencia de los normandos y los vikingos que pasaron por esas islas. A juzgar por los cuadritos de la tela, la moda escocesa peg\u00f3 fuertemente entre los nativos. \u00a0<\/h3>\n<p><a href=\"http:\/\/blog.espol.edu.ec\/misionnerd\/files\/2011\/06\/sarongs.jpg\"><img loading=\"lazy\" decoding=\"async\" class=\"aligncenter size-medium wp-image-582\" title=\"sarongs\" src=\"http:\/\/blog.espol.edu.ec\/misionnerd\/files\/2011\/06\/sarongs-300x154.jpg\" alt=\"\" width=\"300\" height=\"154\" srcset=\"https:\/\/blog.espol.edu.ec\/misionnerd\/files\/2011\/06\/sarongs-300x154.jpg 300w, https:\/\/blog.espol.edu.ec\/misionnerd\/files\/2011\/06\/sarongs.jpg 313w\" sizes=\"auto, (max-width: 300px) 100vw, 300px\" \/><\/a><\/p>\n<p>________________________________________________________<\/p>\n<h3>Una faldita llamada fustanella y el calzado de chaclos de borla forma parte del original traje nacional griego. Lo usan incluso los guardias que custodian el Monumento al Soldado Desconocido en Atenas.<\/h3>\n<h3><a href=\"http:\/\/blog.espol.edu.ec\/misionnerd\/files\/2011\/06\/ThEvzones11.jpg\"><img loading=\"lazy\" decoding=\"async\" class=\"aligncenter size-medium wp-image-588\" title=\"ThEvzones1\" src=\"http:\/\/blog.espol.edu.ec\/misionnerd\/files\/2011\/06\/ThEvzones11-300x214.jpg\" alt=\"\" width=\"204\" height=\"134\" \/><\/a><a href=\"http:\/\/blog.espol.edu.ec\/misionnerd\/files\/2011\/06\/17_1_11.jpg\"><img loading=\"lazy\" decoding=\"async\" class=\"aligncenter size-medium wp-image-587\" title=\"_17_1_~1\" src=\"http:\/\/blog.espol.edu.ec\/misionnerd\/files\/2011\/06\/17_1_11-300x203.jpg\" alt=\"\" width=\"204\" height=\"124\" \/><\/a>___________________________________________________________<\/h3>\n<h3>Hasta ese momento todo marchaba bien y cada pueblo se deleitaba con su folclor. Pero, de repente y sin previo aviso, ciertos dise\u00f1adores de modas enloquecieron y lanzaron a las pasarelas algo capaz de asustar a cualquiera:<\/h3>\n<p><a href=\"http:\/\/blog.espol.edu.ec\/misionnerd\/files\/2011\/06\/31.jpg\"><\/a><a href=\"http:\/\/blog.espol.edu.ec\/misionnerd\/files\/2011\/06\/311.jpg\"><img loading=\"lazy\" decoding=\"async\" class=\"aligncenter size-medium wp-image-593\" title=\"31\" src=\"http:\/\/blog.espol.edu.ec\/misionnerd\/files\/2011\/06\/311-147x300.jpg\" alt=\"\" width=\"102\" height=\"230\" \/><\/a><a href=\"http:\/\/blog.espol.edu.ec\/misionnerd\/files\/2011\/06\/30.jpg\"><img loading=\"lazy\" decoding=\"async\" class=\"aligncenter size-medium wp-image-591\" title=\"30\" src=\"http:\/\/blog.espol.edu.ec\/misionnerd\/files\/2011\/06\/30-200x300.jpg\" alt=\"\" width=\"141\" height=\"218\" \/><\/a><\/p>\n<p>______________________________________________________________________________________________<\/p>\n<h3>Oh shit! \u00a1Hermanos africanos, no le crean a John Galliano, en su continente no hace tanto frio como para ponerse semejante cachina!\u00a0<\/h3>\n<h3>Una comentarista rusa la compar\u00f3 con la vestimenta de los pordioseros, quienes se ponen encima cualquier cosa que consiguen.\u00a0 Pero, inclusive ellos, tienen una idea mucho m\u00e1s tradicional sobre lo que es el atuendo masculino.<\/h3>\n<p>\u00a0<\/p>\n<p><a href=\"http:\/\/blog.espol.edu.ec\/misionnerd\/files\/2011\/06\/AFR.jpg\"><img loading=\"lazy\" decoding=\"async\" class=\"aligncenter size-medium wp-image-598\" title=\"AFR\" src=\"http:\/\/blog.espol.edu.ec\/misionnerd\/files\/2011\/06\/AFR-300x238.jpg\" alt=\"\" width=\"269\" height=\"204\" \/><\/a><\/p>\n<p>_________________________________________________________________________________<\/p>\n<h3>Estas im\u00e1genes no son de ning\u00fan Love Parede europeo, son de desfiles de modas. Una dise\u00f1adora lleg\u00f3 a lanzar el lema: \u201cLa falda hace al hombre\u201d (\u00bfHabr\u00e1 sido una lesbiana que quiso aniquilar el g\u00e9nero masculino para quedarse con todas las mujeres?)<\/h3>\n<p><a href=\"http:\/\/blog.espol.edu.ec\/misionnerd\/files\/2011\/06\/hombre-paris2011-02-z.jpg\"><img loading=\"lazy\" decoding=\"async\" class=\"aligncenter size-medium wp-image-599\" title=\"hombre-paris2011-02-z\" src=\"http:\/\/blog.espol.edu.ec\/misionnerd\/files\/2011\/06\/hombre-paris2011-02-z-300x270.jpg\" alt=\"\" width=\"262\" height=\"224\" \/><\/a><\/p>\n<h3>\u00bfO ser\u00e1 que yo soy demasiado conservadora?<\/h3>\n<p>_________________________________________________________________________________________<\/p>\n<h3>Algunos representantes del sexo masculino han afirmado que se atrever\u00edan a usar una falda en nombre de la comodidad, ya que dicha prenda tiene la virtud de no apretar ciertas \u00e1reas de su anatom\u00eda, adem\u00e1s les proporcionar\u00eda una buena ventilaci\u00f3n. \u00a0Los ya mencionados escoceses, quienes no llevan nada puesto debajo del kilt, ser\u00edan unos buenos l\u00edderes de esta causa.<\/h3>\n<h3>Sean Connery lo confirm\u00f3 en un evento donde levant\u00f3 su patri\u00f3tica falda para mostrar al p\u00fablico su honorable trasero.<\/h3>\n<p><a href=\"http:\/\/blog.espol.edu.ec\/misionnerd\/files\/2011\/06\/10772.jpg\"><img loading=\"lazy\" decoding=\"async\" class=\"aligncenter size-full wp-image-600\" title=\"10772\" src=\"http:\/\/blog.espol.edu.ec\/misionnerd\/files\/2011\/06\/10772.jpg\" alt=\"\" width=\"216\" height=\"168\" \/><\/a><\/p>\n<p>_______________________________________________________________________________________<\/p>\n<h3>Sin embargo, para los tradicionalistas m\u00e1s pudorosos, los ingeniosos dise\u00f1adores ofrecieron una novedosa pieza que constituye, por decir as\u00ed, un \u201ckilt bajo kilt\u201d. Ya decidir\u00e1n los escoceses si es digno de incluirla en su atuendo.<\/h3>\n<p><a href=\"http:\/\/blog.espol.edu.ec\/misionnerd\/files\/2011\/06\/tanga-hombre-falda-escocesat_18485668.jpg\"><img loading=\"lazy\" decoding=\"async\" class=\"aligncenter size-full wp-image-601\" title=\"tanga-hombre-falda-escocesa~t_18485668\" src=\"http:\/\/blog.espol.edu.ec\/misionnerd\/files\/2011\/06\/tanga-hombre-falda-escocesat_18485668.jpg\" alt=\"\" width=\"137\" height=\"135\" \/><\/a><\/p>\n<p>_______________________________________________________<\/p>\n<h3>Despu\u00e9s de todo, no logro imaginarme al lado de un hombre que me pregunte: - \u00bfQuerida, que tal me queda esta falda? \u00bfNo te parece que es un poco larga? A prop\u00f3sito, pr\u00e9stame tu r\u00edmel, es que no recuerdo donde dej\u00e9 el m\u00edo.<\/h3>\n<h3>\u00a0El d\u00eda en que todos los hombres se pongan una crinolina y unos zapatos de taco de aguja, espero que venga un gaitero para tocar un r\u00e9quiem sobre mi tumba. Am\u00e9n.<\/h3>\n<p><a href=\"http:\/\/blog.espol.edu.ec\/misionnerd\/files\/2011\/06\/6250496-monta-s-escoc-s-vistiendo-kilt-y-tocando-la-gaita.jpg\"><img loading=\"lazy\" decoding=\"async\" class=\"aligncenter size-medium wp-image-604\" title=\"6250496-monta-s-escoc-s-vistiendo-kilt-y-tocando-la-gaita\" src=\"http:\/\/blog.espol.edu.ec\/misionnerd\/files\/2011\/06\/6250496-monta-s-escoc-s-vistiendo-kilt-y-tocando-la-gaita-200x300.jpg\" alt=\"\" width=\"119\" height=\"183\" \/><\/a><\/p>\n<p>_______<\/p>\n","protected":false},"excerpt":{"rendered":"<p>___________________________________ Hasta hace poco, un hombre ataviado con una falda significaba una de estas tres cosas: \u00a0Un travesti \u00a0 Un amante del esc\u00e1ndalo \u00a0 \u00a0 Un escoc\u00e9s. \u00a0 __________________________________________________________________________________________________ Las prendas que usaban los hombres en algunas tierras ex\u00f3ticas como la India no generaban interrogante alguna, ellos ten\u00edan un vasto repertorio de faldas masculinas hind\u00faes\u00a0 [&hellip;]<\/p>\n","protected":false},"author":5156,"featured_media":0,"parent":0,"menu_order":0,"comment_status":"open","ping_status":"open","template":"","meta":{"footnotes":""},"class_list":["post-554","page","type-page","status-publish","hentry"],"_links":{"self":[{"href":"https:\/\/blog.espol.edu.ec\/misionnerd\/wp-json\/wp\/v2\/pages\/554","targetHints":{"allow":["GET"]}}],"collection":[{"href":"https:\/\/blog.espol.edu.ec\/misionnerd\/wp-json\/wp\/v2\/pages"}],"about":[{"href":"https:\/\/blog.espol.edu.ec\/misionnerd\/wp-json\/wp\/v2\/types\/page"}],"author":[{"embeddable":true,"href":"https:\/\/blog.espol.edu.ec\/misionnerd\/wp-json\/wp\/v2\/users\/5156"}],"replies":[{"embeddable":true,"href":"https:\/\/blog.espol.edu.ec\/misionnerd\/wp-json\/wp\/v2\/comments?post=554"}],"version-history":[{"count":35,"href":"https:\/\/blog.espol.edu.ec\/misionnerd\/wp-json\/wp\/v2\/pages\/554\/revisions"}],"predecessor-version":[{"id":611,"href":"https:\/\/blog.espol.edu.ec\/misionnerd\/wp-json\/wp\/v2\/pages\/554\/revisions\/611"}],"wp:attachment":[{"href":"https:\/\/blog.espol.edu.ec\/misionnerd\/wp-json\/wp\/v2\/media?parent=554"}],"curies":[{"name":"wp","href":"https:\/\/api.w.org\/{rel}","templated":true}]}}