{"id":823,"date":"2012-03-20T19:24:54","date_gmt":"2012-03-20T19:24:54","guid":{"rendered":"http:\/\/blog.espol.edu.ec\/misionnerd\/?page_id=823"},"modified":"2012-03-20T19:24:54","modified_gmt":"2012-03-20T19:24:54","slug":"inmortalidad-del-cangrejo","status":"publish","type":"page","link":"https:\/\/blog.espol.edu.ec\/misionnerd\/inmortalidad-del-cangrejo\/","title":{"rendered":"INMORTALIDAD DEL CANGREJO"},"content":{"rendered":"<p style=\"text-align: center\"><a href=\"http:\/\/blog.espol.edu.ec\/misionnerd\/files\/2012\/03\/1.jpg\"><img loading=\"lazy\" decoding=\"async\" class=\"aligncenter  wp-image-824\" src=\"http:\/\/blog.espol.edu.ec\/misionnerd\/files\/2012\/03\/1-300x246.jpg\" alt=\"\" width=\"240\" height=\"197\" srcset=\"https:\/\/blog.espol.edu.ec\/misionnerd\/files\/2012\/03\/1-300x246.jpg 300w, https:\/\/blog.espol.edu.ec\/misionnerd\/files\/2012\/03\/1.jpg 500w\" sizes=\"auto, (max-width: 240px) 100vw, 240px\" \/><\/a><\/p>\n<h3>Todos sabemos que existe correlaci\u00f3n entre el Arte y la Ciencia. El arte, igual que la ciencia, es una forma de explorar lo inc\u00f3gnito. Arte y ciencia reflejan el potencial creativo del hombre y ambos\u00a0 ayudan a corregir la estrechez del sentido com\u00fan, lo que difiere es el modo en c\u00f3mo lo hacen y los productos a los que llegan.<\/h3>\n<h3>\u00a0Aqui les ofrezco mi video sobre esta estrecha relaci\u00f3n:<\/h3>\n<h2><span style=\"color: #ff0000\"><a href=\"http:\/\/www.youtube.com\/watch?v=GLBxzgBoBAI\"><span style=\"color: #ff0000\">http:\/\/www.youtube.com\/watch?v=GLBxzgBoBAI<\/span><\/a><\/span><\/h2>\n<h3>Sin embargo, a \u00a0veces se produce una feliz simbiosis, cuando el artista y el cient\u00edfico se unen en el mismo ser. Veamos dos casos un tanto ins\u00f3litos de dos personajes que, adem\u00e1s, de cierto modo pudieron vencer el miedo at\u00e1vico del ser humano frente a la muerte:<\/h3>\n<h3><span style=\"color: #ccffff\"><strong>\u00a0Stelarc: Body Art Cybernetico<\/strong><\/span><\/h3>\n<p style=\"text-align: center\"><a href=\"http:\/\/blog.espol.edu.ec\/misionnerd\/files\/2012\/03\/2.jpg\"><img loading=\"lazy\" decoding=\"async\" class=\"aligncenter  wp-image-830\" src=\"http:\/\/blog.espol.edu.ec\/misionnerd\/files\/2012\/03\/2-300x238.jpg\" alt=\"\" width=\"270\" height=\"214\" srcset=\"https:\/\/blog.espol.edu.ec\/misionnerd\/files\/2012\/03\/2-300x238.jpg 300w, https:\/\/blog.espol.edu.ec\/misionnerd\/files\/2012\/03\/2-1024x813.jpg 1024w, https:\/\/blog.espol.edu.ec\/misionnerd\/files\/2012\/03\/2.jpg 1398w\" sizes=\"auto, (max-width: 270px) 100vw, 270px\" \/><\/a><\/p>\n<h3>El artista griego-australiano Stelarc sostuvo la idea de que el cuerpo humano est\u00e1 obsoleto, plagado de limitaciones que la tecnolog\u00eda puede suplir. Su famosa performance Suspensions represent\u00f3 una reflexi\u00f3n sobre el valor de su existencia.<br \/>\nStelarc atraves\u00f3 su piel con 18 ganchos, cada gancho a trav\u00e9s de un hilo \u00a0estaba atado a una piedra. Las piedras utilizadas equilibraban el peso\u00a0\u00a0total del sistema, entonces el artista quedaba suspendido en el aire. No se como no le doli\u00f3 al pobre este aporte art\u00edstico.<\/h3>\n<p><a href=\"http:\/\/blog.espol.edu.ec\/misionnerd\/files\/2012\/03\/3.jpg\"><img loading=\"lazy\" decoding=\"async\" class=\"aligncenter size-medium wp-image-832\" src=\"http:\/\/blog.espol.edu.ec\/misionnerd\/files\/2012\/03\/3-300x197.jpg\" alt=\"\" width=\"300\" height=\"197\" srcset=\"https:\/\/blog.espol.edu.ec\/misionnerd\/files\/2012\/03\/3-300x197.jpg 300w, https:\/\/blog.espol.edu.ec\/misionnerd\/files\/2012\/03\/3.jpg 350w\" sizes=\"auto, (max-width: 300px) 100vw, 300px\" \/><\/a><\/p>\n<h3>\u00a0Desde principios de la d\u00e9cada de 1970, su intenci\u00f3n es dise\u00f1ar una vida posthumana, crear un\u00a0h\u00edbrido\u00a0mezcla de hombre y m\u00e1quina que evolucione a partir de la interconexi\u00f3n con una red de ordenadores.<br \/>\nDentro de esta l\u00ednea, su creaci\u00f3n m\u00e1s audaz es Ear on arm. Tal cual dice el nombre, Stelarc se implant\u00f3 una oreja de cart\u00edlago humano en su antebrazo izquierdo, el fin no era s\u00f3lo expandir sus capacidades perceptivas, sino tambi\u00e9n las del p\u00fablico que interact\u00faa con \u00e9l. La oreja contaba con un chip con bluetooth que comunicaba v\u00eda internet, a todo el mundo, los sonidos que captaba durante la performance. La oreja\u00a0 finalmente le caus\u00f3 complicaciones y tuvo que quit\u00e1rsela, que pena.<\/h3>\n<p style=\"text-align: center\"><a href=\"http:\/\/blog.espol.edu.ec\/misionnerd\/files\/2012\/03\/41.jpg\"><img loading=\"lazy\" decoding=\"async\" class=\"aligncenter  wp-image-836\" src=\"http:\/\/blog.espol.edu.ec\/misionnerd\/files\/2012\/03\/41-233x300.jpg\" alt=\"\" width=\"210\" height=\"270\" srcset=\"https:\/\/blog.espol.edu.ec\/misionnerd\/files\/2012\/03\/41-233x300.jpg 233w, https:\/\/blog.espol.edu.ec\/misionnerd\/files\/2012\/03\/41.jpg 274w\" sizes=\"auto, (max-width: 210px) 100vw, 210px\" \/><\/a><\/p>\n<h3>Stelarc desarroll\u00f3 \u00a0tambi\u00e9n varios robots, con el intento de convertir al ser humano en una m\u00e1quina cibern\u00e9tica, dotarlo de mayor adaptabilidad para cualquier medio. Sin piel ni \u00f3rganos, s\u00f3lo con componentes electr\u00f3nicos, tendr\u00eda la posibilidad de vivir \u00a0incluso en otros planetas. Imag\u00ednese, \u00a1ser una maquina infalible con la tarjeta de nuestra personalidad insertada y nuestro rostro en la pantalla!<\/h3>\n<p><a href=\"http:\/\/blog.espol.edu.ec\/misionnerd\/files\/2012\/03\/5.jpg\"><img loading=\"lazy\" decoding=\"async\" class=\"aligncenter size-medium wp-image-845\" src=\"http:\/\/blog.espol.edu.ec\/misionnerd\/files\/2012\/03\/5-300x233.jpg\" alt=\"\" width=\"300\" height=\"233\" srcset=\"https:\/\/blog.espol.edu.ec\/misionnerd\/files\/2012\/03\/5-300x233.jpg 300w, https:\/\/blog.espol.edu.ec\/misionnerd\/files\/2012\/03\/5.jpg 431w\" sizes=\"auto, (max-width: 300px) 100vw, 300px\" \/><\/a><\/p>\n<h3>Una idea latente en la obra de Stelarc es la b\u00fasqueda de la inmortalidad, el sue\u00f1o preciado de la humanidad.<\/h3>\n<p>_____________________________________________________________<\/p>\n<h3>Cuando hablo de inmortalidad recuerdo a los egipcios que se daban pase a la eternidad a trav\u00e9s de su arte y gran habilidad de embalsamar los cuerpos. Y aqu\u00ed esta su heredero, un notable personaje contempor\u00e1neo que convirti\u00f3 la muerte en espect\u00e1culo:<\/h3>\n<p>&nbsp;<\/p>\n<h3>\u00a0 \u00a0 \u00a0 \u00a0<span style=\"color: #ffcc00\"><strong>\u00a0Gunther von Hagens: Miguel \u00c1ngel de la morgue<\/strong><\/span><\/h3>\n<p style=\"text-align: center\"><a href=\"http:\/\/blog.espol.edu.ec\/misionnerd\/files\/2012\/03\/6.jpg\"><img loading=\"lazy\" decoding=\"async\" class=\"aligncenter  wp-image-848\" src=\"http:\/\/blog.espol.edu.ec\/misionnerd\/files\/2012\/03\/6-253x300.jpg\" alt=\"\" width=\"228\" height=\"270\" srcset=\"https:\/\/blog.espol.edu.ec\/misionnerd\/files\/2012\/03\/6-253x300.jpg 253w, https:\/\/blog.espol.edu.ec\/misionnerd\/files\/2012\/03\/6.jpg 336w\" sizes=\"auto, (max-width: 228px) 100vw, 228px\" \/><\/a><\/p>\n<h3><span style=\"color: #ffcc00\"><strong>\u00a0<\/strong><\/span><\/h3>\n<h3>El pol\u00e9mico medico alem\u00e1n von Hagens alcanz\u00f3 fama mundial por su t\u00e9cnica desarrollada para preservar cad\u00e1veres, bautizada por el mismo \u00a0como \"plastinacion\"\u00a0, para la que emplea acetona, polimeros y silicona, entre otros agentes qu\u00edmicos, y que le permite conservar todos los tejidos blandos y exponer los cuerpos en cualquier postura.<\/h3>\n<h3><\/h3>\n<h3>Las exposiciones de los cuerpos plastinados con los cuales Gunther von Hagens recorri\u00f3 varios pa\u00edses, siempre convocaron una gran audiencia. Parece que para la gente es muy divertido ver como los cad\u00e1veres tocan saxof\u00f3n, conversan por celular y hacen trucos acrob\u00e1ticos con mucha naturalidad.<\/h3>\n<h3><a href=\"http:\/\/blog.espol.edu.ec\/misionnerd\/files\/2012\/03\/7.jpg\"><img loading=\"lazy\" decoding=\"async\" class=\"aligncenter size-full wp-image-851\" src=\"http:\/\/blog.espol.edu.ec\/misionnerd\/files\/2012\/03\/7.jpg\" alt=\"\" width=\"254\" height=\"150\" \/><\/a><\/h3>\n<p><a href=\"http:\/\/blog.espol.edu.ec\/misionnerd\/files\/2012\/03\/9.jpg\"><img loading=\"lazy\" decoding=\"async\" class=\"aligncenter size-medium wp-image-854\" src=\"http:\/\/blog.espol.edu.ec\/misionnerd\/files\/2012\/03\/9-200x300.jpg\" alt=\"\" width=\"200\" height=\"300\" srcset=\"https:\/\/blog.espol.edu.ec\/misionnerd\/files\/2012\/03\/9-200x300.jpg 200w, https:\/\/blog.espol.edu.ec\/misionnerd\/files\/2012\/03\/9.jpg 396w\" sizes=\"auto, (max-width: 200px) 100vw, 200px\" \/><\/a><a href=\"http:\/\/blog.espol.edu.ec\/misionnerd\/files\/2012\/03\/81.jpg\"><img loading=\"lazy\" decoding=\"async\" class=\"aligncenter size-full wp-image-855\" src=\"http:\/\/blog.espol.edu.ec\/misionnerd\/files\/2012\/03\/81.jpg\" alt=\"\" width=\"265\" height=\"190\" \/><\/a><\/p>\n<h3>\u00a1El fara\u00f3n Ramses quedar\u00eda como loco al ver esta \u201cvida despu\u00e9s de la muerte\u201d y despedir\u00eda a todos sus embalsamadores de una patada, para contratar inmediatamente a Gunther!<\/h3>\n<h3>Dicen que para conseguir tantos cad\u00e1veres el famoso plastinador inici\u00f3 en 1982 un programa de donantes de cuerpos, a trav\u00e9s del cual toda persona que lo desee puede rellenar un formulario y firmar una documentaci\u00f3n por la que dona su cad\u00e1ver. Y resulta que la cifra de voluntarios \u00a0ya asciende a m\u00e1s de 10.000 personas (\u00bfser\u00e1 porque quieren ahorrar en su funeral, o tal vez les resulta fascinante la idea de exhibirse en p\u00fablico?)<\/h3>\n<h3>Una de las instalaciones m\u00e1s audaces del Dr. Von Hagens fue una pareja de cad\u00e1veres, unida en la pasi\u00f3n como en la canci\u00f3n del rom\u00e1ntico Julio Jaramillo:<\/h3>\n<p>&nbsp;<\/p>\n<h3>Hemos jurado amarnos hasta la muerte<\/h3>\n<h3>y si los muertos aman,<\/h3>\n<h3>despu\u00e9s de muertos amarnos mas.<\/h3>\n<p><a href=\"http:\/\/blog.espol.edu.ec\/misionnerd\/files\/2012\/03\/10.jpg\"><img loading=\"lazy\" decoding=\"async\" class=\"aligncenter size-medium wp-image-857\" src=\"http:\/\/blog.espol.edu.ec\/misionnerd\/files\/2012\/03\/10-300x224.jpg\" alt=\"\" width=\"300\" height=\"224\" srcset=\"https:\/\/blog.espol.edu.ec\/misionnerd\/files\/2012\/03\/10-300x224.jpg 300w, https:\/\/blog.espol.edu.ec\/misionnerd\/files\/2012\/03\/10.jpg 475w\" sizes=\"auto, (max-width: 300px) 100vw, 300px\" \/><\/a><\/p>\n<h3>El Tribunal Administrativo de Augsburgo no tuvo sentido de humor y ha prohibido exhibir a la pareja feliz alegando que esto supone un atentado injustificado contra la dignidad humana que garantiza la ley mas all\u00e1 de la muerte.<\/h3>\n<h3>Pero Gunther no se inmuta frente a estas cosas y ya esta programando su propia plastinaci\u00f3n, porque planea despu\u00e9s de la muerte estar en la entrada a su museo saludando a los hu\u00e9spedes.<\/h3>\n<h3>Miren como se cambian los conceptos de las Escrituras: en vez de \u201cdel polvo saliste y polvo ser\u00e1s\u201d ahora resulta\u00a0 \u201cde este polvo ser\u00e1 aquel pol\u00edmero\u201d!<\/h3>\n<p><a href=\"http:\/\/blog.espol.edu.ec\/misionnerd\/files\/2012\/03\/Visiones.jpg\"><img loading=\"lazy\" decoding=\"async\" class=\"aligncenter size-medium wp-image-859\" src=\"http:\/\/blog.espol.edu.ec\/misionnerd\/files\/2012\/03\/Visiones-140x300.jpg\" alt=\"\" width=\"140\" height=\"300\" srcset=\"https:\/\/blog.espol.edu.ec\/misionnerd\/files\/2012\/03\/Visiones-140x300.jpg 140w, https:\/\/blog.espol.edu.ec\/misionnerd\/files\/2012\/03\/Visiones.jpg 375w\" sizes=\"auto, (max-width: 140px) 100vw, 140px\" \/><\/a><\/p>\n","protected":false},"excerpt":{"rendered":"<p>Todos sabemos que existe correlaci\u00f3n entre el Arte y la Ciencia. El arte, igual que la ciencia, es una forma de explorar lo inc\u00f3gnito. Arte y ciencia reflejan el potencial creativo del hombre y ambos\u00a0 ayudan a corregir la estrechez del sentido com\u00fan, lo que difiere es el modo en c\u00f3mo lo hacen y los [&hellip;]<\/p>\n","protected":false},"author":5156,"featured_media":0,"parent":0,"menu_order":0,"comment_status":"open","ping_status":"open","template":"","meta":{"footnotes":""},"class_list":["post-823","page","type-page","status-publish","hentry"],"_links":{"self":[{"href":"https:\/\/blog.espol.edu.ec\/misionnerd\/wp-json\/wp\/v2\/pages\/823","targetHints":{"allow":["GET"]}}],"collection":[{"href":"https:\/\/blog.espol.edu.ec\/misionnerd\/wp-json\/wp\/v2\/pages"}],"about":[{"href":"https:\/\/blog.espol.edu.ec\/misionnerd\/wp-json\/wp\/v2\/types\/page"}],"author":[{"embeddable":true,"href":"https:\/\/blog.espol.edu.ec\/misionnerd\/wp-json\/wp\/v2\/users\/5156"}],"replies":[{"embeddable":true,"href":"https:\/\/blog.espol.edu.ec\/misionnerd\/wp-json\/wp\/v2\/comments?post=823"}],"version-history":[{"count":26,"href":"https:\/\/blog.espol.edu.ec\/misionnerd\/wp-json\/wp\/v2\/pages\/823\/revisions"}],"predecessor-version":[{"id":862,"href":"https:\/\/blog.espol.edu.ec\/misionnerd\/wp-json\/wp\/v2\/pages\/823\/revisions\/862"}],"wp:attachment":[{"href":"https:\/\/blog.espol.edu.ec\/misionnerd\/wp-json\/wp\/v2\/media?parent=823"}],"curies":[{"name":"wp","href":"https:\/\/api.w.org\/{rel}","templated":true}]}}