{"id":96,"date":"2010-10-13T04:29:17","date_gmt":"2010-10-13T04:29:17","guid":{"rendered":"http:\/\/blog.espol.edu.ec\/misionnerd\/?page_id=96"},"modified":"2010-10-26T04:55:14","modified_gmt":"2010-10-26T04:55:14","slug":"la-sabiduria-romana-2","status":"publish","type":"page","link":"https:\/\/blog.espol.edu.ec\/misionnerd\/la-sabiduria-romana-2\/","title":{"rendered":"SABIDURIA ROMANA"},"content":{"rendered":"<p><strong> <\/strong><\/p>\n<p><strong>proverbios, amigo, piedra, escritura, Marilyn Manson<!--more--><a href=\"http:\/\/blog.espol.edu.ec\/misionnerd\/files\/2010\/10\/73.jpg\"><img loading=\"lazy\" decoding=\"async\" class=\"size-thumbnail wp-image-99 alignnone\" title=\"7\" src=\"http:\/\/blog.espol.edu.ec\/misionnerd\/files\/2010\/10\/73-150x150.jpg\" alt=\"\" width=\"251\" height=\"301\" \/><\/a><\/strong><strong> <\/strong><\/p>\n<h3>Los romanos nos dejaron algunos proverbios y frases celebres, que a veces ni sabemos que proceden del famoso Imperio. Veamos que pensaban los habitantes de Roma.<\/h3>\n<p>___________________________________________________________<\/p>\n<p style=\"padding-left: 30px\">\n<p><a href=\"http:\/\/blog.espol.edu.ec\/misionnerd\/files\/2010\/10\/korpartowern.jpg\"><img loading=\"lazy\" decoding=\"async\" class=\"size-thumbnail wp-image-100 alignleft\" title=\"korpartowern\" src=\"http:\/\/blog.espol.edu.ec\/misionnerd\/files\/2010\/10\/korpartowern-150x150.jpg\" alt=\"\" width=\"208\" height=\"186\" \/><\/a><\/p>\n<h3>AMICUS VERUS - RARA AVIS<\/h3>\n<h3>Un amigo fiel es un ave muy rara.<\/h3>\n<h3>Bueno, en el Imperio Romano a menudo no sab\u00edan en quien confiar, el mismo Emperador un d\u00eda trataba a sus allegados como panas y al siguiente los mandaba a ejecutar. Por ejemplo, C\u00f3modo en un solo d\u00eda ejecut\u00f3 a 23 senadores por considerarlos sospechosos de atentar contra su persona.<\/h3>\n<p>___________________________________________________________<\/p>\n<p style=\"text-align: left\"><a href=\"http:\/\/blog.espol.edu.ec\/misionnerd\/files\/2010\/10\/piedra-per1.jpg\"><img loading=\"lazy\" decoding=\"async\" class=\"alignnone size-thumbnail wp-image-114\" title=\"piedra per\" src=\"http:\/\/blog.espol.edu.ec\/misionnerd\/files\/2010\/10\/piedra-per1-150x150.jpg\" alt=\"\" width=\"232\" height=\"204\" \/><\/a><\/p>\n<h3 style=\"text-align: left\">GUTTA CAVAT LAPIDEM<\/h3>\n<h3 style=\"text-align: left\">La gota perfora la piedra<\/h3>\n<h3>Es decir, tienes que ser persistente, si quieres lograr tu meta. Solo que trata de no pensar cuanto tiempo le tom\u00f3 a la gota para perforar esta roca, sino te desanimas.<\/h3>\n<p>___________________________________________________________<\/p>\n<p><a href=\"http:\/\/blog.espol.edu.ec\/misionnerd\/files\/2010\/10\/escrito1.jpg\"><img loading=\"lazy\" decoding=\"async\" class=\"alignnone size-thumbnail wp-image-119\" title=\"escrito\" src=\"http:\/\/blog.espol.edu.ec\/misionnerd\/files\/2010\/10\/escrito1-150x150.jpg\" alt=\"\" width=\"194\" height=\"195\" \/><\/a><\/p>\n<h3>LITTERA SCRIPTA MANET<\/h3>\n<h3>Lo escrito se queda.<\/h3>\n<h3>En otras palabras, primero piensa y despu\u00e9s escribe, una palabra equivocada puede perjudicarte, especialmente en los ex\u00e1menes o en la red.<strong> <\/strong><\/h3>\n<p>___________________________________________________________<\/p>\n<p><a href=\"http:\/\/blog.espol.edu.ec\/misionnerd\/files\/2010\/10\/MARILYN1.jpg\"><img loading=\"lazy\" decoding=\"async\" class=\"alignnone size-thumbnail wp-image-130\" title=\"MARILYN\" src=\"http:\/\/blog.espol.edu.ec\/misionnerd\/files\/2010\/10\/MARILYN1-150x150.jpg\" alt=\"\" width=\"205\" height=\"218\" \/><\/a><\/p>\n<h3>CARUM QUOD RARUM<br \/>\nLo raro es caro.<\/h3>\n<h3>Parecen tener la raz\u00f3n. Preg\u00fantate cu\u00e1nto gana Marilyn Manson y cuanto ganas tu.<\/h3>\n","protected":false},"excerpt":{"rendered":"<p>proverbios, amigo, piedra, escritura, Marilyn Manson<\/p>\n","protected":false},"author":5156,"featured_media":0,"parent":0,"menu_order":0,"comment_status":"open","ping_status":"open","template":"","meta":{"footnotes":""},"class_list":["post-96","page","type-page","status-publish","hentry"],"_links":{"self":[{"href":"https:\/\/blog.espol.edu.ec\/misionnerd\/wp-json\/wp\/v2\/pages\/96","targetHints":{"allow":["GET"]}}],"collection":[{"href":"https:\/\/blog.espol.edu.ec\/misionnerd\/wp-json\/wp\/v2\/pages"}],"about":[{"href":"https:\/\/blog.espol.edu.ec\/misionnerd\/wp-json\/wp\/v2\/types\/page"}],"author":[{"embeddable":true,"href":"https:\/\/blog.espol.edu.ec\/misionnerd\/wp-json\/wp\/v2\/users\/5156"}],"replies":[{"embeddable":true,"href":"https:\/\/blog.espol.edu.ec\/misionnerd\/wp-json\/wp\/v2\/comments?post=96"}],"version-history":[{"count":37,"href":"https:\/\/blog.espol.edu.ec\/misionnerd\/wp-json\/wp\/v2\/pages\/96\/revisions"}],"predecessor-version":[{"id":142,"href":"https:\/\/blog.espol.edu.ec\/misionnerd\/wp-json\/wp\/v2\/pages\/96\/revisions\/142"}],"wp:attachment":[{"href":"https:\/\/blog.espol.edu.ec\/misionnerd\/wp-json\/wp\/v2\/media?parent=96"}],"curies":[{"name":"wp","href":"https:\/\/api.w.org\/{rel}","templated":true}]}}