{"id":137,"date":"2016-11-15T20:11:14","date_gmt":"2016-11-15T20:11:14","guid":{"rendered":"http:\/\/blog.espol.edu.ec\/mjchamba\/?page_id=137"},"modified":"2016-11-15T20:45:20","modified_gmt":"2016-11-15T20:45:20","slug":"la-vida-capturada-en-un-momento","status":"publish","type":"page","link":"https:\/\/blog.espol.edu.ec\/mjchamba\/la-vida-capturada-en-un-momento\/","title":{"rendered":"La vida capturada en un momento"},"content":{"rendered":"<!--[if lt IE 9]><script>document.createElement('audio');<\/script><![endif]-->\n<audio class=\"wp-audio-shortcode\" id=\"audio-137-1\" preload=\"none\" style=\"width: 100%;\" controls=\"controls\"><source type=\"audio\/mpeg\" src=\"http:\/\/blog.espol.edu.ec\/mjchamba\/files\/2016\/11\/major_lazer_feat_justin_bieber_m_cold_water_vmusice.net_.mp3?_=1\" \/><a href=\"http:\/\/blog.espol.edu.ec\/mjchamba\/files\/2016\/11\/major_lazer_feat_justin_bieber_m_cold_water_vmusice.net_.mp3\">http:\/\/blog.espol.edu.ec\/mjchamba\/files\/2016\/11\/major_lazer_feat_justin_bieber_m_cold_water_vmusice.net_.mp3<\/a><\/audio>\n<p>La primera regla de oro es que a cada fotograf\u00eda o archivo le tiene que corresponder un nombre \u00fanico: no pueden haber dos fotograf\u00edas o archivos (ya sean originales o derivados) con el mismo nombre. Incluso nos tenemos que asegurar, en la medida de lo posible, de que ning\u00fan nombre pueda coincidir con las fotograf\u00edas de otra persona. As\u00ed evitaremos que se sobreescriban (y, consecuentemente, se pierdan) archivos dentro de nuestro disco duro de fotograf\u00edas y que incluso sea dif\u00edcil que esto suceda cuando enviemos fotograf\u00edas a un amigo o cliente. Esto tambi\u00e9n es esencial para las diapositivas y negativos, especialmente si tenemos una base de datos con la informaci\u00f3n de las fotograf\u00edas. Otra cosa a tener en cuenta es que, a lo largo del tiempo, es mucho m\u00e1s \u00e1gil y pr\u00e1ctico mantener una nomenclatura l\u00f3gica que no traiga dudas ni haga perder el tiempo en el momento de decidir el nombre de la fotograf\u00eda.<\/p>\n<p>La palabra fotograf\u00eda se deriva de los vocablos de origen griego: <em>phos<\/em> (luz) y <em>grafis<\/em>(escritura), lo cual significa escribir o dibujar con luz. La fotograf\u00eda es la t\u00e9cnica de captar im\u00e1genes permanentes con una c\u00e1mara, por medio de la acci\u00f3n fotoqu\u00edmica de la luz o de otras formas de energ\u00eda radiante, para luego reproducirlas en un papel especial.<\/p>\n<p>Los primeros experimentos de la fotograf\u00eda proceden a finales del siglo XVIII, s\u00f3lo los profesionales pod\u00edan utilizar las c\u00e1maras que en esas \u00e9pocas eran grandes y pesadas, ya para el siglo XX estaban accesibles para el p\u00fablico general, surgieron las c\u00e1maras fotogr\u00e1ficas port\u00e1tiles e instant\u00e1neas, adem\u00e1s el color blanco y negro de las fotos pas\u00f3 a ser de color. Hoy en d\u00eda, existen las conocidas c\u00e1maras digitales, que con la ayuda del computador, se pueden obtener f\u00e1cilmente las im\u00e1genes.<\/p>\n<p>Toda c\u00e1mara fotogr\u00e1fica tiene una c\u00e1mara oscura, la cual es una caja rectangular con un \u00fanico orificio por el que entra la luz. La imagen se refleja en la superficie opuesta al agujero, sobre un lente de vidrio, que hace ver lo que hemos captado mucho m\u00e1s n\u00edtido, m\u00e1s claro.Posteriormente, dicha imagen se fija sobre la pel\u00edcula fotogr\u00e1fica y se prepara para el revelado.<\/p>\n<p><img loading=\"lazy\" decoding=\"async\" class=\"alignnone size-medium wp-image-143\" src=\"http:\/\/blog.espol.edu.ec\/mjchamba\/files\/2016\/11\/large-22-500x478.jpg\" alt=\"large-22\" width=\"500\" height=\"478\" \/><\/p>\n","protected":false},"excerpt":{"rendered":"<p>La primera regla de oro es que a cada fotograf\u00eda o archivo le tiene que corresponder un nombre \u00fanico: no pueden haber dos fotograf\u00edas o archivos (ya sean originales o derivados) con el mismo nombre. Incluso nos tenemos que asegurar, en la medida de lo posible, de que ning\u00fan nombre pueda coincidir con las fotograf\u00edas [&hellip;]<\/p>\n","protected":false},"author":10725,"featured_media":0,"parent":0,"menu_order":0,"comment_status":"closed","ping_status":"closed","template":"","meta":{"footnotes":""},"class_list":["post-137","page","type-page","status-publish","hentry"],"_links":{"self":[{"href":"https:\/\/blog.espol.edu.ec\/mjchamba\/wp-json\/wp\/v2\/pages\/137","targetHints":{"allow":["GET"]}}],"collection":[{"href":"https:\/\/blog.espol.edu.ec\/mjchamba\/wp-json\/wp\/v2\/pages"}],"about":[{"href":"https:\/\/blog.espol.edu.ec\/mjchamba\/wp-json\/wp\/v2\/types\/page"}],"author":[{"embeddable":true,"href":"https:\/\/blog.espol.edu.ec\/mjchamba\/wp-json\/wp\/v2\/users\/10725"}],"replies":[{"embeddable":true,"href":"https:\/\/blog.espol.edu.ec\/mjchamba\/wp-json\/wp\/v2\/comments?post=137"}],"version-history":[{"count":2,"href":"https:\/\/blog.espol.edu.ec\/mjchamba\/wp-json\/wp\/v2\/pages\/137\/revisions"}],"predecessor-version":[{"id":159,"href":"https:\/\/blog.espol.edu.ec\/mjchamba\/wp-json\/wp\/v2\/pages\/137\/revisions\/159"}],"wp:attachment":[{"href":"https:\/\/blog.espol.edu.ec\/mjchamba\/wp-json\/wp\/v2\/media?parent=137"}],"curies":[{"name":"wp","href":"https:\/\/api.w.org\/{rel}","templated":true}]}}