{"id":71,"date":"2016-11-08T21:36:05","date_gmt":"2016-11-08T21:36:05","guid":{"rendered":"http:\/\/blog.espol.edu.ec\/mjchamba\/?page_id=71"},"modified":"2016-11-15T20:10:12","modified_gmt":"2016-11-15T20:10:12","slug":"rincones-escondidos-de-ecuador","status":"publish","type":"page","link":"https:\/\/blog.espol.edu.ec\/mjchamba\/rincones-escondidos-de-ecuador\/","title":{"rendered":"Rincones escondidos de Ecuador"},"content":{"rendered":"<h2><strong>Ecuador, tiene una infinidad de lugares tur\u00edsticos pocos conocidos por los ecuatorianos, si\u00a0realiz\u00e1ramos\u00a0una encuesta a nivel nacional, son pocos los que conocen de pies a cabeza el Ecuador.<\/strong><\/h2>\n<p>Algunos ecuatorianos prefieren primero hacer turismo en el extranjero que en su propio Pa\u00eds, Ecuador tiene algunos lugares incre\u00edbles y accesibles a visitar.<\/p>\n<p>As\u00ed que si estas planeando en realizar un viaje, te recomendamos que visites Ecuador ;\u00a0<strong>\u201cPrefiere a tu Pa\u00eds, ama a tu tierra<\/strong>,\u00a0<strong>con\u00f3cela\u201d.<\/strong>Turismo en Ecuador. Cuando se habla de visitar Ecuador, la primera cosa que se viene a la mente son las Islas Gal\u00e1pagos. Pero Ecuador es mucho m\u00e1s que eso, es uno de los grandes destinos de naturaleza rica de Am\u00e9rica del Sur.<\/p>\n<p><img loading=\"lazy\" decoding=\"async\" class=\"alignnone size-full wp-image-141\" src=\"http:\/\/blog.espol.edu.ec\/mjchamba\/files\/2016\/11\/ecuador_2.jpg\" alt=\"ecuador_2\" width=\"683\" height=\"413\" \/><\/p>\n","protected":false},"excerpt":{"rendered":"<p>Ecuador, tiene una infinidad de lugares tur\u00edsticos pocos conocidos por los ecuatorianos, si\u00a0realiz\u00e1ramos\u00a0una encuesta a nivel nacional, son pocos los que conocen de pies a cabeza el Ecuador. Algunos ecuatorianos prefieren primero hacer turismo en el extranjero que en su propio Pa\u00eds, Ecuador tiene algunos lugares incre\u00edbles y accesibles a visitar. As\u00ed que si estas [&hellip;]<\/p>\n","protected":false},"author":10725,"featured_media":0,"parent":0,"menu_order":0,"comment_status":"closed","ping_status":"closed","template":"","meta":{"footnotes":""},"class_list":["post-71","page","type-page","status-publish","hentry"],"_links":{"self":[{"href":"https:\/\/blog.espol.edu.ec\/mjchamba\/wp-json\/wp\/v2\/pages\/71","targetHints":{"allow":["GET"]}}],"collection":[{"href":"https:\/\/blog.espol.edu.ec\/mjchamba\/wp-json\/wp\/v2\/pages"}],"about":[{"href":"https:\/\/blog.espol.edu.ec\/mjchamba\/wp-json\/wp\/v2\/types\/page"}],"author":[{"embeddable":true,"href":"https:\/\/blog.espol.edu.ec\/mjchamba\/wp-json\/wp\/v2\/users\/10725"}],"replies":[{"embeddable":true,"href":"https:\/\/blog.espol.edu.ec\/mjchamba\/wp-json\/wp\/v2\/comments?post=71"}],"version-history":[{"count":4,"href":"https:\/\/blog.espol.edu.ec\/mjchamba\/wp-json\/wp\/v2\/pages\/71\/revisions"}],"predecessor-version":[{"id":142,"href":"https:\/\/blog.espol.edu.ec\/mjchamba\/wp-json\/wp\/v2\/pages\/71\/revisions\/142"}],"wp:attachment":[{"href":"https:\/\/blog.espol.edu.ec\/mjchamba\/wp-json\/wp\/v2\/media?parent=71"}],"curies":[{"name":"wp","href":"https:\/\/api.w.org\/{rel}","templated":true}]}}