{"id":102,"date":"2014-11-12T15:03:09","date_gmt":"2014-11-12T15:03:09","guid":{"rendered":"http:\/\/blog.espol.edu.ec\/mlandire\/?page_id=102"},"modified":"2014-11-12T15:22:26","modified_gmt":"2014-11-12T15:22:26","slug":"contactame","status":"publish","type":"page","link":"https:\/\/blog.espol.edu.ec\/mlandire\/contactame\/","title":{"rendered":"Cont\u00e1ctame"},"content":{"rendered":"<p><iframe loading=\"lazy\" src=\"https:\/\/www.flickr.com\/photos\/its_not_my\/8523419743\/in\/photolist-dZbKJP-bmzpEF-7LNX15-9RywFd-5oXPDL-2mQFT5-e6o8Q-efA7TX-64Cuf1-aCXXcC-6usram-7Y8SYz-6RhkLq-9cN4we-fmmzBT-6a4Vyt-NXKY3-75rG3V-8U3K74-7mqQfC-9dhbn7-5o2nPj-6aJvTW-5x5UZx-5hcsDy-66vzLM-6d4f8b--8qYF7G-5noP16-6rUBn9-9bfert-9Ryww9-4Td2kc-7AzC2e-6fRdib-9cN4wg-9aYSG9-9uHVgH-eWCef1-9ipkVp-9DxR1d-5DyLrx-nAs7Am-auwPwg-9yCj8Q-65dT6d-dJqEeq-jvSnLy-bWb1YY\/player\/\" width=\"300\" height=\"300\" frameborder=\"0\" allowfullscreen=\"allowfullscreen\"><\/iframe><\/p>\n<p>Si deseas realizar cualquier pedido, consulta o comentario, s\u00f3lo publ\u00edcalo por este medio o a trav\u00e9s de mi correo personal:<br \/>\nmlandire@espol.edu.ec<\/p>\n","protected":false},"excerpt":{"rendered":"<p>Si deseas realizar cualquier pedido, consulta o comentario, s\u00f3lo publ\u00edcalo por este medio o a trav\u00e9s de mi correo personal: mlandire@espol.edu.ec<\/p>\n","protected":false},"author":9299,"featured_media":0,"parent":0,"menu_order":0,"comment_status":"open","ping_status":"open","template":"","meta":{"footnotes":""},"class_list":["post-102","page","type-page","status-publish","hentry"],"_links":{"self":[{"href":"https:\/\/blog.espol.edu.ec\/mlandire\/wp-json\/wp\/v2\/pages\/102","targetHints":{"allow":["GET"]}}],"collection":[{"href":"https:\/\/blog.espol.edu.ec\/mlandire\/wp-json\/wp\/v2\/pages"}],"about":[{"href":"https:\/\/blog.espol.edu.ec\/mlandire\/wp-json\/wp\/v2\/types\/page"}],"author":[{"embeddable":true,"href":"https:\/\/blog.espol.edu.ec\/mlandire\/wp-json\/wp\/v2\/users\/9299"}],"replies":[{"embeddable":true,"href":"https:\/\/blog.espol.edu.ec\/mlandire\/wp-json\/wp\/v2\/comments?post=102"}],"version-history":[{"count":2,"href":"https:\/\/blog.espol.edu.ec\/mlandire\/wp-json\/wp\/v2\/pages\/102\/revisions"}],"predecessor-version":[{"id":113,"href":"https:\/\/blog.espol.edu.ec\/mlandire\/wp-json\/wp\/v2\/pages\/102\/revisions\/113"}],"wp:attachment":[{"href":"https:\/\/blog.espol.edu.ec\/mlandire\/wp-json\/wp\/v2\/media?parent=102"}],"curies":[{"name":"wp","href":"https:\/\/api.w.org\/{rel}","templated":true}]}}