{"id":2,"date":"2014-10-22T17:42:13","date_gmt":"2014-10-22T17:42:13","guid":{"rendered":"http:\/\/blog.espol.edu.ec\/mlandire\/?page_id=2"},"modified":"2014-11-11T23:55:04","modified_gmt":"2014-11-11T23:55:04","slug":"pagina-ejemplo","status":"publish","type":"page","link":"https:\/\/blog.espol.edu.ec\/mlandire\/pagina-ejemplo\/","title":{"rendered":"Con choclo"},"content":{"rendered":"<p>Con <a href=\"http:\/\/delichoclopradera.blogspot.com\/2012\/10\/el-choclo-y-sus-increibles-propiedades.html\" target=\"_blank\">choclo<\/a>:<\/p>\n<p><a href=\"http:\/\/blog.espol.edu.ec\/mlandire\/files\/2014\/10\/images.jpeg\"><img loading=\"lazy\" decoding=\"async\" class=\"alignnone size-full wp-image-29\" src=\"http:\/\/blog.espol.edu.ec\/mlandire\/files\/2014\/10\/images.jpeg\" alt=\"choclo\" width=\"271\" height=\"186\" \/><\/a><\/p>\n<p>Humitas<\/p>\n<div id=\"attachment_33\" style=\"width: 310px\" class=\"wp-caption alignnone\"><a href=\"http:\/\/blog.espol.edu.ec\/mlandire\/files\/2014\/10\/humitas-dulces-quinua.jpg\"><img loading=\"lazy\" decoding=\"async\" aria-describedby=\"caption-attachment-33\" class=\"size-medium wp-image-33\" src=\"http:\/\/blog.espol.edu.ec\/mlandire\/files\/2014\/10\/humitas-dulces-quinua-300x199.jpg\" alt=\"humitas\" width=\"300\" height=\"199\" srcset=\"https:\/\/blog.espol.edu.ec\/mlandire\/files\/2014\/10\/humitas-dulces-quinua-300x199.jpg 300w, https:\/\/blog.espol.edu.ec\/mlandire\/files\/2014\/10\/humitas-dulces-quinua.jpg 604w\" sizes=\"auto, (max-width: 300px) 100vw, 300px\" \/><\/a><p id=\"caption-attachment-33\" class=\"wp-caption-text\">humitas<\/p><\/div>\n<p>Ingredientes:<\/p>\n<p>10 choclos (5 duros, 5 tiernos)<br \/>\nhojas de choclo enteras<br \/>\n3 huevos batidos<br \/>\n4 oz. de mantequilla<br \/>\n2 tzs. de leche<br \/>\nsal al gusto<br \/>\n1\/4 cda. de az\u00facar<br \/>\n4 oz. de queso desmenuzado<\/p>\n<p>Preparaci\u00f3n:<\/p>\n<p>Mezclar los huevos con los choclos molidos.<br \/>\nA\u00f1adir la mantequilla derretida, queso, sal y az\u00facar y envolver la masa en la hoja, sin exceder para evitar que se derrame. Amarrar y cocinar a ba\u00f1o Mar\u00eda pro 1\/2 hora.<br \/>\nTorta de dulce<\/p>\n<p>Torta de sal:<\/p>\n<div id=\"attachment_34\" style=\"width: 269px\" class=\"wp-caption alignnone\"><a href=\"http:\/\/blog.espol.edu.ec\/mlandire\/files\/2014\/10\/images-2.jpeg\"><img loading=\"lazy\" decoding=\"async\" aria-describedby=\"caption-attachment-34\" class=\"size-full wp-image-34\" src=\"http:\/\/blog.espol.edu.ec\/mlandire\/files\/2014\/10\/images-2.jpeg\" alt=\"torta de choclo\" width=\"259\" height=\"194\" \/><\/a><p id=\"caption-attachment-34\" class=\"wp-caption-text\">torta de choclo<\/p><\/div>\n<p>Ingredientes:<\/p>\n<p>8 choclos no muy tiernos<br \/>\n1\/4 de mantequilla<br \/>\n4 yemas de huevo<br \/>\nsal al gusto<br \/>\nqueso desmenuzado<br \/>\n1\/4 tz. de leche<\/p>\n<p>Preparaci\u00f3n:<\/p>\n<p>Rallar los choclos y mezclarlos con la leche. Derretir la mantequilla.<br \/>\nIncorporar las yemas batidas con la mantequilla derretida, la sal y el queso.<br \/>\nColocar en un molde ligeramente engrasado y llevar al horno (350\u25e6) por aprox. 1h y haste que est\u00e9 dorada la superficie.<\/p>\n<p>Torrejas:<\/p>\n<div id=\"attachment_35\" style=\"width: 310px\" class=\"wp-caption alignnone\"><a href=\"http:\/\/blog.espol.edu.ec\/mlandire\/files\/2014\/10\/torrejas-de-choclo.jpg\"><img loading=\"lazy\" decoding=\"async\" aria-describedby=\"caption-attachment-35\" class=\"size-medium wp-image-35\" src=\"http:\/\/blog.espol.edu.ec\/mlandire\/files\/2014\/10\/torrejas-de-choclo-300x277.jpg\" alt=\"torrejas-de-choclo\" width=\"300\" height=\"277\" srcset=\"https:\/\/blog.espol.edu.ec\/mlandire\/files\/2014\/10\/torrejas-de-choclo-300x277.jpg 300w, https:\/\/blog.espol.edu.ec\/mlandire\/files\/2014\/10\/torrejas-de-choclo.jpg 392w\" sizes=\"auto, (max-width: 300px) 100vw, 300px\" \/><\/a><p id=\"caption-attachment-35\" class=\"wp-caption-text\">torrejas-de-choclo<\/p><\/div>\n<p>Ingredientes:<\/p>\n<p>6 choclos<br \/>\n2 huevos<br \/>\nqueso desmenuzado<br \/>\nmantequilla, sal y leche<\/p>\n<p>Preparaci\u00f3n:<\/p>\n<p>Ralle o muela los choclos, incorp\u00f3relos con los huevos batidos, el queso, la mantequilla derretida, la sal y la pimienta.<br \/>\nEche la mezcla pro cucharadas en un sart\u00e9n con bastante aceite o manteca muy caliente. En caso de que la masa quedase muy dura, licuar con leche.<\/p>\n","protected":false},"excerpt":{"rendered":"<p>Con choclo: Humitas Ingredientes: 10 choclos (5 duros, 5 tiernos) hojas de choclo enteras 3 huevos batidos 4 oz. de mantequilla 2 tzs. de leche sal al gusto 1\/4 cda. de az\u00facar 4 oz. de queso desmenuzado Preparaci\u00f3n: Mezclar los &hellip; <a href=\"https:\/\/blog.espol.edu.ec\/mlandire\/pagina-ejemplo\/\">Sigue leyendo <span class=\"meta-nav\">&rarr;<\/span><\/a><\/p>\n","protected":false},"author":9299,"featured_media":0,"parent":0,"menu_order":0,"comment_status":"open","ping_status":"open","template":"","meta":{"footnotes":""},"class_list":["post-2","page","type-page","status-publish","hentry"],"_links":{"self":[{"href":"https:\/\/blog.espol.edu.ec\/mlandire\/wp-json\/wp\/v2\/pages\/2","targetHints":{"allow":["GET"]}}],"collection":[{"href":"https:\/\/blog.espol.edu.ec\/mlandire\/wp-json\/wp\/v2\/pages"}],"about":[{"href":"https:\/\/blog.espol.edu.ec\/mlandire\/wp-json\/wp\/v2\/types\/page"}],"author":[{"embeddable":true,"href":"https:\/\/blog.espol.edu.ec\/mlandire\/wp-json\/wp\/v2\/users\/9299"}],"replies":[{"embeddable":true,"href":"https:\/\/blog.espol.edu.ec\/mlandire\/wp-json\/wp\/v2\/comments?post=2"}],"version-history":[{"count":6,"href":"https:\/\/blog.espol.edu.ec\/mlandire\/wp-json\/wp\/v2\/pages\/2\/revisions"}],"predecessor-version":[{"id":46,"href":"https:\/\/blog.espol.edu.ec\/mlandire\/wp-json\/wp\/v2\/pages\/2\/revisions\/46"}],"wp:attachment":[{"href":"https:\/\/blog.espol.edu.ec\/mlandire\/wp-json\/wp\/v2\/media?parent=2"}],"curies":[{"name":"wp","href":"https:\/\/api.w.org\/{rel}","templated":true}]}}