{"id":50,"date":"2014-11-12T00:52:15","date_gmt":"2014-11-12T00:52:15","guid":{"rendered":"http:\/\/blog.espol.edu.ec\/mlandire\/?page_id=50"},"modified":"2014-11-12T02:37:07","modified_gmt":"2014-11-12T02:37:07","slug":"con-yuca","status":"publish","type":"page","link":"https:\/\/blog.espol.edu.ec\/mlandire\/con-yuca\/","title":{"rendered":"Con yuca"},"content":{"rendered":"<p>Con<a href=\"http:\/\/www.natursan.net\/yuca-propiedades-y-beneficios\/\" target=\"_blank\"> yuca<\/a><\/p>\n<div id=\"attachment_54\" style=\"width: 310px\" class=\"wp-caption alignnone\"><a href=\"http:\/\/blog.espol.edu.ec\/mlandire\/files\/2014\/11\/yuca.jpg\"><img loading=\"lazy\" decoding=\"async\" aria-describedby=\"caption-attachment-54\" class=\"size-medium wp-image-54\" src=\"http:\/\/blog.espol.edu.ec\/mlandire\/files\/2014\/11\/yuca-300x209.jpg\" alt=\"Yuca\" width=\"300\" height=\"209\" srcset=\"https:\/\/blog.espol.edu.ec\/mlandire\/files\/2014\/11\/yuca-300x209.jpg 300w, https:\/\/blog.espol.edu.ec\/mlandire\/files\/2014\/11\/yuca-1024x716.jpg 1024w, https:\/\/blog.espol.edu.ec\/mlandire\/files\/2014\/11\/yuca.jpg 1812w\" sizes=\"auto, (max-width: 300px) 100vw, 300px\" \/><\/a><p id=\"caption-attachment-54\" class=\"wp-caption-text\">Yuca<\/p><\/div>\n<p>&nbsp;<\/p>\n<p>&nbsp;<\/p>\n<p>Pan de yuca<\/p>\n<div id=\"attachment_53\" style=\"width: 270px\" class=\"wp-caption alignnone\"><a href=\"http:\/\/blog.espol.edu.ec\/mlandire\/files\/2014\/11\/pandeyuca.jpg\"><img loading=\"lazy\" decoding=\"async\" aria-describedby=\"caption-attachment-53\" class=\"size-full wp-image-53\" src=\"http:\/\/blog.espol.edu.ec\/mlandire\/files\/2014\/11\/pandeyuca.jpg\" alt=\"Pan de yuca\" width=\"260\" height=\"165\" \/><\/a><p id=\"caption-attachment-53\" class=\"wp-caption-text\">Pan de yuca<\/p><\/div>\n<p>&nbsp;<\/p>\n<p>Ingredientes:<\/p>\n<p>1 lb. de almid\u00f3n de yuca<\/p>\n<p>2 cdas. de polvo de hornear<\/p>\n<p>1 lb. de queso rallado<\/p>\n<p>1\/2 lb. de mantequilla<\/p>\n<p>5 huevos<\/p>\n<p>1 tz. de leche<\/p>\n<p>1 cda. de sal refinada<\/p>\n<p>&nbsp;<\/p>\n<p>Preparaci\u00f3n:<\/p>\n<p>Mezclar el almid\u00f3n con el queso, el polvo de hornear y la mantequilla. Mezclar.<\/p>\n<p>A los huevos se les quitan las claras y s\u00f3lo las yemas se vierten en la masa. \u00a0A la masa se le echa la leche con sal y se contin\u00faa amasando.<\/p>\n<p>Forme tantos panes como desee y m\u00e9talos al horno, a 350\u25cbC, hasta que est\u00e9n ligeramente dorados.<\/p>\n<p>&nbsp;<\/p>\n<p>Muchines<\/p>\n<div id=\"attachment_56\" style=\"width: 310px\" class=\"wp-caption alignnone\"><a href=\"http:\/\/blog.espol.edu.ec\/mlandire\/files\/2014\/11\/IMG_5015.jpg\"><img loading=\"lazy\" decoding=\"async\" aria-describedby=\"caption-attachment-56\" class=\"size-medium wp-image-56\" src=\"http:\/\/blog.espol.edu.ec\/mlandire\/files\/2014\/11\/IMG_5015-300x225.jpg\" alt=\"Muchines\" width=\"300\" height=\"225\" srcset=\"https:\/\/blog.espol.edu.ec\/mlandire\/files\/2014\/11\/IMG_5015-300x225.jpg 300w, https:\/\/blog.espol.edu.ec\/mlandire\/files\/2014\/11\/IMG_5015-1024x768.jpg 1024w, https:\/\/blog.espol.edu.ec\/mlandire\/files\/2014\/11\/IMG_5015.jpg 1600w\" sizes=\"auto, (max-width: 300px) 100vw, 300px\" \/><\/a><p id=\"caption-attachment-56\" class=\"wp-caption-text\">Muchines<\/p><\/div>\n<p>&nbsp;<\/p>\n<p>Se ralla la yuca cruda y se la mezcla con cebolla blanca picada finamente, sal y pimienta si desea. \u00a0Con la masa, forme torrejitas con la mano y ll\u00e9nelas con queso desmenuzado. \u00a0Coloque un poco de masa encima y forme peque\u00f1as tortitas, que pueden see redondas o alargadas. \u00a0Fr\u00eda en abundant aceite, hasta que est\u00e9n bien doraditas.<\/p>\n<p>Se sirven acompa\u00f1ados de miel o simplemente az\u00facar.<\/p>\n<p>&nbsp;<\/p>\n<p>Encebollado<\/p>\n<div id=\"attachment_58\" style=\"width: 310px\" class=\"wp-caption alignnone\"><a href=\"http:\/\/blog.espol.edu.ec\/mlandire\/files\/2014\/11\/encebollado.jpg\"><img loading=\"lazy\" decoding=\"async\" aria-describedby=\"caption-attachment-58\" class=\"wp-image-58 size-medium\" src=\"http:\/\/blog.espol.edu.ec\/mlandire\/files\/2014\/11\/encebollado-300x177.jpg\" alt=\"encebollado\" width=\"300\" height=\"177\" srcset=\"https:\/\/blog.espol.edu.ec\/mlandire\/files\/2014\/11\/encebollado-300x177.jpg 300w, https:\/\/blog.espol.edu.ec\/mlandire\/files\/2014\/11\/encebollado.jpg 338w\" sizes=\"auto, (max-width: 300px) 100vw, 300px\" \/><\/a><p id=\"caption-attachment-58\" class=\"wp-caption-text\">Encebollado<\/p><\/div>\n<p>&nbsp;<\/p>\n<p>Ingredientes:<\/p>\n<p>1\/2 lb. de bacalao o pescado salado<\/p>\n<p>1 yuca de regular porte<\/p>\n<p>Cebolla colorada<\/p>\n<p>Lim\u00f3n, pimienta picante molida y aceite vegetal<\/p>\n<p>&nbsp;<\/p>\n<p>Preparaci\u00f3n:<\/p>\n<p>El <a href=\"http:\/\/www.vitonica.com\/proteinas\/bacalao-proteinas-libres-de-grasa\" target=\"_blank\">bacalao<\/a> se deja remojar desde el d\u00eda anterior o de la ma\u00f1ana para la tarde. Luego, se cocina y se parte en trozos peque\u00f1os.<\/p>\n<p>La yuca se cocina en agua sal y con la cebolla se hace una salsa curtida con lim\u00f3n, pimienta picante molida (si desea) y aceite.<\/p>\n<p>Se entrevera todo como ensalada y se sirve como entrada. \u00a0Si desea puede adornar con rodajas de huevo duro.<\/p>\n<p>&nbsp;<\/p>\n","protected":false},"excerpt":{"rendered":"<p>Con yuca &nbsp; &nbsp; Pan de yuca &nbsp; Ingredientes: 1 lb. de almid\u00f3n de yuca 2 cdas. de polvo de hornear 1 lb. de queso rallado 1\/2 lb. de mantequilla 5 huevos 1 tz. de leche 1 cda. de sal &hellip; <a href=\"https:\/\/blog.espol.edu.ec\/mlandire\/con-yuca\/\">Sigue leyendo <span class=\"meta-nav\">&rarr;<\/span><\/a><\/p>\n","protected":false},"author":9299,"featured_media":0,"parent":0,"menu_order":0,"comment_status":"open","ping_status":"open","template":"","meta":{"footnotes":""},"class_list":["post-50","page","type-page","status-publish","hentry"],"_links":{"self":[{"href":"https:\/\/blog.espol.edu.ec\/mlandire\/wp-json\/wp\/v2\/pages\/50","targetHints":{"allow":["GET"]}}],"collection":[{"href":"https:\/\/blog.espol.edu.ec\/mlandire\/wp-json\/wp\/v2\/pages"}],"about":[{"href":"https:\/\/blog.espol.edu.ec\/mlandire\/wp-json\/wp\/v2\/types\/page"}],"author":[{"embeddable":true,"href":"https:\/\/blog.espol.edu.ec\/mlandire\/wp-json\/wp\/v2\/users\/9299"}],"replies":[{"embeddable":true,"href":"https:\/\/blog.espol.edu.ec\/mlandire\/wp-json\/wp\/v2\/comments?post=50"}],"version-history":[{"count":5,"href":"https:\/\/blog.espol.edu.ec\/mlandire\/wp-json\/wp\/v2\/pages\/50\/revisions"}],"predecessor-version":[{"id":59,"href":"https:\/\/blog.espol.edu.ec\/mlandire\/wp-json\/wp\/v2\/pages\/50\/revisions\/59"}],"wp:attachment":[{"href":"https:\/\/blog.espol.edu.ec\/mlandire\/wp-json\/wp\/v2\/media?parent=50"}],"curies":[{"name":"wp","href":"https:\/\/api.w.org\/{rel}","templated":true}]}}