{"id":60,"date":"2014-11-12T02:58:46","date_gmt":"2014-11-12T02:58:46","guid":{"rendered":"http:\/\/blog.espol.edu.ec\/mlandire\/?page_id=60"},"modified":"2014-11-12T03:18:32","modified_gmt":"2014-11-12T03:18:32","slug":"bebidas","status":"publish","type":"page","link":"https:\/\/blog.espol.edu.ec\/mlandire\/bebidas\/","title":{"rendered":"Bebidas"},"content":{"rendered":"<p>Mazamorra morada<\/p>\n<p><a href=\"http:\/\/blog.espol.edu.ec\/mlandire\/files\/2014\/11\/644521_10151053588822854_1237318782_n.jpg\"><img loading=\"lazy\" decoding=\"async\" class=\"alignnone size-medium wp-image-61\" src=\"http:\/\/blog.espol.edu.ec\/mlandire\/files\/2014\/11\/644521_10151053588822854_1237318782_n-300x199.jpg\" alt=\"644521_10151053588822854_1237318782_n\" width=\"300\" height=\"199\" srcset=\"https:\/\/blog.espol.edu.ec\/mlandire\/files\/2014\/11\/644521_10151053588822854_1237318782_n-300x199.jpg 300w, https:\/\/blog.espol.edu.ec\/mlandire\/files\/2014\/11\/644521_10151053588822854_1237318782_n.jpg 960w\" sizes=\"auto, (max-width: 300px) 100vw, 300px\" \/><\/a><\/p>\n<p>Ingredientes:<\/p>\n<p>\u00bd kg de <a href=\"http:\/\/www.unperiodico.unal.edu.co\/dper\/article\/mortino-fruta-promisoria-para-la-salud-y-la-economia-del-pais.html\" target=\"_blank\">morti\u00f1os<\/a><\/p>\n<p>\u00bd kg. de moras<\/p>\n<p>\u00bc kg de frutillas<\/p>\n<p>1 pi\u00f1a<\/p>\n<p>\u00bd <a href=\"http:\/\/www.therapeianatura.com\/index.php?option=com_content&amp;view=article&amp;id=51:vestibulum-accumsan&amp;catid=34:revista-30&amp;Itemid=27\" target=\"_blank\">babaco<\/a><\/p>\n<p>10 naranjillas<\/p>\n<p>1 taza de pasas<\/p>\n<p>1 <a href=\"http:\/\/www.jmarcano.com\/mipais\/recursos\/alimentos\/mamey.html\" target=\"_blank\">mamey cartagena<\/a> grande<\/p>\n<p>Canela en rama<\/p>\n<p>Clavo de olor<\/p>\n<p>Pimienta dulce<\/p>\n<p>Hojas de naranja, hierbaluisa y array\u00e1n<\/p>\n<p>50 grs. de az\u00facar o 1 panela<\/p>\n<p>\u00bd kg de harina morada<\/p>\n<p><strong>Preparaci\u00f3n<\/strong><\/p>\n<p>Primero es preciso cernir -unas 3 veces- la harina de ma\u00edz morado usando un cedazo fino. Luego poner a remojar esta harina en \u00bd litro de agua tibia evitando que se formen grumos.<\/p>\n<p>Cocinar en dos litros de agua los morti\u00f1os, moras y las naranjillas, licuar y pasar por un colador. Aparte cocinar en dos litros de agua la panela o el az\u00facar, las especias y hierbas arom\u00e1ticas, pasar por un colador y juntar con la mezcla anterior, poner al fuego y agregar la harina de ma\u00edz disuelta, dejar cocer por unos minutos hasta espesar removiendo constantemente.<\/p>\n<p>Picar la pi\u00f1a, el mamey cartagena, el babaco, las pasas y las frutillas y cocinarlas con el az\u00facar hasta formar un alm\u00edbar, agregar al final a la colada y servir caliente.<\/p>\n<p>La colada morada se sirve acompa\u00f1ada de <a href=\"http:\/\/www.ecuaworld.com\/ecuablog\/index.php?itemid=206\" target=\"_blank\">guaguas de pan<\/a>.<\/p>\n<p>&nbsp;<\/p>\n<p>Rompope<\/p>\n<p><a href=\"http:\/\/blog.espol.edu.ec\/mlandire\/files\/2014\/11\/rompope.jpg\"><img loading=\"lazy\" decoding=\"async\" class=\"alignnone size-medium wp-image-62\" src=\"http:\/\/blog.espol.edu.ec\/mlandire\/files\/2014\/11\/rompope-289x300.jpg\" alt=\"rompope\" width=\"289\" height=\"300\" srcset=\"https:\/\/blog.espol.edu.ec\/mlandire\/files\/2014\/11\/rompope-289x300.jpg 289w, https:\/\/blog.espol.edu.ec\/mlandire\/files\/2014\/11\/rompope.jpg 450w\" sizes=\"auto, (max-width: 289px) 100vw, 289px\" \/><\/a><\/p>\n<p>&nbsp;<\/p>\n<p>Ingredientes:<\/p>\n<p>1 l de leche<\/p>\n<p>8 huevos<\/p>\n<p>1 lb. de az\u00facar<\/p>\n<p>1 oz. de esencia de vainilla<\/p>\n<p>2 cdtas. de clavo de olor<\/p>\n<p>2 cdtas. de pimienta olorosa<\/p>\n<p>1 vaso grande de cognac<\/p>\n<p>3 oz. de licor<\/p>\n<p>1 pizca de canela<\/p>\n<p>&nbsp;<\/p>\n<p>Procedimiento:<\/p>\n<p>Se hierve la leche con la canela, el clavo y la pimienta durante 10 minutos.<\/p>\n<p>El az\u00facar se pone con 1\/4 l de agua para hacer alm\u00edbar, cuando est\u00e9 hecho se mezcla con la leche que habr\u00e1 sacado a reposar, se cierne y se pone otra vez a la candela. \u00a0Deje calentar.<\/p>\n<p>Se baten los huevos, clara y yema juntos y se les van echando poco a poco a la leche que se tiene en la candela, sin dejar de mover para que no se corte. \u00a0Espere hasta que empiece a hervir a fuego lento. \u00a0Saque, cierna y deje enfriar.<\/p>\n<p>Cuando est\u00e9 bien fr\u00edo, eche la vainilla, despu\u00e9s el cognac y luego el licor. \u00a0No tape hasta que est\u00e9 totalmente fr\u00edo.<\/p>\n<p>&nbsp;<\/p>\n<p>Sangr\u00eda<\/p>\n<p><a href=\"http:\/\/blog.espol.edu.ec\/mlandire\/files\/2014\/11\/sangria.jpg\"><img loading=\"lazy\" decoding=\"async\" class=\"alignnone size-medium wp-image-67\" src=\"http:\/\/blog.espol.edu.ec\/mlandire\/files\/2014\/11\/sangria-236x300.jpg\" alt=\"sangria\" width=\"236\" height=\"300\" srcset=\"https:\/\/blog.espol.edu.ec\/mlandire\/files\/2014\/11\/sangria-236x300.jpg 236w, https:\/\/blog.espol.edu.ec\/mlandire\/files\/2014\/11\/sangria.jpg 432w\" sizes=\"auto, (max-width: 236px) 100vw, 236px\" \/><\/a><\/p>\n<p>&nbsp;<\/p>\n<p>&nbsp;<\/p>\n<p>Ingredientes:<\/p>\n<p>1 l de vino tinto<\/p>\n<p>2 l de agua<\/p>\n<p>jugo de 3 limones grandes<\/p>\n<p>az\u00facar al gusto<\/p>\n<p>2 limones cortados en rodajas<\/p>\n<p>&nbsp;<\/p>\n<p>Preparaci\u00f3n:<\/p>\n<p>Se juntan los 4 primeros ingredientes, se mezclan y se sirven. \u00a0Se ponen como adorno en cada vaso\u00a0las rodajas de lim\u00f3n.<\/p>\n<p>Tambi\u00e9n queda muy rico prepar\u00e1ndolo con jugo de pi\u00f1a y agregando trozos de <a href=\"http:\/\/salud.uncomo.com\/articulo\/cuales-son-los-beneficios-de-la-pina-7542.html\" target=\"_blank\">pi\u00f1a<\/a> a la mezcla.<\/p>\n<p>&nbsp;<\/p>\n","protected":false},"excerpt":{"rendered":"<p>Mazamorra morada Ingredientes: \u00bd kg de morti\u00f1os \u00bd kg. de moras \u00bc kg de frutillas 1 pi\u00f1a \u00bd babaco 10 naranjillas 1 taza de pasas 1 mamey cartagena grande Canela en rama Clavo de olor Pimienta dulce Hojas de naranja, &hellip; <a href=\"https:\/\/blog.espol.edu.ec\/mlandire\/bebidas\/\">Sigue leyendo <span class=\"meta-nav\">&rarr;<\/span><\/a><\/p>\n","protected":false},"author":9299,"featured_media":0,"parent":0,"menu_order":0,"comment_status":"open","ping_status":"open","template":"","meta":{"footnotes":""},"class_list":["post-60","page","type-page","status-publish","hentry"],"_links":{"self":[{"href":"https:\/\/blog.espol.edu.ec\/mlandire\/wp-json\/wp\/v2\/pages\/60","targetHints":{"allow":["GET"]}}],"collection":[{"href":"https:\/\/blog.espol.edu.ec\/mlandire\/wp-json\/wp\/v2\/pages"}],"about":[{"href":"https:\/\/blog.espol.edu.ec\/mlandire\/wp-json\/wp\/v2\/types\/page"}],"author":[{"embeddable":true,"href":"https:\/\/blog.espol.edu.ec\/mlandire\/wp-json\/wp\/v2\/users\/9299"}],"replies":[{"embeddable":true,"href":"https:\/\/blog.espol.edu.ec\/mlandire\/wp-json\/wp\/v2\/comments?post=60"}],"version-history":[{"count":5,"href":"https:\/\/blog.espol.edu.ec\/mlandire\/wp-json\/wp\/v2\/pages\/60\/revisions"}],"predecessor-version":[{"id":69,"href":"https:\/\/blog.espol.edu.ec\/mlandire\/wp-json\/wp\/v2\/pages\/60\/revisions\/69"}],"wp:attachment":[{"href":"https:\/\/blog.espol.edu.ec\/mlandire\/wp-json\/wp\/v2\/media?parent=60"}],"curies":[{"name":"wp","href":"https:\/\/api.w.org\/{rel}","templated":true}]}}