{"id":102,"date":"2014-11-12T19:38:47","date_gmt":"2014-11-12T19:38:47","guid":{"rendered":"http:\/\/blog.espol.edu.ec\/mloja\/?page_id=102"},"modified":"2014-11-12T19:38:48","modified_gmt":"2014-11-12T19:38:48","slug":"ceviche-de-concha","status":"publish","type":"page","link":"https:\/\/blog.espol.edu.ec\/mloja\/ceviche-de-concha\/","title":{"rendered":"Ceviche de concha"},"content":{"rendered":"<p style=\"text-align: left\">Este ex\u00f3tico plato es muchas veces pedido por varios clientes debido a la alta cantidad de vitaminas que posee, con tan solo com\u00e9rselo en un almuerzo tendr\u00e1s una tarde llena de descanso ya que su organismo metaboliza inmediatamente estas vitaminas y las lleva a cada c\u00e9lula, con el fin de proporcionar al organismo un instante relajado; Para otros sin lugar a dudas les parece un plato afrodis\u00edaco ya que en otros metabolismos funciona diferente, este al consumirlo en la noche, produce cambios en\u00e9rgicos por ende se lo denomina afrodis\u00edaco.<br \/>\n<a href=\"http:\/\/blog.espol.edu.ec\/mloja\/files\/2014\/11\/P1010221.jpg\"><img loading=\"lazy\" decoding=\"async\" width=\"300\" height=\"225\" class=\"size-medium wp-image-103 aligncenter\" src=\"http:\/\/blog.espol.edu.ec\/mloja\/files\/2014\/11\/P1010221-300x225.jpg\" alt=\"P1010221\" srcset=\"https:\/\/blog.espol.edu.ec\/mloja\/files\/2014\/11\/P1010221-300x225.jpg 300w, https:\/\/blog.espol.edu.ec\/mloja\/files\/2014\/11\/P1010221-1024x768.jpg 1024w, https:\/\/blog.espol.edu.ec\/mloja\/files\/2014\/11\/P1010221.jpg 1600w\" sizes=\"auto, (max-width: 300px) 100vw, 300px\" \/><\/a><\/p>\n","protected":false},"excerpt":{"rendered":"<p>Este ex\u00f3tico plato es muchas veces pedido por varios clientes debido a la alta cantidad de vitaminas que posee, con tan solo com\u00e9rselo en un almuerzo tendr\u00e1s una tarde llena de descanso ya que su organismo metaboliza inmediatamente estas vitaminas y las lleva a cada c\u00e9lula, con el fin de proporcionar al organismo un instante [&hellip;]<\/p>\n","protected":false},"author":9326,"featured_media":0,"parent":0,"menu_order":0,"comment_status":"open","ping_status":"open","template":"","meta":{"footnotes":""},"class_list":["post-102","page","type-page","status-publish","hentry"],"_links":{"self":[{"href":"https:\/\/blog.espol.edu.ec\/mloja\/wp-json\/wp\/v2\/pages\/102","targetHints":{"allow":["GET"]}}],"collection":[{"href":"https:\/\/blog.espol.edu.ec\/mloja\/wp-json\/wp\/v2\/pages"}],"about":[{"href":"https:\/\/blog.espol.edu.ec\/mloja\/wp-json\/wp\/v2\/types\/page"}],"author":[{"embeddable":true,"href":"https:\/\/blog.espol.edu.ec\/mloja\/wp-json\/wp\/v2\/users\/9326"}],"replies":[{"embeddable":true,"href":"https:\/\/blog.espol.edu.ec\/mloja\/wp-json\/wp\/v2\/comments?post=102"}],"version-history":[{"count":1,"href":"https:\/\/blog.espol.edu.ec\/mloja\/wp-json\/wp\/v2\/pages\/102\/revisions"}],"predecessor-version":[{"id":104,"href":"https:\/\/blog.espol.edu.ec\/mloja\/wp-json\/wp\/v2\/pages\/102\/revisions\/104"}],"wp:attachment":[{"href":"https:\/\/blog.espol.edu.ec\/mloja\/wp-json\/wp\/v2\/media?parent=102"}],"curies":[{"name":"wp","href":"https:\/\/api.w.org\/{rel}","templated":true}]}}