{"id":61,"date":"2014-11-11T18:48:37","date_gmt":"2014-11-11T18:48:37","guid":{"rendered":"http:\/\/blog.espol.edu.ec\/mloja\/?page_id=61"},"modified":"2014-11-11T18:48:37","modified_gmt":"2014-11-11T18:48:37","slug":"toque-guayaco-arroz-con-menestra-y-carne-asada","status":"publish","type":"page","link":"https:\/\/blog.espol.edu.ec\/mloja\/toque-guayaco-arroz-con-menestra-y-carne-asada\/","title":{"rendered":"Toque guayaco \u00b4\u00b4Arroz con menestra y carne asada\u00b4\u00b4"},"content":{"rendered":"<p>Este sabroso <a title=\"plato\" href=\"http:\/\/tenedordeoro.com.ec\/arroz-con-menestra-y-carne.html\" target=\"_blank\">plato<\/a>, lo podemos encontrar en diferentes lugares de Guayaquil y uno de los lugares visitados frecuentemente por la gente guayaca y con un econ\u00f3mico precio es Mucho lote 7ma etapa manzana 10. Este sitio que se encuentra al norte de la ciudad y tambi\u00e9n al sur donde los valores son muy baratos dan una muestra de una famosa \u00b4\u00b4<a title=\"hueca\" href=\"http:\/\/www.eluniverso.com\/tema\/ruta-sabor\" target=\"_blank\">hueca<\/a>\u00b4\u00b4 nombre que muchos de los ciudadanos le dieron ya que es muy popular en diferentes zonas de la urbe porte\u00f1a.<\/p>\n<p><a href=\"http:\/\/blog.espol.edu.ec\/mloja\/files\/2014\/11\/arroz-con-menestra2.jpg\"><img loading=\"lazy\" decoding=\"async\" class=\"aligncenter wp-image-62\" src=\"http:\/\/blog.espol.edu.ec\/mloja\/files\/2014\/11\/arroz-con-menestra2.jpg\" alt=\"arroz-con-menestra2\" width=\"297\" height=\"208\" \/><\/a><\/p>\n<p>Tambi\u00e9n podr\u00e1n encontrar otros platos favoritos a c\u00f3modos precios:<\/p>\n<p>Arroz con menestra y carne $1.40<\/p>\n<p>Arroz con menestra y chuleta $1.60<\/p>\n<p>Arroz con menestra y pollo $1.40<\/p>\n<p>Arroz con menestra y costillas a la BBQ con papas fritas $3.00<\/p>\n<p>&nbsp;<\/p>\n<p><a href=\"http:\/\/blog.espol.edu.ec\/mloja\/files\/2014\/11\/bbq.jpg\"><img loading=\"lazy\" decoding=\"async\" width=\"300\" height=\"225\" class=\"size-medium wp-image-63 aligncenter\" src=\"http:\/\/blog.espol.edu.ec\/mloja\/files\/2014\/11\/bbq-300x225.jpg\" alt=\"bbq\" srcset=\"https:\/\/blog.espol.edu.ec\/mloja\/files\/2014\/11\/bbq-300x225.jpg 300w, https:\/\/blog.espol.edu.ec\/mloja\/files\/2014\/11\/bbq.jpg 600w\" sizes=\"auto, (max-width: 300px) 100vw, 300px\" \/><\/a><\/p>\n<p>&nbsp;<\/p>\n","protected":false},"excerpt":{"rendered":"<p>Este sabroso plato, lo podemos encontrar en diferentes lugares de Guayaquil y uno de los lugares visitados frecuentemente por la gente guayaca y con un econ\u00f3mico precio es Mucho lote 7ma etapa manzana 10. Este sitio que se encuentra al norte de la ciudad y tambi\u00e9n al sur donde los valores son muy baratos dan [&hellip;]<\/p>\n","protected":false},"author":9326,"featured_media":0,"parent":0,"menu_order":0,"comment_status":"open","ping_status":"open","template":"","meta":{"footnotes":""},"class_list":["post-61","page","type-page","status-publish","hentry"],"_links":{"self":[{"href":"https:\/\/blog.espol.edu.ec\/mloja\/wp-json\/wp\/v2\/pages\/61","targetHints":{"allow":["GET"]}}],"collection":[{"href":"https:\/\/blog.espol.edu.ec\/mloja\/wp-json\/wp\/v2\/pages"}],"about":[{"href":"https:\/\/blog.espol.edu.ec\/mloja\/wp-json\/wp\/v2\/types\/page"}],"author":[{"embeddable":true,"href":"https:\/\/blog.espol.edu.ec\/mloja\/wp-json\/wp\/v2\/users\/9326"}],"replies":[{"embeddable":true,"href":"https:\/\/blog.espol.edu.ec\/mloja\/wp-json\/wp\/v2\/comments?post=61"}],"version-history":[{"count":1,"href":"https:\/\/blog.espol.edu.ec\/mloja\/wp-json\/wp\/v2\/pages\/61\/revisions"}],"predecessor-version":[{"id":64,"href":"https:\/\/blog.espol.edu.ec\/mloja\/wp-json\/wp\/v2\/pages\/61\/revisions\/64"}],"wp:attachment":[{"href":"https:\/\/blog.espol.edu.ec\/mloja\/wp-json\/wp\/v2\/media?parent=61"}],"curies":[{"name":"wp","href":"https:\/\/api.w.org\/{rel}","templated":true}]}}