{"id":90,"date":"2014-11-11T16:19:17","date_gmt":"2014-11-11T16:19:17","guid":{"rendered":"http:\/\/blog.espol.edu.ec\/mmontach\/?page_id=90"},"modified":"2014-11-11T20:37:09","modified_gmt":"2014-11-11T20:37:09","slug":"targetas-para-toda-ocasion","status":"publish","type":"page","link":"https:\/\/blog.espol.edu.ec\/mmontach\/targetas-para-toda-ocasion\/","title":{"rendered":"Tarjetas para toda ocasi\u00f3n"},"content":{"rendered":"<p><a href=\"http:\/\/blog.espol.edu.ec\/mmontach\/files\/2014\/11\/18.jpg\"><img loading=\"lazy\" decoding=\"async\" src=\"http:\/\/blog.espol.edu.ec\/mmontach\/files\/2014\/11\/18.jpg\" alt=\"18\" width=\"960\" height=\"720\" class=\"alignnone size-full wp-image-62\" srcset=\"https:\/\/blog.espol.edu.ec\/mmontach\/files\/2014\/11\/18.jpg 960w, https:\/\/blog.espol.edu.ec\/mmontach\/files\/2014\/11\/18-300x225.jpg 300w, https:\/\/blog.espol.edu.ec\/mmontach\/files\/2014\/11\/18-400x300.jpg 400w\" sizes=\"auto, (max-width: 960px) 100vw, 960px\" \/><\/a><br \/>\nExpresa tus sentimientos en en coloridas tarjetas. T\u00fa  decides las palabras que expresar\u00e1s, nosotros las hacemos \u00fanicas.<br \/>\nPrecio: $2<\/p>\n<p><a href=\"http:\/\/blog.espol.edu.ec\/mmontach\/files\/2014\/11\/19.jpg\"><img loading=\"lazy\" decoding=\"async\" src=\"http:\/\/blog.espol.edu.ec\/mmontach\/files\/2014\/11\/19.jpg\" alt=\"19\" width=\"960\" height=\"720\" class=\"alignnone size-full wp-image-63\" srcset=\"https:\/\/blog.espol.edu.ec\/mmontach\/files\/2014\/11\/19.jpg 960w, https:\/\/blog.espol.edu.ec\/mmontach\/files\/2014\/11\/19-300x225.jpg 300w, https:\/\/blog.espol.edu.ec\/mmontach\/files\/2014\/11\/19-400x300.jpg 400w\" sizes=\"auto, (max-width: 960px) 100vw, 960px\" \/><\/a><br \/>\nSerie de tarjetas en uno. Puedes agregarle, fotos, frases, lo que tu decidas.<br \/>\nPrecio: $3<br \/>\n<a href=\"http:\/\/blog.espol.edu.ec\/mmontach\/files\/2014\/11\/17.jpg\"><img loading=\"lazy\" decoding=\"async\" src=\"http:\/\/blog.espol.edu.ec\/mmontach\/files\/2014\/11\/17.jpg\" alt=\"17\" width=\"960\" height=\"720\" class=\"alignnone size-full wp-image-61\" srcset=\"https:\/\/blog.espol.edu.ec\/mmontach\/files\/2014\/11\/17.jpg 960w, https:\/\/blog.espol.edu.ec\/mmontach\/files\/2014\/11\/17-300x225.jpg 300w, https:\/\/blog.espol.edu.ec\/mmontach\/files\/2014\/11\/17-400x300.jpg 400w\" sizes=\"auto, (max-width: 960px) 100vw, 960px\" \/><\/a><br \/>\nTarjeta tipo carta. No hay mejor manera de entregar una carta.<br \/>\nPrecio: $4<br \/>\n<a href=\"http:\/\/blog.espol.edu.ec\/mmontach\/files\/2014\/11\/5.jpg\"><img loading=\"lazy\" decoding=\"async\" src=\"http:\/\/blog.espol.edu.ec\/mmontach\/files\/2014\/11\/5.jpg\" alt=\"5\" width=\"960\" height=\"720\" class=\"alignnone size-full wp-image-53\" srcset=\"https:\/\/blog.espol.edu.ec\/mmontach\/files\/2014\/11\/5.jpg 960w, https:\/\/blog.espol.edu.ec\/mmontach\/files\/2014\/11\/5-300x225.jpg 300w, https:\/\/blog.espol.edu.ec\/mmontach\/files\/2014\/11\/5-400x300.jpg 400w\" sizes=\"auto, (max-width: 960px) 100vw, 960px\" \/><\/a><\/p>\n<p><a href=\"http:\/\/blog.espol.edu.ec\/mmontach\/files\/2014\/11\/WP_20141109_003.jpg\"><img loading=\"lazy\" decoding=\"async\" src=\"http:\/\/blog.espol.edu.ec\/mmontach\/files\/2014\/11\/WP_20141109_003.jpg\" alt=\"WP_20141109_003\" width=\"1936\" height=\"2592\" class=\"alignnone size-full wp-image-54\" srcset=\"https:\/\/blog.espol.edu.ec\/mmontach\/files\/2014\/11\/WP_20141109_003.jpg 1936w, https:\/\/blog.espol.edu.ec\/mmontach\/files\/2014\/11\/WP_20141109_003-224x300.jpg 224w, https:\/\/blog.espol.edu.ec\/mmontach\/files\/2014\/11\/WP_20141109_003-764x1024.jpg 764w\" sizes=\"auto, (max-width: 1936px) 100vw, 1936px\" \/><\/a><br \/>\nTarjeta coraz\u00f3n<br \/>\nPrecio: $6<br \/>\n<a href=\"http:\/\/blog.espol.edu.ec\/mmontach\/files\/2014\/11\/WP_20141109_004.jpg\"><img loading=\"lazy\" decoding=\"async\" src=\"http:\/\/blog.espol.edu.ec\/mmontach\/files\/2014\/11\/WP_20141109_004.jpg\" alt=\"WP_20141109_004\" width=\"2592\" height=\"1936\" class=\"alignnone size-full wp-image-55\" srcset=\"https:\/\/blog.espol.edu.ec\/mmontach\/files\/2014\/11\/WP_20141109_004.jpg 2592w, https:\/\/blog.espol.edu.ec\/mmontach\/files\/2014\/11\/WP_20141109_004-300x224.jpg 300w, https:\/\/blog.espol.edu.ec\/mmontach\/files\/2014\/11\/WP_20141109_004-1024x764.jpg 1024w, https:\/\/blog.espol.edu.ec\/mmontach\/files\/2014\/11\/WP_20141109_004-401x300.jpg 401w\" sizes=\"auto, (max-width: 2592px) 100vw, 2592px\" \/><\/a><br \/>\nDulce tarjeta. Llena de dulces o lo que tu prefieras.<br \/>\nPrecio: $4<br \/>\n<a href=\"http:\/\/blog.espol.edu.ec\/mmontach\/files\/2014\/11\/16.jpg\"><img loading=\"lazy\" decoding=\"async\" src=\"http:\/\/blog.espol.edu.ec\/mmontach\/files\/2014\/11\/16.jpg\" alt=\"16\" width=\"960\" height=\"720\" class=\"alignnone size-full wp-image-60\" srcset=\"https:\/\/blog.espol.edu.ec\/mmontach\/files\/2014\/11\/16.jpg 960w, https:\/\/blog.espol.edu.ec\/mmontach\/files\/2014\/11\/16-300x225.jpg 300w, https:\/\/blog.espol.edu.ec\/mmontach\/files\/2014\/11\/16-400x300.jpg 400w\" sizes=\"auto, (max-width: 960px) 100vw, 960px\" \/><\/a><br \/>\nTarjeta alto relieve: Precio: $3<br \/>\n<a href=\"http:\/\/blog.espol.edu.ec\/mmontach\/files\/2014\/10\/1.jpg\"><img loading=\"lazy\" decoding=\"async\" src=\"http:\/\/blog.espol.edu.ec\/mmontach\/files\/2014\/10\/1.jpg\" alt=\"1\" width=\"720\" height=\"960\" class=\"alignnone size-full wp-image-29\" srcset=\"https:\/\/blog.espol.edu.ec\/mmontach\/files\/2014\/10\/1.jpg 720w, https:\/\/blog.espol.edu.ec\/mmontach\/files\/2014\/10\/1-225x300.jpg 225w\" sizes=\"auto, (max-width: 720px) 100vw, 720px\" \/><\/a><\/p>\n","protected":false},"excerpt":{"rendered":"<p>Expresa tus sentimientos en en coloridas tarjetas. T\u00fa decides las palabras que expresar\u00e1s, nosotros las hacemos \u00fanicas. Precio: $2 Serie de tarjetas en uno. Puedes agregarle, fotos, frases, lo que tu decidas. Precio: $3 Tarjeta tipo carta. No hay mejor &hellip; <a href=\"https:\/\/blog.espol.edu.ec\/mmontach\/targetas-para-toda-ocasion\/\">Sigue leyendo <span class=\"meta-nav\">&rarr;<\/span><\/a><\/p>\n","protected":false},"author":9411,"featured_media":0,"parent":0,"menu_order":0,"comment_status":"open","ping_status":"open","template":"","meta":{"footnotes":""},"class_list":["post-90","page","type-page","status-publish","hentry"],"_links":{"self":[{"href":"https:\/\/blog.espol.edu.ec\/mmontach\/wp-json\/wp\/v2\/pages\/90","targetHints":{"allow":["GET"]}}],"collection":[{"href":"https:\/\/blog.espol.edu.ec\/mmontach\/wp-json\/wp\/v2\/pages"}],"about":[{"href":"https:\/\/blog.espol.edu.ec\/mmontach\/wp-json\/wp\/v2\/types\/page"}],"author":[{"embeddable":true,"href":"https:\/\/blog.espol.edu.ec\/mmontach\/wp-json\/wp\/v2\/users\/9411"}],"replies":[{"embeddable":true,"href":"https:\/\/blog.espol.edu.ec\/mmontach\/wp-json\/wp\/v2\/comments?post=90"}],"version-history":[{"count":4,"href":"https:\/\/blog.espol.edu.ec\/mmontach\/wp-json\/wp\/v2\/pages\/90\/revisions"}],"predecessor-version":[{"id":147,"href":"https:\/\/blog.espol.edu.ec\/mmontach\/wp-json\/wp\/v2\/pages\/90\/revisions\/147"}],"wp:attachment":[{"href":"https:\/\/blog.espol.edu.ec\/mmontach\/wp-json\/wp\/v2\/media?parent=90"}],"curies":[{"name":"wp","href":"https:\/\/api.w.org\/{rel}","templated":true}]}}