{"id":29,"date":"2016-05-21T21:42:48","date_gmt":"2016-05-21T21:42:48","guid":{"rendered":"http:\/\/blog.espol.edu.ec\/mnogales\/?page_id=29"},"modified":"2016-05-23T05:12:24","modified_gmt":"2016-05-23T05:12:24","slug":"estereo-picnic","status":"publish","type":"page","link":"https:\/\/blog.espol.edu.ec\/mnogales\/estereo-picnic\/","title":{"rendered":"Estereo Picnic"},"content":{"rendered":"<p>El Estereo Picnic nace en el 2010. Por un grupo colombiano independiente de promotores de eventos. Al inicio tocaban principalmente bandas nacionales, hasta que cada vez fue llamando m\u00e1s la atenci\u00f3n. Se enfoca en los siguientes g\u00e9neros: Rock, electr\u00f3nica, folk y algo de pop.<\/p>\n<p>Este festival tambi\u00e9n consta de otros tipos de entretenimiento y actividades culturales.<\/p>\n","protected":false},"excerpt":{"rendered":"<p>El Estereo Picnic nace en el 2010. Por un grupo colombiano independiente de promotores de eventos. Al inicio tocaban principalmente bandas nacionales, hasta que cada vez fue llamando m\u00e1s la atenci\u00f3n. Se enfoca en los siguientes g\u00e9neros: Rock, electr\u00f3nica, folk y algo de pop. Este festival tambi\u00e9n consta de otros tipos de entretenimiento y actividades [&hellip;]<\/p>\n","protected":false},"author":10213,"featured_media":0,"parent":0,"menu_order":0,"comment_status":"closed","ping_status":"closed","template":"","meta":{"footnotes":""},"class_list":["post-29","page","type-page","status-publish","hentry"],"_links":{"self":[{"href":"https:\/\/blog.espol.edu.ec\/mnogales\/wp-json\/wp\/v2\/pages\/29","targetHints":{"allow":["GET"]}}],"collection":[{"href":"https:\/\/blog.espol.edu.ec\/mnogales\/wp-json\/wp\/v2\/pages"}],"about":[{"href":"https:\/\/blog.espol.edu.ec\/mnogales\/wp-json\/wp\/v2\/types\/page"}],"author":[{"embeddable":true,"href":"https:\/\/blog.espol.edu.ec\/mnogales\/wp-json\/wp\/v2\/users\/10213"}],"replies":[{"embeddable":true,"href":"https:\/\/blog.espol.edu.ec\/mnogales\/wp-json\/wp\/v2\/comments?post=29"}],"version-history":[{"count":3,"href":"https:\/\/blog.espol.edu.ec\/mnogales\/wp-json\/wp\/v2\/pages\/29\/revisions"}],"predecessor-version":[{"id":38,"href":"https:\/\/blog.espol.edu.ec\/mnogales\/wp-json\/wp\/v2\/pages\/29\/revisions\/38"}],"wp:attachment":[{"href":"https:\/\/blog.espol.edu.ec\/mnogales\/wp-json\/wp\/v2\/media?parent=29"}],"curies":[{"name":"wp","href":"https:\/\/api.w.org\/{rel}","templated":true}]}}