{"id":8,"date":"2016-05-11T17:33:38","date_gmt":"2016-05-11T17:33:38","guid":{"rendered":"http:\/\/blog.espol.edu.ec\/mnogales\/?page_id=8"},"modified":"2016-05-23T05:23:11","modified_gmt":"2016-05-23T05:23:11","slug":"mi-primera-pagina","status":"publish","type":"page","link":"https:\/\/blog.espol.edu.ec\/mnogales\/mi-primera-pagina\/","title":{"rendered":"Lollapalooza"},"content":{"rendered":"<p>Lollapalooza, uno de los festivales m\u00e1s renombrados en el mundo. Nace en 1991, con el concepto de difundir el rock alternativo. Tuvo una pausa del a\u00f1o 1997 al 2003, donde se considera que el festival revivi\u00f3.<\/p>\n<p>En el 2010 se volvi\u00f3 internacional realiz\u00e1ndose en los pa\u00edses de Chile y Brasil. Bajo el mismo concepto.<\/p>\n<p>Este festival se lo realiza una vez al a\u00f1o en el\u00a0<a href=\"http:\/\/Grant Park, Chicago\">Grant Park<\/a>, Chicago y dura un fin de semana. Tiene al rededor de 160.000 espectadores.<\/p>\n","protected":false},"excerpt":{"rendered":"<p>Lollapalooza, uno de los festivales m\u00e1s renombrados en el mundo. Nace en 1991, con el concepto de difundir el rock alternativo. Tuvo una pausa del a\u00f1o 1997 al 2003, donde se considera que el festival revivi\u00f3. En el 2010 se volvi\u00f3 internacional realiz\u00e1ndose en los pa\u00edses de Chile y Brasil. Bajo el mismo concepto. Este [&hellip;]<\/p>\n","protected":false},"author":10213,"featured_media":0,"parent":0,"menu_order":0,"comment_status":"closed","ping_status":"closed","template":"","meta":{"footnotes":""},"class_list":["post-8","page","type-page","status-publish","hentry"],"_links":{"self":[{"href":"https:\/\/blog.espol.edu.ec\/mnogales\/wp-json\/wp\/v2\/pages\/8","targetHints":{"allow":["GET"]}}],"collection":[{"href":"https:\/\/blog.espol.edu.ec\/mnogales\/wp-json\/wp\/v2\/pages"}],"about":[{"href":"https:\/\/blog.espol.edu.ec\/mnogales\/wp-json\/wp\/v2\/types\/page"}],"author":[{"embeddable":true,"href":"https:\/\/blog.espol.edu.ec\/mnogales\/wp-json\/wp\/v2\/users\/10213"}],"replies":[{"embeddable":true,"href":"https:\/\/blog.espol.edu.ec\/mnogales\/wp-json\/wp\/v2\/comments?post=8"}],"version-history":[{"count":4,"href":"https:\/\/blog.espol.edu.ec\/mnogales\/wp-json\/wp\/v2\/pages\/8\/revisions"}],"predecessor-version":[{"id":40,"href":"https:\/\/blog.espol.edu.ec\/mnogales\/wp-json\/wp\/v2\/pages\/8\/revisions\/40"}],"wp:attachment":[{"href":"https:\/\/blog.espol.edu.ec\/mnogales\/wp-json\/wp\/v2\/media?parent=8"}],"curies":[{"name":"wp","href":"https:\/\/api.w.org\/{rel}","templated":true}]}}