{"id":59,"date":"2011-10-31T04:24:49","date_gmt":"2011-10-31T04:24:49","guid":{"rendered":"http:\/\/blog.espol.edu.ec\/mpasmay\/?page_id=59"},"modified":"2011-10-31T04:41:30","modified_gmt":"2011-10-31T04:41:30","slug":"la-petroquimica","status":"publish","type":"page","link":"https:\/\/blog.espol.edu.ec\/mpasmay\/la-petroquimica\/","title":{"rendered":"La Petroquimica"},"content":{"rendered":"<p><img loading=\"lazy\" decoding=\"async\" class=\"aligncenter size-medium wp-image-60\" title=\"PETRO ESTA\" src=\"http:\/\/blog.espol.edu.ec\/mpasmay\/files\/2011\/10\/PETRO-ESTA-300x184.jpg\" alt=\"\" width=\"300\" height=\"184\" srcset=\"https:\/\/blog.espol.edu.ec\/mpasmay\/files\/2011\/10\/PETRO-ESTA-300x184.jpg 300w, https:\/\/blog.espol.edu.ec\/mpasmay\/files\/2011\/10\/PETRO-ESTA.jpg 557w\" sizes=\"auto, (max-width: 300px) 100vw, 300px\" \/><strong>La industria petroqu\u00edmica usa productos derivados de \u00e9l para hacer pl\u00e1sticos, fibras sint\u00e9ticas, detergentes, medicinas, conservadores de alimentos, hules y agroqu\u00edmicos <\/strong><br \/>\n<strong>\u00a0<\/strong><strong><strong>Las principales cadenas petroqu\u00edmicas son las del gas natural, las olefinas ligeras (etileno, propileno y butenos) y la de los arom\u00e1ticos.<\/strong><br \/>\n<strong>\u00a0<\/strong><br \/>\n<strong>A partir del gas natural se produce el gas de s\u00edntesis que permite la producci\u00f3n a gran escala de hidr\u00f3geno, haciendo posible la producci\u00f3n posterior de amon\u00edaco por su reacci\u00f3n con nitr\u00f3geno, y de metanol, materia prima en la producci\u00f3n de metil-terbutil-\u00e9ter, entre otros.\u00a0<\/strong><br \/>\n<\/strong><a href=\"http:\/\/blog.espol.edu.ec\/mpasmay\/files\/2011\/10\/PETRO2.jpg\"><img loading=\"lazy\" decoding=\"async\" class=\"aligncenter size-medium wp-image-61\" title=\"PETRO2\" src=\"http:\/\/blog.espol.edu.ec\/mpasmay\/files\/2011\/10\/PETRO2-267x300.jpg\" alt=\"\" width=\"267\" height=\"300\" srcset=\"https:\/\/blog.espol.edu.ec\/mpasmay\/files\/2011\/10\/PETRO2-267x300.jpg 267w, https:\/\/blog.espol.edu.ec\/mpasmay\/files\/2011\/10\/PETRO2.jpg 301w\" sizes=\"auto, (max-width: 267px) 100vw, 267px\" \/><\/a><\/p>\n<p><strong>Alcanos<\/strong><br \/>\n<strong>\u00a0<\/strong><br \/>\n<strong>Las aplicaciones de un cierto alcano pueden ser determinadas bastante bien de acuerdo al n\u00famero de \u00e1tomos de carbono.<\/strong><br \/>\n<strong>\u00a0<\/strong><br \/>\n<strong>\u00a0<\/strong><br \/>\n<strong>El metano y el etano: son los principales componentes del gas natural; y pueden ser almacenados como gases bajo presi\u00f3n<\/strong><\/p>\n<p><strong>El propano y el butano pueden ser l\u00edquidos a presiones moderadamente bajas y son conocidos como gases licuados del petr\u00f3leo (GLP). Por ejemplo, el propano se usa en el quemador de gas propano, el butano en los encendedores descartables de cigarrillos, son usados tambi\u00e9n como propelentes en pulverizadores.<\/strong><\/p>\n<p><strong><br \/>\n<\/strong><a href=\"http:\/\/blog.espol.edu.ec\/mpasmay\/files\/2011\/10\/Imagen22.jpg\"><img loading=\"lazy\" decoding=\"async\" class=\"aligncenter size-full wp-image-72\" title=\"Imagen22\" src=\"http:\/\/blog.espol.edu.ec\/mpasmay\/files\/2011\/10\/Imagen22.jpg\" alt=\"\" width=\"270\" height=\"277\" \/><\/a><\/p>\n<p><strong>Desde el pentano hasta el octano, los alcanos son l\u00edquidos razonablemente vol\u00e1tiles. Se usan como combustibles en motores de combusti\u00f3n interna, puesto que pueden vaporizarse r\u00e1pidamente al entrar en la c\u00e1mara de combusti\u00f3n<\/strong><br \/>\n<strong>\u00a0<\/strong><\/p>\n<div><strong>\u00a0<\/strong><\/div>\n<div><strong>Los alcanos desde el nonano hasta, d\u00edgase, el hexadecano (un alcano con diecis\u00e9is \u00e1tomos de carbono) son l\u00edquidos de alta viscosidad, cada vez menos aptos para su uso en gasolinas. Por el contrario, forman la mayor parte del di\u00e9sel y combustible de aviones.<\/strong><\/div>\n<div><strong><br \/>\n<\/strong><\/div>\n<p><a href=\"http:\/\/blog.espol.edu.ec\/mpasmay\/files\/2011\/10\/Imagen23.jpg\"><img loading=\"lazy\" decoding=\"async\" class=\"aligncenter size-full wp-image-75\" title=\"Imagen23\" src=\"http:\/\/blog.espol.edu.ec\/mpasmay\/files\/2011\/10\/Imagen23.jpg\" alt=\"\" width=\"320\" height=\"194\" srcset=\"https:\/\/blog.espol.edu.ec\/mpasmay\/files\/2011\/10\/Imagen23.jpg 320w, https:\/\/blog.espol.edu.ec\/mpasmay\/files\/2011\/10\/Imagen23-300x181.jpg 300w\" sizes=\"auto, (max-width: 320px) 100vw, 320px\" \/><\/a><\/p>\n<div><strong>Los alcanos a partir del hexadecano en adelante constituyen los componentes m\u00e1s importantes del aceite combustible y aceite lubricante. La funci\u00f3n de los \u00faltimos es tambi\u00e9n actuar como agentes anticorrosivos.<\/strong><\/div>\n<p><a href=\"http:\/\/blog.espol.edu.ec\/mpasmay\/files\/2011\/10\/Imagen24.jpg\"><img loading=\"lazy\" decoding=\"async\" class=\"aligncenter size-full wp-image-77\" title=\"Imagen24\" src=\"http:\/\/blog.espol.edu.ec\/mpasmay\/files\/2011\/10\/Imagen24.jpg\" alt=\"\" width=\"200\" height=\"106\" \/><\/a><\/p>\n<p><strong>Los alcanos con una longitud de cadena de aproximadamente 35 o m\u00e1s \u00e1tomos de carbono se encuentran en el bet\u00fan, que se usa, por ejemplo, para asfaltar los caminos<\/strong><a href=\"http:\/\/blog.espol.edu.ec\/mpasmay\/files\/2011\/10\/Imagen251.jpg\"><img loading=\"lazy\" decoding=\"async\" class=\"aligncenter size-full wp-image-79\" title=\"Imagen25\" src=\"http:\/\/blog.espol.edu.ec\/mpasmay\/files\/2011\/10\/Imagen251.jpg\" alt=\"\" width=\"403\" height=\"302\" srcset=\"https:\/\/blog.espol.edu.ec\/mpasmay\/files\/2011\/10\/Imagen251.jpg 403w, https:\/\/blog.espol.edu.ec\/mpasmay\/files\/2011\/10\/Imagen251-300x224.jpg 300w\" sizes=\"auto, (max-width: 403px) 100vw, 403px\" \/><\/a><\/p>\n<div><strong>Alqueno<\/strong><\/div>\n<div><strong><br \/>\n<\/strong><\/div>\n<p><strong>\u00a0<\/strong><\/p>\n<div><strong>Algunas aplicaciones son:<\/strong><\/div>\n<div><strong>\u00a0<\/strong><\/div>\n<div><strong><br \/>\n<\/strong><\/div>\n<div><strong>Etileno: Compuesto org\u00e1nico de mayor consumo en la industria petroqu\u00edmica, principalmente en la fabricaci\u00f3n de pol\u00edmeros como polietileno. As\u00ed como tambi\u00e9n en la obtenci\u00f3n industrial del alcohol et\u00edlico, oxido de etileno, etilen-glicol, estireno y cloruro de vinilo (se obtiene el PVC, cloruro de polivinilo, usado para fabricar piezas y tubos con caracter\u00edsticas met\u00e1licas)<\/strong><\/div>\n<p><strong>\u00a0<\/strong><\/p>\n<div><strong><br \/>\n<\/strong><\/div>\n<div><strong>polipropileno: Se usan en la industria textil y para fabricar cuerdas, redes de pescar y filtros.\u00a0<\/strong><\/div>\n<div><a href=\"http:\/\/blog.espol.edu.ec\/mpasmay\/files\/2011\/10\/Imagen26.jpg\"><img loading=\"lazy\" decoding=\"async\" class=\"aligncenter size-full wp-image-80\" title=\"Imagen26\" src=\"http:\/\/blog.espol.edu.ec\/mpasmay\/files\/2011\/10\/Imagen26.jpg\" alt=\"\" width=\"251\" height=\"253\" srcset=\"https:\/\/blog.espol.edu.ec\/mpasmay\/files\/2011\/10\/Imagen26.jpg 251w, https:\/\/blog.espol.edu.ec\/mpasmay\/files\/2011\/10\/Imagen26-150x150.jpg 150w\" sizes=\"auto, (max-width: 251px) 100vw, 251px\" \/><\/a><\/div>\n<div><strong>isobutileno: Empleado en la s\u00edntesis del tetraetilo de plomo, el cual es usado como aditivo en la preparaci\u00f3n de gasolina<\/strong><\/div>\n<div><strong><br \/>\n<\/strong><\/div>\n<div><strong>\u00a0<\/strong><\/div>\n<div><strong>\u00a0 <\/strong><\/div>\n<div><strong>dicloroetano: Como disolvente de aceites, parafinas y pl\u00e1sticos<\/strong><\/div>\n<div><strong><br \/>\n<\/strong><\/div>\n<p><a href=\"http:\/\/blog.espol.edu.ec\/mpasmay\/files\/2011\/10\/Imagen27.jpg\"><img loading=\"lazy\" decoding=\"async\" class=\"aligncenter size-full wp-image-81\" title=\"Imagen27\" src=\"http:\/\/blog.espol.edu.ec\/mpasmay\/files\/2011\/10\/Imagen27.jpg\" alt=\"\" width=\"302\" height=\"301\" srcset=\"https:\/\/blog.espol.edu.ec\/mpasmay\/files\/2011\/10\/Imagen27.jpg 302w, https:\/\/blog.espol.edu.ec\/mpasmay\/files\/2011\/10\/Imagen27-150x150.jpg 150w, https:\/\/blog.espol.edu.ec\/mpasmay\/files\/2011\/10\/Imagen27-300x299.jpg 300w\" sizes=\"auto, (max-width: 302px) 100vw, 302px\" \/><\/a><\/p>\n<div><strong>Alquinos<\/strong><\/div>\n<div><strong><br \/>\n<\/strong><\/div>\n<div><strong>\u00a0<\/strong><\/div>\n<div><strong>Se utiliza como combustible en la soldadura a gas debido a las elevadas temperaturas alcanzadas.<\/strong><\/div>\n<div><strong><br \/>\n<\/strong><\/div>\n<div><strong>En la industria qu\u00edmica los alquinos son importantes productos de partida por ejemplo en la s\u00edntesis del PVC (adici\u00f3n de HCl) de caucho artificial etc<\/strong><\/div>\n<p><strong>\u00a0<\/strong><a href=\"http:\/\/blog.espol.edu.ec\/mpasmay\/files\/2011\/10\/Imagen28.jpg\"><img loading=\"lazy\" decoding=\"async\" class=\"aligncenter size-full wp-image-82\" title=\"Imagen28\" src=\"http:\/\/blog.espol.edu.ec\/mpasmay\/files\/2011\/10\/Imagen28.jpg\" alt=\"\" width=\"200\" height=\"139\" \/><\/a><\/p>\n<p><strong>El grupo alquino est\u00e1 presente en algunos f\u00e1rmacos citost\u00e1ticos<\/strong><\/p>\n<div><strong><br \/>\n<\/strong><\/div>\n<div><strong>Los pol\u00edmeros generados a partir de los alquinos, los polialquinos, son semiconductores org\u00e1nicos y pueden ser dotados, parecido al silicio aunque se trata de materiales flexibles<\/strong><\/div>\n<div><strong><br \/>\n<\/strong><\/div>\n<p><strong>\u00a0<\/strong><a href=\"http:\/\/blog.espol.edu.ec\/mpasmay\/files\/2011\/10\/Imagen29.jpg\"><img loading=\"lazy\" decoding=\"async\" class=\"aligncenter size-full wp-image-83\" title=\"Imagen29\" src=\"http:\/\/blog.espol.edu.ec\/mpasmay\/files\/2011\/10\/Imagen29.jpg\" alt=\"\" width=\"336\" height=\"237\" srcset=\"https:\/\/blog.espol.edu.ec\/mpasmay\/files\/2011\/10\/Imagen29.jpg 336w, https:\/\/blog.espol.edu.ec\/mpasmay\/files\/2011\/10\/Imagen29-300x211.jpg 300w\" sizes=\"auto, (max-width: 336px) 100vw, 336px\" \/><\/a><\/p>\n","protected":false},"excerpt":{"rendered":"<p>La industria petroqu\u00edmica usa productos derivados de \u00e9l para hacer pl\u00e1sticos, fibras sint\u00e9ticas, detergentes, medicinas, conservadores de alimentos, hules y agroqu\u00edmicos \u00a0Las principales cadenas petroqu\u00edmicas son las del gas natural, las olefinas ligeras (etileno, propileno y butenos) y la de los arom\u00e1ticos. \u00a0 A partir del gas natural se produce el gas de s\u00edntesis que [&hellip;]<\/p>\n","protected":false},"author":6877,"featured_media":0,"parent":0,"menu_order":0,"comment_status":"open","ping_status":"open","template":"","meta":{"footnotes":""},"class_list":["post-59","page","type-page","status-publish","hentry"],"_links":{"self":[{"href":"https:\/\/blog.espol.edu.ec\/mpasmay\/wp-json\/wp\/v2\/pages\/59","targetHints":{"allow":["GET"]}}],"collection":[{"href":"https:\/\/blog.espol.edu.ec\/mpasmay\/wp-json\/wp\/v2\/pages"}],"about":[{"href":"https:\/\/blog.espol.edu.ec\/mpasmay\/wp-json\/wp\/v2\/types\/page"}],"author":[{"embeddable":true,"href":"https:\/\/blog.espol.edu.ec\/mpasmay\/wp-json\/wp\/v2\/users\/6877"}],"replies":[{"embeddable":true,"href":"https:\/\/blog.espol.edu.ec\/mpasmay\/wp-json\/wp\/v2\/comments?post=59"}],"version-history":[{"count":13,"href":"https:\/\/blog.espol.edu.ec\/mpasmay\/wp-json\/wp\/v2\/pages\/59\/revisions"}],"predecessor-version":[{"id":74,"href":"https:\/\/blog.espol.edu.ec\/mpasmay\/wp-json\/wp\/v2\/pages\/59\/revisions\/74"}],"wp:attachment":[{"href":"https:\/\/blog.espol.edu.ec\/mpasmay\/wp-json\/wp\/v2\/media?parent=59"}],"curies":[{"name":"wp","href":"https:\/\/api.w.org\/{rel}","templated":true}]}}