{"id":2,"date":"2011-10-18T21:52:17","date_gmt":"2011-10-18T21:52:17","guid":{"rendered":""},"modified":"2011-10-25T17:51:13","modified_gmt":"2011-10-25T17:51:13","slug":"about","status":"publish","type":"page","link":"https:\/\/blog.espol.edu.ec\/mponton\/about\/","title":{"rendered":"Inicio"},"content":{"rendered":"<p><em>En estos tiempos de globalizaci\u00f3n es necesario saber hablar ingl\u00e9s. Este idioma es el habla universal y saber dominarla, por lo menos b\u00e1sicamente, puede servirte de mucho no solo para uso cotidiano cuando tengas que viajar sino tambi\u00e9n para conseguir trabajo.<br \/>\nHoy en d\u00eda, uno de los requisitos m\u00e1s necesitados por las empresas al momento de conformar su plantilla es que el empleado sepa ingl\u00e9s. Esto le asegura a la compa\u00f1\u00eda la posibilidad de hacer infinidad de negocios con empresas extranjeras de gran porte.Usted puede obtener todo eso y mucho m\u00e1s si habla ingl\u00e9s. \u00bfQu\u00e9 le interesa? \u00bfLa ciencia? M\u00fasica? Computaci\u00f3n? Salud? Negocios? Deportes? Pues bien, ya debe saber que la mayor parte de estos conocimientos e informaci\u00f3n est\u00e1n principalmente en ingl\u00e9s.<br \/>\n<a href=\"http:\/\/blog.espol.edu.ec\/mponton\/files\/2011\/10\/aprender-ingles-rapido-y-facil1.jpg\"><img loading=\"lazy\" decoding=\"async\" src=\"http:\/\/blog.espol.edu.ec\/mponton\/files\/2011\/10\/aprender-ingles-rapido-y-facil1-300x225.jpg\" alt=\"\" title=\"aprender-ingles-rapido-y-facil\" width=\"300\" height=\"225\" class=\"aligncenter size-medium wp-image-32\" srcset=\"https:\/\/blog.espol.edu.ec\/mponton\/files\/2011\/10\/aprender-ingles-rapido-y-facil1-300x225.jpg 300w, https:\/\/blog.espol.edu.ec\/mponton\/files\/2011\/10\/aprender-ingles-rapido-y-facil1.jpg 400w\" sizes=\"auto, (max-width: 300px) 100vw, 300px\" \/><\/a><br \/>\nEstos son solo algunos de los beneficios que tiene para usted saber ingl\u00e9s:<br \/>\nPoder leer libros y peri\u00f3dicos, ver noticieros y programas de televisi\u00f3n, canales de deportes, pel\u00edculas y series, as\u00ed como acceder a tecnolog\u00eda de \u00faltima generaci\u00f3n antes de que estas sean traducidas al espa\u00f1ol, obteniendo una ventaja competitiva sobre todas aquellas personas que NO hablan ingl\u00e9s.<br \/>\nEn general, el lenguaje universal en Internet es el ingl\u00e9s, por lo que podr\u00e1 acceder a conocimientos, noticias y sitios a los que nunca podr\u00eda acceder si no sabe leer ingl\u00e9s.<br \/>\nUsted no solo puede viajar a cualquier pa\u00eds de habla inglesa sin necesidad de un traductor, sino que adem\u00e1s puede viajar a casi cualquier pa\u00eds del mundo y ser entendido en cualquier hotel y restaurante, as\u00ed como en la mayor\u00eda de l\u00edneas a\u00e9reas y de trasporte.<br \/>\nHoy en d\u00eda, en el competitivo mercado de trabajo, hablar ingl\u00e9s no es una opci\u00f3n, es una necesidad. Por algo se dice que el ingl\u00e9s es el idioma de los negocios. Si usted aprende ingl\u00e9s, tendr\u00e1 una mejor oportunidad de conseguir un empleo mejor pagado o con un puesto m\u00e1s elevado.<br \/>\nAprender ingl\u00e9s le ayudar\u00e1 a comunicarse con familiares, amigos o conocidos que hablan un idioma diferente. El ingl\u00e9s tambi\u00e9n es \u00fatil si va a mudarse a un pa\u00eds diferente, porque es un idioma global.<br \/>\nSi est\u00e1 planeando estudiar en una universidad extranjera o postularse para una beca de estudios, muchos de los mejores centros educativos y universidades le exigir\u00e1n que hable ingl\u00e9s.<br \/>\n<a href=\"http:\/\/blog.espol.edu.ec\/mponton\/files\/2011\/10\/cursos-de-ingles-en-el-extranjero.jpg\"><img loading=\"lazy\" decoding=\"async\" src=\"http:\/\/blog.espol.edu.ec\/mponton\/files\/2011\/10\/cursos-de-ingles-en-el-extranjero-300x193.jpg\" alt=\"\" title=\"cursos-de-ingles-en-el-extranjero\" width=\"300\" height=\"193\" class=\"aligncenter size-medium wp-image-46\" srcset=\"https:\/\/blog.espol.edu.ec\/mponton\/files\/2011\/10\/cursos-de-ingles-en-el-extranjero-300x193.jpg 300w, https:\/\/blog.espol.edu.ec\/mponton\/files\/2011\/10\/cursos-de-ingles-en-el-extranjero.jpg 450w\" sizes=\"auto, (max-width: 300px) 100vw, 300px\" \/><\/a><br \/>\nAdem\u00e1s, el ingl\u00e9s no s\u00f3lo es \u00fatil, sino que le da mucha satisfacci\u00f3n porque:<br \/>\nHace que sienta un gran progreso en su vida. \u00a1Olv\u00eddese de que no puede ver las \u00faltimas series de televisi\u00f3n o pedir correctamente servicio a la habitaci\u00f3n cuando viaja!<br \/>\nDisfrutar\u00e1 de aprender ingl\u00e9s si recuerda que cada hora que pasa estudiando se acerca cada vez m\u00e1s a la perfecci\u00f3n y el mejor entendimiento del idioma.<br \/>\nUtilizar el ingl\u00e9s es divertido tambi\u00e9n, porque cada frase que habla o escribe le recuerda su \u00e9xito.<br \/>\nEl ingl\u00e9s lo hace una persona m\u00e1s segura y feliz. No es dif\u00edcil imaginar algunas situaciones en las que saber ingl\u00e9s le dar\u00eda una gran sensaci\u00f3n de control y confianza en s\u00ed mismo.<br \/>\n<a href=\"http:\/\/blog.espol.edu.ec\/mponton\/files\/2011\/10\/Moverse-para-aprender-idiomas.jpg\"><img loading=\"lazy\" decoding=\"async\" src=\"http:\/\/blog.espol.edu.ec\/mponton\/files\/2011\/10\/Moverse-para-aprender-idiomas-300x190.jpg\" alt=\"\" title=\"Moverse-para-aprender-idiomas\" width=\"300\" height=\"190\" class=\"aligncenter size-medium wp-image-47\" srcset=\"https:\/\/blog.espol.edu.ec\/mponton\/files\/2011\/10\/Moverse-para-aprender-idiomas-300x190.jpg 300w, https:\/\/blog.espol.edu.ec\/mponton\/files\/2011\/10\/Moverse-para-aprender-idiomas.jpg 500w\" sizes=\"auto, (max-width: 300px) 100vw, 300px\" \/><\/a><\/p>\n","protected":false},"excerpt":{"rendered":"<p>En estos tiempos de globalizaci\u00f3n es necesario saber hablar ingl\u00e9s. Este idioma es el habla universal y saber dominarla, por lo menos b\u00e1sicamente, puede servirte de mucho no solo para uso cotidiano cuando tengas que viajar sino tambi\u00e9n para conseguir trabajo. Hoy en d\u00eda, uno de los requisitos m\u00e1s necesitados por las empresas al momento [&hellip;]<\/p>\n","protected":false},"author":6960,"featured_media":0,"parent":0,"menu_order":0,"comment_status":"open","ping_status":"open","template":"","meta":{"footnotes":""},"class_list":["post-2","page","type-page","status-publish","hentry"],"_links":{"self":[{"href":"https:\/\/blog.espol.edu.ec\/mponton\/wp-json\/wp\/v2\/pages\/2","targetHints":{"allow":["GET"]}}],"collection":[{"href":"https:\/\/blog.espol.edu.ec\/mponton\/wp-json\/wp\/v2\/pages"}],"about":[{"href":"https:\/\/blog.espol.edu.ec\/mponton\/wp-json\/wp\/v2\/types\/page"}],"author":[{"embeddable":true,"href":"https:\/\/blog.espol.edu.ec\/mponton\/wp-json\/wp\/v2\/users\/6960"}],"replies":[{"embeddable":true,"href":"https:\/\/blog.espol.edu.ec\/mponton\/wp-json\/wp\/v2\/comments?post=2"}],"version-history":[{"count":8,"href":"https:\/\/blog.espol.edu.ec\/mponton\/wp-json\/wp\/v2\/pages\/2\/revisions"}],"predecessor-version":[{"id":49,"href":"https:\/\/blog.espol.edu.ec\/mponton\/wp-json\/wp\/v2\/pages\/2\/revisions\/49"}],"wp:attachment":[{"href":"https:\/\/blog.espol.edu.ec\/mponton\/wp-json\/wp\/v2\/media?parent=2"}],"curies":[{"name":"wp","href":"https:\/\/api.w.org\/{rel}","templated":true}]}}