{"id":52,"date":"2011-10-25T18:08:02","date_gmt":"2011-10-25T18:08:02","guid":{"rendered":"http:\/\/blog.espol.edu.ec\/mponton\/?page_id=52"},"modified":"2011-10-25T18:18:40","modified_gmt":"2011-10-25T18:18:40","slug":"tecnicas-para-aprender-ingles","status":"publish","type":"page","link":"https:\/\/blog.espol.edu.ec\/mponton\/tecnicas-para-aprender-ingles\/","title":{"rendered":"Tecnicas para aprender Ingles"},"content":{"rendered":"<p>Recuerda todas las veces que has intentado estudiar Ingl\u00e9s \u2013 posiblemente te hayas apuntado m\u00e1s de una vez a alguna academia donde todo lo que has aprendido a decir es hello, goodbye\u2026 y los n\u00fameros en Ingl\u00e9s. Puede que hayas probado con clases particulares y te haya dolido el bolsillo sin conseguir dominar el idioma, o quiz\u00e1s has intentado un curso de verano en alg\u00fan pais de habla inglesa y a los pocos meses ya se te ha olvidado lo aprendido\u2026<br \/>\n<a href=\"http:\/\/blog.espol.edu.ec\/mponton\/files\/2011\/10\/no-se-ingles.jpg\"><img loading=\"lazy\" decoding=\"async\" src=\"http:\/\/blog.espol.edu.ec\/mponton\/files\/2011\/10\/no-se-ingles-300x246.jpg\" alt=\"\" title=\"no se ingles\" width=\"300\" height=\"246\" class=\"aligncenter size-medium wp-image-53\" srcset=\"https:\/\/blog.espol.edu.ec\/mponton\/files\/2011\/10\/no-se-ingles-300x246.jpg 300w, https:\/\/blog.espol.edu.ec\/mponton\/files\/2011\/10\/no-se-ingles.jpg 400w\" sizes=\"auto, (max-width: 300px) 100vw, 300px\" \/><\/a><\/p>\n<p>Pero \u00bfcomo aprender Ingl\u00e9s f\u00e1cil y sin que nos cueste un ri\u00f1on? Seg\u00fan una reciente encuesta llevada a cabo entre personas que quieren aprender Ingl\u00e9s en nuestro pa\u00eds, m\u00e1s del 65% est\u00e1n eligiendo alg\u00fan m\u00e9todo para aprender a hablar Ingl\u00e9s desde casa.<\/p>\n<p>Entre los m\u00e9todos m\u00e1s populares en este momento destacan siete:<\/p>\n<p>    M\u00e9todo Maurer<br \/>\n    M\u00e9todo Vaughan<br \/>\n    M\u00e9todo Pimsleur<br \/>\n    M\u00e9todo Assimil<br \/>\n    M\u00e9todo Linguaria<br \/>\n    M\u00e9todo Callan<br \/>\n    M\u00e9todo Rosetta Stone<\/p>\n<p>M\u00e9todo Maurer<\/p>\n<p>El M\u00e9todo Maurer se basa en aprender un vocabulario de 1000 palabras, a un ritmo de 50 palabras por semana, y en un periodo de 20 semanas.<\/p>\n<p>Seg\u00fan vamos aprendiendo palabras nos ense\u00f1an a pronunciarlas us\u00e1ndolas en diferentes frases y situaciones. Se puede estudiar en CDs o en MP3, y el m\u00e9todo se imparte desde el Centro de Estudios a Distancia CCC.<br \/>\n<a href=\"http:\/\/blog.espol.edu.ec\/mponton\/files\/2011\/10\/images.jpg\"><img loading=\"lazy\" decoding=\"async\" src=\"http:\/\/blog.espol.edu.ec\/mponton\/files\/2011\/10\/images.jpg\" alt=\"\" title=\"images\" width=\"249\" height=\"202\" class=\"aligncenter size-full wp-image-54\" \/><\/a><\/p>\n<p>M\u00e9todo Vaughan<\/p>\n<p>El M\u00e9todo Vaughan consiste en repetir frases en Ingl\u00e9s hasta que las aprendemos con la ayuda de los libros de traducci\u00f3n (translation booklets).<\/p>\n<p>En las clases presenciales se basan en la conversaci\u00f3n, para agilizar la expresi\u00f3n oral del alumno con construcciones de frases y traducciones inversas.<\/p>\n<p>El m\u00e9todo se aplica a trav\u00e9s de las diferentes modalidades que ofrecen que son: Material did\u00e1ctico, Clases gratuitas por email, Clases presenciales a particulares y empresas, Residencia para convivir con nativos angloparlantes unas semanas, Campamentos para ni\u00f1os y j\u00f3venes, Emisora de radio en Ingl\u00e9s 24 horas al d\u00eda, y Canal de televisi\u00f3n con clases y documentales en Ingl\u00e9s.<br \/>\n<a href=\"http:\/\/blog.espol.edu.ec\/mponton\/files\/2011\/10\/2-in-1-language-learning.jpg\"><img loading=\"lazy\" decoding=\"async\" src=\"http:\/\/blog.espol.edu.ec\/mponton\/files\/2011\/10\/2-in-1-language-learning-300x224.jpg\" alt=\"\" title=\"2-in-1-language-learning\" width=\"300\" height=\"224\" class=\"aligncenter size-medium wp-image-57\" srcset=\"https:\/\/blog.espol.edu.ec\/mponton\/files\/2011\/10\/2-in-1-language-learning-300x224.jpg 300w, https:\/\/blog.espol.edu.ec\/mponton\/files\/2011\/10\/2-in-1-language-learning.jpg 475w\" sizes=\"auto, (max-width: 300px) 100vw, 300px\" \/><\/a><\/p>\n<p>M\u00e9todo Pimsleur<\/p>\n<p>El M\u00e9todo Pimsleur est\u00e1 basado en el proceso natural de la memorizaci\u00f3n, primero escuchando y luego repitiendo y traduciendo lo que hemos escuchado.<\/p>\n<p>No se necesitan libros, ni hacer ejercicios gramaticales, se estudia por medio de CDs y en MP3.<br \/>\n<a href=\"http:\/\/blog.espol.edu.ec\/mponton\/files\/2011\/10\/musica-ingles.jpg\"><img loading=\"lazy\" decoding=\"async\" src=\"http:\/\/blog.espol.edu.ec\/mponton\/files\/2011\/10\/musica-ingles-300x227.jpg\" alt=\"\" title=\"musica-ingles\" width=\"300\" height=\"227\" class=\"aligncenter size-medium wp-image-58\" srcset=\"https:\/\/blog.espol.edu.ec\/mponton\/files\/2011\/10\/musica-ingles-300x227.jpg 300w, https:\/\/blog.espol.edu.ec\/mponton\/files\/2011\/10\/musica-ingles.jpg 391w\" sizes=\"auto, (max-width: 300px) 100vw, 300px\" \/><\/a><\/p>\n<p>M\u00e9todo Assimil<\/p>\n<p>Con el M\u00e9todo Assimil nos aseguran aprender Ingl\u00e9s entre 5 y 7 meses con una dedicaci\u00f3n de 20-30 minutos diarios. Se compone de dos fases: la pasiva y la activa.<\/p>\n<p>En la fase pasiva escuchamos grabaciones que nosotros repetimos y leemos.<\/p>\n<p>En la fase activa practicamos lo aprendido alternando lecciones que ya hemos estudiado con ejercicios, aprendiendo a construir nuestras propias frases.<\/p>\n<p>Se estudia a trav\u00e9s de libros, CDs y MP3.<br \/>\n<a href=\"http:\/\/blog.espol.edu.ec\/mponton\/files\/2011\/10\/images1.jpg\"><img loading=\"lazy\" decoding=\"async\" src=\"http:\/\/blog.espol.edu.ec\/mponton\/files\/2011\/10\/images1.jpg\" alt=\"\" title=\"images1\" width=\"262\" height=\"192\" class=\"aligncenter size-full wp-image-60\" \/><\/a><\/p>\n<p>M\u00e9todo Linguaria<\/p>\n<p>El M\u00e9todo Linguaria consiste en escuchar y repetir frases en Ingl\u00e9s hasta que las aprendemos. Las frases al principio son cortas y a medida que avanzamos se van haciendo m\u00e1s largas.<\/p>\n<p>Las audiciones se realizan a trav\u00e9s de CDs guiados en las mismas por una profesora y dos nativos. No se necesitan libros ni hacer ejercicios.<br \/>\n<a href=\"http:\/\/blog.espol.edu.ec\/mponton\/files\/2011\/10\/no-se-ingles1.jpg\"><img loading=\"lazy\" decoding=\"async\" src=\"http:\/\/blog.espol.edu.ec\/mponton\/files\/2011\/10\/no-se-ingles1-300x246.jpg\" alt=\"\" title=\"no se ingles\" width=\"300\" height=\"246\" class=\"alignleft size-medium wp-image-61\" srcset=\"https:\/\/blog.espol.edu.ec\/mponton\/files\/2011\/10\/no-se-ingles1-300x246.jpg 300w, https:\/\/blog.espol.edu.ec\/mponton\/files\/2011\/10\/no-se-ingles1.jpg 400w\" sizes=\"auto, (max-width: 300px) 100vw, 300px\" \/><\/a> <a href=\"http:\/\/blog.espol.edu.ec\/mponton\/files\/2011\/10\/fotolia_17436904_xs.jpg\"><img loading=\"lazy\" decoding=\"async\" src=\"http:\/\/blog.espol.edu.ec\/mponton\/files\/2011\/10\/fotolia_17436904_xs-300x243.jpg\" alt=\"\" title=\"Do yous speak english?\" width=\"300\" height=\"243\" class=\"alignright size-medium wp-image-62\" srcset=\"https:\/\/blog.espol.edu.ec\/mponton\/files\/2011\/10\/fotolia_17436904_xs-300x243.jpg 300w, https:\/\/blog.espol.edu.ec\/mponton\/files\/2011\/10\/fotolia_17436904_xs.jpg 385w\" sizes=\"auto, (max-width: 300px) 100vw, 300px\" \/><\/a><\/p>\n<p>M\u00e9todo Callan<\/p>\n<p>Con el M\u00e9todo Callan dicen que podemos aprender en la cuarta parte del tiempo de una escuela de Ingl\u00e9s. Este sistema es diferente a los dem\u00e1s pues se basa en aprender Ingl\u00e9s con otro compa\u00f1ero\/a, lo que ellos llaman Teach-Each-Other.<\/p>\n<p>Teach-Each-Other consiste en que dos personas se ense\u00f1en Ingl\u00e9s entre s\u00ed. Los estudiantes se van turnando para hacer de profesor y alumno a trav\u00e9s de libros con ejercicios, gram\u00e1tica y tests.<\/p>\n<p>Se realiza en tres etapas: Escuchar y hablar, Repetir y asimilar, Leer y escribir. Se puede estudiar con ebooks que incluyen audio, o a trav\u00e9s de libros impresos con CDs.<br \/>\n<a href=\"http:\/\/blog.espol.edu.ec\/mponton\/files\/2011\/10\/personas-hablando-en-corro.jpg\"><img loading=\"lazy\" decoding=\"async\" src=\"http:\/\/blog.espol.edu.ec\/mponton\/files\/2011\/10\/personas-hablando-en-corro-300x299.jpg\" alt=\"\" title=\"personas-hablando-en-corro\" width=\"300\" height=\"299\" class=\"aligncenter size-medium wp-image-64\" srcset=\"https:\/\/blog.espol.edu.ec\/mponton\/files\/2011\/10\/personas-hablando-en-corro-300x299.jpg 300w, https:\/\/blog.espol.edu.ec\/mponton\/files\/2011\/10\/personas-hablando-en-corro-150x150.jpg 150w, https:\/\/blog.espol.edu.ec\/mponton\/files\/2011\/10\/personas-hablando-en-corro.jpg 347w\" sizes=\"auto, (max-width: 300px) 100vw, 300px\" \/><\/a><\/p>\n<p>M\u00e9todo Rosetta Stone<\/p>\n<p>El M\u00e9todo Rosetta Stone se aprende por medio de un programa de software que se basa en el proceso interactivo Dynamic Immersion. Es uno de los m\u00e9todos m\u00e1s naturales pues se aprende memorizando a trav\u00e9s del campo audiovisual.<\/p>\n<p>El programa interactivo nos muestra una combinaci\u00f3n de im\u00e1genes, sonido y texto que vamos aprendiendo a asociar progresivamente. No se hacen traducciones ni explicaciones gramaticales.<br \/>\n<a href=\"http:\/\/blog.espol.edu.ec\/mponton\/files\/2011\/10\/images22.jpg\"><img loading=\"lazy\" decoding=\"async\" src=\"http:\/\/blog.espol.edu.ec\/mponton\/files\/2011\/10\/images22.jpg\" alt=\"\" title=\"images22\" width=\"275\" height=\"183\" class=\"aligncenter size-full wp-image-65\" \/><\/a><\/p>\n","protected":false},"excerpt":{"rendered":"<p>Recuerda todas las veces que has intentado estudiar Ingl\u00e9s \u2013 posiblemente te hayas apuntado m\u00e1s de una vez a alguna academia donde todo lo que has aprendido a decir es hello, goodbye\u2026 y los n\u00fameros en Ingl\u00e9s. Puede que hayas probado con clases particulares y te haya dolido el bolsillo sin conseguir dominar el idioma, [&hellip;]<\/p>\n","protected":false},"author":6960,"featured_media":0,"parent":0,"menu_order":0,"comment_status":"open","ping_status":"open","template":"","meta":{"footnotes":""},"class_list":["post-52","page","type-page","status-publish","hentry"],"_links":{"self":[{"href":"https:\/\/blog.espol.edu.ec\/mponton\/wp-json\/wp\/v2\/pages\/52","targetHints":{"allow":["GET"]}}],"collection":[{"href":"https:\/\/blog.espol.edu.ec\/mponton\/wp-json\/wp\/v2\/pages"}],"about":[{"href":"https:\/\/blog.espol.edu.ec\/mponton\/wp-json\/wp\/v2\/types\/page"}],"author":[{"embeddable":true,"href":"https:\/\/blog.espol.edu.ec\/mponton\/wp-json\/wp\/v2\/users\/6960"}],"replies":[{"embeddable":true,"href":"https:\/\/blog.espol.edu.ec\/mponton\/wp-json\/wp\/v2\/comments?post=52"}],"version-history":[{"count":5,"href":"https:\/\/blog.espol.edu.ec\/mponton\/wp-json\/wp\/v2\/pages\/52\/revisions"}],"predecessor-version":[{"id":59,"href":"https:\/\/blog.espol.edu.ec\/mponton\/wp-json\/wp\/v2\/pages\/52\/revisions\/59"}],"wp:attachment":[{"href":"https:\/\/blog.espol.edu.ec\/mponton\/wp-json\/wp\/v2\/media?parent=52"}],"curies":[{"name":"wp","href":"https:\/\/api.w.org\/{rel}","templated":true}]}}