{"id":3129,"date":"2023-11-13T20:58:09","date_gmt":"2023-11-13T20:58:09","guid":{"rendered":"http:\/\/blog.espol.edu.ec\/mrbracamonte\/?page_id=3129"},"modified":"2024-12-12T16:25:59","modified_gmt":"2024-12-12T16:25:59","slug":"algebra-lineal","status":"publish","type":"page","link":"https:\/\/blog.espol.edu.ec\/mrbracamonte\/algebra-lineal\/","title":{"rendered":"\u00c1lgebra Lineal"},"content":{"rendered":"<p><span style=\"color: #000000\"><b><strong>Explorando las bases del pensamiento matem\u00e1tico<\/strong><\/b><\/span><\/p>\n<p><span style=\"color: #000000\"><b>\u00a0<\/b><\/span>En esta secci\u00f3n encontrar\u00e1 los contenidos fundamentales de \u00e1lgebra lineal que imparto en mis clases en ESPOL. Este material ha sido dise\u00f1ado para guiarle a trav\u00e9s de conceptos clave como:<\/p>\n<ul>\n<li><strong>Campos y espacios vectoriales<\/strong>, las estructuras fundamentales en las que se desarrolla la teor\u00eda.<\/li>\n<li><strong>Transformaciones lineales<\/strong>, la herramienta que conecta espacios vectoriales y sus aplicaciones.<\/li>\n<li><strong>Espacios con producto interno<\/strong> (reales y complejos).<\/li>\n<li><strong>Diagonalizaci\u00f3n de matrices<\/strong>, un proceso esencial para simplificar problemas y entender sistemas lineales.<\/li>\n<li><strong>Formas bilineales<\/strong>, que abren las puertas a nuevas perspectivas en la interacci\u00f3n de vectores.<\/li>\n<\/ul>\n<p>Cada tema est\u00e1 acompa\u00f1ado de explicaciones y una variedad de ejemplos dise\u00f1ados para facilitar tu comprensi\u00f3n y ayudarte a aplicar los conceptos en diferentes contextos.<\/p>\n<p>Le invito a explorar este contenido y a profundizar en el maravilloso mundo del \u00e1lgebra lineal. Si tienes comentarios o encuentras alg\u00fan detalle que deba ajustarse, no dudes en escribirme a <strong><a rel=\"noopener\">mrbracam@espol.edu.ec<\/a><\/strong>.<\/p>\n","protected":false},"excerpt":{"rendered":"<p>Explorando las bases del pensamiento matem\u00e1tico \u00a0En esta secci\u00f3n encontrar\u00e1 los contenidos fundamentales de \u00e1lgebra lineal que imparto en mis clases en ESPOL. Este material ha sido dise\u00f1ado para guiarle a trav\u00e9s de conceptos clave como: Campos y espacios vectoriales, &hellip; <a href=\"https:\/\/blog.espol.edu.ec\/mrbracamonte\/algebra-lineal\/\">Sigue leyendo <span class=\"meta-nav\">&rarr;<\/span><\/a><\/p>\n","protected":false},"author":10970,"featured_media":0,"parent":0,"menu_order":0,"comment_status":"closed","ping_status":"closed","template":"","meta":{"footnotes":""},"class_list":["post-3129","page","type-page","status-publish","hentry"],"_links":{"self":[{"href":"https:\/\/blog.espol.edu.ec\/mrbracamonte\/wp-json\/wp\/v2\/pages\/3129","targetHints":{"allow":["GET"]}}],"collection":[{"href":"https:\/\/blog.espol.edu.ec\/mrbracamonte\/wp-json\/wp\/v2\/pages"}],"about":[{"href":"https:\/\/blog.espol.edu.ec\/mrbracamonte\/wp-json\/wp\/v2\/types\/page"}],"author":[{"embeddable":true,"href":"https:\/\/blog.espol.edu.ec\/mrbracamonte\/wp-json\/wp\/v2\/users\/10970"}],"replies":[{"embeddable":true,"href":"https:\/\/blog.espol.edu.ec\/mrbracamonte\/wp-json\/wp\/v2\/comments?post=3129"}],"version-history":[{"count":5,"href":"https:\/\/blog.espol.edu.ec\/mrbracamonte\/wp-json\/wp\/v2\/pages\/3129\/revisions"}],"predecessor-version":[{"id":4547,"href":"https:\/\/blog.espol.edu.ec\/mrbracamonte\/wp-json\/wp\/v2\/pages\/3129\/revisions\/4547"}],"wp:attachment":[{"href":"https:\/\/blog.espol.edu.ec\/mrbracamonte\/wp-json\/wp\/v2\/media?parent=3129"}],"curies":[{"name":"wp","href":"https:\/\/api.w.org\/{rel}","templated":true}]}}