{"id":3302,"date":"2023-11-13T21:54:36","date_gmt":"2023-11-13T21:54:36","guid":{"rendered":"http:\/\/blog.espol.edu.ec\/mrbracamonte\/?page_id=3302"},"modified":"2023-11-13T21:54:36","modified_gmt":"2023-11-13T21:54:36","slug":"calculo-diferencial","status":"publish","type":"page","link":"https:\/\/blog.espol.edu.ec\/mrbracamonte\/calculo-diferencial\/","title":{"rendered":"C\u00e1lculo diferencial"},"content":{"rendered":"<p>Estas notas est\u00e1n dise\u00f1ados para ser comprensibles y accesibles, facilitando tu comprensi\u00f3n de los conceptos clave de c\u00e1lculo diferencia.<\/p>\n","protected":false},"excerpt":{"rendered":"<p>Estas notas est\u00e1n dise\u00f1ados para ser comprensibles y accesibles, facilitando tu comprensi\u00f3n de los conceptos clave de c\u00e1lculo diferencia.<\/p>\n","protected":false},"author":10970,"featured_media":0,"parent":0,"menu_order":0,"comment_status":"closed","ping_status":"closed","template":"","meta":{"footnotes":""},"class_list":["post-3302","page","type-page","status-publish","hentry"],"_links":{"self":[{"href":"https:\/\/blog.espol.edu.ec\/mrbracamonte\/wp-json\/wp\/v2\/pages\/3302","targetHints":{"allow":["GET"]}}],"collection":[{"href":"https:\/\/blog.espol.edu.ec\/mrbracamonte\/wp-json\/wp\/v2\/pages"}],"about":[{"href":"https:\/\/blog.espol.edu.ec\/mrbracamonte\/wp-json\/wp\/v2\/types\/page"}],"author":[{"embeddable":true,"href":"https:\/\/blog.espol.edu.ec\/mrbracamonte\/wp-json\/wp\/v2\/users\/10970"}],"replies":[{"embeddable":true,"href":"https:\/\/blog.espol.edu.ec\/mrbracamonte\/wp-json\/wp\/v2\/comments?post=3302"}],"version-history":[{"count":1,"href":"https:\/\/blog.espol.edu.ec\/mrbracamonte\/wp-json\/wp\/v2\/pages\/3302\/revisions"}],"predecessor-version":[{"id":3303,"href":"https:\/\/blog.espol.edu.ec\/mrbracamonte\/wp-json\/wp\/v2\/pages\/3302\/revisions\/3303"}],"wp:attachment":[{"href":"https:\/\/blog.espol.edu.ec\/mrbracamonte\/wp-json\/wp\/v2\/media?parent=3302"}],"curies":[{"name":"wp","href":"https:\/\/api.w.org\/{rel}","templated":true}]}}