{"id":16,"date":"2015-11-24T02:10:15","date_gmt":"2015-11-24T02:10:15","guid":{"rendered":"http:\/\/blog.espol.edu.ec\/mrpenafi\/?page_id=16"},"modified":"2015-11-24T02:16:43","modified_gmt":"2015-11-24T02:16:43","slug":"barcelona-sc","status":"publish","type":"page","link":"https:\/\/blog.espol.edu.ec\/mrpenafi\/barcelona-sc\/","title":{"rendered":"Barcelona SC"},"content":{"rendered":"<p style=\"text-align: center\">El <b>Barcelona Sporting Club<\/b> es un club deportivo de la ciudad de <a title=\"Guayaquil\" href=\"https:\/\/es.wikipedia.org\/wiki\/Guayaquil\">Guayaquil<\/a> (<a title=\"Ecuador\" href=\"https:\/\/es.wikipedia.org\/wiki\/Ecuador\">Ecuador<\/a>). Fue creado (fundaci\u00f3n de hecho) el <a title=\"1 de mayo\" href=\"https:\/\/es.wikipedia.org\/wiki\/1_de_mayo\">1 de mayo<\/a> de <a title=\"1925\" href=\"https:\/\/es.wikipedia.org\/wiki\/1925\">1925<\/a>, por j\u00f3venes ecuatorianos miembros de la denominada \"Gallada de la Modelo\" del barrio. Participa en la <a title=\"Serie A de Ecuador\" href=\"https:\/\/es.wikipedia.org\/wiki\/Serie_A_de_Ecuador\">Serie A de Ecuador<\/a> desde <a title=\"1957\" href=\"https:\/\/es.wikipedia.org\/wiki\/1957\">1957<\/a> y, a partir de <a title=\"Campeonato Ecuatoriano de F\u00fatbol 1965\" href=\"https:\/\/es.wikipedia.org\/wiki\/Campeonato_Ecuatoriano_de_F%C3%BAtbol_1965\">1965<\/a>, es el \u00fanico club que ha disputado todas las temporadas desde el<a title=\"Campeonato Ecuatoriano de F\u00fatbol 1957\" href=\"https:\/\/es.wikipedia.org\/wiki\/Campeonato_Ecuatoriano_de_F%C3%BAtbol_1957\">comienzo del profesionalismo<\/a> en <a title=\"1957\" href=\"https:\/\/es.wikipedia.org\/wiki\/1957\">1957<\/a>.<\/p>\n<p style=\"text-align: center\">El color que identifica al club es el <a class=\"mw-redirect\" title=\"Amarillo (color)\" href=\"https:\/\/es.wikipedia.org\/wiki\/Amarillo_(color)\">amarillo<\/a>, y sus colores secundarios actuales son el <a title=\"Negro (color)\" href=\"https:\/\/es.wikipedia.org\/wiki\/Negro_(color)\">negro<\/a> y el <a class=\"mw-redirect\" title=\"Rojo (color)\" href=\"https:\/\/es.wikipedia.org\/wiki\/Rojo_(color)\">rojo<\/a>; aunque en sus inicios portaron camiseta y medias <a title=\"Negro (color)\" href=\"https:\/\/es.wikipedia.org\/wiki\/Negro_(color)\">negras<\/a> con pantalones <a class=\"mw-redirect\" title=\"Blanco (color)\" href=\"https:\/\/es.wikipedia.org\/wiki\/Blanco_(color)\">blancos<\/a>.<\/p>\n<p style=\"text-align: center\">Barcelona Sporting Club tiene como parte de sus bienes el estadio <a title=\"Estadio Monumental Isidro Romero Carbo\" href=\"https:\/\/es.wikipedia.org\/wiki\/Estadio_Monumental_Isidro_Romero_Carbo\">Monumental Banco del Pichincha<\/a>, el escenario deportivo con espacio para m\u00e1s asistentes del <a title=\"Ecuador\" href=\"https:\/\/es.wikipedia.org\/wiki\/Ecuador\">pa\u00eds<\/a>; el cual puede albergar hasta 57.267 aficionados por reglamentaci\u00f3n de la <a title=\"FIFA\" href=\"https:\/\/es.wikipedia.org\/wiki\/FIFA\">FIFA<\/a>. Este estadio fue inaugurado el <a title=\"29 de mayo\" href=\"https:\/\/es.wikipedia.org\/wiki\/29_de_mayo\">29 de mayo<\/a> de <a title=\"1988\" href=\"https:\/\/es.wikipedia.org\/wiki\/1988\">1988<\/a> con el nombre de Estadio Monumental de Barcelona Sporting Club, aunque en <a title=\"1992\" href=\"https:\/\/es.wikipedia.org\/wiki\/1992\">1992<\/a>, cambi\u00f3 dicho nombre por el actual; sin embargo desde el <a title=\"2008\" href=\"https:\/\/es.wikipedia.org\/wiki\/2008\">2008<\/a> el nombre comercial de este escenario deportivo es <i>Estadio Monumental Banco Pichincha<\/i>, debido a razones de <a class=\"mw-redirect\" title=\"Marketing\" href=\"https:\/\/es.wikipedia.org\/wiki\/Marketing\">mercadotecnia<\/a>.<\/p>\n<p style=\"text-align: center\">El equipo mantiene una rivalidad hist\u00f3rica con el <a title=\"Club Sport Emelec\" href=\"https:\/\/es.wikipedia.org\/wiki\/Club_Sport_Emelec\">Club Sport Emelec<\/a>, equipo de la misma <a title=\"Ciudad\" href=\"https:\/\/es.wikipedia.org\/wiki\/Ciudad\">ciudad<\/a> de <a title=\"Guayaquil\" href=\"https:\/\/es.wikipedia.org\/wiki\/Guayaquil\">Guayaquil<\/a>, rivalidad que ha generado altercados dentro y fuera de los estadios,<sup id=\"cite_ref-1\" class=\"reference\"><a href=\"https:\/\/es.wikipedia.org\/wiki\/Barcelona_Sporting_Club#cite_note-1\">1<\/a><\/sup> <sup id=\"cite_ref-2\" class=\"reference\"><a href=\"https:\/\/es.wikipedia.org\/wiki\/Barcelona_Sporting_Club#cite_note-2\">2<\/a><\/sup> en abril de 2014 representantes de grupos de hinchas de los dos equipos firmaron un compromiso de no agresi\u00f3n<sup id=\"cite_ref-3\" class=\"reference\"><a href=\"https:\/\/es.wikipedia.org\/wiki\/Barcelona_Sporting_Club#cite_note-3\">3<\/a><\/sup> Barcelona Sporting Club y Emelec juegan el <a title=\"Cl\u00e1sico deportivo\" href=\"https:\/\/es.wikipedia.org\/wiki\/Cl%C3%A1sico_deportivo\">derbi<\/a> que es considerado el de mayor tradici\u00f3n del <a title=\"Ecuador\" href=\"https:\/\/es.wikipedia.org\/wiki\/Ecuador\">Ecuador<\/a>, denominado <a title=\"Cl\u00e1sico del Astillero\" href=\"https:\/\/es.wikipedia.org\/wiki\/Cl%C3%A1sico_del_Astillero\">Cl\u00e1sico del Astillero<\/a>.<sup id=\"cite_ref-4\" class=\"reference\"><a href=\"https:\/\/es.wikipedia.org\/wiki\/Barcelona_Sporting_Club#cite_note-4\">4<\/a><\/sup><\/p>\n<p style=\"text-align: center\">El club, es considerado como uno de los equipos con mayor trascendencia hist\u00f3rica en el \u00e1mbito deportivo de la naci\u00f3n, tras a lo largo de sus 90 a\u00f1os de vida institucional ha logrado importantes triunfos futbol\u00edsticos como: <a title=\"La Victoria a Millonarios\" href=\"https:\/\/es.wikipedia.org\/wiki\/La_Victoria_a_Millonarios\">La Victoria a Millonarios<\/a> quienes ten\u00edan en sus filas al jugador <a title=\"Alfredo Di St\u00e9fano\" href=\"https:\/\/es.wikipedia.org\/wiki\/Alfredo_Di_St%C3%A9fano\">Alfredo Di St\u00e9fano<\/a> y <a class=\"mw-redirect\" title=\"La Haza\u00f1a de la Plata\" href=\"https:\/\/es.wikipedia.org\/wiki\/La_Haza%C3%B1a_de_la_Plata\">La Haza\u00f1a de la Plata<\/a> ante <a title=\"Club Estudiantes de La Plata\" href=\"https:\/\/es.wikipedia.org\/wiki\/Club_Estudiantes_de_La_Plata\">Club Estudiantes de La Plata<\/a>, quit\u00e1ndoles el invicto de local en Copa Libertadores.<\/p>\n<p style=\"text-align: center\">Estuvo en el Top 20 de la <a title=\"Federaci\u00f3n Internacional de Historia y Estad\u00edstica de F\u00fatbol\" href=\"https:\/\/es.wikipedia.org\/wiki\/Federaci%C3%B3n_Internacional_de_Historia_y_Estad%C3%ADstica_de_F%C3%BAtbol\">IFFHS<\/a> de los mejores clubes del siglo <a class=\"mw-disambig\" title=\"XX\" href=\"https:\/\/es.wikipedia.org\/wiki\/XX\">XX<\/a> en <a class=\"mw-redirect\" title=\"Sudam\u00e9rica\" href=\"https:\/\/es.wikipedia.org\/wiki\/Sudam%C3%A9rica\">Sudam\u00e9rica<\/a>. Fue elegido el mejor club <a title=\"Ecuador\" href=\"https:\/\/es.wikipedia.org\/wiki\/Ecuador\">ecuatoriano<\/a>durante el siglo XX.<\/p>\n<p style=\"text-align: center\">Barcelona es el club que m\u00e1s partidos disputados tiene en <a title=\"Serie A de Ecuador\" href=\"https:\/\/es.wikipedia.org\/wiki\/Serie_A_de_Ecuador\">la serie A<\/a>, 2.067 encuentros en total.<\/p>\n<p style=\"text-align: center\">Lidera la tabla hist\u00f3rica en cantidad de puntos del <a title=\"Serie A de Ecuador\" href=\"https:\/\/es.wikipedia.org\/wiki\/Serie_A_de_Ecuador\">Campeonato Nacional<\/a> , por encima de <a title=\"Club Deportivo El Nacional\" href=\"https:\/\/es.wikipedia.org\/wiki\/Club_Deportivo_El_Nacional\">El Nacional<\/a>, y de <a class=\"mw-disambig\" title=\"Emelec\" href=\"https:\/\/es.wikipedia.org\/wiki\/Emelec\">Emelec<\/a>. Es el equipo con m\u00e1s triunfos obtenidos en la primera categor\u00eda, 947 encuentros.<\/p>\n<p style=\"text-align: center\">Fue el primer equipo en conseguir un bicampeonato del f\u00fatbol ecuatoriano <a title=\"Campeonato Ecuatoriano de F\u00fatbol 1970\" href=\"https:\/\/es.wikipedia.org\/wiki\/Campeonato_Ecuatoriano_de_F%C3%BAtbol_1970\">(1970<\/a><a title=\"Campeonato Ecuatoriano de F\u00fatbol 1970\" href=\"https:\/\/es.wikipedia.org\/wiki\/Campeonato_Ecuatoriano_de_F%C3%BAtbol_1970\">-1971)<\/a>. Tuvo en sus filas al mejor jugador de la historia del <a title=\"Serie A de Ecuador\" href=\"https:\/\/es.wikipedia.org\/wiki\/Serie_A_de_Ecuador\">f\u00fatbol ecuatoriano<\/a>, y el m\u00e1ximo goleador de la <a class=\"mw-redirect\" title=\"Copa Libertadores\" href=\"https:\/\/es.wikipedia.org\/wiki\/Copa_Libertadores\">Copa Libertadores<\/a>, <a title=\"Alberto Spencer\" href=\"https:\/\/es.wikipedia.org\/wiki\/Alberto_Spencer\">Alberto Spencer<\/a> (1971-1972).<\/p>\n<p style=\"text-align: center\">Tiene la m\u00e1xima asistencia en el torneo local, lo consigui\u00f3 en la final de <a title=\"Campeonato Ecuatoriano de F\u00fatbol 1997\" href=\"https:\/\/es.wikipedia.org\/wiki\/Campeonato_Ecuatoriano_de_F%C3%BAtbol_1997\">1997<\/a> ante <a title=\"Sociedad Deportivo Quito\" href=\"https:\/\/es.wikipedia.org\/wiki\/Sociedad_Deportivo_Quito\">Deportivo Quito<\/a>, cuando asistieron 91.230 hinchas.<\/p>\n<p style=\"text-align: center\">Mantiene la hegemon\u00eda ante los otros 2 \u2018grandes\u2019 rivales de nuestro balompi\u00e9. En los <a title=\"Cl\u00e1sico del Astillero\" href=\"https:\/\/es.wikipedia.org\/wiki\/Cl%C3%A1sico_del_Astillero\">cl\u00e1sicos del astillero<\/a> lidera las estad\u00edsticas con 96 victorias, 95 empates y 83 derrotas en 274 partidos. Contra <a title=\"Liga Deportiva Universitaria de Quito\" href=\"https:\/\/es.wikipedia.org\/wiki\/Liga_Deportiva_Universitaria_de_Quito\">Liga de Quito<\/a>, en 197 partidos, gan\u00f3 78, empat\u00f3 52 y perdi\u00f3 69.<sup id=\"cite_ref-5\" class=\"reference\"><a href=\"https:\/\/es.wikipedia.org\/wiki\/Barcelona_Sporting_Club#cite_note-5\">5<\/a><\/sup><\/p>\n<p style=\"text-align: center\">Adem\u00e1s de su secci\u00f3n principal, la de f\u00fatbol, el club cuenta con secciones profesionales de <a title=\"Barcelona Sporting Club (baloncesto)\" href=\"https:\/\/es.wikipedia.org\/wiki\/Barcelona_Sporting_Club_(baloncesto)\">baloncesto<\/a>, <a title=\"B\u00e9isbol\" href=\"https:\/\/es.wikipedia.org\/wiki\/B%C3%A9isbol\">b\u00e9isbol<\/a>, <a title=\"Bolos\" href=\"https:\/\/es.wikipedia.org\/wiki\/Bolos\">bolos<\/a>,<a title=\"Boxeo\" href=\"https:\/\/es.wikipedia.org\/wiki\/Boxeo\">boxeo<\/a>, <a title=\"Nataci\u00f3n\" href=\"https:\/\/es.wikipedia.org\/wiki\/Nataci%C3%B3n\">nataci\u00f3n<\/a>, <a class=\"mw-redirect\" title=\"Volley\" href=\"https:\/\/es.wikipedia.org\/wiki\/Volley\">volley<\/a>, <a title=\"F\u00fatbol sala\" href=\"https:\/\/es.wikipedia.org\/wiki\/F%C3%BAtbol_sala\">f\u00fatbol sala<\/a>, <a title=\"Atletismo\" href=\"https:\/\/es.wikipedia.org\/wiki\/Atletismo\">atletismo<\/a> y <a title=\"Tenis\" href=\"https:\/\/es.wikipedia.org\/wiki\/Tenis\">tenis<\/a>. En el <a title=\"2008\" href=\"https:\/\/es.wikipedia.org\/wiki\/2008\">2008<\/a>, su secci\u00f3n de baloncesto se coron\u00f3 campe\u00f3n de la <a title=\"Liga Ecuatoriana de Baloncesto\" href=\"https:\/\/es.wikipedia.org\/wiki\/Liga_Ecuatoriana_de_Baloncesto\">Liga Nacional de B\u00e1squet<\/a>. Es reconocido por la <a title=\"FIFA\" href=\"https:\/\/es.wikipedia.org\/wiki\/FIFA\">FIFA<\/a> como uno de los \"Clubes Cl\u00e1sicos\" del Mundo.<\/p>\n<p>\u00a0<a href=\"http:\/\/blog.espol.edu.ec\/mrpenafi\/files\/2015\/11\/BSC.jpg\"><img loading=\"lazy\" decoding=\"async\" class=\"size-medium wp-image-5 aligncenter\" src=\"http:\/\/blog.espol.edu.ec\/mrpenafi\/files\/2015\/11\/BSC-300x169.jpg\" alt=\"BSC\" width=\"300\" height=\"169\" srcset=\"https:\/\/blog.espol.edu.ec\/mrpenafi\/files\/2015\/11\/BSC-300x169.jpg 300w, https:\/\/blog.espol.edu.ec\/mrpenafi\/files\/2015\/11\/BSC.jpg 640w\" sizes=\"auto, (max-width: 300px) 100vw, 300px\" \/><\/a><\/p>\n<p><a href=\"http:\/\/blog.espol.edu.ec\/mrpenafi\/files\/2015\/11\/images.jpg\"><img loading=\"lazy\" decoding=\"async\" class=\" wp-image-17 aligncenter\" src=\"http:\/\/blog.espol.edu.ec\/mrpenafi\/files\/2015\/11\/images-300x156.jpg\" alt=\"images\" width=\"552\" height=\"287\" srcset=\"https:\/\/blog.espol.edu.ec\/mrpenafi\/files\/2015\/11\/images-300x156.jpg 300w, https:\/\/blog.espol.edu.ec\/mrpenafi\/files\/2015\/11\/images.jpg 312w\" sizes=\"auto, (max-width: 552px) 100vw, 552px\" \/><\/a><\/p>\n","protected":false},"excerpt":{"rendered":"<p>El Barcelona Sporting Club es un club deportivo de la ciudad de Guayaquil (Ecuador). Fue creado (fundaci\u00f3n de hecho) el 1 de mayo de 1925, por j\u00f3venes ecuatorianos miembros de la denominada \"Gallada de la Modelo\" del barrio. Participa en la Serie A de Ecuador desde 1957 y, a partir de 1965, es el \u00fanico [&hellip;]<\/p>\n","protected":false},"author":10005,"featured_media":0,"parent":0,"menu_order":0,"comment_status":"closed","ping_status":"closed","template":"","meta":{"footnotes":""},"class_list":["post-16","page","type-page","status-publish","hentry"],"_links":{"self":[{"href":"https:\/\/blog.espol.edu.ec\/mrpenafi\/wp-json\/wp\/v2\/pages\/16","targetHints":{"allow":["GET"]}}],"collection":[{"href":"https:\/\/blog.espol.edu.ec\/mrpenafi\/wp-json\/wp\/v2\/pages"}],"about":[{"href":"https:\/\/blog.espol.edu.ec\/mrpenafi\/wp-json\/wp\/v2\/types\/page"}],"author":[{"embeddable":true,"href":"https:\/\/blog.espol.edu.ec\/mrpenafi\/wp-json\/wp\/v2\/users\/10005"}],"replies":[{"embeddable":true,"href":"https:\/\/blog.espol.edu.ec\/mrpenafi\/wp-json\/wp\/v2\/comments?post=16"}],"version-history":[{"count":2,"href":"https:\/\/blog.espol.edu.ec\/mrpenafi\/wp-json\/wp\/v2\/pages\/16\/revisions"}],"predecessor-version":[{"id":24,"href":"https:\/\/blog.espol.edu.ec\/mrpenafi\/wp-json\/wp\/v2\/pages\/16\/revisions\/24"}],"wp:attachment":[{"href":"https:\/\/blog.espol.edu.ec\/mrpenafi\/wp-json\/wp\/v2\/media?parent=16"}],"curies":[{"name":"wp","href":"https:\/\/api.w.org\/{rel}","templated":true}]}}