{"id":2,"date":"2010-07-11T19:08:39","date_gmt":"2010-07-11T19:08:39","guid":{"rendered":""},"modified":"2010-07-23T00:17:39","modified_gmt":"2010-07-23T00:17:39","slug":"about","status":"publish","type":"page","link":"https:\/\/blog.espol.edu.ec\/msarcos\/about\/","title":{"rendered":"Historia.. y mmm... Yaguachi o Yaguache.."},"content":{"rendered":"<p style=\"text-align: center\">El cant\u00f3n Yaguachi tiene su origen en un pueblo ind\u00edgena que ya exist\u00eda cuando los conquistadores espa\u00f1oles tomaron posesi\u00f3n de las regiones que hoy forman parte del litoral ecuatoriano.<\/p>\n<p style=\"text-align: center\">En la \u00e9poca colonial, Yaguache fue uno de los puntos m\u00e1s importantes de la regi\u00f3n, y fue conocido como Bodegas de Yaguachi, un nombre aborigen de la tribu de Los Yaguachis cuyos integrantes fueron expertos navegantes y diestros en el manejo de lanzas y flechas.<\/p>\n<p style=\"text-align: center\">\u00a0<\/p>\n<p style=\"text-align: center\">En 1538, Yaguache era considerado un pueblo de indios y su cacique principal era <strong><em>Pedro de Yaguache<\/em><\/strong>, ten\u00eda como patrono a San Antonio de Padua.<\/p>\n<p style=\"text-align: center\">Yaguache viejo o San Antonio de Padua fue abandonado por sus habitantes, por haber cambiado de curso el rio, cuyas orillas le dieron posibilidades para el comercio.<\/p>\n<p style=\"text-align: center\">\u00a0<\/p>\n<p style=\"text-align: center\">En 1954 por la devoci\u00f3n por San Jacinto se acrecent\u00f3 y extendi\u00e9ndose por la regi\u00f3n. Se dio el nombre de YAGUACHI NUEVO y alcanzo la categor\u00eda de parroquia el 25 de Agosto de 1841, con ello tambi\u00e9n surgi\u00f3 como pueblo de San Jacinto.<\/p>\n<p style=\"text-align: center\">Yaguachi fue conquistando paso a paso su categor\u00eda urbana, con las batallas por la independencia contra el yugo espa\u00f1ol, el famoso Batall\u00f3n Yaguachi que luch\u00f3 en Pichincha, en Jun\u00edn, en Ayacucho y en Tarqui; y ya para 1874 Yaguachi Nuevo vive su \u00e9poca de esplendor al convertirse en entrada y salida para las comunicaciones con el resto del pa\u00eds debido al tramo ferrocarril que pasaba por la zona.<\/p>\n<p style=\"text-align: center\">\u00a0<\/p>\n<p style=\"text-align: center\">En 1878, se envi\u00f3 el proyecto de cantonizaci\u00f3n, pero los legisladores se opusieron y sigue siendo parroquia de Guayaquil. Hasta que el 21 de Julio de 1883 alcanzo la categor\u00eda de cant\u00f3n con el nombre de Olmedo y con las parroquias: Yaguachi Nuevo, Milagro, Yaguachi Viejo y Naranjito, constituy\u00e9ndose en el cuarto cant\u00f3n de la provincia del Guayas.<\/p>\n<p style=\"text-align: center\">El 27 de Enero de 1997 se le denomino San Jacinto de Yaguachi, el cual es su nombre actual.<\/p>\n<p style=\"text-align: center\"><strong><em>El porque de su nombre se dice que se encuentra en un documento de 1623 que reposa en el Archivo General de Indias, en Sevilla-Espa\u00f1a, donde se afirma que el nombre de esta poblaci\u00f3n era Yaguache, y no Yaguachi como hoy se lo conoce.<\/em><\/strong><\/p>\n","protected":false},"excerpt":{"rendered":"<p>El cant\u00f3n Yaguachi tiene su origen en un pueblo ind\u00edgena que ya exist\u00eda cuando los conquistadores espa\u00f1oles tomaron posesi\u00f3n de las regiones que hoy forman parte del litoral ecuatoriano. En la \u00e9poca colonial, Yaguache fue uno de los puntos m\u00e1s importantes de la regi\u00f3n, y fue conocido como Bodegas de Yaguachi, un nombre aborigen de [&hellip;]<\/p>\n","protected":false},"author":4999,"featured_media":0,"parent":0,"menu_order":0,"comment_status":"open","ping_status":"open","template":"","meta":{"_monsterinsights_skip_tracking":false,"_monsterinsights_sitenote_active":false,"_monsterinsights_sitenote_note":"","_monsterinsights_sitenote_category":0,"footnotes":""},"class_list":["post-2","page","type-page","status-publish","hentry"],"_links":{"self":[{"href":"https:\/\/blog.espol.edu.ec\/msarcos\/wp-json\/wp\/v2\/pages\/2","targetHints":{"allow":["GET"]}}],"collection":[{"href":"https:\/\/blog.espol.edu.ec\/msarcos\/wp-json\/wp\/v2\/pages"}],"about":[{"href":"https:\/\/blog.espol.edu.ec\/msarcos\/wp-json\/wp\/v2\/types\/page"}],"author":[{"embeddable":true,"href":"https:\/\/blog.espol.edu.ec\/msarcos\/wp-json\/wp\/v2\/users\/4999"}],"replies":[{"embeddable":true,"href":"https:\/\/blog.espol.edu.ec\/msarcos\/wp-json\/wp\/v2\/comments?post=2"}],"version-history":[{"count":3,"href":"https:\/\/blog.espol.edu.ec\/msarcos\/wp-json\/wp\/v2\/pages\/2\/revisions"}],"predecessor-version":[{"id":7,"href":"https:\/\/blog.espol.edu.ec\/msarcos\/wp-json\/wp\/v2\/pages\/2\/revisions\/7"}],"wp:attachment":[{"href":"https:\/\/blog.espol.edu.ec\/msarcos\/wp-json\/wp\/v2\/media?parent=2"}],"curies":[{"name":"wp","href":"https:\/\/api.w.org\/{rel}","templated":true}]}}