{"id":174,"date":"2015-06-30T03:32:22","date_gmt":"2015-06-30T03:32:22","guid":{"rendered":"http:\/\/blog.espol.edu.ec\/msas16\/?page_id=174"},"modified":"2015-06-30T04:00:26","modified_gmt":"2015-06-30T04:00:26","slug":"1960-nace-la-historia-de-un-grande","status":"publish","type":"page","link":"https:\/\/blog.espol.edu.ec\/msas16\/14-campeonatos-2\/1960-nace-la-historia-de-un-grande\/","title":{"rendered":"1960: Nace la historia de un grande."},"content":{"rendered":"<p style=\"text-align: center\"><img loading=\"lazy\" decoding=\"async\" class=\"  wp-image-187 aligncenter\" src=\"http:\/\/blog.espol.edu.ec\/msas16\/files\/2015\/06\/16-300x288.jpg\" alt=\"1\" width=\"249\" height=\"240\" srcset=\"https:\/\/blog.espol.edu.ec\/msas16\/files\/2015\/06\/16-300x288.jpg 300w, https:\/\/blog.espol.edu.ec\/msas16\/files\/2015\/06\/16-313x300.jpg 313w, https:\/\/blog.espol.edu.ec\/msas16\/files\/2015\/06\/16.jpg 320w\" sizes=\"auto, (max-width: 249px) 100vw, 249px\" \/><\/p>\n<p style=\"text-align: center\">Despu\u00e9s del primer campeonato disputado en 1957, el torneo no se realiz\u00f3 en los a\u00f1os 1958 y 1959; pero la presencia de la reci\u00e9n estrenada Copa de Campeones a inicios de 1960 (hoy Copa Libertadores) y la necesidad de tener un legitimo representante nacional en el torneo continental de campeones, obligan a limar diferencia entre Guayas y Pichincha y a revivir el torneo nacional. Contaba con un gran arquero Pablo Ansaldo acompa\u00f1ado de una defensa s\u00f3lida con Herrera, Lecaro y Mac\u00edas; Alume y Zambrano imponiendo el ritmo, los goles de Cantos y Cordero, m\u00e1s el aporte de Calder\u00f3n, Agust\u00edn Alvarez, Aguirre y Navas, todos de la mano del uruguayo Julio Kellman, hicieron de Barcelona un leg\u00edtimo ganador del t\u00edtulo. En campeonatos nacionales de su primera vuelta ol\u00edmpica en 1960 derrotando al Espa\u00f1a de Quito 4-2 en el estadio del Arbolito. Cont\u00f3 con su gran figura\u00a0<a title=\"Enrique Cantos\" href=\"http:\/\/es.wikipedia.org\/wiki\/Enrique_Cantos\">Enrique Cantos<\/a>\u00a0que fue el goleador del torneo con 8 tantos. Adem\u00e1s Barcelona se convirti\u00f3 en el primer equipo ecuatoriano en que salio campe\u00f3n con jugadores nacionales.<\/p>\n<p style=\"text-align: center\"><a href=\"http:\/\/blog.espol.edu.ec\/msas16\/files\/2015\/06\/1.jpg\"><img loading=\"lazy\" decoding=\"async\" class=\"alignnone  wp-image-51\" src=\"http:\/\/blog.espol.edu.ec\/msas16\/files\/2015\/06\/1-300x145.jpg\" alt=\"1\" width=\"464\" height=\"231\" \/><\/a><\/p>\n<p style=\"text-align: center\">\n","protected":false},"excerpt":{"rendered":"<p>Despu\u00e9s del primer campeonato disputado en 1957, el torneo no se realiz\u00f3 en los a\u00f1os 1958 y 1959; pero la presencia de la reci\u00e9n estrenada Copa de Campeones a inicios de 1960 (hoy Copa Libertadores) y la necesidad de tener &hellip; <a href=\"https:\/\/blog.espol.edu.ec\/msas16\/14-campeonatos-2\/1960-nace-la-historia-de-un-grande\/\">Sigue leyendo <span class=\"meta-nav\">&rarr;<\/span><\/a><\/p>\n","protected":false},"author":9709,"featured_media":0,"parent":184,"menu_order":1,"comment_status":"open","ping_status":"open","template":"","meta":{"footnotes":""},"class_list":["post-174","page","type-page","status-publish","hentry"],"aioseo_notices":[],"_links":{"self":[{"href":"https:\/\/blog.espol.edu.ec\/msas16\/wp-json\/wp\/v2\/pages\/174","targetHints":{"allow":["GET"]}}],"collection":[{"href":"https:\/\/blog.espol.edu.ec\/msas16\/wp-json\/wp\/v2\/pages"}],"about":[{"href":"https:\/\/blog.espol.edu.ec\/msas16\/wp-json\/wp\/v2\/types\/page"}],"author":[{"embeddable":true,"href":"https:\/\/blog.espol.edu.ec\/msas16\/wp-json\/wp\/v2\/users\/9709"}],"replies":[{"embeddable":true,"href":"https:\/\/blog.espol.edu.ec\/msas16\/wp-json\/wp\/v2\/comments?post=174"}],"version-history":[{"count":4,"href":"https:\/\/blog.espol.edu.ec\/msas16\/wp-json\/wp\/v2\/pages\/174\/revisions"}],"predecessor-version":[{"id":214,"href":"https:\/\/blog.espol.edu.ec\/msas16\/wp-json\/wp\/v2\/pages\/174\/revisions\/214"}],"up":[{"embeddable":true,"href":"https:\/\/blog.espol.edu.ec\/msas16\/wp-json\/wp\/v2\/pages\/184"}],"wp:attachment":[{"href":"https:\/\/blog.espol.edu.ec\/msas16\/wp-json\/wp\/v2\/media?parent=174"}],"curies":[{"name":"wp","href":"https:\/\/api.w.org\/{rel}","templated":true}]}}