{"id":190,"date":"2015-06-30T03:44:15","date_gmt":"2015-06-30T03:44:15","guid":{"rendered":"http:\/\/blog.espol.edu.ec\/msas16\/?page_id=190"},"modified":"2015-06-30T04:00:52","modified_gmt":"2015-06-30T04:00:52","slug":"1963-la-magia-brasilena-de-macias","status":"publish","type":"page","link":"https:\/\/blog.espol.edu.ec\/msas16\/14-campeonatos-2\/1963-la-magia-brasilena-de-macias\/","title":{"rendered":"1963: La magia brasile\u00f1a de Mac\u00edas"},"content":{"rendered":"<p><a href=\"http:\/\/blog.espol.edu.ec\/msas16\/files\/2015\/06\/22.jpg\"><img loading=\"lazy\" decoding=\"async\" class=\"  wp-image-198 aligncenter\" src=\"http:\/\/blog.espol.edu.ec\/msas16\/files\/2015\/06\/22-280x300.jpg\" alt=\"2\" width=\"242\" height=\"258\" srcset=\"https:\/\/blog.espol.edu.ec\/msas16\/files\/2015\/06\/22-280x300.jpg 280w, https:\/\/blog.espol.edu.ec\/msas16\/files\/2015\/06\/22.jpg 299w\" sizes=\"auto, (max-width: 242px) 100vw, 242px\" \/><\/a><\/p>\n<p>&nbsp;<\/p>\n<div style=\"text-align: center\">Durante la presidencia de Emilio Baquerizo Valenzuela en un intento por engrandecer la gloria al equipo\u00a0<i>Idolo del Astillero<\/i>decide por primera vez poner fin al\u00a0<i>criollismo amarillo<\/i>\u00a0y trae los primeros refuerzos extranjeros al Barcelona hasta el dia de hoy. La incorporaci\u00f3n de jugadores extranjeros en 1962 marc\u00f3 el inicio de una identificaci\u00f3n permanente con la l\u00ednea brasile\u00f1a. Arnaldo Da Silva al frente de la direcci\u00f3n t\u00e9cnica, Iris de Jes\u00fas L\u00f3pez Guimaraes, Edson, Darcy y Jair de Souza fueron los refuerzos de la temporada. El primero se coron\u00f3 goleador del torneo nacional con 9 tantos.<\/div>\n<div style=\"text-align: center\">En 1963 se proclama Campe\u00f3n de Guayaquil invicto y en ese mismo a\u00f1o logra su segunda corona nacional al empatar 0-0 ante\u00a0Club Sport Emelec<a title=\"Club Sport Emelec\" href=\"http:\/\/es.wikipedia.org\/wiki\/Club_Sport_Emelec\">\u00a0<\/a>\u00a0lugo de derrotar en Quito por goleadas al Deportivo Quito y Polit\u00e9cnico. Ese Barcelona del 1963 estaba reforzado con Tiriza, Helio Cruz, Ochipinti, Reyes Cass\u00eds , acompa\u00f1ados por el mejor arquero de todos los tiempos Helio Carreiro Da Silva \"Helinho\", un hombre peque\u00f1o de gran elasticidad y colocaci\u00f3n. Dirigidos por un verdadero forjador de campeones Francisco de Souza Ferreira \"Gradym\" quien confirm\u00f3 a Jair e Iris, dio confianza a los j\u00f3venes Quijano y Washington Mu\u00f1oz, altern\u00f3 en la titularidad a Lasso y Francisco Aguirre. As\u00ed esa amalgama de valores obtuvo el primer Bicampeonato.<\/div>\n<div style=\"text-align: center\"><\/div>\n<div style=\"text-align: center\"><\/div>\n<div style=\"text-align: center\"><a href=\"http:\/\/blog.espol.edu.ec\/msas16\/files\/2015\/06\/2.jpg\"><img loading=\"lazy\" decoding=\"async\" class=\"  wp-image-52 aligncenter\" src=\"http:\/\/blog.espol.edu.ec\/msas16\/files\/2015\/06\/2-300x145.jpg\" alt=\"2\" width=\"430\" height=\"214\" \/><\/a><\/div>\n<h3><\/h3>\n","protected":false},"excerpt":{"rendered":"<p>&nbsp; Durante la presidencia de Emilio Baquerizo Valenzuela en un intento por engrandecer la gloria al equipo\u00a0Idolo del Astillerodecide por primera vez poner fin al\u00a0criollismo amarillo\u00a0y trae los primeros refuerzos extranjeros al Barcelona hasta el dia de hoy. La incorporaci\u00f3n &hellip; <a href=\"https:\/\/blog.espol.edu.ec\/msas16\/14-campeonatos-2\/1963-la-magia-brasilena-de-macias\/\">Sigue leyendo <span class=\"meta-nav\">&rarr;<\/span><\/a><\/p>\n","protected":false},"author":9709,"featured_media":0,"parent":184,"menu_order":2,"comment_status":"open","ping_status":"open","template":"","meta":{"footnotes":""},"class_list":["post-190","page","type-page","status-publish","hentry"],"aioseo_notices":[],"_links":{"self":[{"href":"https:\/\/blog.espol.edu.ec\/msas16\/wp-json\/wp\/v2\/pages\/190","targetHints":{"allow":["GET"]}}],"collection":[{"href":"https:\/\/blog.espol.edu.ec\/msas16\/wp-json\/wp\/v2\/pages"}],"about":[{"href":"https:\/\/blog.espol.edu.ec\/msas16\/wp-json\/wp\/v2\/types\/page"}],"author":[{"embeddable":true,"href":"https:\/\/blog.espol.edu.ec\/msas16\/wp-json\/wp\/v2\/users\/9709"}],"replies":[{"embeddable":true,"href":"https:\/\/blog.espol.edu.ec\/msas16\/wp-json\/wp\/v2\/comments?post=190"}],"version-history":[{"count":1,"href":"https:\/\/blog.espol.edu.ec\/msas16\/wp-json\/wp\/v2\/pages\/190\/revisions"}],"predecessor-version":[{"id":201,"href":"https:\/\/blog.espol.edu.ec\/msas16\/wp-json\/wp\/v2\/pages\/190\/revisions\/201"}],"up":[{"embeddable":true,"href":"https:\/\/blog.espol.edu.ec\/msas16\/wp-json\/wp\/v2\/pages\/184"}],"wp:attachment":[{"href":"https:\/\/blog.espol.edu.ec\/msas16\/wp-json\/wp\/v2\/media?parent=190"}],"curies":[{"name":"wp","href":"https:\/\/api.w.org\/{rel}","templated":true}]}}