{"id":2,"date":"2015-06-08T17:17:33","date_gmt":"2015-06-08T17:17:33","guid":{"rendered":"http:\/\/blog.espol.edu.ec\/msas16\/?page_id=2"},"modified":"2015-06-30T04:48:01","modified_gmt":"2015-06-30T04:48:01","slug":"historia","status":"publish","type":"page","link":"https:\/\/blog.espol.edu.ec\/msas16\/historia\/","title":{"rendered":"Historia"},"content":{"rendered":"<blockquote><p><iframe loading=\"lazy\" title=\"Historia de Barcelona Sporting Club\" width=\"584\" height=\"438\" src=\"https:\/\/www.youtube.com\/embed\/NbcMF08ezqc?feature=oembed\" frameborder=\"0\" allow=\"accelerometer; autoplay; clipboard-write; encrypted-media; gyroscope; picture-in-picture; web-share\" referrerpolicy=\"strict-origin-when-cross-origin\" allowfullscreen><\/iframe><\/p><\/blockquote>\n<blockquote>\n<p style=\"text-align: center\">El\u00a0<a style=\"font-style: inherit;font-weight: inherit\" href=\"http:\/\/es.wikipedia.org\/wiki\/Barcelona_Sporting_Club\">Barcelona Sporting Club<\/a>\u00a0fue fundado el\u00a0<a style=\"font-style: inherit;font-weight: inherit\" href=\"http:\/\/es.wikipedia.org\/wiki\/1_de_mayo\">1 de mayo<\/a>\u00a0de\u00a0<a style=\"font-style: inherit;font-weight: inherit\" href=\"http:\/\/es.wikipedia.org\/wiki\/1925\">1925<\/a>\u00a0por un grupo de j\u00f3venes catalanes y guayaquile\u00f1os aficionados al\u00a0<a style=\"font-style: inherit;font-weight: inherit\" href=\"http:\/\/es.wikipedia.org\/wiki\/F%C3%BAtbol\">f\u00fatbol<\/a>\u00a0en el\u00a0<a style=\"font-style: inherit;font-weight: inherit\" href=\"http:\/\/es.wikipedia.org\/wiki\/Barrio_del_Astillero\">barrio del Astillero<\/a>\u00a0de la ciudad de\u00a0<a style=\"font-style: inherit;font-weight: inherit\" href=\"http:\/\/es.wikipedia.org\/wiki\/Guayaquil\">Guayaquil<\/a>. El deporte estaba en auge, por lo que ya exist\u00edan varios equipos locales en el sector, sin embargo, 31 personas se reunieron la casa del barcelon\u00e9s Eutimio P\u00e9rez Arum\u00ed, ubicada en la intersecci\u00f3n de las calles Concordia e Independencia (actuales calles Eloy Alfaro y Francisco de Marcos)\u00a0convirti\u00e9ndose en los primeros socios de la instituci\u00f3n, entre los cuales estaban: Victoreano Arteaga,\u00a0Pablo Pela\u00e9z, Valent\u00edn Sala, Juan Domenecht, Gago Per\u00e9, entre otros, de los cuales algunos conformaban un grupo denominado\u00a0<em style=\"font-weight: inherit\">gallada de la Modelo<\/em>, debido a una escuela de dicho nombre. La asamblea de socios fundadores eligi\u00f3 como primer presidente a Carlos Garc\u00eda R\u00edos, adem\u00e1s de designar como presidente honorario al catal\u00e1n Onofre Castells, y a Eutimio P\u00e9rez como el entrenador.<\/p>\n<p style=\"text-align: center\">El nombre de la instituci\u00f3n hace referencia a la ciudad de\u00a0<a style=\"font-style: inherit;font-weight: inherit\" href=\"http:\/\/es.wikipedia.org\/wiki\/Barcelona\">Barcelona<\/a>, y se le fue puesto este nombre en agradecimiento al apoyo brindado por la comunidad\u00a0<a style=\"font-style: inherit;font-weight: inherit\" href=\"http:\/\/es.wikipedia.org\/wiki\/Catalu%C3%B1a\">catalana<\/a>\u00a0a la ciudad de Guayaquil, adem\u00e1s de que varios de los socios fundadores eran originarios de aquella ciudad. Tambi\u00e9n muchos de ellos admiraban al arquero\u00a0<a style=\"font-style: inherit;font-weight: inherit\" href=\"http:\/\/es.wikipedia.org\/wiki\/Ricardo_Zamora\">Ricardo Zamora<\/a>\u00a0del\u00a0<a style=\"font-style: inherit;font-weight: inherit\" href=\"http:\/\/es.wikipedia.org\/wiki\/F%C3%BAtbol_Club_Barcelona\">F\u00fatbol Club Barcelona<\/a>. El nombre fue puesto a votaci\u00f3n, en donde \u00abBarcelona Sporting Club\u00bb propuesto por los catalanes -quienes conformaban mayor\u00eda en la asamblea- se impuso frente a la propuesta de los guayaquile\u00f1os de denominar al club como \u00abDeportivo Astillero\u00bb.<\/p>\n<p style=\"text-align: center\">La primera indumentaria que us\u00f3 el club fue cl\u00e1sica de la \u00e9poca con la camiseta de color negro con cuello y pantaloneta blanca. Sin embargo, tiempo despu\u00e9s se cont\u00f3 que en la Federaci\u00f3n Deportiva del Guayas ya exist\u00eda un equipo con similar uniforme, por lo cual en lo posterior se cambiar\u00edan los colores a un predominante amarillo acompa\u00f1ado de rojo, por dise\u00f1o del se\u00f1or Alberto March haciendo referencia a los colores de la\u00a0<a style=\"font-style: inherit;font-weight: inherit\" href=\"http:\/\/es.wikipedia.org\/wiki\/Bandera_de_Catalu%C3%B1a\">se\u00f1era catalana<\/a>.<\/p>\n<\/blockquote>\n<p><img loading=\"lazy\" decoding=\"async\" class=\"  wp-image-37 aligncenter\" src=\"http:\/\/blog.espol.edu.ec\/msas16\/files\/2015\/06\/ADS.png\" alt=\"ADS\" width=\"307\" height=\"335\" \/><\/p>\n<p><img loading=\"lazy\" decoding=\"async\" class=\"  wp-image-38 aligncenter\" src=\"http:\/\/blog.espol.edu.ec\/msas16\/files\/2015\/06\/historia-300x145.jpg\" alt=\"historia\" width=\"534\" height=\"265\" \/><\/p>\n<p>&nbsp;<\/p>\n<p>&nbsp;<\/p>\n","protected":false},"excerpt":{"rendered":"<p>El\u00a0Barcelona Sporting Club\u00a0fue fundado el\u00a01 de mayo\u00a0de\u00a01925\u00a0por un grupo de j\u00f3venes catalanes y guayaquile\u00f1os aficionados al\u00a0f\u00fatbol\u00a0en el\u00a0barrio del Astillero\u00a0de la ciudad de\u00a0Guayaquil. El deporte estaba en auge, por lo que ya exist\u00edan varios equipos locales en el sector, sin embargo, &hellip; <a href=\"https:\/\/blog.espol.edu.ec\/msas16\/historia\/\">Sigue leyendo <span class=\"meta-nav\">&rarr;<\/span><\/a><\/p>\n","protected":false},"author":9709,"featured_media":0,"parent":0,"menu_order":1,"comment_status":"closed","ping_status":"closed","template":"","meta":{"footnotes":""},"class_list":["post-2","page","type-page","status-publish","hentry"],"aioseo_notices":[],"_links":{"self":[{"href":"https:\/\/blog.espol.edu.ec\/msas16\/wp-json\/wp\/v2\/pages\/2","targetHints":{"allow":["GET"]}}],"collection":[{"href":"https:\/\/blog.espol.edu.ec\/msas16\/wp-json\/wp\/v2\/pages"}],"about":[{"href":"https:\/\/blog.espol.edu.ec\/msas16\/wp-json\/wp\/v2\/types\/page"}],"author":[{"embeddable":true,"href":"https:\/\/blog.espol.edu.ec\/msas16\/wp-json\/wp\/v2\/users\/9709"}],"replies":[{"embeddable":true,"href":"https:\/\/blog.espol.edu.ec\/msas16\/wp-json\/wp\/v2\/comments?post=2"}],"version-history":[{"count":11,"href":"https:\/\/blog.espol.edu.ec\/msas16\/wp-json\/wp\/v2\/pages\/2\/revisions"}],"predecessor-version":[{"id":105,"href":"https:\/\/blog.espol.edu.ec\/msas16\/wp-json\/wp\/v2\/pages\/2\/revisions\/105"}],"wp:attachment":[{"href":"https:\/\/blog.espol.edu.ec\/msas16\/wp-json\/wp\/v2\/media?parent=2"}],"curies":[{"name":"wp","href":"https:\/\/api.w.org\/{rel}","templated":true}]}}