{"id":202,"date":"2015-06-30T03:51:22","date_gmt":"2015-06-30T03:51:22","guid":{"rendered":"http:\/\/blog.espol.edu.ec\/msas16\/?page_id=202"},"modified":"2015-06-30T04:02:56","modified_gmt":"2015-06-30T04:02:56","slug":"1966-el-equipo-de-la-cortina-de-hierro","status":"publish","type":"page","link":"https:\/\/blog.espol.edu.ec\/msas16\/14-campeonatos-2\/1966-el-equipo-de-la-cortina-de-hierro\/","title":{"rendered":"1966: El equipo de la Cortina de Hierro"},"content":{"rendered":"<div><\/div>\n<div><img loading=\"lazy\" decoding=\"async\" class=\" aligncenter\" src=\"http:\/\/3.bp.blogspot.com\/-9UgX0bvbrFQ\/UpVtCDrwMtI\/AAAAAAAAFP4\/zLBh2S58Za0\/s320\/U.JPG\" alt=\"\" width=\"287\" height=\"320\" border=\"0\" \/><\/div>\n<div style=\"text-align: center\">Jos\u00e9 Mar\u00eda Rodr\u00edguez configur\u00f3 en 1965 la que se llamar\u00eda \"Cortina de Hierro\", una defensa inolvidable con Helinho o Ansaldo; Quijano, Lecaro, Mac\u00edas y Bustamante . Esa temporada se incorpor\u00f3 Moacyr Claudino Pinto, Campe\u00f3n Mundial con Brasil en Suecia 1958. Jugador de t\u00e9cnica exquisita, alt\u00edsima calidad y elegancia; su aporte fue decisivo junto a la contundencia de Washington Mu\u00f1oz quien atravesaba un gran momento. La definici\u00f3n certera del argentino Lucio Le\u00f3n o F\u00e9lix Lasso m\u00e1s la rapidez del brasile\u00f1o Helio Cruz (m\u00e1ximo anotador del Campeonato Ecuatoriano 1965) contribuyeron a mostrar sobre la cancha un cuadro ordenado y con cultura t\u00e1ctica.<\/div>\n<div style=\"text-align: center\">En el Campeonato de 1966, se lo jug\u00f3 entre Barcelona,\u00a0Emelec,\u00a0Espa\u00f1ol,\u00a0Liga de Quito,\u00a0patria de Guayaquil,\u00a0El Nacional,\u00a0Aucas\u00a0y Politecnico\u00a0. En Barcelona nuevamente la base del exito radic\u00f3 en el rendimiento logrado en Quito, donde no perdieron. La mezcla de j\u00f3venes y veteranos result\u00f3 ideal. \"Helinho\" fue una garant\u00eda en el arco; esta fue su \u00faltima temporada en Barcelona. Pablo Ansaldo estuvo al frente del equipo tras el alejamiento de Jos\u00e9 Mar\u00eda Rodr\u00edguez. Se contrat\u00f3 a Walter C\u00e1rdenas, Enrique Raymondi; volvi\u00f3 Mario Espinoza y asom\u00f3 un grupo de j\u00f3venes como Arroyo, Alvarado, O'Rorke y L\u00f3pez . El argentino Rub\u00e9n Ponce de Le\u00f3n cumpli\u00f3 a cabalidad en diversas funciones. Luego en el 66 es el a\u00f1o de la tercera estrella lograda en el estadio Atahualpa al empatar con Aucas 1-1 figuras como Cortijo Bustamante, Walter C\u00e1rdenas, Washington<a title=\"Washington Mu\u00f1oz\" href=\"http:\/\/es.wikipedia.org\/wiki\/Washington_Mu%C3%B1oz\">\u00a0<\/a>Mu\u00f1oz, F\u00e9lix\u00a0Lasso\u00a0y Moacyr Pinto (Campe\u00f3n del Mundo con Brasil en el Mundial de Suecia 1958).<\/div>\n<div class=\"separator\" style=\"text-align: center\"><\/div>\n<div class=\"separator\" style=\"text-align: center\"><a href=\"http:\/\/blog.espol.edu.ec\/msas16\/files\/2015\/06\/3.jpg\"><img loading=\"lazy\" decoding=\"async\" class=\"  wp-image-53 aligncenter\" src=\"http:\/\/blog.espol.edu.ec\/msas16\/files\/2015\/06\/3-300x145.jpg\" alt=\"3\" width=\"419\" height=\"210\" \/><\/a><\/div>\n","protected":false},"excerpt":{"rendered":"<p>Jos\u00e9 Mar\u00eda Rodr\u00edguez configur\u00f3 en 1965 la que se llamar\u00eda \"Cortina de Hierro\", una defensa inolvidable con Helinho o Ansaldo; Quijano, Lecaro, Mac\u00edas y Bustamante . Esa temporada se incorpor\u00f3 Moacyr Claudino Pinto, Campe\u00f3n Mundial con Brasil en Suecia 1958. &hellip; <a href=\"https:\/\/blog.espol.edu.ec\/msas16\/14-campeonatos-2\/1966-el-equipo-de-la-cortina-de-hierro\/\">Sigue leyendo <span class=\"meta-nav\">&rarr;<\/span><\/a><\/p>\n","protected":false},"author":9709,"featured_media":0,"parent":184,"menu_order":3,"comment_status":"open","ping_status":"open","template":"","meta":{"footnotes":""},"class_list":["post-202","page","type-page","status-publish","hentry"],"aioseo_notices":[],"_links":{"self":[{"href":"https:\/\/blog.espol.edu.ec\/msas16\/wp-json\/wp\/v2\/pages\/202","targetHints":{"allow":["GET"]}}],"collection":[{"href":"https:\/\/blog.espol.edu.ec\/msas16\/wp-json\/wp\/v2\/pages"}],"about":[{"href":"https:\/\/blog.espol.edu.ec\/msas16\/wp-json\/wp\/v2\/types\/page"}],"author":[{"embeddable":true,"href":"https:\/\/blog.espol.edu.ec\/msas16\/wp-json\/wp\/v2\/users\/9709"}],"replies":[{"embeddable":true,"href":"https:\/\/blog.espol.edu.ec\/msas16\/wp-json\/wp\/v2\/comments?post=202"}],"version-history":[{"count":2,"href":"https:\/\/blog.espol.edu.ec\/msas16\/wp-json\/wp\/v2\/pages\/202\/revisions"}],"predecessor-version":[{"id":216,"href":"https:\/\/blog.espol.edu.ec\/msas16\/wp-json\/wp\/v2\/pages\/202\/revisions\/216"}],"up":[{"embeddable":true,"href":"https:\/\/blog.espol.edu.ec\/msas16\/wp-json\/wp\/v2\/pages\/184"}],"wp:attachment":[{"href":"https:\/\/blog.espol.edu.ec\/msas16\/wp-json\/wp\/v2\/media?parent=202"}],"curies":[{"name":"wp","href":"https:\/\/api.w.org\/{rel}","templated":true}]}}