{"id":217,"date":"2015-06-30T04:06:47","date_gmt":"2015-06-30T04:06:47","guid":{"rendered":"http:\/\/blog.espol.edu.ec\/msas16\/?page_id=217"},"modified":"2015-06-30T04:06:47","modified_gmt":"2015-06-30T04:06:47","slug":"1970-un-barcelona-inolvidable","status":"publish","type":"page","link":"https:\/\/blog.espol.edu.ec\/msas16\/14-campeonatos-2\/1970-un-barcelona-inolvidable\/","title":{"rendered":"1970: Un Barcelona Inolvidable"},"content":{"rendered":"<p><a href=\"http:\/\/blog.espol.edu.ec\/msas16\/files\/2015\/06\/42.jpg\"><img loading=\"lazy\" decoding=\"async\" class=\"  wp-image-218 aligncenter\" src=\"http:\/\/blog.espol.edu.ec\/msas16\/files\/2015\/06\/42-284x300.jpg\" alt=\"4\" width=\"255\" height=\"269\" srcset=\"https:\/\/blog.espol.edu.ec\/msas16\/files\/2015\/06\/42-284x300.jpg 284w, https:\/\/blog.espol.edu.ec\/msas16\/files\/2015\/06\/42.jpg 303w\" sizes=\"auto, (max-width: 255px) 100vw, 255px\" \/><\/a><\/p>\n<p>&nbsp;<\/p>\n<div style=\"text-align: center\">Por esos a\u00f1os el presidente de Barcelona era un joven de 25 a\u00f1os llamado Galo Roggerio. El llegaba con una grand\u00edsima responsabilidad para alguien tan joven. \u00c9ste contrat\u00f3 al entrenador Otto Vieira, un estratega brasilero que ven\u00eda de dirigir a clubes de fama como el:\u00a0Atlante de\u00a0M\u00e9xico,Porto de\u00a0Portugal,Millonarios de Colombia\u00a0, entre otros.<\/div>\n<div style=\"text-align: center\">Barcelona gan\u00f3 la Primera Etapa con seis puntos de ventaja sobre el segundo y en la Liguilla ratific\u00f3 su dominio terminando igualmente con seis puntos de ventaja sobre Emelec que fue el subcampe\u00f3n.<\/div>\n<div style=\"text-align: center\"><\/div>\n<div style=\"text-align: center\"><a href=\"http:\/\/blog.espol.edu.ec\/msas16\/files\/2015\/06\/5.jpg\"><img loading=\"lazy\" decoding=\"async\" class=\"  wp-image-56 aligncenter\" src=\"http:\/\/blog.espol.edu.ec\/msas16\/files\/2015\/06\/5-300x145.jpg\" alt=\"5\" width=\"419\" height=\"209\" \/><\/a><\/div>\n","protected":false},"excerpt":{"rendered":"<p>&nbsp; Por esos a\u00f1os el presidente de Barcelona era un joven de 25 a\u00f1os llamado Galo Roggerio. El llegaba con una grand\u00edsima responsabilidad para alguien tan joven. \u00c9ste contrat\u00f3 al entrenador Otto Vieira, un estratega brasilero que ven\u00eda de dirigir &hellip; <a href=\"https:\/\/blog.espol.edu.ec\/msas16\/14-campeonatos-2\/1970-un-barcelona-inolvidable\/\">Sigue leyendo <span class=\"meta-nav\">&rarr;<\/span><\/a><\/p>\n","protected":false},"author":9709,"featured_media":0,"parent":184,"menu_order":4,"comment_status":"open","ping_status":"open","template":"","meta":{"footnotes":""},"class_list":["post-217","page","type-page","status-publish","hentry"],"aioseo_notices":[],"_links":{"self":[{"href":"https:\/\/blog.espol.edu.ec\/msas16\/wp-json\/wp\/v2\/pages\/217","targetHints":{"allow":["GET"]}}],"collection":[{"href":"https:\/\/blog.espol.edu.ec\/msas16\/wp-json\/wp\/v2\/pages"}],"about":[{"href":"https:\/\/blog.espol.edu.ec\/msas16\/wp-json\/wp\/v2\/types\/page"}],"author":[{"embeddable":true,"href":"https:\/\/blog.espol.edu.ec\/msas16\/wp-json\/wp\/v2\/users\/9709"}],"replies":[{"embeddable":true,"href":"https:\/\/blog.espol.edu.ec\/msas16\/wp-json\/wp\/v2\/comments?post=217"}],"version-history":[{"count":1,"href":"https:\/\/blog.espol.edu.ec\/msas16\/wp-json\/wp\/v2\/pages\/217\/revisions"}],"predecessor-version":[{"id":219,"href":"https:\/\/blog.espol.edu.ec\/msas16\/wp-json\/wp\/v2\/pages\/217\/revisions\/219"}],"up":[{"embeddable":true,"href":"https:\/\/blog.espol.edu.ec\/msas16\/wp-json\/wp\/v2\/pages\/184"}],"wp:attachment":[{"href":"https:\/\/blog.espol.edu.ec\/msas16\/wp-json\/wp\/v2\/media?parent=217"}],"curies":[{"name":"wp","href":"https:\/\/api.w.org\/{rel}","templated":true}]}}