{"id":220,"date":"2015-06-30T04:08:32","date_gmt":"2015-06-30T04:08:32","guid":{"rendered":"http:\/\/blog.espol.edu.ec\/msas16\/?page_id=220"},"modified":"2015-06-30T04:24:26","modified_gmt":"2015-06-30T04:24:26","slug":"1971-el-primer-bicampeonato","status":"publish","type":"page","link":"https:\/\/blog.espol.edu.ec\/msas16\/14-campeonatos-2\/1971-el-primer-bicampeonato\/","title":{"rendered":"1971: El Primer Bicampeonato"},"content":{"rendered":"<p><a href=\"http:\/\/blog.espol.edu.ec\/msas16\/files\/2015\/06\/51.jpg\"><img loading=\"lazy\" decoding=\"async\" class=\"  wp-image-221 aligncenter\" src=\"http:\/\/blog.espol.edu.ec\/msas16\/files\/2015\/06\/51-280x300.jpg\" alt=\"5\" width=\"239\" height=\"254\" \/><\/a><\/p>\n<p>&nbsp;<\/p>\n<div style=\"text-align: center\">En 1971 Barcelona alcanz\u00f3 el primer bicampeonato de la historia del f\u00fatbol nacional. Con una plantilla de lujo en las que destacaban los uruguayos\u00a0Jorge Phoy\u00fa\u00a0y\u00a0Luis Alberto Alay\u00f3n, Alfonso Quijano, V\u00edctor Pel\u00e1ez,\u00a0Jorge Bola\u00f1os, Nelsinho,\u00a0Alberto Spencer,\u00a0Washington Mu\u00f1oz, Barcelona encar\u00f3 el 13\u00ba campeonato nacional en el que ya hab\u00edan 16 equipos participantes.<\/div>\n<div style=\"text-align: center\">Por su constelaci\u00f3n de estrellas y la inversi\u00f3n econ\u00f3mica de 240.000 sucres se preven\u00eda una arrolladora primera etapa, esto no se dio pero se clasific\u00f3 a la siguiente etapa. Su director t\u00e9cnico Otto Vieira confiaba que el equipo entrar\u00eda en buen ritmo y empezar\u00eda a ser protagonista del torneo. Otro de los problemas que tuvo que enfrentar el elenco \"torero\" fueron las lesiones y enfermedades de los jugadores que movificaron el once abridor, as\u00ed Barcelona se ubic\u00f3 dentro de los 8 primeros equipos, ubic\u00e1ndose en sexto lugar con 17 puntos.<\/div>\n<div style=\"text-align: center\">De pronto aprareci\u00f3 la magia de\u00a0Alberto Spencer, m\u00e1s el gran toque en la media cancha de\u00a0\"Perico\" Le\u00f3n, ex seleccionado peruano, acompa\u00f1ado del m\u00e1gico mediocampista\u00a0Jorge Bola\u00f1os. Otro de los jugadores destacados fue Jos\u00e9 Paes, quien fue uno de los hombres claves en el planteamiento de Vieira con un 4-4-2, as\u00ed con un equipo fluido, d\u00factil, sacando a relucir las virtudes de Gerson, Miguel \u00c1ngel Coronel, Juan Noriega y los goles del sacerdote espa\u00f1ol\u00a0Juan Manuel Bazurco.<\/div>\n<div style=\"text-align: center\">Jugando en el\u00a0Ol\u00edmpico Atahualpa, Barcelona se enfrent\u00f3 a\u00a0Liga de Quito\u00a0en un partido dif\u00edcil, de mucho suspenso hasta el final. Nelsinho y Gerson marcaron los goles para el cuadro amarillo y un penal atajado por Alay\u00f3n dieron un triunfo para el cuadro del Astillero y el primer bicampeonato lo pon\u00eda Barcelona, el partido termin\u00f3 2-1 victoria torera.<\/div>\n<div style=\"text-align: center\"><a href=\"http:\/\/blog.espol.edu.ec\/msas16\/files\/2015\/06\/6.jpg\"><img loading=\"lazy\" decoding=\"async\" class=\"  wp-image-57 aligncenter\" src=\"http:\/\/blog.espol.edu.ec\/msas16\/files\/2015\/06\/6-300x145.jpg\" alt=\"6\" width=\"384\" height=\"195\" \/><\/a><\/div>\n","protected":false},"excerpt":{"rendered":"<p>&nbsp; En 1971 Barcelona alcanz\u00f3 el primer bicampeonato de la historia del f\u00fatbol nacional. Con una plantilla de lujo en las que destacaban los uruguayos\u00a0Jorge Phoy\u00fa\u00a0y\u00a0Luis Alberto Alay\u00f3n, Alfonso Quijano, V\u00edctor Pel\u00e1ez,\u00a0Jorge Bola\u00f1os, Nelsinho,\u00a0Alberto Spencer,\u00a0Washington Mu\u00f1oz, Barcelona encar\u00f3 el 13\u00ba &hellip; <a href=\"https:\/\/blog.espol.edu.ec\/msas16\/14-campeonatos-2\/1971-el-primer-bicampeonato\/\">Sigue leyendo <span class=\"meta-nav\">&rarr;<\/span><\/a><\/p>\n","protected":false},"author":9709,"featured_media":0,"parent":184,"menu_order":5,"comment_status":"open","ping_status":"open","template":"","meta":{"footnotes":""},"class_list":["post-220","page","type-page","status-publish","hentry"],"aioseo_notices":[],"_links":{"self":[{"href":"https:\/\/blog.espol.edu.ec\/msas16\/wp-json\/wp\/v2\/pages\/220","targetHints":{"allow":["GET"]}}],"collection":[{"href":"https:\/\/blog.espol.edu.ec\/msas16\/wp-json\/wp\/v2\/pages"}],"about":[{"href":"https:\/\/blog.espol.edu.ec\/msas16\/wp-json\/wp\/v2\/types\/page"}],"author":[{"embeddable":true,"href":"https:\/\/blog.espol.edu.ec\/msas16\/wp-json\/wp\/v2\/users\/9709"}],"replies":[{"embeddable":true,"href":"https:\/\/blog.espol.edu.ec\/msas16\/wp-json\/wp\/v2\/comments?post=220"}],"version-history":[{"count":1,"href":"https:\/\/blog.espol.edu.ec\/msas16\/wp-json\/wp\/v2\/pages\/220\/revisions"}],"predecessor-version":[{"id":222,"href":"https:\/\/blog.espol.edu.ec\/msas16\/wp-json\/wp\/v2\/pages\/220\/revisions\/222"}],"up":[{"embeddable":true,"href":"https:\/\/blog.espol.edu.ec\/msas16\/wp-json\/wp\/v2\/pages\/184"}],"wp:attachment":[{"href":"https:\/\/blog.espol.edu.ec\/msas16\/wp-json\/wp\/v2\/media?parent=220"}],"curies":[{"name":"wp","href":"https:\/\/api.w.org\/{rel}","templated":true}]}}