{"id":223,"date":"2015-06-30T04:26:19","date_gmt":"2015-06-30T04:26:19","guid":{"rendered":"http:\/\/blog.espol.edu.ec\/msas16\/?page_id=223"},"modified":"2015-06-30T04:26:19","modified_gmt":"2015-06-30T04:26:19","slug":"1980-vuelve-la-magia","status":"publish","type":"page","link":"https:\/\/blog.espol.edu.ec\/msas16\/14-campeonatos-2\/1980-vuelve-la-magia\/","title":{"rendered":"1980: Vuelve la Magia"},"content":{"rendered":"<p><a href=\"http:\/\/blog.espol.edu.ec\/msas16\/files\/2015\/06\/61.jpg\"><img loading=\"lazy\" decoding=\"async\" class=\"  wp-image-224 aligncenter\" src=\"http:\/\/blog.espol.edu.ec\/msas16\/files\/2015\/06\/61-261x300.jpg\" alt=\"6\" width=\"216\" height=\"248\" srcset=\"https:\/\/blog.espol.edu.ec\/msas16\/files\/2015\/06\/61-261x300.jpg 261w, https:\/\/blog.espol.edu.ec\/msas16\/files\/2015\/06\/61.jpg 278w\" sizes=\"auto, (max-width: 216px) 100vw, 216px\" \/><\/a><\/p>\n<p>&nbsp;<\/p>\n<div style=\"text-align: center\">En los\u00a0a\u00f1os 1980, Barcelona vuelve a saborear un campeonato luego de nueve largos a\u00f1os de sequ\u00eda e inicia la etapa m\u00e1s gloriosa y dorada de su historia, donde en un lapso de 18 a\u00f1os logra ocho campeonatos nacionales y llega dos veces a la final de la Copa Libertadores.<\/div>\n<div style=\"text-align: center\">El campeonato tuvo que definirse en una serie extra entre Barcelona y T\u00e9cnico Universitario, donde los canarios vencieron en un tercer duelo que defini\u00f3 el campeonato con goleada 3-0 sobre el T\u00e9cnico, en Machala el 14 de enero de 1981, el d\u00eda que el brasile\u00f1o V\u00edctor Epanhor anot\u00f3 un gol con una m\u00edtica chilena, que tuvo a su compatriota Escurinho como iniciador de la acci\u00f3n que continu\u00f3 Maravilla Tenorio. Tenorio y el otro brasile\u00f1o del equipo Ney Celestino anotaron los goles restantes.<\/div>\n<div style=\"text-align: center\">Aquel equipo que recuper\u00f3 la corona a los nueve a\u00f1os, salt\u00f3 con Manga; Perlaza, Paes, Bardales, Nazareno; Andrade, Escurihno (Jos\u00e9 Tenorio), Ephanor; Tenorio, Ney, Nieves (Madru\u00f1ero). El regreso fue aposte\u00f3sico, no solo por los millares de carros que volv\u00edan desde Machala, sino por otros tantos miles que se unieron en el carretero. Casi dos horas debi\u00f3 circular el bus en el puente de la Unidad Nacional para poderlo pasar. Esa noche Guayaquil vivi\u00f3 una verdadera fiesta con orquestas y bailes en sus principales calles para festejar de manera espl\u00e9ndida la obtenci\u00f3n de un ansiado campeonato.<\/div>\n<div style=\"text-align: center\"><\/div>\n<div style=\"text-align: center\"><a href=\"http:\/\/blog.espol.edu.ec\/msas16\/files\/2015\/06\/7.jpg\"><img loading=\"lazy\" decoding=\"async\" class=\"  wp-image-58 aligncenter\" src=\"http:\/\/blog.espol.edu.ec\/msas16\/files\/2015\/06\/7-300x145.jpg\" alt=\"7\" width=\"394\" height=\"200\" \/><\/a><\/div>\n","protected":false},"excerpt":{"rendered":"<p>&nbsp; En los\u00a0a\u00f1os 1980, Barcelona vuelve a saborear un campeonato luego de nueve largos a\u00f1os de sequ\u00eda e inicia la etapa m\u00e1s gloriosa y dorada de su historia, donde en un lapso de 18 a\u00f1os logra ocho campeonatos nacionales y &hellip; <a href=\"https:\/\/blog.espol.edu.ec\/msas16\/14-campeonatos-2\/1980-vuelve-la-magia\/\">Sigue leyendo <span class=\"meta-nav\">&rarr;<\/span><\/a><\/p>\n","protected":false},"author":9709,"featured_media":0,"parent":184,"menu_order":6,"comment_status":"open","ping_status":"open","template":"","meta":{"footnotes":""},"class_list":["post-223","page","type-page","status-publish","hentry"],"aioseo_notices":[],"_links":{"self":[{"href":"https:\/\/blog.espol.edu.ec\/msas16\/wp-json\/wp\/v2\/pages\/223","targetHints":{"allow":["GET"]}}],"collection":[{"href":"https:\/\/blog.espol.edu.ec\/msas16\/wp-json\/wp\/v2\/pages"}],"about":[{"href":"https:\/\/blog.espol.edu.ec\/msas16\/wp-json\/wp\/v2\/types\/page"}],"author":[{"embeddable":true,"href":"https:\/\/blog.espol.edu.ec\/msas16\/wp-json\/wp\/v2\/users\/9709"}],"replies":[{"embeddable":true,"href":"https:\/\/blog.espol.edu.ec\/msas16\/wp-json\/wp\/v2\/comments?post=223"}],"version-history":[{"count":1,"href":"https:\/\/blog.espol.edu.ec\/msas16\/wp-json\/wp\/v2\/pages\/223\/revisions"}],"predecessor-version":[{"id":225,"href":"https:\/\/blog.espol.edu.ec\/msas16\/wp-json\/wp\/v2\/pages\/223\/revisions\/225"}],"up":[{"embeddable":true,"href":"https:\/\/blog.espol.edu.ec\/msas16\/wp-json\/wp\/v2\/pages\/184"}],"wp:attachment":[{"href":"https:\/\/blog.espol.edu.ec\/msas16\/wp-json\/wp\/v2\/media?parent=223"}],"curies":[{"name":"wp","href":"https:\/\/api.w.org\/{rel}","templated":true}]}}