{"id":226,"date":"2015-06-30T04:28:45","date_gmt":"2015-06-30T04:28:45","guid":{"rendered":"http:\/\/blog.espol.edu.ec\/msas16\/?page_id=226"},"modified":"2015-06-30T04:28:45","modified_gmt":"2015-06-30T04:28:45","slug":"1981-el-segundo-bicampeonato","status":"publish","type":"page","link":"https:\/\/blog.espol.edu.ec\/msas16\/14-campeonatos-2\/1981-el-segundo-bicampeonato\/","title":{"rendered":"1981: El Segundo Bicampeonato"},"content":{"rendered":"<p><a href=\"http:\/\/blog.espol.edu.ec\/msas16\/files\/2015\/06\/71.jpg\"><img loading=\"lazy\" decoding=\"async\" class=\"  wp-image-227 aligncenter\" src=\"http:\/\/blog.espol.edu.ec\/msas16\/files\/2015\/06\/71-288x300.jpg\" alt=\"7\" width=\"222\" height=\"231\" srcset=\"https:\/\/blog.espol.edu.ec\/msas16\/files\/2015\/06\/71-288x300.jpg 288w, https:\/\/blog.espol.edu.ec\/msas16\/files\/2015\/06\/71.jpg 376w\" sizes=\"auto, (max-width: 222px) 100vw, 222px\" \/><\/a><\/p>\n<p>&nbsp;<\/p>\n<div style=\"text-align: center\">Barcelona completa su segundo bi-campeonato en 1981 y su s\u00e9ptimo t\u00edtulo nacional ganando por segunda vez un \"bicampeonato\"\u00a0; la base del equipo es la misma del a\u00f1o anterior. Con la salida del veterano Otto Vieira, pasan varios t\u00e9cnicos durante el a\u00f1o, primero el brasile\u00f1o Ronaldo Borba Filho, luego el argentino Humberto Maschio que fue el formador del equipo que terminar\u00eda coron\u00e1ndose campe\u00f3n, un interinazgo del peruano Hern\u00e1n Saavedra y en la Liguilla dirigi\u00f3 el ecuatoriano H\u00e9ctor Morales.<\/div>\n<div style=\"text-align: center\">A pesar de la dura competencia con la Liga de Quito, Barcelona gan\u00f3 las dos etapas con lo cual acumul\u00f3 6 puntos de bonificaci\u00f3n para la Liguilla; lo cual hac\u00eda muy complicado que no pueda retener el t\u00edtulo en la Liguilla. Fueron figuras los brasile\u00f1os V\u00edctor Epanhor, Alcides de Oliveira y los nacionales Flavio Perlaza, Mario Tenorio, Carlos Torres Garc\u00e9s.<\/div>\n<div style=\"text-align: center\"><\/div>\n<div style=\"text-align: center\"><a href=\"http:\/\/blog.espol.edu.ec\/msas16\/files\/2015\/06\/8.jpg\"><img loading=\"lazy\" decoding=\"async\" class=\"alignnone  wp-image-59\" src=\"http:\/\/blog.espol.edu.ec\/msas16\/files\/2015\/06\/8-300x145.jpg\" alt=\"8\" width=\"386\" height=\"196\" \/><\/a><\/div>\n","protected":false},"excerpt":{"rendered":"<p>&nbsp; Barcelona completa su segundo bi-campeonato en 1981 y su s\u00e9ptimo t\u00edtulo nacional ganando por segunda vez un \"bicampeonato\"\u00a0; la base del equipo es la misma del a\u00f1o anterior. Con la salida del veterano Otto Vieira, pasan varios t\u00e9cnicos durante &hellip; <a href=\"https:\/\/blog.espol.edu.ec\/msas16\/14-campeonatos-2\/1981-el-segundo-bicampeonato\/\">Sigue leyendo <span class=\"meta-nav\">&rarr;<\/span><\/a><\/p>\n","protected":false},"author":9709,"featured_media":0,"parent":184,"menu_order":7,"comment_status":"open","ping_status":"open","template":"","meta":{"footnotes":""},"class_list":["post-226","page","type-page","status-publish","hentry"],"aioseo_notices":[],"_links":{"self":[{"href":"https:\/\/blog.espol.edu.ec\/msas16\/wp-json\/wp\/v2\/pages\/226","targetHints":{"allow":["GET"]}}],"collection":[{"href":"https:\/\/blog.espol.edu.ec\/msas16\/wp-json\/wp\/v2\/pages"}],"about":[{"href":"https:\/\/blog.espol.edu.ec\/msas16\/wp-json\/wp\/v2\/types\/page"}],"author":[{"embeddable":true,"href":"https:\/\/blog.espol.edu.ec\/msas16\/wp-json\/wp\/v2\/users\/9709"}],"replies":[{"embeddable":true,"href":"https:\/\/blog.espol.edu.ec\/msas16\/wp-json\/wp\/v2\/comments?post=226"}],"version-history":[{"count":1,"href":"https:\/\/blog.espol.edu.ec\/msas16\/wp-json\/wp\/v2\/pages\/226\/revisions"}],"predecessor-version":[{"id":228,"href":"https:\/\/blog.espol.edu.ec\/msas16\/wp-json\/wp\/v2\/pages\/226\/revisions\/228"}],"up":[{"embeddable":true,"href":"https:\/\/blog.espol.edu.ec\/msas16\/wp-json\/wp\/v2\/pages\/184"}],"wp:attachment":[{"href":"https:\/\/blog.espol.edu.ec\/msas16\/wp-json\/wp\/v2\/media?parent=226"}],"curies":[{"name":"wp","href":"https:\/\/api.w.org\/{rel}","templated":true}]}}