{"id":229,"date":"2015-06-30T04:30:32","date_gmt":"2015-06-30T04:30:32","guid":{"rendered":"http:\/\/blog.espol.edu.ec\/msas16\/?page_id=229"},"modified":"2015-06-30T04:30:32","modified_gmt":"2015-06-30T04:30:32","slug":"1985-el-titulo-de-los-jovenes","status":"publish","type":"page","link":"https:\/\/blog.espol.edu.ec\/msas16\/14-campeonatos-2\/1985-el-titulo-de-los-jovenes\/","title":{"rendered":"1985: El T\u00edtulo de los J\u00f3venes"},"content":{"rendered":"<p><a href=\"http:\/\/blog.espol.edu.ec\/msas16\/files\/2015\/06\/81.jpg\"><img loading=\"lazy\" decoding=\"async\" class=\"  wp-image-230 aligncenter\" src=\"http:\/\/blog.espol.edu.ec\/msas16\/files\/2015\/06\/81-300x275.jpg\" alt=\"8\" width=\"259\" height=\"237\" srcset=\"https:\/\/blog.espol.edu.ec\/msas16\/files\/2015\/06\/81-300x275.jpg 300w, https:\/\/blog.espol.edu.ec\/msas16\/files\/2015\/06\/81-327x300.jpg 327w, https:\/\/blog.espol.edu.ec\/msas16\/files\/2015\/06\/81.jpg 400w\" sizes=\"auto, (max-width: 259px) 100vw, 259px\" \/><\/a><\/p>\n<p>&nbsp;<\/p>\n<div style=\"text-align: center\">Barcelona retoma su dominio del f\u00fatbol local y en los siguientes a\u00f1os tambi\u00e9n empieza a proyectarse internacionalmente con buenas actuaciones en la Copa Libertadores. Fue la octava corona nacional de Barcelona y la primera de la era de Isidro Romero Carbo.<\/div>\n<div style=\"text-align: center\">El \u00eddolo tuvo tres t\u00e9cnicos durante el a\u00f1o, y al final apareci\u00f3 el equipo de la mano del chileno Luis Santiba\u00f1ez en la banca y del brasile\u00f1o Severino Vasconcelos en la cancha, bien secundado por el uruguayo Alfredo De Los Santos en la defensa, el brasile\u00f1o Toninho Vieira en el mediocampo y por los nacionales Flavio Perlaza (capit\u00e1n), Fausto Klinger, Mauricio Arguello, Galo V\u00e1squez, Lorenzo Klinger, Holguer Qui\u00f1\u00f3nez, Carlos Luis Morales, Jimmy Montanero, etc. Un equipazo.<\/div>\n<div style=\"text-align: center\">Barcelona se corona campe\u00f3n a falta de dos fechas para el final de la Liguilla, en un partido justamente ante Deportivo Quito, el 8 de diciembre, el marcador de 6 a 1 qued\u00f3 para la historia y para el recuerdo de todos los hinchas amarillos.<\/div>\n<div style=\"text-align: center\"><\/div>\n<div style=\"text-align: center\"><a href=\"http:\/\/blog.espol.edu.ec\/msas16\/files\/2015\/06\/85.jpg\"><img loading=\"lazy\" decoding=\"async\" class=\"alignnone  wp-image-231\" src=\"http:\/\/blog.espol.edu.ec\/msas16\/files\/2015\/06\/85-300x145.jpg\" alt=\"85\" width=\"376\" height=\"191\" \/><\/a><\/div>\n","protected":false},"excerpt":{"rendered":"<p>&nbsp; Barcelona retoma su dominio del f\u00fatbol local y en los siguientes a\u00f1os tambi\u00e9n empieza a proyectarse internacionalmente con buenas actuaciones en la Copa Libertadores. Fue la octava corona nacional de Barcelona y la primera de la era de Isidro &hellip; <a href=\"https:\/\/blog.espol.edu.ec\/msas16\/14-campeonatos-2\/1985-el-titulo-de-los-jovenes\/\">Sigue leyendo <span class=\"meta-nav\">&rarr;<\/span><\/a><\/p>\n","protected":false},"author":9709,"featured_media":0,"parent":184,"menu_order":8,"comment_status":"open","ping_status":"open","template":"","meta":{"footnotes":""},"class_list":["post-229","page","type-page","status-publish","hentry"],"aioseo_notices":[],"_links":{"self":[{"href":"https:\/\/blog.espol.edu.ec\/msas16\/wp-json\/wp\/v2\/pages\/229","targetHints":{"allow":["GET"]}}],"collection":[{"href":"https:\/\/blog.espol.edu.ec\/msas16\/wp-json\/wp\/v2\/pages"}],"about":[{"href":"https:\/\/blog.espol.edu.ec\/msas16\/wp-json\/wp\/v2\/types\/page"}],"author":[{"embeddable":true,"href":"https:\/\/blog.espol.edu.ec\/msas16\/wp-json\/wp\/v2\/users\/9709"}],"replies":[{"embeddable":true,"href":"https:\/\/blog.espol.edu.ec\/msas16\/wp-json\/wp\/v2\/comments?post=229"}],"version-history":[{"count":1,"href":"https:\/\/blog.espol.edu.ec\/msas16\/wp-json\/wp\/v2\/pages\/229\/revisions"}],"predecessor-version":[{"id":232,"href":"https:\/\/blog.espol.edu.ec\/msas16\/wp-json\/wp\/v2\/pages\/229\/revisions\/232"}],"up":[{"embeddable":true,"href":"https:\/\/blog.espol.edu.ec\/msas16\/wp-json\/wp\/v2\/pages\/184"}],"wp:attachment":[{"href":"https:\/\/blog.espol.edu.ec\/msas16\/wp-json\/wp\/v2\/media?parent=229"}],"curies":[{"name":"wp","href":"https:\/\/api.w.org\/{rel}","templated":true}]}}