{"id":233,"date":"2015-06-30T04:32:22","date_gmt":"2015-06-30T04:32:22","guid":{"rendered":"http:\/\/blog.espol.edu.ec\/msas16\/?page_id=233"},"modified":"2015-06-30T04:33:26","modified_gmt":"2015-06-30T04:33:26","slug":"1987-un-campeon-imparable","status":"publish","type":"page","link":"https:\/\/blog.espol.edu.ec\/msas16\/14-campeonatos-2\/1987-un-campeon-imparable\/","title":{"rendered":"1987: Un Campe\u00f3n Imparable"},"content":{"rendered":"<p><a href=\"http:\/\/blog.espol.edu.ec\/msas16\/files\/2015\/06\/92.jpg\"><img loading=\"lazy\" decoding=\"async\" class=\"  wp-image-234 aligncenter\" src=\"http:\/\/blog.espol.edu.ec\/msas16\/files\/2015\/06\/92-300x288.jpg\" alt=\"9\" width=\"224\" height=\"216\" srcset=\"https:\/\/blog.espol.edu.ec\/msas16\/files\/2015\/06\/92-300x288.jpg 300w, https:\/\/blog.espol.edu.ec\/msas16\/files\/2015\/06\/92-313x300.jpg 313w, https:\/\/blog.espol.edu.ec\/msas16\/files\/2015\/06\/92.jpg 399w\" sizes=\"auto, (max-width: 224px) 100vw, 224px\" \/><\/a><\/p>\n<p>En 1987 Barcelona vuelve a dominar el torneo nacional y lo hace de principio a fin; ganando las tres etapas del torneo, de la mano del veterano t\u00e9cnico uruguayo Roque Gast\u00f3n Maspoli. Quizas es uno de los mejores campeonatos que ha disputado el\u00a0<b>Idolo<\/b>\u00a0durante esa campa\u00f1a.<\/p>\n<div style=\"text-align: center\">En la Liguilla, Barcelona lleg\u00f3 a la \u00faltima fecha en un cerrado duelo donde tambi\u00e9n Filanbanco y Audaz Octubrino ten\u00edan opciones de campeonar; a primera hora Filanbanco le hab\u00eda ganado a Audaz Octubrino por 1 a 0, equipo que abandon\u00f3 la cancha por una pol\u00e9mica decisi\u00f3n del \u00e1rbitro, con lo que esperaban que Barcelona pierda en su partido ante el Deportivo Quito en el estadio Atahualpa para coronarse campeones. Aquell\u00f3 no ocurri\u00f3 y m\u00e1s bien Barcelona gan\u00f3 por 0 a 1 con un gol de Lupo Qui\u00f1\u00f3nez.<\/div>\n<div style=\"text-align: center\">Adem\u00e1s de quedar campe\u00f3n, bajo la presidencia de Isidro Romero, en\u00a01987\u00a0Barcelona inaugurar\u00eda su\u00a0estadio\u00a0propio, ya que el equipo sol\u00eda jugar en el\u00a0Estadio Modelo. Con una capacidad en un principio de de 50\u00a0000 personas (luego se ampliaria a 90\u00a0000 personas en 1992), el estadio es considerado como uno de los mejores de Sudam\u00e9rica y el m\u00e1s grande del Ecuador. La inauguraci\u00f3n se celebr\u00f3 con un torneo cuadrangular, en el cual el partido de apertura fue disputado entre el\u00a0<b>Barcelona Sporting Club<\/b>\u00a0contra el\u00a0<b>F\u00fatbol Club Barcelona<\/b>\u00a0de\u00a0Espa\u00f1a, con victoria del equipo ecuatoriano de 2-1. El torneo lo ganar\u00eda al final el Emelec.<\/div>\n<div style=\"text-align: center\"><\/div>\n<div style=\"text-align: center\"><a href=\"http:\/\/blog.espol.edu.ec\/msas16\/files\/2015\/06\/9.jpg\"><img loading=\"lazy\" decoding=\"async\" class=\"alignnone  wp-image-60\" src=\"http:\/\/blog.espol.edu.ec\/msas16\/files\/2015\/06\/9-300x145.jpg\" alt=\"9\" width=\"350\" height=\"178\" \/><\/a><\/div>\n","protected":false},"excerpt":{"rendered":"<p>En 1987 Barcelona vuelve a dominar el torneo nacional y lo hace de principio a fin; ganando las tres etapas del torneo, de la mano del veterano t\u00e9cnico uruguayo Roque Gast\u00f3n Maspoli. Quizas es uno de los mejores campeonatos que &hellip; <a href=\"https:\/\/blog.espol.edu.ec\/msas16\/14-campeonatos-2\/1987-un-campeon-imparable\/\">Sigue leyendo <span class=\"meta-nav\">&rarr;<\/span><\/a><\/p>\n","protected":false},"author":9709,"featured_media":0,"parent":184,"menu_order":9,"comment_status":"open","ping_status":"open","template":"","meta":{"footnotes":""},"class_list":["post-233","page","type-page","status-publish","hentry"],"aioseo_notices":[],"_links":{"self":[{"href":"https:\/\/blog.espol.edu.ec\/msas16\/wp-json\/wp\/v2\/pages\/233","targetHints":{"allow":["GET"]}}],"collection":[{"href":"https:\/\/blog.espol.edu.ec\/msas16\/wp-json\/wp\/v2\/pages"}],"about":[{"href":"https:\/\/blog.espol.edu.ec\/msas16\/wp-json\/wp\/v2\/types\/page"}],"author":[{"embeddable":true,"href":"https:\/\/blog.espol.edu.ec\/msas16\/wp-json\/wp\/v2\/users\/9709"}],"replies":[{"embeddable":true,"href":"https:\/\/blog.espol.edu.ec\/msas16\/wp-json\/wp\/v2\/comments?post=233"}],"version-history":[{"count":2,"href":"https:\/\/blog.espol.edu.ec\/msas16\/wp-json\/wp\/v2\/pages\/233\/revisions"}],"predecessor-version":[{"id":237,"href":"https:\/\/blog.espol.edu.ec\/msas16\/wp-json\/wp\/v2\/pages\/233\/revisions\/237"}],"up":[{"embeddable":true,"href":"https:\/\/blog.espol.edu.ec\/msas16\/wp-json\/wp\/v2\/pages\/184"}],"wp:attachment":[{"href":"https:\/\/blog.espol.edu.ec\/msas16\/wp-json\/wp\/v2\/media?parent=233"}],"curies":[{"name":"wp","href":"https:\/\/api.w.org\/{rel}","templated":true}]}}