{"id":238,"date":"2015-06-30T04:35:50","date_gmt":"2015-06-30T04:35:50","guid":{"rendered":"http:\/\/blog.espol.edu.ec\/msas16\/?page_id=238"},"modified":"2015-06-30T04:35:50","modified_gmt":"2015-06-30T04:35:50","slug":"1989-heroes-del-silencio","status":"publish","type":"page","link":"https:\/\/blog.espol.edu.ec\/msas16\/14-campeonatos-2\/1989-heroes-del-silencio\/","title":{"rendered":"1989: H\u00e9roes del Silencio"},"content":{"rendered":"<p><a href=\"http:\/\/blog.espol.edu.ec\/msas16\/files\/2015\/06\/101.jpg\"><img loading=\"lazy\" decoding=\"async\" class=\"  wp-image-239 aligncenter\" src=\"http:\/\/blog.espol.edu.ec\/msas16\/files\/2015\/06\/101-300x250.jpg\" alt=\"10\" width=\"252\" height=\"213\" \/><\/a><\/p>\n<p>&nbsp;<\/p>\n<div style=\"text-align: center\">El final del campeonato de 1989 es sino el m\u00e1s pol\u00e9mico, uno de los m\u00e1s pol\u00e9micos de la historia del f\u00fatbol de Ecuador. Barcelona obtiene su d\u00e9cimo t\u00edtulo al repetirse el partido de la \u00faltima fecha de la Liguilla Final jugando en Quito con un estadio Atahualpa vac\u00edo y tras empatar a cero goles con el Deportivo Quito, el d\u00eda 27 de diciembre de 1989.<\/div>\n<div style=\"text-align: center\">En el primer partido, que se jug\u00f3 el 10 de diciembre, llegaban a la ultima fecha Barcelona, Emelec y Deportivo Quito con opciones de campeonato. Emelec le ganaba 4 a 2 a El Nacional y el Quito con gol del argentino Carlos Mendoza llegando a los minutos finales del partido, le ganaba a Barcelona por 1 a 0, con lo cual igualaba en puntos con Emelec y se deb\u00eda disputar una serie extra de definici\u00f3n (dado que para en ese entonces no existia la definicion por gol diferencia). Sin embargo a falta de seis minutos para el final, el p\u00fablico local empez\u00f3 a invadir la cancha; en un saque lateral en la cancha del Quito cuando ya hab\u00eda hinchas en el campo, alguno incluso queriendo celebrar con el \u00e1rquero Carlos Enr\u00edquez, se produce un centro y gol de Manuel Uquillas para Barcelona; pero, por la invasi\u00f3n el partido es suspendido. All\u00ed empieza otra historia, y el campeonato se termin\u00f3 decidiendo en la sede de la Federaci\u00f3n Ecuatoriana de F\u00fatbol.<\/div>\n<div style=\"text-align: center\">Tras varios d\u00edas de deliberaci\u00f3n (hab\u00edan tres tesis; la del Quito era que se termine el partido con marcador de 1 a 0; la de Emelec que se juegue los \u00faltimos minutos del partido con marcador de 1 a 0 y la de Barcelona era que se termine los \u00faltimos minutos con marcador de 1 a 1 ), en los cuales qued\u00f3 claro que Barcelona ten\u00eda m\u00e1s peso que Emelec y Deportivo Quito; en las oficinas de la FEF, se resolvi\u00f3, algo in\u00e9dito, la repetici\u00f3n del partido sin p\u00fablico; repetici\u00f3n que termin\u00f3 con empate a cero goles, d\u00e1ndole el t\u00edtulo a Barcelona y dejando a Emelec como subcampe\u00f3n.<\/div>\n<div style=\"text-align: center\"><\/div>\n<div style=\"text-align: center\"><a href=\"http:\/\/blog.espol.edu.ec\/msas16\/files\/2015\/06\/10.jpg\"><img loading=\"lazy\" decoding=\"async\" class=\"  wp-image-61 aligncenter\" src=\"http:\/\/blog.espol.edu.ec\/msas16\/files\/2015\/06\/10-300x145.jpg\" alt=\"10\" width=\"400\" height=\"201\" \/><\/a><\/div>\n","protected":false},"excerpt":{"rendered":"<p>&nbsp; El final del campeonato de 1989 es sino el m\u00e1s pol\u00e9mico, uno de los m\u00e1s pol\u00e9micos de la historia del f\u00fatbol de Ecuador. Barcelona obtiene su d\u00e9cimo t\u00edtulo al repetirse el partido de la \u00faltima fecha de la Liguilla &hellip; <a href=\"https:\/\/blog.espol.edu.ec\/msas16\/14-campeonatos-2\/1989-heroes-del-silencio\/\">Sigue leyendo <span class=\"meta-nav\">&rarr;<\/span><\/a><\/p>\n","protected":false},"author":9709,"featured_media":0,"parent":184,"menu_order":10,"comment_status":"open","ping_status":"open","template":"","meta":{"footnotes":""},"class_list":["post-238","page","type-page","status-publish","hentry"],"aioseo_notices":[],"_links":{"self":[{"href":"https:\/\/blog.espol.edu.ec\/msas16\/wp-json\/wp\/v2\/pages\/238","targetHints":{"allow":["GET"]}}],"collection":[{"href":"https:\/\/blog.espol.edu.ec\/msas16\/wp-json\/wp\/v2\/pages"}],"about":[{"href":"https:\/\/blog.espol.edu.ec\/msas16\/wp-json\/wp\/v2\/types\/page"}],"author":[{"embeddable":true,"href":"https:\/\/blog.espol.edu.ec\/msas16\/wp-json\/wp\/v2\/users\/9709"}],"replies":[{"embeddable":true,"href":"https:\/\/blog.espol.edu.ec\/msas16\/wp-json\/wp\/v2\/comments?post=238"}],"version-history":[{"count":1,"href":"https:\/\/blog.espol.edu.ec\/msas16\/wp-json\/wp\/v2\/pages\/238\/revisions"}],"predecessor-version":[{"id":240,"href":"https:\/\/blog.espol.edu.ec\/msas16\/wp-json\/wp\/v2\/pages\/238\/revisions\/240"}],"up":[{"embeddable":true,"href":"https:\/\/blog.espol.edu.ec\/msas16\/wp-json\/wp\/v2\/pages\/184"}],"wp:attachment":[{"href":"https:\/\/blog.espol.edu.ec\/msas16\/wp-json\/wp\/v2\/media?parent=238"}],"curies":[{"name":"wp","href":"https:\/\/api.w.org\/{rel}","templated":true}]}}