{"id":241,"date":"2015-06-30T04:38:27","date_gmt":"2015-06-30T04:38:27","guid":{"rendered":"http:\/\/blog.espol.edu.ec\/msas16\/?page_id=241"},"modified":"2015-06-30T04:38:27","modified_gmt":"2015-06-30T04:38:27","slug":"1991-el-titulo-mas-monumental","status":"publish","type":"page","link":"https:\/\/blog.espol.edu.ec\/msas16\/14-campeonatos-2\/1991-el-titulo-mas-monumental\/","title":{"rendered":"1991: El T\u00edtulo m\u00e1s Monumental"},"content":{"rendered":"<p><a href=\"http:\/\/blog.espol.edu.ec\/msas16\/files\/2015\/06\/111.jpg\"><img loading=\"lazy\" decoding=\"async\" class=\"  wp-image-242 aligncenter\" src=\"http:\/\/blog.espol.edu.ec\/msas16\/files\/2015\/06\/111-300x257.jpg\" alt=\"11\" width=\"239\" height=\"207\" \/><\/a><\/p>\n<p>&nbsp;<\/p>\n<div style=\"text-align: center\">Barcelona vuelve a la primera l\u00ednea del torneo nacional en 1991, conquistando su d\u00e9cimo primer t\u00edtulo. Dirigi\u00f3 el equipo al inicio de la temporada, el argentino Miguel \u00c1ngel Brindisi y a media campa\u00f1a fue reemplazado por su compatriota Jorge Carlos Habegger, que lo llevo al t\u00edtulo. En este a\u00f1o, lleg\u00f3 como refuerzo al equipo \u201ccanario\u201d el argentino Rub\u00e9n Dar\u00edo Ins\u00faa, quien tras unos primeros meses titubeantes, termin\u00f3 siendo el goleador y la figura del equipo junto a Jos\u00e9 G\u00e1vica y Carlos Mu\u00f1oz.\u00a0El cuadro canario gan\u00f3 la Primera Etapa, luego de una mala campa\u00f1a en la Copa Libertadores; gan\u00f3 su grupo en la Segunda Etapa; en la Tercera Etapa clasific\u00f3 a la Liguilla final de forma holgada y en la Liguilla Final barri\u00f3, terminando invicto en la etapa m\u00e1s complicada del torneo. El equipo dio la vuelta ol\u00edmpica por primera vez en su estadio Monumental, el 24 de noviembre, jugaba como visitante en su propio estadio enfrentando a Valdez S.C. Milagro; un empate a un gol, lo hizo inalcanzable en la tabla de posiciones.<\/div>\n<div style=\"text-align: center\"><\/div>\n<div style=\"text-align: center\"><a href=\"http:\/\/blog.espol.edu.ec\/msas16\/files\/2015\/06\/11.jpg\"><img loading=\"lazy\" decoding=\"async\" class=\"alignnone  wp-image-62\" src=\"http:\/\/blog.espol.edu.ec\/msas16\/files\/2015\/06\/11-300x145.jpg\" alt=\"11\" width=\"382\" height=\"194\" \/><\/a><\/div>\n","protected":false},"excerpt":{"rendered":"<p>&nbsp; Barcelona vuelve a la primera l\u00ednea del torneo nacional en 1991, conquistando su d\u00e9cimo primer t\u00edtulo. Dirigi\u00f3 el equipo al inicio de la temporada, el argentino Miguel \u00c1ngel Brindisi y a media campa\u00f1a fue reemplazado por su compatriota Jorge &hellip; <a href=\"https:\/\/blog.espol.edu.ec\/msas16\/14-campeonatos-2\/1991-el-titulo-mas-monumental\/\">Sigue leyendo <span class=\"meta-nav\">&rarr;<\/span><\/a><\/p>\n","protected":false},"author":9709,"featured_media":0,"parent":184,"menu_order":11,"comment_status":"open","ping_status":"open","template":"","meta":{"footnotes":""},"class_list":["post-241","page","type-page","status-publish","hentry"],"aioseo_notices":[],"_links":{"self":[{"href":"https:\/\/blog.espol.edu.ec\/msas16\/wp-json\/wp\/v2\/pages\/241","targetHints":{"allow":["GET"]}}],"collection":[{"href":"https:\/\/blog.espol.edu.ec\/msas16\/wp-json\/wp\/v2\/pages"}],"about":[{"href":"https:\/\/blog.espol.edu.ec\/msas16\/wp-json\/wp\/v2\/types\/page"}],"author":[{"embeddable":true,"href":"https:\/\/blog.espol.edu.ec\/msas16\/wp-json\/wp\/v2\/users\/9709"}],"replies":[{"embeddable":true,"href":"https:\/\/blog.espol.edu.ec\/msas16\/wp-json\/wp\/v2\/comments?post=241"}],"version-history":[{"count":1,"href":"https:\/\/blog.espol.edu.ec\/msas16\/wp-json\/wp\/v2\/pages\/241\/revisions"}],"predecessor-version":[{"id":243,"href":"https:\/\/blog.espol.edu.ec\/msas16\/wp-json\/wp\/v2\/pages\/241\/revisions\/243"}],"up":[{"embeddable":true,"href":"https:\/\/blog.espol.edu.ec\/msas16\/wp-json\/wp\/v2\/pages\/184"}],"wp:attachment":[{"href":"https:\/\/blog.espol.edu.ec\/msas16\/wp-json\/wp\/v2\/media?parent=241"}],"curies":[{"name":"wp","href":"https:\/\/api.w.org\/{rel}","templated":true}]}}