{"id":244,"date":"2015-06-30T04:40:09","date_gmt":"2015-06-30T04:40:09","guid":{"rendered":"http:\/\/blog.espol.edu.ec\/msas16\/?page_id=244"},"modified":"2015-06-30T04:41:04","modified_gmt":"2015-06-30T04:41:04","slug":"1995-simplemente-arrollador","status":"publish","type":"page","link":"https:\/\/blog.espol.edu.ec\/msas16\/14-campeonatos-2\/1995-simplemente-arrollador\/","title":{"rendered":"1995: Simplemente Arrollador"},"content":{"rendered":"<p><a href=\"http:\/\/blog.espol.edu.ec\/msas16\/files\/2015\/06\/121.jpg\"><img loading=\"lazy\" decoding=\"async\" class=\"  wp-image-245 aligncenter\" src=\"http:\/\/blog.espol.edu.ec\/msas16\/files\/2015\/06\/121-300x249.jpg\" alt=\"12\" width=\"245\" height=\"206\" \/><\/a><\/p>\n<p>&nbsp;<\/p>\n<div style=\"text-align: center\">En 1995 Barcelona gana su d\u00e9cimo segundo campeonato ecuatoriano, con un gran equipo y con la primera temporada en el cuadro \u00eddolo del argentino Carlos Alfaro Moreno. El equipo inici\u00f3 la temporada bajo el mando del montenegrino Dussan Draskovic que solo dur\u00f3 cinco fechas y en su remplaz\u00f3 lleg\u00f3 el argentino Salvador Capitano.<\/div>\n<div style=\"text-align: center\">El gran rival de Barcelona durante la temporada, fue el novel Espoli, que qued\u00f3 segundo en el Torneo Apertura y gan\u00f3 el Torneo Clausura (de acuerdo al nuevo formato del Campeonato Nacional); pero que en la final no fue rival para la mayor experiencia del cuadro \u201ccanario\u201d, que termin\u00f3 ganando los dos partidos de la final. Fueron figuras importantes del equipo \u201ccanario\u201d, el goleador Manuel Uquillas, que repiti\u00f3 el t\u00edtulo de goleador logrado el a\u00f1o pasado con Espoli; el brasile\u00f1o Gilson Simoes, los argentinos Carlos Alfaro Moreno y Marcelo \u201cpepo\u201d Morales; mas Luis \u201cchino\u201d G\u00f3mez y Jos\u00e9 G\u00e1vica.<\/div>\n<div style=\"text-align: center\">Este Barcelona fue quizas uno de los mejores campeonatos que ha disputado a lo largo de los Campeonatos Nacionales, dado a como lo derrotaba a sus rivales, incluso en toda la temporada (incluida la final) llego a cosechar 101 puntos; cifra inalcanzable para un equipo de futbol ecuatoriano hasta en ese entonces.<\/div>\n<div style=\"text-align: center\"><\/div>\n<div style=\"text-align: center\"><a href=\"http:\/\/blog.espol.edu.ec\/msas16\/files\/2015\/06\/12.jpg\"><img loading=\"lazy\" decoding=\"async\" class=\"alignnone  wp-image-63\" src=\"http:\/\/blog.espol.edu.ec\/msas16\/files\/2015\/06\/12-300x145.jpg\" alt=\"12\" width=\"406\" height=\"204\" \/><\/a><\/div>\n","protected":false},"excerpt":{"rendered":"<p>&nbsp; En 1995 Barcelona gana su d\u00e9cimo segundo campeonato ecuatoriano, con un gran equipo y con la primera temporada en el cuadro \u00eddolo del argentino Carlos Alfaro Moreno. El equipo inici\u00f3 la temporada bajo el mando del montenegrino Dussan Draskovic &hellip; <a href=\"https:\/\/blog.espol.edu.ec\/msas16\/14-campeonatos-2\/1995-simplemente-arrollador\/\">Sigue leyendo <span class=\"meta-nav\">&rarr;<\/span><\/a><\/p>\n","protected":false},"author":9709,"featured_media":0,"parent":184,"menu_order":12,"comment_status":"open","ping_status":"open","template":"","meta":{"footnotes":""},"class_list":["post-244","page","type-page","status-publish","hentry"],"aioseo_notices":[],"_links":{"self":[{"href":"https:\/\/blog.espol.edu.ec\/msas16\/wp-json\/wp\/v2\/pages\/244","targetHints":{"allow":["GET"]}}],"collection":[{"href":"https:\/\/blog.espol.edu.ec\/msas16\/wp-json\/wp\/v2\/pages"}],"about":[{"href":"https:\/\/blog.espol.edu.ec\/msas16\/wp-json\/wp\/v2\/types\/page"}],"author":[{"embeddable":true,"href":"https:\/\/blog.espol.edu.ec\/msas16\/wp-json\/wp\/v2\/users\/9709"}],"replies":[{"embeddable":true,"href":"https:\/\/blog.espol.edu.ec\/msas16\/wp-json\/wp\/v2\/comments?post=244"}],"version-history":[{"count":1,"href":"https:\/\/blog.espol.edu.ec\/msas16\/wp-json\/wp\/v2\/pages\/244\/revisions"}],"predecessor-version":[{"id":246,"href":"https:\/\/blog.espol.edu.ec\/msas16\/wp-json\/wp\/v2\/pages\/244\/revisions\/246"}],"up":[{"embeddable":true,"href":"https:\/\/blog.espol.edu.ec\/msas16\/wp-json\/wp\/v2\/pages\/184"}],"wp:attachment":[{"href":"https:\/\/blog.espol.edu.ec\/msas16\/wp-json\/wp\/v2\/media?parent=244"}],"curies":[{"name":"wp","href":"https:\/\/api.w.org\/{rel}","templated":true}]}}