{"id":247,"date":"2015-06-30T04:42:43","date_gmt":"2015-06-30T04:42:43","guid":{"rendered":"http:\/\/blog.espol.edu.ec\/msas16\/?page_id=247"},"modified":"2015-06-30T04:42:43","modified_gmt":"2015-06-30T04:42:43","slug":"1997-la-corona-mas-poetica-y-mundialista","status":"publish","type":"page","link":"https:\/\/blog.espol.edu.ec\/msas16\/14-campeonatos-2\/1997-la-corona-mas-poetica-y-mundialista\/","title":{"rendered":"1997: La Corona m\u00e1s Po\u00e9tica y Mundialista"},"content":{"rendered":"<p><a href=\"http:\/\/blog.espol.edu.ec\/msas16\/files\/2015\/06\/131.jpg\"><img loading=\"lazy\" decoding=\"async\" class=\"  wp-image-248 aligncenter\" src=\"http:\/\/blog.espol.edu.ec\/msas16\/files\/2015\/06\/131-300x224.jpg\" alt=\"13\" width=\"246\" height=\"187\" \/><\/a><\/p>\n<p>&nbsp;<\/p>\n<div style=\"text-align: center\">Nunca antes en la historia del f\u00fatbol ecuatoriano un presidente de la Rep\u00fablica hab\u00eda llegado tambi\u00e9n a ser tambi\u00e9n presidente de un equipo del campeonato, no de cualquier equipo sino del que tiene la hinchada mas grande del Ecuador. La noticia que\u00a0Abdal\u00e1 Bucaram\u00a0gan\u00f3 la presidencia de Barcelona ocup\u00f3 durante d\u00edas la primera plana de los diarios y dio la vuelta al mundo.<\/div>\n<div style=\"text-align: center\">Se contrat\u00f3 a jugaroes de la talla de\u00a0Luis Capurro,\u00a0Maximo Tenorio\u00a0y Wagner Rivera, y lo mas interesante es que se lleg\u00f3 a decir que\u00a0Diego Armando Maradona\u00a0ser\u00eda refuerzo de lujo, pero por obias razones no se dio.<\/div>\n<div style=\"text-align: center\"><b>Liguilla de Infarto<\/b>.<\/div>\n<div style=\"text-align: center\">Rub\u00e9n Dar\u00edo Ins\u00faa\u00a0les dijo a sus muchachos que fueran con garra, consentraci\u00f3n y f\u00fatbol eso era posible y asi fueel elenco titular con\u00a0Jos\u00e9 Francisco Cevallos,\u00a0Luis Gomez,\u00a0Jimmy Montanero,\u00a0Luis Capurro,\u00a0Fricson George,\u00a0H\u00e9ctor Carabal\u00ed,\u00a0Marcelo Morales,\u00a0Julio C\u00e9sar Rosero,\u00a0Marco Etcheverry,\u00a0Nicol\u00e1s Asencio\u00a0y\u00a0Agust\u00edn Delgado.<\/div>\n<div style=\"text-align: center\"><\/div>\n<div style=\"text-align: center\"><a href=\"http:\/\/blog.espol.edu.ec\/msas16\/files\/2015\/06\/13.jpg\"><img loading=\"lazy\" decoding=\"async\" class=\"alignnone  wp-image-64\" src=\"http:\/\/blog.espol.edu.ec\/msas16\/files\/2015\/06\/13-300x145.jpg\" alt=\"13\" width=\"392\" height=\"199\" \/><\/a><\/div>\n","protected":false},"excerpt":{"rendered":"<p>&nbsp; Nunca antes en la historia del f\u00fatbol ecuatoriano un presidente de la Rep\u00fablica hab\u00eda llegado tambi\u00e9n a ser tambi\u00e9n presidente de un equipo del campeonato, no de cualquier equipo sino del que tiene la hinchada mas grande del Ecuador. &hellip; <a href=\"https:\/\/blog.espol.edu.ec\/msas16\/14-campeonatos-2\/1997-la-corona-mas-poetica-y-mundialista\/\">Sigue leyendo <span class=\"meta-nav\">&rarr;<\/span><\/a><\/p>\n","protected":false},"author":9709,"featured_media":0,"parent":184,"menu_order":13,"comment_status":"open","ping_status":"open","template":"","meta":{"footnotes":""},"class_list":["post-247","page","type-page","status-publish","hentry"],"aioseo_notices":[],"_links":{"self":[{"href":"https:\/\/blog.espol.edu.ec\/msas16\/wp-json\/wp\/v2\/pages\/247","targetHints":{"allow":["GET"]}}],"collection":[{"href":"https:\/\/blog.espol.edu.ec\/msas16\/wp-json\/wp\/v2\/pages"}],"about":[{"href":"https:\/\/blog.espol.edu.ec\/msas16\/wp-json\/wp\/v2\/types\/page"}],"author":[{"embeddable":true,"href":"https:\/\/blog.espol.edu.ec\/msas16\/wp-json\/wp\/v2\/users\/9709"}],"replies":[{"embeddable":true,"href":"https:\/\/blog.espol.edu.ec\/msas16\/wp-json\/wp\/v2\/comments?post=247"}],"version-history":[{"count":1,"href":"https:\/\/blog.espol.edu.ec\/msas16\/wp-json\/wp\/v2\/pages\/247\/revisions"}],"predecessor-version":[{"id":249,"href":"https:\/\/blog.espol.edu.ec\/msas16\/wp-json\/wp\/v2\/pages\/247\/revisions\/249"}],"up":[{"embeddable":true,"href":"https:\/\/blog.espol.edu.ec\/msas16\/wp-json\/wp\/v2\/pages\/184"}],"wp:attachment":[{"href":"https:\/\/blog.espol.edu.ec\/msas16\/wp-json\/wp\/v2\/media?parent=247"}],"curies":[{"name":"wp","href":"https:\/\/api.w.org\/{rel}","templated":true}]}}