{"id":31,"date":"2014-11-05T04:30:45","date_gmt":"2014-11-05T04:30:45","guid":{"rendered":"http:\/\/blog.espol.edu.ec\/msbrito\/?page_id=31"},"modified":"2014-11-05T04:30:45","modified_gmt":"2014-11-05T04:30:45","slug":"supersoldados","status":"publish","type":"page","link":"https:\/\/blog.espol.edu.ec\/msbrito\/supersoldados\/","title":{"rendered":"Supersoldados"},"content":{"rendered":"<p>Esta p\u00e1gina est\u00e1 dedicada enteramente a las biograf\u00edas de aquellas personas que se dedicaron a dar lo mejor de s\u00ed en los peores momentos para cualquier hombre, en situaciones que a cualquiera de nosotros doblegar\u00eda el alma y el esp\u00edritu. Estas personas actuaron bajo toneladas de presi\u00f3n motivados por situaciones deplorables como la muerte de un amigo o la p\u00e9rdida de la libertad en su pa\u00eds.<\/p>\n<p>&nbsp;<\/p>\n<p>Cada persona en esta p\u00e1gina es digna de admiraci\u00f3n y se merece el eterno respeto de sus compatriotas porque nunca dudaron en dar la vida por el suelo que los vio nacer.<\/p>\n","protected":false},"excerpt":{"rendered":"<p>Esta p\u00e1gina est\u00e1 dedicada enteramente a las biograf\u00edas de aquellas personas que se dedicaron a dar lo mejor de s\u00ed en los peores momentos para cualquier hombre, en situaciones que a cualquiera de nosotros doblegar\u00eda el alma y el esp\u00edritu. Estas personas actuaron bajo toneladas de presi\u00f3n motivados por situaciones deplorables como la muerte de [&hellip;]<\/p>\n","protected":false},"author":9404,"featured_media":0,"parent":0,"menu_order":0,"comment_status":"open","ping_status":"open","template":"","meta":{"footnotes":""},"class_list":["post-31","page","type-page","status-publish","hentry"],"_links":{"self":[{"href":"https:\/\/blog.espol.edu.ec\/msbrito\/wp-json\/wp\/v2\/pages\/31","targetHints":{"allow":["GET"]}}],"collection":[{"href":"https:\/\/blog.espol.edu.ec\/msbrito\/wp-json\/wp\/v2\/pages"}],"about":[{"href":"https:\/\/blog.espol.edu.ec\/msbrito\/wp-json\/wp\/v2\/types\/page"}],"author":[{"embeddable":true,"href":"https:\/\/blog.espol.edu.ec\/msbrito\/wp-json\/wp\/v2\/users\/9404"}],"replies":[{"embeddable":true,"href":"https:\/\/blog.espol.edu.ec\/msbrito\/wp-json\/wp\/v2\/comments?post=31"}],"version-history":[{"count":1,"href":"https:\/\/blog.espol.edu.ec\/msbrito\/wp-json\/wp\/v2\/pages\/31\/revisions"}],"predecessor-version":[{"id":32,"href":"https:\/\/blog.espol.edu.ec\/msbrito\/wp-json\/wp\/v2\/pages\/31\/revisions\/32"}],"wp:attachment":[{"href":"https:\/\/blog.espol.edu.ec\/msbrito\/wp-json\/wp\/v2\/media?parent=31"}],"curies":[{"name":"wp","href":"https:\/\/api.w.org\/{rel}","templated":true}]}}