{"id":35,"date":"2016-11-30T04:03:19","date_gmt":"2016-11-30T04:03:19","guid":{"rendered":"http:\/\/blog.espol.edu.ec\/msmacias\/?page_id=35"},"modified":"2016-11-30T04:03:19","modified_gmt":"2016-11-30T04:03:19","slug":"sobre-mi","status":"publish","type":"page","link":"https:\/\/blog.espol.edu.ec\/msmacias\/sobre-mi\/","title":{"rendered":"SOBRE MI"},"content":{"rendered":"<p>BienvenidOs a mi mundo!!! Un blog de TEJIDO, en el que podr\u00e9is aprender a tejer gratis. Adem\u00e1s, podr\u00e9is confeccionar tu propia ropa y la de beb\u00e9s con video tutoriales paso a paso.<\/p>\n","protected":false},"excerpt":{"rendered":"<p>BienvenidOs a mi mundo!!! Un blog de TEJIDO, en el que podr\u00e9is aprender a tejer gratis. Adem\u00e1s, podr\u00e9is confeccionar tu propia ropa y la de beb\u00e9s con video tutoriales paso a paso.<\/p>\n","protected":false},"author":10793,"featured_media":0,"parent":0,"menu_order":0,"comment_status":"closed","ping_status":"closed","template":"","meta":{"footnotes":""},"class_list":["post-35","page","type-page","status-publish","hentry"],"_links":{"self":[{"href":"https:\/\/blog.espol.edu.ec\/msmacias\/wp-json\/wp\/v2\/pages\/35","targetHints":{"allow":["GET"]}}],"collection":[{"href":"https:\/\/blog.espol.edu.ec\/msmacias\/wp-json\/wp\/v2\/pages"}],"about":[{"href":"https:\/\/blog.espol.edu.ec\/msmacias\/wp-json\/wp\/v2\/types\/page"}],"author":[{"embeddable":true,"href":"https:\/\/blog.espol.edu.ec\/msmacias\/wp-json\/wp\/v2\/users\/10793"}],"replies":[{"embeddable":true,"href":"https:\/\/blog.espol.edu.ec\/msmacias\/wp-json\/wp\/v2\/comments?post=35"}],"version-history":[{"count":1,"href":"https:\/\/blog.espol.edu.ec\/msmacias\/wp-json\/wp\/v2\/pages\/35\/revisions"}],"predecessor-version":[{"id":36,"href":"https:\/\/blog.espol.edu.ec\/msmacias\/wp-json\/wp\/v2\/pages\/35\/revisions\/36"}],"wp:attachment":[{"href":"https:\/\/blog.espol.edu.ec\/msmacias\/wp-json\/wp\/v2\/media?parent=35"}],"curies":[{"name":"wp","href":"https:\/\/api.w.org\/{rel}","templated":true}]}}