{"id":38,"date":"2016-11-30T04:28:30","date_gmt":"2016-11-30T04:28:30","guid":{"rendered":"http:\/\/blog.espol.edu.ec\/msmacias\/?page_id=38"},"modified":"2016-11-30T04:28:30","modified_gmt":"2016-11-30T04:28:30","slug":"tejer","status":"publish","type":"page","link":"https:\/\/blog.espol.edu.ec\/msmacias\/tejer\/","title":{"rendered":"Tejer"},"content":{"rendered":"<div id=\"cc-m-1993640818\" class=\"j-module n j-header \">\n<h3 id=\"cc-m-header-1993640818\" class=\"\">Antes de empezar a tejer: materiales y accesorios<\/h3>\n<\/div>\n<div id=\"cc-m-1993639218\" class=\"j-module n j-textWithImage \">\n<figure class=\"cc-imagewrapper cc-m-image-align-1\" style=\"text-align: justify\"><img decoding=\"async\" id=\"cc-m-textwithimage-image-1993639218\" class=\"aligncenter\" src=\"https:\/\/image.jimcdn.com\/app\/cms\/image\/transf\/dimension=129x1024:format=png\/path\/s16588de35cd5c941\/image\/i9bf14fa00d9e4b4e\/version\/1439680761\/dos-agujas-tejiendoperu-com.png\" alt=\"dos agujas tejiendoperu.com\" \/><\/figure>\n<div>\n<div id=\"cc-m-textwithimage-1993639218\" class=\"cc-m-textwithimage-inline-rte\">\n<p>&nbsp;<\/p>\n<p><span><strong><span style=\"color: #ff9900\">\u00bfQue necesito para empezar\u00a0a tejer en dos agujas?<\/span><\/strong><\/span><\/p>\n<p>Todo lo relacionado a los materiales y accesorios que se utilizan en el tejido en dos agujas: lanas, c\u00f3mo entender las etiquetas de las lanas, medidas de las agujas, qu\u00e9 agujas utilizar, descripci\u00f3n de los principales accesorios, etc.<\/p>\n<\/div>\n<\/div>\n<\/div>\n","protected":false},"excerpt":{"rendered":"<p>Antes de empezar a tejer: materiales y accesorios &nbsp; \u00bfQue necesito para empezar\u00a0a tejer en dos agujas? Todo lo relacionado a los materiales y accesorios que se utilizan en el tejido en dos agujas: lanas, c\u00f3mo entender las etiquetas de las lanas, medidas de las agujas, qu\u00e9 agujas utilizar, descripci\u00f3n de los principales accesorios, etc.<\/p>\n","protected":false},"author":10793,"featured_media":0,"parent":0,"menu_order":0,"comment_status":"closed","ping_status":"closed","template":"","meta":{"footnotes":""},"class_list":["post-38","page","type-page","status-publish","hentry"],"_links":{"self":[{"href":"https:\/\/blog.espol.edu.ec\/msmacias\/wp-json\/wp\/v2\/pages\/38","targetHints":{"allow":["GET"]}}],"collection":[{"href":"https:\/\/blog.espol.edu.ec\/msmacias\/wp-json\/wp\/v2\/pages"}],"about":[{"href":"https:\/\/blog.espol.edu.ec\/msmacias\/wp-json\/wp\/v2\/types\/page"}],"author":[{"embeddable":true,"href":"https:\/\/blog.espol.edu.ec\/msmacias\/wp-json\/wp\/v2\/users\/10793"}],"replies":[{"embeddable":true,"href":"https:\/\/blog.espol.edu.ec\/msmacias\/wp-json\/wp\/v2\/comments?post=38"}],"version-history":[{"count":1,"href":"https:\/\/blog.espol.edu.ec\/msmacias\/wp-json\/wp\/v2\/pages\/38\/revisions"}],"predecessor-version":[{"id":39,"href":"https:\/\/blog.espol.edu.ec\/msmacias\/wp-json\/wp\/v2\/pages\/38\/revisions\/39"}],"wp:attachment":[{"href":"https:\/\/blog.espol.edu.ec\/msmacias\/wp-json\/wp\/v2\/media?parent=38"}],"curies":[{"name":"wp","href":"https:\/\/api.w.org\/{rel}","templated":true}]}}