{"id":103,"date":"2011-05-23T16:24:01","date_gmt":"2011-05-23T16:24:01","guid":{"rendered":"http:\/\/blog.espol.edu.ec\/muekita\/?page_id=103"},"modified":"2011-05-30T18:12:25","modified_gmt":"2011-05-30T18:12:25","slug":"%e2%96%ba-twitter-%e2%97%84","status":"publish","type":"page","link":"https:\/\/blog.espol.edu.ec\/muekita\/%e2%96%ba-twitter-%e2%97%84\/","title":{"rendered":"\u25ba TWITTER \u25c4"},"content":{"rendered":"<p><img loading=\"lazy\" decoding=\"async\" class=\"alignright size-full wp-image-102\" title=\"Twitter\" src=\"http:\/\/blog.espol.edu.ec\/muekita\/files\/2011\/05\/twitter1.png\" alt=\"\" width=\"563\" height=\"171\" srcset=\"https:\/\/blog.espol.edu.ec\/muekita\/files\/2011\/05\/twitter1.png 563w, https:\/\/blog.espol.edu.ec\/muekita\/files\/2011\/05\/twitter1-300x91.png 300w\" sizes=\"auto, (max-width: 563px) 100vw, 563px\" \/><br \/>\n<strong>\u00bfQu\u00e9 es Twitter?\u2026 o tuiter, o twiter, o tiuter\u2026 O como sea que decidas pronunciarlo o decirlo. Estaba demorando este art\u00edculo para terminar de dilucidar si Twitter era una moda pasajera o hab\u00eda venido para quedarse. No s\u00e9 si Twitter sobrevivir\u00e1 en su forma actual pero desde luego disponer de una conexi\u00f3n constante con la actividad de tu red de contactos parece ser ya un valor consolidado de la web 2.0. Tanto Facebook como Friendfeed son claros indicadores de esta tendencia. El \u00faltimo redise\u00f1o de Facebook ha sido una vil apropiaci\u00f3n del esp\u00edritu inicial de twitter. Twitter sobrevivir\u00e1 o no, pero desde luego ha supuesto un punto y aparte en la comunicaci\u00f3n de la red.<\/strong><\/p>\n<p><strong> <\/strong><\/p>\n<p><strong>Twitter tiene algunas ventajas inherentes al medio:<\/strong><\/p>\n<p><strong>Es inmediato.<br \/>\nLa publicaci\u00f3n es muy r\u00e1pida (requiere poca elaboraci\u00f3n).<br \/>\nObtiene seguidores de manera m\u00e1s f\u00e1cil y r\u00e1pida que un blog.<br \/>\nLa curva de adopci\u00f3n de usuarios est\u00e1 siendo muy r\u00e1pida. Mucho m\u00e1s que la blogosfera. Es m\u00e1s f\u00e1cil publicar SMSs que art\u00edculos de blogs.<br \/>\nAl principio puede ser una de las mejores fuentes de tr\u00e1fico inmediato. Cuando el tr\u00e1fico del los buscadores es pr\u00e1cticamente nulo, una cuenta de twitter puede ayudarnos a interesar a la gente por nuestra oferta.<\/strong><\/p>\n<h2>\u00bfQue otra aplicaciones ofrece?<\/h2>\n<p><strong>Twitter ofrece diversas aplicaciones que permiten desde buscar noticias o  eventos hasta encontrar trabajo, pero tambi\u00e9n existen infinidad de aplicaciones  online basados en Twitter que ampl\u00edan sus posibilidades y para todos los  Sistemas Operativos.<\/strong><\/p>\n<p><strong>Algunas de las muchas aplicaciones de Twitter son:  <em>SearchTwitter<\/em>,<em>TwitPic<\/em>, <em>Twitter Job Search<\/em> o  <em>Twitmail<\/em>. Otras aplicaciones conocidas basadas en Twitter son: <em>The  twitter Updater<\/em> , <em>Twitterrific<\/em>, <em>Twitterfox<\/em> o  <em>Twitterlicious<\/em>.<\/strong><\/p>\n<h2>\u00bfQuienes son los fundadores de twitter?<\/h2>\n<p><strong>Twitter fue fundado en marzo de 2006 por los estudiantes de la Universidad de  Cornell en Nueva York, Jack Dorsey, Biz Stone, Evan Williams y Noah Glass. Los  tres primeros cofundaron la compa\u00f1\u00eda <em>Obvious<\/em> que luego derivar\u00eda en  <em>Twitter Inc<\/em>. Actualmente el equipo de <em>Twitter<\/em> est\u00e1 compuesto  por 18 personas. Jack Dorsey es adem\u00e1s de cofundador el presidente de la  empresa.<\/strong><\/p>\n<h2>\u00bfC\u00f3mo se desarroll\u00f3 el proyecto?<\/h2>\n<p><strong>Cuando Dorsey vio la puesta en marcha de la mensajer\u00eda instant\u00e1nea, este se  pregunt\u00f3 si el rendimiento del software del usuario podr\u00eda ser compartido entre  amigos f\u00e1cilmente. Entonces se reuni\u00f3 con los fundadores de <em>Odeo<\/em> (website de agregaci\u00f3n y publicaci\u00f3n podcast) Noah Glass y Evan Williams,  quienes adem\u00e1s hab\u00edan sido previos fundadores de <em>Audioblog<\/em> y  <em>Blogger<\/em> y <em>Pyra Labs<\/em> respectivamente.<\/strong><\/p>\n<p><strong>Jack Dorsey y Biz Stone construyeron un prototipo de <em>Twitter<\/em> en  marzo de 2006 en tan s\u00f3lo dos semanas y en agosto de 2006 lanzaron el producto.  En octubre de ese mismo a\u00f1o, <em>Odeo<\/em> se reform\u00f3 pasando a llamarse  <em>Obvious Corp.<\/em> El servicio adquiri\u00f3 popularidad r\u00e1pidamente, ganando en  marzo de 2007 el premio <em>South by Southwest Web Award<\/em> en la categor\u00eda de  blog. En mayo de 2007 <em>Obvious<\/em> deriv\u00f3 en la compa\u00f1\u00eda <em>Twiter  Incorporated<\/em>.<\/strong><\/p>\n<p><strong>En Abril de 2008 <em>Twitter<\/em> anunci\u00f3 en su blog que hab\u00eda creado una  versi\u00f3n de <em>Twitter<\/em> para los usuarios japoneses.<\/strong><\/p>\n<p><strong>El r\u00e1pido crecimiento de <em>Twitter<\/em> para muchos radica en su  simplicidad. La generaci\u00f3n de SMS ha visto en este recurso una v\u00eda r\u00e1pida de  comunicaci\u00f3n a tiempo real. Pero las estad\u00edsticas han demostrado que este tipo  de fen\u00f3menos (Myspace, Facebook) han sufrido un paulatino declive alrededor del  a\u00f1o de su auge.<\/strong><\/p>\n<p><strong><br \/>\n<\/strong><\/p>\n<h2>Fuentes:<\/h2>\n<ul>\n<li><a title=\"Twitter\" href=\"http:\/\/twitter.com\/\">http:\/\/twitter.com<\/a>\/<\/li>\n<li><a title=\"blog.twitter.com\" href=\"http:\/\/blog.twitter.com\/\">http:\/\/blog.twitter.com\/<\/a><\/li>\n<li><a title=\"Twitter en Wikipedia en ingl\u00e9s\" href=\"http:\/\/en.wikipedia.org\/wiki\/Twitter\">http:\/\/en.wikipedia.org\/wiki\/Twitter<\/a><\/li>\n<li><a title=\"Jack_Dorsey\" href=\"http:\/\/en.wikipedia.org\/wiki\/Jack_Dorsey\">http:\/\/en.wikipedia.org\/wiki\/Jack_Dorsey<\/a><\/li>\n<li><a title=\"twitter job search\" href=\"http:\/\/www.twitterjobsearch.com\/static\/about\">http:\/\/www.twitterjobsearch.com\/static\/about<\/a><\/li>\n<li><a title=\"twitterlicious\" href=\"http:\/\/www.ejecutive.co.uk\/projects\/twitterlicious\">http:\/\/www.ejecutive.co.uk\/projects\/twitterlicious<\/a><\/li>\n<li><a title=\"Aplicaciones twitter\" href=\"http:\/\/www.soitu.es\/soitu\/2008\/05\/14\/vidadigital\/1210769805_995683.html\">http:\/\/www.soitu.es\/soitu\/2008\/05\/14\/vidadigital\/1210769805_995683.html<\/a><\/li>\n<li><a title=\"aplicaciones twitter\" href=\"http:\/\/www.araquebelagua.com\/2008\/01\/08\/10-aplicaciones-para-twitter\/\">http:\/\/www.araquebelagua.com\/2008\/01\/08\/10-aplicaciones-para-twitter\/<\/a><\/li>\n<\/ul>\n<p><strong><br \/>\n<\/strong><\/p>\n<p><strong><br \/>\n<\/strong><\/p>\n","protected":false},"excerpt":{"rendered":"<p>\u00bfQu\u00e9 es Twitter?\u2026 o tuiter, o twiter, o tiuter\u2026 O como sea que decidas pronunciarlo o decirlo. Estaba demorando este art\u00edculo para terminar de dilucidar si Twitter era una moda pasajera o hab\u00eda venido para quedarse. No s\u00e9 si Twitter sobrevivir\u00e1 en su forma actual pero desde luego disponer de una conexi\u00f3n constante con la [&hellip;]<\/p>\n","protected":false},"author":4616,"featured_media":0,"parent":0,"menu_order":0,"comment_status":"open","ping_status":"open","template":"","meta":{"footnotes":""},"class_list":["post-103","page","type-page","status-publish","hentry"],"_links":{"self":[{"href":"https:\/\/blog.espol.edu.ec\/muekita\/wp-json\/wp\/v2\/pages\/103","targetHints":{"allow":["GET"]}}],"collection":[{"href":"https:\/\/blog.espol.edu.ec\/muekita\/wp-json\/wp\/v2\/pages"}],"about":[{"href":"https:\/\/blog.espol.edu.ec\/muekita\/wp-json\/wp\/v2\/types\/page"}],"author":[{"embeddable":true,"href":"https:\/\/blog.espol.edu.ec\/muekita\/wp-json\/wp\/v2\/users\/4616"}],"replies":[{"embeddable":true,"href":"https:\/\/blog.espol.edu.ec\/muekita\/wp-json\/wp\/v2\/comments?post=103"}],"version-history":[{"count":15,"href":"https:\/\/blog.espol.edu.ec\/muekita\/wp-json\/wp\/v2\/pages\/103\/revisions"}],"predecessor-version":[{"id":118,"href":"https:\/\/blog.espol.edu.ec\/muekita\/wp-json\/wp\/v2\/pages\/103\/revisions\/118"}],"wp:attachment":[{"href":"https:\/\/blog.espol.edu.ec\/muekita\/wp-json\/wp\/v2\/media?parent=103"}],"curies":[{"name":"wp","href":"https:\/\/api.w.org\/{rel}","templated":true}]}}