{"id":138,"date":"2011-11-30T00:44:20","date_gmt":"2011-11-30T00:44:20","guid":{"rendered":"http:\/\/blog.espol.edu.ec\/myjarrin\/?page_id=138"},"modified":"2011-11-30T00:44:20","modified_gmt":"2011-11-30T00:44:20","slug":"investigaciones","status":"publish","type":"page","link":"https:\/\/blog.espol.edu.ec\/myjarrin\/investigaciones\/","title":{"rendered":"Investigaciones"},"content":{"rendered":"<ul>\n<li>\u00a0la\u00a0<strong>bioconcentraci\u00f3n<\/strong>\u00a0o\u00a0<strong>bioacumulaci\u00f3n<\/strong>\u00a0es el proceso de acumulaci\u00f3n de\u00a0sustancias qu\u00edmicas\u00a0en\u00a0organismos vivos\u00a0de forma que estos alcanzan\u00a0concentraciones\u00a0m\u00e1s elevadas que las concentraciones en el\u00a0medio ambiente\u00a0o en los alimentos. Las sustancias propensas a la bioacumulaci\u00f3n alcanzan concentraciones crecientes a medida que se avanza en el nivel tr\u00f3fico en lacadena alimenticia. En funci\u00f3n de cada sustancia, esta acumulaci\u00f3n puede producirse a partir de fuentes abi\u00f3ticas (suelo, aire, agua), o bi\u00f3ticas (otros organismos vivos). Las principales v\u00edas de introducci\u00f3n de una sustancia qu\u00edmica en un organismo vivo son la\u00a0respiratoria, la\u00a0digestiva\u00a0y la\u00a0integumentaria.<\/li>\n<\/ul>\n<p><img decoding=\"async\" src=\"http:\/\/blog.espol.edu.ec\/mjarrin\/files\/2011\/06\/8.jpg\" alt=\"\" \/><\/p>\n<ul>\n<li><strong>Biodiversidad<\/strong>\u00a0o\u00a0<strong>diversidad biol\u00f3gica<\/strong>\u00a0es, seg\u00fan el\u00a0Convenio Internacional sobre la Diversidad Biol\u00f3gica, el t\u00e9rmino por el que se hace referencia a la amplia variedad de seres vivos sobre la\u00a0Tierra\u00a0y los patrones naturales que la conforman, resultado de miles de millones de a\u00f1os de\u00a0evoluci\u00f3n\u00a0seg\u00fan procesos naturales y tambi\u00e9n de la influencia creciente de las actividades del\u00a0ser humano. La biodiversidad comprende igualmente la variedad deecosistemas\u00a0y las diferencias\u00a0gen\u00e9ticas\u00a0dentro de cada especie que permiten la combinaci\u00f3n de m\u00faltiples formas de vida, y cuyas mutuas interacciones con el resto del entorno fundamentan el sustento de la\u00a0vida sobre el planeta.<\/li>\n<\/ul>\n<p><img decoding=\"async\" src=\"http:\/\/upload.wikimedia.org\/wikipedia\/commons\/thumb\/6\/68\/Lynx_lynx_poing.jpg\/220px-Lynx_lynx_poing.jpg\" alt=\"\" \/><\/p>\n<ul>\n<li>La\u00a0<strong>contaminaci\u00f3n<\/strong>\u00a0es la alteraci\u00f3n nociva del estado natural de un medio como consecuencia de la introducci\u00f3n de un agente totalmente ajeno a ese medio (contaminante), causando inestabilidad, desorden, da\u00f1o o malestar en un\u00a0ecosistema, en el medio f\u00edsico o en un\u00a0ser vivo.\u00a0El contaminante puede ser unasustancia qu\u00edmica,\u00a0energ\u00eda\u00a0(como\u00a0sonido,\u00a0calor, o\u00a0luz), o incluso\u00a0genes. A veces el contaminante es una sustancia extra\u00f1a, una forma de energ\u00eda, o una sustancia natural.&nbsp;<\/li>\n<\/ul>\n<p>Es siempre una alteraci\u00f3n negativa del estado natural del\u00a0medio, y por lo general, se genera como consecuencia de la actividad humana.<\/p>\n<ul>\n<li>La\u00a0<strong>retroalimentaci\u00f3n positiva<\/strong>\u00a0o\u00a0<strong>realimentaci\u00f3n positiva<\/strong>\u00a0es uno de los mecanismos de\u00a0retroalimentaci\u00f3n\u00a0por el cual los efectos o salidas de un sistema causan efectos acumulativos a la entrada, en contraste con la\u00a0realimentaci\u00f3n negativa\u00a0donde la salida causa efectos sustractivos a la entrada. Contrario a lo que se puede creer, la realimentaci\u00f3n positiva, no siempre es deseable, ya que el adjetivo positivo, se refiere al mecanismo de funcionamiento, no al resultado.\n<p>En los\u00a0sistemas\u00a0la realimentaci\u00f3n es la que define el\u00a0equilibrio\u00a0que pueden darse. Por ejemplo con la realimentaci\u00f3n positiva, dif\u00edcilmente se logran puntos de equilibrio estable. Es posible identificar la realimentaci\u00f3n positiva en sistemas de la naturaleza como el clima, la biosfera, como tambi\u00e9n en sistemas creados por la humanidad como la econom\u00eda, la sociedad y los circuitos electr\u00f3nicos.<\/p>\n<p><img decoding=\"async\" src=\"http:\/\/1.bp.blogspot.com\/_1CKL9tqrotM\/TU70pfj6SLI\/AAAAAAAAAZY\/g-UbWlux1BI\/s1600\/Retroalimentacion+positiva.+poblacion.gif\" alt=\"\" \/><\/li>\n<li>SISTEMA DE RETROAL. NEGATIVO:<br \/>\nEs el medio m\u00e1s importante de regulaci\u00f3n utilizado por el cuerpo (de los sistemas de control) para mantener la homeostasis.<br \/>\nConsiste en una serie de reacciones del organismo por las cuales se invierte la situaci\u00f3n q origin\u00f3 el disturbio homeost\u00e1tico, de manera que aquello q ha variado, retorne a su valor medio determinado, conservando as\u00ed la homeostasis.<br \/>\nSe dice que es negativo porque la respuesta del sistema de control es negativa (opuesta) al est\u00edmulo.<\/li>\n<\/ul>\n<div><img decoding=\"async\" src=\"http:\/\/www.virtual.unal.edu.co\/cursos\/ciencias\/2000088\/lecciones\/seccion1\/capitulo02\/tema07\/imagen02.jpg\" alt=\"\" \/><\/div>\n<div>\n<ul>\n<li>Entrop\u00eda:<\/li>\n<\/ul>\n<\/div>\n<div>En\u00a0termodin\u00e1mica, la\u00a0<strong>entrop\u00eda<\/strong>\u00a0(simbolizada como\u00a0<em><strong>S<\/strong><\/em>) es una\u00a0magnitud f\u00edsica\u00a0que permite, mediante c\u00e1lculo, determinar la parte de la\u00a0energ\u00edaque no puede utilizarse para producir\u00a0trabajo. Es una\u00a0funci\u00f3n de estado\u00a0de car\u00e1cter\u00a0extensivo\u00a0y su valor, en un\u00a0sistema aislado, crece en el transcurso de un proceso que se d\u00e9 de forma natural. La entrop\u00eda describe lo irreversible de los sistemas\u00a0termodin\u00e1micos.<\/div>\n<div><img decoding=\"async\" src=\"http:\/\/cynverbd.files.wordpress.com\/2011\/05\/caratu.jpg\" alt=\"\" \/><\/div>\n","protected":false},"excerpt":{"rendered":"<p>\u00a0la\u00a0bioconcentraci\u00f3n\u00a0o\u00a0bioacumulaci\u00f3n\u00a0es el proceso de acumulaci\u00f3n de\u00a0sustancias qu\u00edmicas\u00a0en\u00a0organismos vivos\u00a0de forma que estos alcanzan\u00a0concentraciones\u00a0m\u00e1s elevadas que las concentraciones en el\u00a0medio ambiente\u00a0o en los alimentos. Las sustancias propensas a la bioacumulaci\u00f3n alcanzan concentraciones crecientes a medida que se avanza en el nivel tr\u00f3fico en lacadena alimenticia. En funci\u00f3n de cada sustancia, esta acumulaci\u00f3n puede producirse a partir de [&hellip;]<\/p>\n","protected":false},"author":7224,"featured_media":0,"parent":0,"menu_order":0,"comment_status":"open","ping_status":"open","template":"","meta":{"footnotes":""},"class_list":["post-138","page","type-page","status-publish","hentry"],"_links":{"self":[{"href":"https:\/\/blog.espol.edu.ec\/myjarrin\/wp-json\/wp\/v2\/pages\/138","targetHints":{"allow":["GET"]}}],"collection":[{"href":"https:\/\/blog.espol.edu.ec\/myjarrin\/wp-json\/wp\/v2\/pages"}],"about":[{"href":"https:\/\/blog.espol.edu.ec\/myjarrin\/wp-json\/wp\/v2\/types\/page"}],"author":[{"embeddable":true,"href":"https:\/\/blog.espol.edu.ec\/myjarrin\/wp-json\/wp\/v2\/users\/7224"}],"replies":[{"embeddable":true,"href":"https:\/\/blog.espol.edu.ec\/myjarrin\/wp-json\/wp\/v2\/comments?post=138"}],"version-history":[{"count":1,"href":"https:\/\/blog.espol.edu.ec\/myjarrin\/wp-json\/wp\/v2\/pages\/138\/revisions"}],"predecessor-version":[{"id":139,"href":"https:\/\/blog.espol.edu.ec\/myjarrin\/wp-json\/wp\/v2\/pages\/138\/revisions\/139"}],"wp:attachment":[{"href":"https:\/\/blog.espol.edu.ec\/myjarrin\/wp-json\/wp\/v2\/media?parent=138"}],"curies":[{"name":"wp","href":"https:\/\/api.w.org\/{rel}","templated":true}]}}