{"id":143,"date":"2011-11-30T20:18:29","date_gmt":"2011-11-30T20:18:29","guid":{"rendered":"http:\/\/blog.espol.edu.ec\/myjarrin\/?page_id=143"},"modified":"2011-11-30T20:18:29","modified_gmt":"2011-11-30T20:18:29","slug":"ciclos-naturales","status":"publish","type":"page","link":"https:\/\/blog.espol.edu.ec\/myjarrin\/ciclos-naturales\/","title":{"rendered":"Ciclos Naturales"},"content":{"rendered":"<p align=\"center\"><strong><span style=\"text-decoration: underline\">Ciclo del Agua \u2013 Ciclo Hidrol\u00f3gico<\/span><\/strong><\/p>\n<p>Proceso de circulaci\u00f3n\u00a0entre los distintos compartimentos de la\u00a0hidr\u00f3sfera. Se trata de un\u00a0ciclo biogeoqu\u00edmico\u00a0en el que hay una intervenci\u00f3n m\u00ednima de\u00a0reacciones qu\u00edmicas, y el agua solamente se traslada de unos lugares a otros o cambia de\u00a0estado f\u00edsico.<\/p>\n<p align=\"center\"><span style=\"text-decoration: underline\">La cantidad total de agua en el planeta no cambia.<\/span><\/p>\n<p align=\"center\">\n<p>&nbsp;<\/p>\n<p>&nbsp;<\/p>\n<p><strong><span style=\"text-decoration: underline\"><img decoding=\"async\" class=\"aligncenter\" src=\"http:\/\/www.jmarcano.com\/graficos\/images\/ciclo_agua.jpg\" alt=\"\" \/><\/span><\/strong><\/p>\n<p><strong><span style=\"text-decoration: underline\">Ciclo del Agua:<\/span><\/strong><\/p>\n<p>Comienza con la evaporaci\u00f3n del agua desde la superficie del oc\u00e9ano. A medida que se eleva, el\u00a0aire\u00a0humedecido se enfr\u00eda y el vapor se transforma en agua: es la condensaci\u00f3n. Las gotas se juntan y forman una nube. Luego, caen por su propio peso: es la\u00a0precipitaci\u00f3n. Si en la atm\u00f3sfera hace mucho fr\u00edo, el agua cae como nieve o granizo. Si es m\u00e1s c\u00e1lida, caer\u00e1n gotas de lluvia.<\/p>\n<p>Una parte del agua que llega a la superficie terrestre ser\u00e1 aprovechada por los\u00a0seres vivos; otra escurrir\u00e1 por el terreno hasta llegar a un r\u00edo, un\u00a0lago\u00a0o el oc\u00e9ano. A este fen\u00f3meno se le conoce como escorrent\u00eda. Otro porcentaje del agua se filtrar\u00e1 a trav\u00e9s del suelo, formando capas de agua subterr\u00e1nea, conocidas como\u00a0acu\u00edferos. Este proceso es la\u00a0percolaci\u00f3n. Tarde o temprano, toda esta agua volver\u00e1 nuevamente a la atm\u00f3sfera, debido principalmente a la evaporaci\u00f3n.<\/p>\n<p>&nbsp;<\/p>\n<p><strong><span style=\"text-decoration: underline\">Fases del Ciclo del Agua:<\/span><\/strong><\/p>\n<p><strong>1\u00ba\u00a0<\/strong><strong>Evaporaci\u00f3n<\/strong><strong>:<\/strong> El agua se evapora en la superficie oce\u00e1nica, sobre la superficie terrestre y tambi\u00e9n por los organismos, en el fen\u00f3meno de la\u00a0transpiraci\u00f3n\u00a0en\u00a0plantas\u00a0y\u00a0sudoraci\u00f3n\u00a0en\u00a0animales. Los seres vivos, especialmente las plantas, contribuyen con un 10% al agua que se incorpora a la atm\u00f3sfera.<\/p>\n<p><strong>2\u00ba\u00a0<\/strong><strong>Condensaci\u00f3n<\/strong><strong>:<\/strong> El agua en forma de vapor sube y se condensa formando las\u00a0nubes, constituidas por agua en peque\u00f1as gotas.<\/p>\n<p><strong>3\u00ba\u00a0<\/strong><strong>Precipitaci\u00f3n<\/strong><strong>:<\/strong> Se produce cuando las gotas de agua que forman las nubes se enfr\u00edan aceler\u00e1ndose la condensaci\u00f3n y uni\u00e9ndose las gotitas de agua para formar gotas mayores que terminan por precipitarse a la superficie terrestre en raz\u00f3n a su mayor peso. La precipitaci\u00f3n puede ser s\u00f3lida (nieve o granizo) o l\u00edquida (lluvia).<\/p>\n<p><strong>4\u00ba\u00a0<\/strong><strong>Infiltraci\u00f3n<\/strong><strong>:<\/strong>\u00a0Ocurre cuando el agua que alcanza el suelo, penetra a trav\u00e9s de sus\u00a0poros\u00a0y pasa a ser subterr\u00e1nea. Parte del agua infiltrada vuelve a la atm\u00f3sfera por evaporaci\u00f3n o por la transpiraci\u00f3n de las plantas, que la extraen con ra\u00edces m\u00e1s o menos extensas y profundas. Otra parte se incorpora a los acu\u00edferos, niveles que contienen agua estancada o circulante.<\/p>\n<p><strong>5\u00ba\u00a0<\/strong><strong>Escorrent\u00eda<\/strong><strong>:<\/strong> Diversos medios por los que el agua l\u00edquida se desliza cuesta abajo por la superficie del terreno. En los climas no excepcionalmente secos, incluidos la mayor\u00eda de los llamados\u00a0des\u00e9rticos, la escorrent\u00eda es el principal\u00a0agente geol\u00f3gico de erosi\u00f3n\u00a0y de transporte de\u00a0sedimentos.<\/p>\n<p><strong>6\u00ba\u00a0<\/strong><strong>Circulaci\u00f3n subterr\u00e1nea<\/strong><strong>:<\/strong><\/p>\n<p><strong><\/strong><strong>\u00a0<\/strong>Se produce a favor de la\u00a0gravedad, como la escorrent\u00eda superficial. Se presenta en dos modalidades:<\/p>\n<ul>\n<li>La que se da en la zona vadosa, especialmente en rocas\u00a0karstificadas, como son a menudo las\u00a0calizas, y es una circulaci\u00f3n siempre pendiente abajo.<\/li>\n<li>La que ocurre en los acu\u00edferos en forma de agua intersticial que llena los poros de una roca\u00a0permeable, de la cual puede incluso remontar por fen\u00f3menos en los que intervienen la presi\u00f3n\u00a0y la\u00a0capilaridad.<\/li>\n<\/ul>\n<p><strong>7\u00ba\u00a0<\/strong><strong>Fusi\u00f3n<\/strong><strong>:<\/strong> Este cambio de estado se produce cuando la nieve pasa a estado l\u00edquido al producirse el deshielo.<\/p>\n<p><strong>8\u00ba\u00a0<\/strong><strong>Solidificaci\u00f3n<\/strong><strong>: <\/strong>\u00a0Al disminuir la\u00a0temperatura\u00a0en el interior de una nube por debajo de 0\u00b0 C, el vapor de agua o el agua misma se congelan, precipit\u00e1ndose en forma de nieve o granizo, se trata de una solidificaci\u00f3n del agua de la nube que se presenta por lo general a baja altura.<\/p>\n<p>&nbsp;<\/p>\n<p align=\"center\"><strong><span style=\"text-decoration: underline\">\u00a0<\/span><\/strong><\/p>\n<p align=\"center\"><strong><span style=\"text-decoration: underline\">Ciclo del Carbono <\/span><\/strong><\/p>\n<p align=\"center\"><img decoding=\"async\" src=\"http:\/\/www.monografias.com\/trabajos45\/ciclos-biogeoquimicos\/Image6438.gif\" alt=\"\" \/><\/p>\n<p>Sistema de las transformaciones qu\u00edmicas de compuestos que contienen carbono\u00a0en los intercambios entre\u00a0biosfera,\u00a0atm\u00f3sfera,\u00a0hidrosfera\u00a0y\u00a0litosfera. Es un ciclo biogeoqu\u00edmico de gran importancia para la regulaci\u00f3n del\u00a0clima de la Tierra, y en \u00e9l se ven implicadas actividades b\u00e1sicas para el sostenimiento de la vida.<strong><\/strong><\/p>\n<p><strong>Tipos de Ciclos:<\/strong><\/p>\n<p><strong>Ciclo biol\u00f3gico<\/strong><\/p>\n<p>Comprende los intercambios de carbono (CO<sub>2<\/sub>) entre los\u00a0seres vivos\u00a0y la\u00a0atm\u00f3sfera, es decir, la\u00a0fotos\u00edntesis, proceso mediante el cual el carbono queda retenido en las\u00a0plantas\u00a0y la\u00a0respiraci\u00f3n\u00a0que lo devuelve a la atm\u00f3sfera. Este ciclo es relativamente r\u00e1pido, estim\u00e1ndose que la renovaci\u00f3n del carbono atmosf\u00e9rico se produce cada 20\u00a0a\u00f1os.<\/p>\n<p>&nbsp;<\/p>\n<p><strong>Ciclo biogeoqu\u00edmico<\/strong><\/p>\n<p>Regula la transferencia de carbono entre la Hidr\u00f3sfera, la atm\u00f3sfera y la litosfera (oc\u00e9anos y suelo). El CO<sub>2<\/sub>\u00a0atmosf\u00e9rico se disuelve con facilidad en agua, formando\u00a0\u00e1cido carb\u00f3nico\u00a0que ataca los silicatos\u00a0que constituyen las rocas, resultando\u00a0iones\u00a0de bicarbonato. Estos iones disueltos en agua alcanzan el mar, son asimilados por los animales para formar sus\u00a0tejidos, y tras su muerte se depositan en los sedimentos. El retorno a la atm\u00f3sfera se produce en las\u00a0erupciones \u00a0volc\u00e1nicas\u00a0tras la fusi\u00f3n de las rocas que lo contienen. Este \u00faltimo ciclo es de larga duraci\u00f3n, al verse implicados los mecanismos geol\u00f3gicos. Adem\u00e1s, hay ocasiones en las que la materia org\u00e1nica queda sepultada sin contacto con el ox\u00edgeno que la descomponga, produci\u00e9ndose as\u00ed la\u00a0fermentaci\u00f3n\u00a0que lo transforma en carb\u00f3n, petr\u00f3leo y gas natural.<\/p>\n<p align=\"center\"><strong><span style=\"text-decoration: underline\">\u00a0<\/span><\/strong><\/p>\n<p align=\"center\"><strong><span style=\"text-decoration: underline\">Ciclo del Nitr\u00f3geno<\/span><\/strong><\/p>\n<p align=\"center\">\u00a0<img decoding=\"async\" src=\"http:\/\/www.monografias.com\/trabajos32\/ambiente-enfoque-quimico\/Image4258.gif\" alt=\"\" \/><\/p>\n<p>El ciclo del nitr\u00f3geno tiene cinco etapas, de \u00a0las cuales s\u00f3lo la asimilaci\u00f3n no es realizada por bacterias: <strong><\/strong><\/p>\n<p>&nbsp;<\/p>\n<p><strong>1. Fijaci\u00f3n<\/strong>: La fijaci\u00f3n biol\u00f3gica del nitr\u00f3geno consiste en la incorporaci\u00f3n del nitr\u00f3geno atmosf\u00e9rico, a las plantas, gracias a algunos microorganismos, principalmente bacterias y cianobacterias que se encuentran presentes en el suelo y en ambientes acu\u00e1ticos. Esta fijaci\u00f3n se da por medio de \u00a0la conversi\u00f3n de nitr\u00f3geno gaseoso (N2) en amoniaco (NH3) o nitratos (NO3-).<\/p>\n<p><strong>2. Nitrificaci\u00f3n o mineralizaci\u00f3n: <\/strong>Solamente existen dos formas de nitr\u00f3geno que son asimilables por las plantas, el nitrato (NO3-) y el amonio (NH4+). <strong><\/strong><\/p>\n<p>Las ra\u00edces pueden\u00a0 absorber\u00a0 ambas formas. El amonio es convertido a nitrato gracias a los microorganismos por medio de la nitrificaci\u00f3n. La modificaci\u00f3n de NH4+ a NO3- depende de la temperatura del suelo, este proceso se ve completado entre dos a cuatro semanas. Esta fase es realizada en dos pasos por diferentes bacterias: primero, las bacterias del suelo\u00a0 Nitrosomonas y\u00a0 Nitrococcus convierten el amonio en nitrito (NO2-), luego \u00a0otra bacteria del suelo, Nitrobacter, oxida el nitrito en nitrato. La nitrificaci\u00f3n les entrega energ\u00eda a las bacterias.<\/p>\n<p><strong>3. Asimilaci\u00f3n<\/strong>: Ocurre cuando las plantas absorben a trav\u00e9s de sus ra\u00edces, nitrato (NO3-) o amoniaco (NH3). Luego, estas mol\u00e9culas son incorporadas tanto a las prote\u00ednas, como a los \u00e1cidos nucle\u00edcos de las plantas. Cuando los animales consumen los tejidos de las plantas, tambi\u00e9n asimilan nitr\u00f3geno y lo convierten en compuestos animales.<\/p>\n<p><strong>4. Amonificaci\u00f3n<\/strong>: Cuando los organismos producen desechos que contienen nitr\u00f3geno como la orina (urea), los desechos de las aves (\u00e1cido \u00farico), as\u00ed como de los organismos muertos, \u00e9stos son descompuestos por bacterias presentes en el suelo y en el agua, liberando el nitr\u00f3geno al medio, bajo la forma de amonio (NH3). En este nuevo proceso de integraci\u00f3n de nitr\u00f3geno al ciclo, las bacterias fijadoras llevan a cabo la digesti\u00f3n enzim\u00e1tica, por lo que el amonio se degrada a compuestos aminados, como proteosas, peptonas y al final, en amino\u00e1cidos. Es por esta raz\u00f3n que el proceso se llama aminificaci\u00f3n o aminizaci\u00f3n.<\/p>\n<p><strong>5. Inmovilizaci\u00f3n:<\/strong> Es el proceso contrario a la mineralizaci\u00f3n, por medio del cual las formas inorg\u00e1nicas (NH4+ y NO3-) son convertidas a nitr\u00f3geno org\u00e1nico y, por \u00a0tanto, no asimilables.<\/p>\n<p><strong>6. Desnitrificaci\u00f3n:<\/strong> La reducci\u00f3n de los nitratos (NO3-) a nitr\u00f3geno gaseoso (N2), y amonio (NH4+) a amoniaco (NH3), se llama desnitrificaci\u00f3n, y es llevado a cabo por las bacterias desnitrificadoras que revierten la acci\u00f3n de las fijadoras de nitr\u00f3geno, regresando el nitr\u00f3geno a la atm\u00f3sfera en forma gaseosa. Este proceso ocasiona una perdida de nitr\u00f3geno para el ecosistema; ocurre donde existe un exceso de materia org\u00e1nica y las condiciones son anaerobias, adem\u00e1s de que hay poca disponibilidad de agua y un alto pH, aunado a los escurrimientos de los fertilizantes al suelo.<\/p>\n<p>El fen\u00f3meno de la desnitrificaci\u00f3n se debe, a que en condiciones de mucha humedad en el suelo, la falta de ox\u00edgeno obliga a ciertos microorganismos a emplear nitrato en vez de ox\u00edgeno en su respiraci\u00f3n.<\/p>\n<p>&nbsp;<\/p>\n<p>&nbsp;<\/p>\n<p align=\"center\"><strong><span style=\"text-decoration: underline\">Ciclo del F\u00f3sforo<\/span><\/strong><\/p>\n<p align=\"center\"><img decoding=\"async\" src=\"http:\/\/www.elergonomista.com\/biologia\/ciclof.gif\" alt=\"\" \/><\/p>\n<p>Durante el ciclo del fosforo se produce la mineralizaci\u00f3n del f\u00f3sforo, se solubilizan las formas insolubles as\u00ed como la asimilaci\u00f3n de los fosfatos inorganicos.<\/p>\n<p>Proceso:<\/p>\n<p><strong>Mineralizaci\u00f3n:<\/strong> Los seres vivos tienen fosforo inorganico. El proceso de mineralizaci\u00f3n se encuentra en relaci\u00f3n con la degradaci\u00f3n de la materia org\u00e1nica por los microorganismos. Las situaciones que favorecen esta degradaci\u00f3n: un sustrato carbonado degradable y la presencia de nitrogeno.<\/p>\n<p><strong>Solubilizaci\u00f3n:<\/strong> El f\u00f3sforo se encuentra en continuo movimiento desde su forma soluble a deposito de f\u00f3sforo. Muchas bacterias aut\u00f3trofas se encargan de llevar a cabo la solubilizaci\u00f3n. Las mismas bacterias que intervienen en el paso de\u00a0ion amonio a \u00e1cido nitrico\u00a0y el paso deazufre reducido a \u00e1cido sulfurico\u00a0intervienen tambi\u00e9n en la solubilidad del f\u00f3sforo.<\/p>\n<p><strong>Inmovilizaci\u00f3n:<\/strong> El f\u00f3sforo inorg\u00e1nico se transforma en f\u00f3sforo org\u00e1nico a trav\u00e9s de diferentes seres vivos (en el agua las algas llevan a cabo se absorcion, en el suelo las bacterias se encargan de su fijaci\u00f3n).<\/p>\n<p>&nbsp;<\/p>\n<p>&nbsp;<\/p>\n<p align=\"center\"><strong><span style=\"text-decoration: underline\">Ciclo del Azufre<\/span><\/strong><\/p>\n<p align=\"center\">\n<p><img decoding=\"async\" class=\"aligncenter\" src=\"http:\/\/quimica.laguia2000.com\/wp-content\/uploads\/2010\/06\/CICLO2.jpg\" alt=\"\" \/>El azufre presenta un ciclo que pasa entre el aire y los sedimentos, siendo que existe un gran dep\u00f3sito en la corteza terrestre y en los sedimentos y un dep\u00f3sito menor en la atm\u00f3sfera.Es un elemento relativamente abundante en la corteza terrestre, ocurriendo principalmente en la forma de sulfatos solubles. Gran parte de los reservorios de azufre inerte est\u00e1 en rocas sulfurosas, dep\u00f3sito de elementos sulfurosos y combustibles f\u00f3siles.<\/p>\n<p>Se puede afirmar que el ciclo del azufre ocurre en la siguiente secuencia:<\/p>\n<p>Como el azufre en su forma elemental no puede ser utilizado por organismos superiores, para que su asimilaci\u00f3n sea posible es necesario que microorganismos oxiden la sulfa elemental en sulfatos. En este proceso pueden participar bacterias fotopigmentadas de los g\u00e9neros Chlorobium y Pelodityon. Sin embargo, las m\u00e1s activas en este proceso son las fotopigmentadas en especial las del g\u00e9nero Thiobacillus, que pueden general \u00e1cido sulf\u00farico durante el proceso.<\/p>\n<p>El sulfato generado puede ser asimilado directamente por vegetales, algas y diversos organismos heterotr\u00f3ficos siendo incorporados en amino\u00e1cidos sulfurados. El mismo sulfato tambi\u00e9n puede ser desasimilado formando H2S.<\/p>\n<p>Reduccion Desasimilativa del Sulfato: Etapa en la cual participan las bacterias del g\u00e9nero Desulfovibrio. En este proceso el i\u00f3n sulfato act\u00faa como un agente oxidante para la desasimilaci\u00f3n de materia org\u00e1nica, as\u00ed como el ox\u00edgeno en la respiraci\u00f3n convencional.<\/p>\n<p>Las bacterias reductoras del sulfato, utilizan este ion que son reducidos a sulfato de hidr\u00f3geno (H2S). Su papel en el ciclo del azufre puede ser comparado al papel de las bacterias reductoras de nitrato en el ciclo del nitr\u00f3geno. Adem\u00e1s de las bacterias Desulfovibrio, otras bacterias anaer\u00f3bicas restringidas y morfol\u00f3gicamente diversificadas participan del proceso, siendo Desulfomaculum y Desulfobulbus, las m\u00e1s conocidas.<\/p>\n<p>El gas sulfh\u00eddrico resultante de la reducci\u00f3n de los sulfatos y de la descomposici\u00f3n de amino\u00e1cidos es oxidado en azufre elemental. Esta reacci\u00f3n es t\u00edpica de ciertas bacterias oxidantes del azufre no fotopigmentadas, como Beggiatoa, Thiothixis, Thioploca e Thiobacillus.<\/p>\n<p align=\"center\">\n<p align=\"center\">\n<p align=\"center\"><strong><span style=\"text-decoration: underline\">\u00a0<\/span><\/strong><\/p>\n<p align=\"center\">\n<p align=\"center\">\n<p align=\"center\">\n<p align=\"center\"><strong><span style=\"text-decoration: underline\">Ciclo del Oxigeno<\/span><\/strong><\/p>\n<p align=\"center\">\n<p><img decoding=\"async\" class=\"aligncenter\" src=\"http:\/\/www2.epm.com.co\/bibliotecaepm\/biblioteca_virtual\/images\/ciclodeloxigeno.png\" alt=\"\" \/><\/p>\n<p>El ox\u00edgeno,<strong> <\/strong>es el elemento qu\u00edmico m\u00e1s abundante en los seres vivos. Forma parte del agua y de todo tipo de mol\u00e9culas org\u00e1nicas. Como mol\u00e9cula, en forma de O2, su presencia en la atm\u00f3sfera se debe a la actividad fotosint\u00e9tica de primitivos organismos. Al principio debi\u00f3 ser una sustancia t\u00f3xica para la vida, por su gran poder oxidante. Todav\u00eda ahora, una atm\u00f3sfera de ox\u00edgeno puro produce da\u00f1os irreparables en las c\u00e9lulas.<\/p>\n<p>Pero el metabolismo celular, se adapt\u00f3 a usar la mol\u00e9cula de ox\u00edgeno como agente oxidante de los alimentos abriendo as\u00ed, una nueva v\u00eda de obtenci\u00f3n de energ\u00eda mucho m\u00e1s eficiente que la anaer\u00f3bica.<\/p>\n<p>La reserva fundamental de ox\u00edgeno utilizable por los seres vivos, est\u00e1 en la atm\u00f3sfera. Su ciclo est\u00e1 estrechamente vinculado al del carbono, pues el proceso por el que el carbono es asimilado por las plantas (fotos\u00edntesis), supone tambi\u00e9n devoluci\u00f3n del ox\u00edgeno a la atm\u00f3sfera, mientras que el proceso de respiraci\u00f3n<strong> <\/strong>ocasiona el efecto contrario.<\/p>\n<p>Otra parte del ciclo del ox\u00edgeno que tiene un notable inter\u00e9s indirecto para los seres vivos de la superficie de la Tierra es su conversi\u00f3n en ozono. Las mol\u00e9culas de O2, activadas por las radiaciones muy energ\u00e9ticas de onda corta, se rompen en \u00e1tomos libres de ox\u00edgeno que reaccionan con otras mol\u00e9culas de O2, formando O3 (ozono). Esta reacci\u00f3n es reversible, de forma que el ozono, absorbiendo radiaciones ultravioletas vuelve a convertirse en O2.<\/p>\n<p align=\"center\"><img decoding=\"async\" src=\"http:\/\/www.lenntech.com\/espanol\/images\/ciclo-2.jpg\" alt=\"\" \/><\/p>\n<p align=\"center\"><strong><span style=\"text-decoration: underline\"><br \/>\n<\/span><\/strong><\/p>\n<p><strong><span style=\"text-decoration: underline\">Fuente:<\/span><\/strong><\/p>\n<p>www.wikipedia.com<\/p>\n<p>http:\/\/quimica.laguia2000.com\/general\/ciclo-del-azufre<\/p>\n","protected":false},"excerpt":{"rendered":"<p>Ciclo del Agua \u2013 Ciclo Hidrol\u00f3gico Proceso de circulaci\u00f3n\u00a0entre los distintos compartimentos de la\u00a0hidr\u00f3sfera. Se trata de un\u00a0ciclo biogeoqu\u00edmico\u00a0en el que hay una intervenci\u00f3n m\u00ednima de\u00a0reacciones qu\u00edmicas, y el agua solamente se traslada de unos lugares a otros o cambia de\u00a0estado f\u00edsico. La cantidad total de agua en el planeta no cambia. &nbsp; &nbsp; Ciclo [&hellip;]<\/p>\n","protected":false},"author":7224,"featured_media":0,"parent":0,"menu_order":0,"comment_status":"open","ping_status":"open","template":"","meta":{"footnotes":""},"class_list":["post-143","page","type-page","status-publish","hentry"],"_links":{"self":[{"href":"https:\/\/blog.espol.edu.ec\/myjarrin\/wp-json\/wp\/v2\/pages\/143","targetHints":{"allow":["GET"]}}],"collection":[{"href":"https:\/\/blog.espol.edu.ec\/myjarrin\/wp-json\/wp\/v2\/pages"}],"about":[{"href":"https:\/\/blog.espol.edu.ec\/myjarrin\/wp-json\/wp\/v2\/types\/page"}],"author":[{"embeddable":true,"href":"https:\/\/blog.espol.edu.ec\/myjarrin\/wp-json\/wp\/v2\/users\/7224"}],"replies":[{"embeddable":true,"href":"https:\/\/blog.espol.edu.ec\/myjarrin\/wp-json\/wp\/v2\/comments?post=143"}],"version-history":[{"count":1,"href":"https:\/\/blog.espol.edu.ec\/myjarrin\/wp-json\/wp\/v2\/pages\/143\/revisions"}],"predecessor-version":[{"id":144,"href":"https:\/\/blog.espol.edu.ec\/myjarrin\/wp-json\/wp\/v2\/pages\/143\/revisions\/144"}],"wp:attachment":[{"href":"https:\/\/blog.espol.edu.ec\/myjarrin\/wp-json\/wp\/v2\/media?parent=143"}],"curies":[{"name":"wp","href":"https:\/\/api.w.org\/{rel}","templated":true}]}}