{"id":15,"date":"2011-11-29T05:27:59","date_gmt":"2011-11-29T05:27:59","guid":{"rendered":"http:\/\/blog.espol.edu.ec\/myjarrin\/?page_id=15"},"modified":"2011-11-29T23:49:09","modified_gmt":"2011-11-29T23:49:09","slug":"visita-bosque-protector-de-la-espol","status":"publish","type":"page","link":"https:\/\/blog.espol.edu.ec\/myjarrin\/visita-bosque-protector-de-la-espol\/","title":{"rendered":"Visita Bosque Protector de la ESPOL"},"content":{"rendered":"<p>&nbsp;<\/p>\n<p>\"Al rededor de 2\u00a0d\u00edas\u00a0se\u00a0tomar\u00eda\u00a0una personar en caminar bordeando el limite del\u00a0bosque\u00a0protector que tiene a cargo la ESPOL\" nos relataba el Se\u00f1or que nos\u00a0recibi\u00f3\u00a0en nuestra visita a las instalaciones de informaci\u00f3n sobre este lugar; pudimos apreciar varios sistemas de conservacion del habitad que el personal aplica.<\/p>\n<p><a href=\"http:\/\/blog.espol.edu.ec\/myjarrin\/files\/2011\/11\/P1000248.jpg\"><img loading=\"lazy\" decoding=\"async\" class=\"aligncenter size-medium wp-image-84\" src=\"http:\/\/blog.espol.edu.ec\/myjarrin\/files\/2011\/11\/P1000248-300x225.jpg\" alt=\"\" width=\"300\" height=\"225\" srcset=\"https:\/\/blog.espol.edu.ec\/myjarrin\/files\/2011\/11\/P1000248-300x225.jpg 300w, https:\/\/blog.espol.edu.ec\/myjarrin\/files\/2011\/11\/P1000248-1024x768.jpg 1024w\" sizes=\"auto, (max-width: 300px) 100vw, 300px\" \/><\/a><\/p>\n<p><a href=\"http:\/\/blog.espol.edu.ec\/myjarrin\/files\/2011\/11\/P1000148.jpg\"><img loading=\"lazy\" decoding=\"async\" class=\"aligncenter size-medium wp-image-88\" src=\"http:\/\/blog.espol.edu.ec\/myjarrin\/files\/2011\/11\/P1000148-300x225.jpg\" alt=\"\" width=\"300\" height=\"225\" srcset=\"https:\/\/blog.espol.edu.ec\/myjarrin\/files\/2011\/11\/P1000148-300x225.jpg 300w, https:\/\/blog.espol.edu.ec\/myjarrin\/files\/2011\/11\/P1000148-1024x768.jpg 1024w\" sizes=\"auto, (max-width: 300px) 100vw, 300px\" \/><\/a><\/p>\n<p>A continuaci\u00f3n\u00a0tendran a\u00a0disposici\u00f3n\u00a0una serie de datos curiosos sobre las\u00a0practicas\u00a0desarrolladas\u00a0en este lugar:<\/p>\n<p>FABRICACI\u00d3N\u00a0DE HOJAS ECOL\u00d3GICAS<\/p>\n<p>La maquina tiene la forma de una licuadora invertida con\u00a0conexiones\u00a0a otro peque\u00f1o recipiente en el cual se receptara la mezcla finalizada. Funciona a base de luz\u00a0el\u00e9ctrica\u00a0y no mide mas de un metro de ancho y medio metro de alto.<\/p>\n<p>Se necesita una\u00a0porci\u00f3n\u00a0de 11 hojas en 4 litros de agua para empezar a licuar la primera mezcla de la cual\u00a0saldr\u00e1n\u00a06 hojas ecol\u00f3gicas.<\/p>\n<ul>\n<li>El proceso inicia con la\u00a0preparaci\u00f3n\u00a0de los ingredientes:\u00a0troceo\u00a0los pedazos de papel y mezclo con agua.<\/li>\n<li>Empiezo con la activaci\u00f3n\u00a0de la maquina que procede a moler el papel mezclado con agua dentro del mismo, de este proceso obtenemos una pulpa que debe ser dejada en reposo por 5 minutos aproximadamente.<\/li>\n<li>Introduzco\u00a0el molde (saranda) de papel en el recipiente donde se encuentra la pulpa.<\/li>\n<li>Con mucho y cuidado y lentitud procedo a sacar el molde del recipiente, teniendo cuidado con no da\u00f1ar el prototipo.<\/li>\n<li>coloco en la parte superior el segundo molde (saranda) para fijar el papel entre los mismo.<\/li>\n<li>Retiramos\u00a0exceso\u00a0de agua con una especia de brocha que ayudara a sacar la mayor cantidad de agua sobrante.<\/li>\n<li>Dejo el molde secar por una hora o mas aproximadamente dependiendo del clima, en caso de querer el papel seco en menos tiempo se cuenta con una maquina de secado\u00a0instant\u00e1neo.<\/li>\n<\/ul>\n<p>MAQUINA DE SECADO:<\/p>\n<p>Prototipo que cuenta con una cavidad de entrada y otra de salida que mediante\u00a0succi\u00f3n\u00a0absorbe\u00a0el agua sobrante de los moldes donde se encuentra la nueva hoja; funciona con luz\u00a0el\u00e9ctrica\u00a0y su proceso no dura mas de 5 minutos.<\/p>\n<p><a href=\"http:\/\/blog.espol.edu.ec\/myjarrin\/files\/2011\/11\/P1000150.jpg\"><img loading=\"lazy\" decoding=\"async\" class=\"aligncenter size-medium wp-image-90\" src=\"http:\/\/blog.espol.edu.ec\/myjarrin\/files\/2011\/11\/P1000150-300x225.jpg\" alt=\"\" width=\"300\" height=\"225\" srcset=\"https:\/\/blog.espol.edu.ec\/myjarrin\/files\/2011\/11\/P1000150-300x225.jpg 300w, https:\/\/blog.espol.edu.ec\/myjarrin\/files\/2011\/11\/P1000150-1024x768.jpg 1024w\" sizes=\"auto, (max-width: 300px) 100vw, 300px\" \/><\/a><a href=\"http:\/\/blog.espol.edu.ec\/myjarrin\/files\/2011\/11\/P1000151.jpg\"><img loading=\"lazy\" decoding=\"async\" class=\"alignleft size-medium wp-image-91\" src=\"http:\/\/blog.espol.edu.ec\/myjarrin\/files\/2011\/11\/P1000151-300x168.jpg\" alt=\"\" width=\"300\" height=\"168\" srcset=\"https:\/\/blog.espol.edu.ec\/myjarrin\/files\/2011\/11\/P1000151-300x168.jpg 300w, https:\/\/blog.espol.edu.ec\/myjarrin\/files\/2011\/11\/P1000151-1024x576.jpg 1024w, https:\/\/blog.espol.edu.ec\/myjarrin\/files\/2011\/11\/P1000151.jpg 1280w\" sizes=\"auto, (max-width: 300px) 100vw, 300px\" \/><\/a><a href=\"http:\/\/blog.espol.edu.ec\/myjarrin\/files\/2011\/11\/P1000152.jpg\"><img loading=\"lazy\" decoding=\"async\" class=\"alignleft size-medium wp-image-92\" src=\"http:\/\/blog.espol.edu.ec\/myjarrin\/files\/2011\/11\/P1000152-300x225.jpg\" alt=\"\" width=\"300\" height=\"225\" srcset=\"https:\/\/blog.espol.edu.ec\/myjarrin\/files\/2011\/11\/P1000152-300x225.jpg 300w, https:\/\/blog.espol.edu.ec\/myjarrin\/files\/2011\/11\/P1000152-1024x768.jpg 1024w\" sizes=\"auto, (max-width: 300px) 100vw, 300px\" \/><\/a><\/p>\n<p>&nbsp;<\/p>\n<p>&nbsp;<\/p>\n<p>&nbsp;<\/p>\n<p>&nbsp;<\/p>\n<p>&nbsp;<\/p>\n<p>&nbsp;<\/p>\n<p><a href=\"http:\/\/blog.espol.edu.ec\/myjarrin\/files\/2011\/11\/P10001532.jpg\"><img loading=\"lazy\" decoding=\"async\" class=\"alignleft size-medium wp-image-100\" src=\"http:\/\/blog.espol.edu.ec\/myjarrin\/files\/2011\/11\/P10001532-300x225.jpg\" alt=\"\" width=\"300\" height=\"225\" srcset=\"https:\/\/blog.espol.edu.ec\/myjarrin\/files\/2011\/11\/P10001532-300x225.jpg 300w, https:\/\/blog.espol.edu.ec\/myjarrin\/files\/2011\/11\/P10001532-1024x768.jpg 1024w\" sizes=\"auto, (max-width: 300px) 100vw, 300px\" \/><\/a><\/p>\n<p><a href=\"http:\/\/blog.espol.edu.ec\/myjarrin\/files\/2011\/11\/P1000156.jpg\"><img loading=\"lazy\" decoding=\"async\" class=\"alignleft size-medium wp-image-101\" src=\"http:\/\/blog.espol.edu.ec\/myjarrin\/files\/2011\/11\/P1000156-300x225.jpg\" alt=\"\" width=\"300\" height=\"225\" srcset=\"https:\/\/blog.espol.edu.ec\/myjarrin\/files\/2011\/11\/P1000156-300x225.jpg 300w, https:\/\/blog.espol.edu.ec\/myjarrin\/files\/2011\/11\/P1000156-1024x768.jpg 1024w\" sizes=\"auto, (max-width: 300px) 100vw, 300px\" \/><\/a><\/p>\n<p>&nbsp;<\/p>\n<p>&nbsp;<\/p>\n<p>&nbsp;<\/p>\n<p>&nbsp;<\/p>\n<p>&nbsp;<\/p>\n<p>&nbsp;<\/p>\n<p>&nbsp;<\/p>\n<p><a href=\"http:\/\/blog.espol.edu.ec\/myjarrin\/files\/2011\/11\/P1000181.jpg\"><img loading=\"lazy\" decoding=\"async\" class=\"alignleft size-medium wp-image-102\" src=\"http:\/\/blog.espol.edu.ec\/myjarrin\/files\/2011\/11\/P1000181-300x225.jpg\" alt=\"\" width=\"300\" height=\"225\" srcset=\"https:\/\/blog.espol.edu.ec\/myjarrin\/files\/2011\/11\/P1000181-300x225.jpg 300w, https:\/\/blog.espol.edu.ec\/myjarrin\/files\/2011\/11\/P1000181-1024x768.jpg 1024w\" sizes=\"auto, (max-width: 300px) 100vw, 300px\" \/><\/a><\/p>\n<p><a href=\"http:\/\/blog.espol.edu.ec\/myjarrin\/files\/2011\/11\/P1000164.jpg\"><img loading=\"lazy\" decoding=\"async\" class=\"alignleft size-medium wp-image-103\" src=\"http:\/\/blog.espol.edu.ec\/myjarrin\/files\/2011\/11\/P1000164-300x225.jpg\" alt=\"\" width=\"300\" height=\"225\" srcset=\"https:\/\/blog.espol.edu.ec\/myjarrin\/files\/2011\/11\/P1000164-300x225.jpg 300w, https:\/\/blog.espol.edu.ec\/myjarrin\/files\/2011\/11\/P1000164-1024x768.jpg 1024w\" sizes=\"auto, (max-width: 300px) 100vw, 300px\" \/><\/a><\/p>\n<p>&nbsp;<\/p>\n<p>&nbsp;<\/p>\n<p>&nbsp;<\/p>\n<p>&nbsp;<\/p>\n<p>&nbsp;<\/p>\n<p>&nbsp;<\/p>\n<p>&nbsp;<\/p>\n<p><a href=\"http:\/\/blog.espol.edu.ec\/myjarrin\/files\/2011\/11\/P1000165.jpg\"><img loading=\"lazy\" decoding=\"async\" class=\"alignleft size-medium wp-image-104\" src=\"http:\/\/blog.espol.edu.ec\/myjarrin\/files\/2011\/11\/P1000165-300x225.jpg\" alt=\"\" width=\"300\" height=\"225\" srcset=\"https:\/\/blog.espol.edu.ec\/myjarrin\/files\/2011\/11\/P1000165-300x225.jpg 300w, https:\/\/blog.espol.edu.ec\/myjarrin\/files\/2011\/11\/P1000165-1024x768.jpg 1024w\" sizes=\"auto, (max-width: 300px) 100vw, 300px\" \/><\/a><\/p>\n<p><a href=\"http:\/\/blog.espol.edu.ec\/myjarrin\/files\/2011\/11\/P1000171.jpg\"><img loading=\"lazy\" decoding=\"async\" class=\"alignleft size-medium wp-image-105\" src=\"http:\/\/blog.espol.edu.ec\/myjarrin\/files\/2011\/11\/P1000171-300x225.jpg\" alt=\"\" width=\"300\" height=\"225\" srcset=\"https:\/\/blog.espol.edu.ec\/myjarrin\/files\/2011\/11\/P1000171-300x225.jpg 300w, https:\/\/blog.espol.edu.ec\/myjarrin\/files\/2011\/11\/P1000171-1024x768.jpg 1024w\" sizes=\"auto, (max-width: 300px) 100vw, 300px\" \/><\/a><\/p>\n<p>&nbsp;<\/p>\n<p>&nbsp;<\/p>\n<p>&nbsp;<\/p>\n<p>&nbsp;<\/p>\n<p>&nbsp;<\/p>\n<p>&nbsp;<\/p>\n<p>&nbsp;<\/p>\n<p><a href=\"http:\/\/blog.espol.edu.ec\/myjarrin\/files\/2011\/11\/P1000187.jpg\"><img loading=\"lazy\" decoding=\"async\" class=\"alignleft size-medium wp-image-106\" src=\"http:\/\/blog.espol.edu.ec\/myjarrin\/files\/2011\/11\/P1000187-300x225.jpg\" alt=\"\" width=\"300\" height=\"225\" srcset=\"https:\/\/blog.espol.edu.ec\/myjarrin\/files\/2011\/11\/P1000187-300x225.jpg 300w, https:\/\/blog.espol.edu.ec\/myjarrin\/files\/2011\/11\/P1000187-1024x768.jpg 1024w\" sizes=\"auto, (max-width: 300px) 100vw, 300px\" \/><\/a><\/p>\n<p><a href=\"http:\/\/blog.espol.edu.ec\/myjarrin\/files\/2011\/11\/P1000198.jpg\"><img loading=\"lazy\" decoding=\"async\" class=\"alignleft size-medium wp-image-107\" src=\"http:\/\/blog.espol.edu.ec\/myjarrin\/files\/2011\/11\/P1000198-300x225.jpg\" alt=\"\" width=\"300\" height=\"225\" srcset=\"https:\/\/blog.espol.edu.ec\/myjarrin\/files\/2011\/11\/P1000198-300x225.jpg 300w, https:\/\/blog.espol.edu.ec\/myjarrin\/files\/2011\/11\/P1000198-1024x768.jpg 1024w\" sizes=\"auto, (max-width: 300px) 100vw, 300px\" \/><\/a><\/p>\n<p>&nbsp;<\/p>\n<p>&nbsp;<\/p>\n<p>&nbsp;<\/p>\n<p>&nbsp;<\/p>\n<p>&nbsp;<\/p>\n<p>&nbsp;<\/p>\n<p>&nbsp;<\/p>\n<p>&nbsp;<\/p>\n<p>&nbsp;<\/p>\n<p>CONSTRUCCI\u00d3N DE CASA ECOL\u00d3GICA:<\/p>\n<p>Espol tiene por objetivo construir un prototipo de casa ecologica a base de botellas plasticas para la reutilizacion de este material, actualmente esta vivienda se encuentra en proceso de construccion, susu bases y simientos seras hechos totalmente con botellas rellenas de tierra.<\/p>\n<p>Para la\u00a0obtenci\u00f3n\u00a0de la cantidad\u00a0necesaria\u00a0de botellas se realiza la\u00a0recolecci\u00f3n\u00a0diaria del producto y su almacenaje en una bodega destinada para este\u00a0proyecto.<\/p>\n<p><a href=\"http:\/\/blog.espol.edu.ec\/myjarrin\/files\/2011\/11\/P10005681.jpg\"><img loading=\"lazy\" decoding=\"async\" class=\"alignleft size-medium wp-image-109\" src=\"http:\/\/blog.espol.edu.ec\/myjarrin\/files\/2011\/11\/P10005681-300x225.jpg\" alt=\"\" width=\"300\" height=\"225\" srcset=\"https:\/\/blog.espol.edu.ec\/myjarrin\/files\/2011\/11\/P10005681-300x225.jpg 300w, https:\/\/blog.espol.edu.ec\/myjarrin\/files\/2011\/11\/P10005681-1024x768.jpg 1024w\" sizes=\"auto, (max-width: 300px) 100vw, 300px\" \/><\/a><\/p>\n<p><a href=\"http:\/\/blog.espol.edu.ec\/myjarrin\/files\/2011\/11\/P1000569.jpg\"><img loading=\"lazy\" decoding=\"async\" class=\"alignleft size-medium wp-image-112\" src=\"http:\/\/blog.espol.edu.ec\/myjarrin\/files\/2011\/11\/P1000569-300x225.jpg\" alt=\"\" width=\"300\" height=\"225\" srcset=\"https:\/\/blog.espol.edu.ec\/myjarrin\/files\/2011\/11\/P1000569-300x225.jpg 300w, https:\/\/blog.espol.edu.ec\/myjarrin\/files\/2011\/11\/P1000569-1024x768.jpg 1024w\" sizes=\"auto, (max-width: 300px) 100vw, 300px\" \/><\/a><\/p>\n<p>&nbsp;<\/p>\n<p>&nbsp;<\/p>\n<p>&nbsp;<\/p>\n<p>&nbsp;<\/p>\n<p>&nbsp;<\/p>\n<p>&nbsp;<\/p>\n<p>&nbsp;<\/p>\n<p>&nbsp;<\/p>\n<p>&nbsp;<\/p>\n<p>ABONO ORG\u00c1NICO:<\/p>\n<p>El recorrido por las\u00a0instalaciones\u00a0de la\u00a0obtenci\u00f3n\u00a0de\u00a0abono\u00a0org\u00e1nico\u00a0funciona con una serie de pasos.<\/p>\n<ul>\n<li>Primero se visita la cancha de\u00a0concentraci\u00f3n\u00a0de desechos\u00a0org\u00e1nicos\u00a0en la cual se procede a separa los desechos\u00a0\u00e1cidos\u00a0y el resto formando monta\u00f1as del mismo. Esta cancha cuenta con sistemas de\u00a0filtraci\u00f3n\u00a0de aire para facilitar su\u00a0descomposici\u00f3n.<\/li>\n<li>Con el paso de los\u00a0d\u00edas\u00a0y gracias a la ayuda del ambiente y animales que se encuentran en el sector\u00a0constantemente\u00a0la materia comienza a\u00a0degradarse\u00a0y\u00a0convertirse\u00a0en una solo\u00a0porci\u00f3n\u00a0de material\u00a0org\u00e1nico.<\/li>\n<li>Una vez obtenido el PH6 u 8 que es el adecuado y necesario para proceder \u00a0a llevar a la maquina de moler donde en la parte superior se ingresa las materias mientras que en la parte inferior se receptan nuevamente.<\/li>\n<li>Una vez molido se deja un par de\u00a0d\u00edas\u00a0en reposo y dejando que el ambiente y clima adapten las condiciones adecuadas.<\/li>\n<li>Una\u00a0vez\u00a0concluido el ciclo se procese a empacar en fundas medianas para su\u00a0comercializaci\u00f3n.<\/li>\n<\/ul>\n<p><a href=\"http:\/\/blog.espol.edu.ec\/myjarrin\/files\/2011\/11\/P1000204.jpg\"><img loading=\"lazy\" decoding=\"async\" class=\"alignleft size-medium wp-image-116\" src=\"http:\/\/blog.espol.edu.ec\/myjarrin\/files\/2011\/11\/P1000204-300x225.jpg\" alt=\"\" width=\"300\" height=\"225\" srcset=\"https:\/\/blog.espol.edu.ec\/myjarrin\/files\/2011\/11\/P1000204-300x225.jpg 300w, https:\/\/blog.espol.edu.ec\/myjarrin\/files\/2011\/11\/P1000204-1024x768.jpg 1024w\" sizes=\"auto, (max-width: 300px) 100vw, 300px\" \/><\/a><a href=\"http:\/\/blog.espol.edu.ec\/myjarrin\/files\/2011\/11\/P1000205.jpg\"><img loading=\"lazy\" decoding=\"async\" class=\"alignleft size-medium wp-image-121\" src=\"http:\/\/blog.espol.edu.ec\/myjarrin\/files\/2011\/11\/P1000205-300x225.jpg\" alt=\"\" width=\"300\" height=\"225\" srcset=\"https:\/\/blog.espol.edu.ec\/myjarrin\/files\/2011\/11\/P1000205-300x225.jpg 300w, https:\/\/blog.espol.edu.ec\/myjarrin\/files\/2011\/11\/P1000205-1024x768.jpg 1024w\" sizes=\"auto, (max-width: 300px) 100vw, 300px\" \/><\/a><\/p>\n<p>&nbsp;<\/p>\n<p>&nbsp;<\/p>\n<p>&nbsp;<\/p>\n<p>&nbsp;<\/p>\n<p>&nbsp;<\/p>\n<p>&nbsp;<\/p>\n<p>&nbsp;<\/p>\n<p>BIOL:<\/p>\n<p>Formado a base de frutas o\u00a0excrementos.<\/p>\n<p>Elaboraci\u00f3n de este fertilizante natural toma a\u00f1os de reposo, se colocan en contenedores los residuos de material org\u00e1nico y se deja en forma de compresion que se a\u00f1eje con el paso de los a\u00f1os.<\/p>\n<p>Entre mas a\u00f1ejo mayor\u00a0resultados\u00a0positivo\u00a0dar\u00e1\u00a0en su\u00a0utilizaci\u00f3n.<\/p>\n<p><a href=\"http:\/\/blog.espol.edu.ec\/myjarrin\/files\/2011\/11\/P1000243.jpg\"><img loading=\"lazy\" decoding=\"async\" class=\"aligncenter size-medium wp-image-123\" src=\"http:\/\/blog.espol.edu.ec\/myjarrin\/files\/2011\/11\/P1000243-300x225.jpg\" alt=\"\" width=\"300\" height=\"225\" srcset=\"https:\/\/blog.espol.edu.ec\/myjarrin\/files\/2011\/11\/P1000243-300x225.jpg 300w, https:\/\/blog.espol.edu.ec\/myjarrin\/files\/2011\/11\/P1000243-1024x768.jpg 1024w\" sizes=\"auto, (max-width: 300px) 100vw, 300px\" \/><\/a><\/p>\n<p>&nbsp;<\/p>\n<p>VIVEROS:<\/p>\n<p>ESPOL cuenta con viveros de\u00a0generaci\u00f3n\u00a0de varias plantas :<\/p>\n<ul>\n<li>propias de la\u00a0regi\u00f3n\u00a0y su clima.<\/li>\n<li>otras generadas en el vivero.<\/li>\n<\/ul>\n<p>se encuentran un sin numero de variedades de frutos, hortalizas, legumbres, arboles maderables como ornamentales.<\/p>\n<p>Entre ellos podemos nombrar:<\/p>\n<ul>\n<li>Granada<\/li>\n<li>Cebolla<\/li>\n<li>\u00c1rbol\u00a0de\u00a0Guayac\u00e1n<\/li>\n<li>Neen<\/li>\n<li>Maracuya<\/li>\n<li>Mango, etc.<\/li>\n<\/ul>\n<p>La fundas peque\u00f1as para la venta se encuentran al precio desde $1, se realizan en gran cantidad bajo pedido del cliente.<\/p>\n<p><a href=\"http:\/\/blog.espol.edu.ec\/myjarrin\/files\/2011\/11\/P1000212.jpg\"><img loading=\"lazy\" decoding=\"async\" class=\"aligncenter size-medium wp-image-124\" src=\"http:\/\/blog.espol.edu.ec\/myjarrin\/files\/2011\/11\/P1000212-300x225.jpg\" alt=\"\" width=\"300\" height=\"225\" srcset=\"https:\/\/blog.espol.edu.ec\/myjarrin\/files\/2011\/11\/P1000212-300x225.jpg 300w, https:\/\/blog.espol.edu.ec\/myjarrin\/files\/2011\/11\/P1000212-1024x768.jpg 1024w\" sizes=\"auto, (max-width: 300px) 100vw, 300px\" \/><\/a><a href=\"http:\/\/blog.espol.edu.ec\/myjarrin\/files\/2011\/11\/P1000238.jpg\"><img loading=\"lazy\" decoding=\"async\" class=\"alignleft size-medium wp-image-125\" src=\"http:\/\/blog.espol.edu.ec\/myjarrin\/files\/2011\/11\/P1000238-300x225.jpg\" alt=\"\" width=\"300\" height=\"225\" srcset=\"https:\/\/blog.espol.edu.ec\/myjarrin\/files\/2011\/11\/P1000238-300x225.jpg 300w, https:\/\/blog.espol.edu.ec\/myjarrin\/files\/2011\/11\/P1000238-1024x768.jpg 1024w\" sizes=\"auto, (max-width: 300px) 100vw, 300px\" \/><\/a><a href=\"http:\/\/blog.espol.edu.ec\/myjarrin\/files\/2011\/11\/P1000216.jpg\"><img loading=\"lazy\" decoding=\"async\" class=\"alignleft size-medium wp-image-131\" src=\"http:\/\/blog.espol.edu.ec\/myjarrin\/files\/2011\/11\/P1000216-300x225.jpg\" alt=\"\" width=\"300\" height=\"225\" srcset=\"https:\/\/blog.espol.edu.ec\/myjarrin\/files\/2011\/11\/P1000216-300x225.jpg 300w, https:\/\/blog.espol.edu.ec\/myjarrin\/files\/2011\/11\/P1000216-1024x768.jpg 1024w\" sizes=\"auto, (max-width: 300px) 100vw, 300px\" \/><\/a><\/p>\n","protected":false},"excerpt":{"rendered":"<p>&nbsp; \"Al rededor de 2\u00a0d\u00edas\u00a0se\u00a0tomar\u00eda\u00a0una personar en caminar bordeando el limite del\u00a0bosque\u00a0protector que tiene a cargo la ESPOL\" nos relataba el Se\u00f1or que nos\u00a0recibi\u00f3\u00a0en nuestra visita a las instalaciones de informaci\u00f3n sobre este lugar; pudimos apreciar varios sistemas de conservacion del habitad que el personal aplica. A continuaci\u00f3n\u00a0tendran a\u00a0disposici\u00f3n\u00a0una serie de datos curiosos sobre las\u00a0practicas\u00a0desarrolladas\u00a0en [&hellip;]<\/p>\n","protected":false},"author":7224,"featured_media":0,"parent":0,"menu_order":0,"comment_status":"open","ping_status":"open","template":"","meta":{"footnotes":""},"class_list":["post-15","page","type-page","status-publish","hentry"],"_links":{"self":[{"href":"https:\/\/blog.espol.edu.ec\/myjarrin\/wp-json\/wp\/v2\/pages\/15","targetHints":{"allow":["GET"]}}],"collection":[{"href":"https:\/\/blog.espol.edu.ec\/myjarrin\/wp-json\/wp\/v2\/pages"}],"about":[{"href":"https:\/\/blog.espol.edu.ec\/myjarrin\/wp-json\/wp\/v2\/types\/page"}],"author":[{"embeddable":true,"href":"https:\/\/blog.espol.edu.ec\/myjarrin\/wp-json\/wp\/v2\/users\/7224"}],"replies":[{"embeddable":true,"href":"https:\/\/blog.espol.edu.ec\/myjarrin\/wp-json\/wp\/v2\/comments?post=15"}],"version-history":[{"count":10,"href":"https:\/\/blog.espol.edu.ec\/myjarrin\/wp-json\/wp\/v2\/pages\/15\/revisions"}],"predecessor-version":[{"id":83,"href":"https:\/\/blog.espol.edu.ec\/myjarrin\/wp-json\/wp\/v2\/pages\/15\/revisions\/83"}],"wp:attachment":[{"href":"https:\/\/blog.espol.edu.ec\/myjarrin\/wp-json\/wp\/v2\/media?parent=15"}],"curies":[{"name":"wp","href":"https:\/\/api.w.org\/{rel}","templated":true}]}}