{"id":16,"date":"2011-11-29T05:27:48","date_gmt":"2011-11-29T05:27:48","guid":{"rendered":"http:\/\/blog.espol.edu.ec\/myjarrin\/?page_id=16"},"modified":"2011-11-29T23:08:08","modified_gmt":"2011-11-29T23:08:08","slug":"presentacion-de-proyecto-huella-ecologica-a-visitantes","status":"publish","type":"page","link":"https:\/\/blog.espol.edu.ec\/myjarrin\/presentacion-de-proyecto-huella-ecologica-a-visitantes\/","title":{"rendered":"Presentaci\u00f3n de Proyecto Huella Ecol\u00f3gica a visitantes"},"content":{"rendered":"<p>El dia Jueves 24 de noviembre tuvimos la visita de las se\u00f1oritas del Colegio 28 de Mayo a las instalaciones de ESPOL con el fin de presentarles el proyecto realizado por la empresa de\u00a0L\u00e1cteos\u00a0TONY y\u00a0ESPOL.<\/p>\n<div>\n<blockquote>\n<p style=\"text-align: center\"><em><strong>\"HUELLA\u00a0ECOL\u00d3GICA\"<\/strong><\/em><\/p>\n<\/blockquote>\n<p>Presentando asi el video de\u00a0introducci\u00f3n\u00a0donde se explica el conocimiento basico que se necesita para entender el porque del funcionamiento de dicho proyecto, contamos con la presencia de alrededor de 60 se\u00f1oritas y sus respectivas autoridades institucionales acompa\u00f1andolas.<\/p>\n<p>Procedimos a llevar a las\u00a0instalaciones\u00a0a la entrada del bosque protector donde se dio a conocer cada\u00a0estaci\u00f3n\u00a0con las funciones que desempe\u00f1a la\u00a0ESPOL\u00a0en el proceso de\u00a0conservaci\u00f3n\u00a0del medio ambiente.<\/p>\n<p>Fuimos repartidos en grupos con guias de el personal del Voluntariado Universitario y estudiantes de la Materia de\u00a0Ecolog\u00eda\u00a0dictada por la Ingeniera Esther Soriano.<\/p>\n<p>Resolvimos dudas y contamos anecdotas realizando la visita de una manera interactiva.<\/p>\n<p>Logramos llegar a muchas de las estudiantes con el mensaje de este proyecto, donde empezaremos a formar\u00a0cambios\u00a0en nuestra sociedad.<\/p>\n<p><a href=\"http:\/\/blog.espol.edu.ec\/myjarrin\/files\/2011\/11\/P1000545.jpg\"><img loading=\"lazy\" decoding=\"async\" src=\"http:\/\/blog.espol.edu.ec\/myjarrin\/files\/2011\/11\/P1000545-300x225.jpg\" alt=\"\" width=\"300\" height=\"225\" \/><\/a><\/p>\n<p><a href=\"http:\/\/blog.espol.edu.ec\/myjarrin\/files\/2011\/11\/P1000548.jpg\"><img loading=\"lazy\" decoding=\"async\" src=\"http:\/\/blog.espol.edu.ec\/myjarrin\/files\/2011\/11\/P1000548-300x225.jpg\" alt=\"\" width=\"300\" height=\"225\" \/><\/a><a href=\"http:\/\/blog.espol.edu.ec\/myjarrin\/files\/2011\/11\/P1000549.jpg\"><img loading=\"lazy\" decoding=\"async\" src=\"http:\/\/blog.espol.edu.ec\/myjarrin\/files\/2011\/11\/P1000549-300x225.jpg\" alt=\"\" width=\"300\" height=\"225\" \/><\/a><\/p>\n<p><a href=\"http:\/\/blog.espol.edu.ec\/myjarrin\/files\/2011\/11\/P1000551.jpg\"><img loading=\"lazy\" decoding=\"async\" src=\"http:\/\/blog.espol.edu.ec\/myjarrin\/files\/2011\/11\/P1000551-300x225.jpg\" alt=\"\" width=\"300\" height=\"225\" \/><\/a><a href=\"http:\/\/blog.espol.edu.ec\/myjarrin\/files\/2011\/11\/P10005581.jpg\"><img loading=\"lazy\" decoding=\"async\" src=\"http:\/\/blog.espol.edu.ec\/myjarrin\/files\/2011\/11\/P10005581-300x225.jpg\" alt=\"\" width=\"300\" height=\"225\" \/><\/a><a href=\"http:\/\/blog.espol.edu.ec\/myjarrin\/files\/2011\/11\/P1000560.jpg\"><img loading=\"lazy\" decoding=\"async\" src=\"http:\/\/blog.espol.edu.ec\/myjarrin\/files\/2011\/11\/P1000560-300x225.jpg\" alt=\"\" width=\"300\" height=\"225\" \/><\/a><a href=\"http:\/\/blog.espol.edu.ec\/myjarrin\/files\/2011\/11\/P1000566.jpg\"><img loading=\"lazy\" decoding=\"async\" src=\"http:\/\/blog.espol.edu.ec\/myjarrin\/files\/2011\/11\/P1000566-300x225.jpg\" alt=\"\" width=\"300\" height=\"225\" \/><\/a><a href=\"http:\/\/blog.espol.edu.ec\/myjarrin\/files\/2011\/11\/P1000571.jpg\"><img loading=\"lazy\" decoding=\"async\" src=\"http:\/\/blog.espol.edu.ec\/myjarrin\/files\/2011\/11\/P1000571-300x225.jpg\" alt=\"\" width=\"300\" height=\"225\" \/><\/a><a href=\"http:\/\/blog.espol.edu.ec\/myjarrin\/files\/2011\/11\/P1000572.jpg\"><img loading=\"lazy\" decoding=\"async\" src=\"http:\/\/blog.espol.edu.ec\/myjarrin\/files\/2011\/11\/P1000572-300x225.jpg\" alt=\"\" width=\"300\" height=\"225\" \/><\/a><\/p>\n<\/div>\n","protected":false},"excerpt":{"rendered":"<p>El dia Jueves 24 de noviembre tuvimos la visita de las se\u00f1oritas del Colegio 28 de Mayo a las instalaciones de ESPOL con el fin de presentarles el proyecto realizado por la empresa de\u00a0L\u00e1cteos\u00a0TONY y\u00a0ESPOL. \"HUELLA\u00a0ECOL\u00d3GICA\" Presentando asi el video de\u00a0introducci\u00f3n\u00a0donde se explica el conocimiento basico que se necesita para entender el porque del funcionamiento [&hellip;]<\/p>\n","protected":false},"author":7224,"featured_media":0,"parent":0,"menu_order":0,"comment_status":"open","ping_status":"open","template":"","meta":{"footnotes":""},"class_list":["post-16","page","type-page","status-publish","hentry"],"_links":{"self":[{"href":"https:\/\/blog.espol.edu.ec\/myjarrin\/wp-json\/wp\/v2\/pages\/16","targetHints":{"allow":["GET"]}}],"collection":[{"href":"https:\/\/blog.espol.edu.ec\/myjarrin\/wp-json\/wp\/v2\/pages"}],"about":[{"href":"https:\/\/blog.espol.edu.ec\/myjarrin\/wp-json\/wp\/v2\/types\/page"}],"author":[{"embeddable":true,"href":"https:\/\/blog.espol.edu.ec\/myjarrin\/wp-json\/wp\/v2\/users\/7224"}],"replies":[{"embeddable":true,"href":"https:\/\/blog.espol.edu.ec\/myjarrin\/wp-json\/wp\/v2\/comments?post=16"}],"version-history":[{"count":9,"href":"https:\/\/blog.espol.edu.ec\/myjarrin\/wp-json\/wp\/v2\/pages\/16\/revisions"}],"predecessor-version":[{"id":78,"href":"https:\/\/blog.espol.edu.ec\/myjarrin\/wp-json\/wp\/v2\/pages\/16\/revisions\/78"}],"wp:attachment":[{"href":"https:\/\/blog.espol.edu.ec\/myjarrin\/wp-json\/wp\/v2\/media?parent=16"}],"curies":[{"name":"wp","href":"https:\/\/api.w.org\/{rel}","templated":true}]}}