{"id":3,"date":"2011-11-29T03:07:33","date_gmt":"2011-11-29T03:07:33","guid":{"rendered":"http:\/\/blog.espol.edu.ec\/myjarrin\/?page_id=3"},"modified":"2011-11-29T03:07:33","modified_gmt":"2011-11-29T03:07:33","slug":"desarrollo-sostenible-y-sustentable","status":"publish","type":"page","link":"https:\/\/blog.espol.edu.ec\/myjarrin\/desarrollo-sostenible-y-sustentable\/","title":{"rendered":"Desarrollo Sostenible y Sustentable"},"content":{"rendered":"<p style=\"text-align: left\"><img decoding=\"async\" class=\"aligncenter\" src=\"http:\/\/www.dforceblog.com\/wp-content\/uploads\/2010\/11\/desarrollo-sustentable-sostenible.jpg\" alt=\"\" \/> El t\u00e9rmino desarrollo sostenible, perdurable o sustentable se aplica al desarrollo socio-econ\u00f3mico y fue formalizado por primera vez en el documento conocido como Informe Brundtland (1987), fruto de los trabajos de la Comisi\u00f3n Mundial de Medio Ambiente y Desarrollo de Naciones Unidas, creada en Asamblea de las Naciones Unidas en 1983. Dicha definici\u00f3n se asumir\u00eda en el Principio de la Declaraci\u00f3n de R\u00edo (1992).<\/p>\n<blockquote>\n<p style=\"text-align: left\"><strong>\"Satisfacer las necesidades de las generaciones presentes sin comprometer las posibilidades de las del futuro para atender sus propias necesidades.\"<\/strong><\/p>\n<\/blockquote>\n<p style=\"text-align: left\">El \u00e1mbito del desarrollo sostenible puede dividirse conceptualmente en tres partes: ambiental, econ\u00f3mica y social. Se considera el aspecto social por la relaci\u00f3n entre el bienestar social con el medio ambiente y la bonanza econ\u00f3mica.<\/p>\n<p>Deben satisfacerse las necesidades de la sociedad como alimentaci\u00f3n, ropa, vivienda y trabajo, pues si la pobreza es habitual, el mundo estar\u00e1 encaminado a cat\u00e1strofes de varios tipos, incluidas las ecol\u00f3gicas. Asimismo, el desarrollo y el bienestar social, est\u00e1n limitados por el nivel tecnol\u00f3gico, los recursos del medio ambiente y la capacidad del medio ambiente para absorber los efectos de la actividad humana.<\/p>\n<p>Ante esta situaci\u00f3n, se plantea la posibilidad de mejorar la tecnolog\u00eda y la organizaci\u00f3n social de forma que el medio ambiente pueda recuperarse al mismo ritmo que es afectado por la actividad humana.<\/p>\n<p>Fuente:<\/p>\n<p>http:\/\/www.dforceblog.com\/2010\/11\/04\/desarrollo-sustentable-o-desarrollo-sostenible<\/p>\n","protected":false},"excerpt":{"rendered":"<p>El t\u00e9rmino desarrollo sostenible, perdurable o sustentable se aplica al desarrollo socio-econ\u00f3mico y fue formalizado por primera vez en el documento conocido como Informe Brundtland (1987), fruto de los trabajos de la Comisi\u00f3n Mundial de Medio Ambiente y Desarrollo de Naciones Unidas, creada en Asamblea de las Naciones Unidas en 1983. Dicha definici\u00f3n se asumir\u00eda [&hellip;]<\/p>\n","protected":false},"author":7224,"featured_media":0,"parent":0,"menu_order":0,"comment_status":"open","ping_status":"open","template":"","meta":{"footnotes":""},"class_list":["post-3","page","type-page","status-publish","hentry"],"_links":{"self":[{"href":"https:\/\/blog.espol.edu.ec\/myjarrin\/wp-json\/wp\/v2\/pages\/3","targetHints":{"allow":["GET"]}}],"collection":[{"href":"https:\/\/blog.espol.edu.ec\/myjarrin\/wp-json\/wp\/v2\/pages"}],"about":[{"href":"https:\/\/blog.espol.edu.ec\/myjarrin\/wp-json\/wp\/v2\/types\/page"}],"author":[{"embeddable":true,"href":"https:\/\/blog.espol.edu.ec\/myjarrin\/wp-json\/wp\/v2\/users\/7224"}],"replies":[{"embeddable":true,"href":"https:\/\/blog.espol.edu.ec\/myjarrin\/wp-json\/wp\/v2\/comments?post=3"}],"version-history":[{"count":1,"href":"https:\/\/blog.espol.edu.ec\/myjarrin\/wp-json\/wp\/v2\/pages\/3\/revisions"}],"predecessor-version":[{"id":4,"href":"https:\/\/blog.espol.edu.ec\/myjarrin\/wp-json\/wp\/v2\/pages\/3\/revisions\/4"}],"wp:attachment":[{"href":"https:\/\/blog.espol.edu.ec\/myjarrin\/wp-json\/wp\/v2\/media?parent=3"}],"curies":[{"name":"wp","href":"https:\/\/api.w.org\/{rel}","templated":true}]}}