{"id":41,"date":"2011-11-29T05:27:29","date_gmt":"2011-11-29T05:27:29","guid":{"rendered":"http:\/\/blog.espol.edu.ec\/myjarrin\/?page_id=41"},"modified":"2011-11-29T05:33:25","modified_gmt":"2011-11-29T05:33:25","slug":"la-ciencia-ecologica-1","status":"publish","type":"page","link":"https:\/\/blog.espol.edu.ec\/myjarrin\/la-ciencia-ecologica-1\/","title":{"rendered":"La ciencia ECOL\u00d3GICA 1"},"content":{"rendered":"<p><strong>INTRODUCCI\u00d3N<\/strong><\/p>\n<p>En la actualidad nuestro mundo esta sufriendo muchos cambios gracias a la\u00a0acci\u00f3n del\u00a0hombre; cambios que de alguna manera u otra desequilibran la normalidad del mismo, y por supuesto nuestra vida.<\/p>\n<p>Es nuestro deber al realizar este\u00a0trabajo conocer mas sobre nuestros\u00a0ecosistemas, los factores que los componen, las relaciones que existen entre los individuos (ya sean de la misma o de diferentes especies), la\u00a0contaminaci\u00f3n, tipos, causas y consecuencias, entre otros aspectos que podr\u00edan influenciarnos a mantener o rescatar el\u00a0equilibrio de nuestro ambiente.<\/p>\n<p><img decoding=\"async\" src=\"http:\/\/blog.guiasenior.com\/images\/educacion_medioambiente1.jpg\" alt=\"\" \/><\/p>\n<p><strong>ECOSISTEMAS<\/strong><\/p>\n<p>Como ecosistemas podemos definir:<\/p>\n<ul>\n<li>unidad natural de partes vivas e inertes que interactuan para producir un\u00a0sistema estable en el cual el intercambio entre\u00a0materia viva y no viva siguen una v\u00eda circular<\/li>\n<li>los organismos de una\u00a0comunidad y los factores abi\u00f3ticos asociados con los que est\u00e1n en interacci\u00f3n<\/li>\n<li>es cualquier lugar o medio donde se encuentran interactuando los seres vivios (factores bi\u00f3ticos) y los no vivos (factores abi\u00f3ticos)<\/li>\n<li>conjunto de seres vivos en un mismo medio y de los elementos no vivos vitalmente unidos a ellos.<\/li>\n<li>Son\u00a0sistemas termodin\u00e1micamente abiertos que reciben del exterior (sol, materia org\u00e1nica) y las transmiten a los ecosistemas vecinos a trav\u00e9s de los flujo de materias o los movimientos de individuos (migraciones).<\/li>\n<\/ul>\n<p><strong>Tipos de ecosistemas<\/strong><\/p>\n<p>*\u00a0ecosistema terrestre:<\/p>\n<p>Aproximadamente una cuarta parte de la superficie terrestre esta formada por los continentes e islas que son la porci\u00f3n seca del planeta. All\u00ed tiene asiento los ecosistemas terrestres continentales, la mayor\u00eda de los cuales se localizan en el hemisferio norte. Las alturas de la masa terrestre se elevan desde el nivel del mar hasta elevaciones monta\u00f1osas de aproximadamente 9000 mts. De altitud como el monte Everest en el Himalaya.<\/p>\n<p>La mayor\u00eda de los seres vivos terrestres se distribuyen en los primeros 6700 mts. Aunque se han hallado esporas de\u00a0bacterias y\u00a0hongos en la\u00a0atm\u00f3sfera a mayores alturas.<\/p>\n<p>* Ecosistema acu\u00e1tico:<\/p>\n<p>Los ecosistemas acu\u00e1ticos incluyen las aguas de los oc\u00e9anos y las aguas continentales dulces o saladas.<\/p>\n<p>La ocean\u00f3graf\u00eda se ocupa del estudio de los primeros y li limnolog\u00eda de los segundos. En este ultimo\u00a0grupo no solo se consideran los ecosistemas de\u00a0aguacorriente y los de agua quieta, si no tambi\u00e9n los microhabitas acuosos de manantiales, huecos de\u00a0\u00e1rboles e incluso las cavidades de\u00a0plantas donde se acumula agua. Cada uno de estos cuerpos de agua tiene\u00a0estructuras y propiedades f\u00edsicas particulares con relaci\u00f3n a la\u00a0luz, la\u00a0temperatura, las olas, las corrientes y la composici\u00f3n\u00a0qu\u00edmica, as\u00ed como diferentes tipos de\u00a0organizaciones ecol\u00f3gicas y de\u00a0distribuci\u00f3n de los organismos.<\/p>\n<p><strong>Ejemplos de ecosistemas<\/strong><\/p>\n<p>* Un lago * una selva * un pantano<\/p>\n<p>* un prado * una sabana * un bosque<\/p>\n<p><span style=\"line-height: normal\"><img decoding=\"async\" src=\"http:\/\/4.bp.blogspot.com\/_iCUmlhibAKs\/TSKMoZlQIrI\/AAAAAAAAAFE\/K6lf0G9qlrI\/s1600\/world.jpg\" alt=\"\" \/><\/span><\/p>\n<p>Fuente:<\/p>\n<ul>\n<li>Clases de Ecologia y Educacion Ambiental.<\/li>\n<li>http:\/\/www.monografias.com\/trabajos16\/ecosistema-contaminacion\/ecosistema-contaminacion.shtml<\/li>\n<\/ul>\n<p><span style=\"line-height: normal\"><br \/>\n<\/span><\/p>\n","protected":false},"excerpt":{"rendered":"<p>INTRODUCCI\u00d3N En la actualidad nuestro mundo esta sufriendo muchos cambios gracias a la\u00a0acci\u00f3n del\u00a0hombre; cambios que de alguna manera u otra desequilibran la normalidad del mismo, y por supuesto nuestra vida. Es nuestro deber al realizar este\u00a0trabajo conocer mas sobre nuestros\u00a0ecosistemas, los factores que los componen, las relaciones que existen entre los individuos (ya sean [&hellip;]<\/p>\n","protected":false},"author":7224,"featured_media":0,"parent":0,"menu_order":0,"comment_status":"open","ping_status":"open","template":"","meta":{"footnotes":""},"class_list":["post-41","page","type-page","status-publish","hentry"],"_links":{"self":[{"href":"https:\/\/blog.espol.edu.ec\/myjarrin\/wp-json\/wp\/v2\/pages\/41","targetHints":{"allow":["GET"]}}],"collection":[{"href":"https:\/\/blog.espol.edu.ec\/myjarrin\/wp-json\/wp\/v2\/pages"}],"about":[{"href":"https:\/\/blog.espol.edu.ec\/myjarrin\/wp-json\/wp\/v2\/types\/page"}],"author":[{"embeddable":true,"href":"https:\/\/blog.espol.edu.ec\/myjarrin\/wp-json\/wp\/v2\/users\/7224"}],"replies":[{"embeddable":true,"href":"https:\/\/blog.espol.edu.ec\/myjarrin\/wp-json\/wp\/v2\/comments?post=41"}],"version-history":[{"count":3,"href":"https:\/\/blog.espol.edu.ec\/myjarrin\/wp-json\/wp\/v2\/pages\/41\/revisions"}],"predecessor-version":[{"id":53,"href":"https:\/\/blog.espol.edu.ec\/myjarrin\/wp-json\/wp\/v2\/pages\/41\/revisions\/53"}],"wp:attachment":[{"href":"https:\/\/blog.espol.edu.ec\/myjarrin\/wp-json\/wp\/v2\/media?parent=41"}],"curies":[{"name":"wp","href":"https:\/\/api.w.org\/{rel}","templated":true}]}}