{"id":44,"date":"2011-11-29T05:27:39","date_gmt":"2011-11-29T05:27:39","guid":{"rendered":"http:\/\/blog.espol.edu.ec\/myjarrin\/?page_id=44"},"modified":"2011-11-29T05:32:30","modified_gmt":"2011-11-29T05:32:30","slug":"la-ciencia-ecologica-2","status":"publish","type":"page","link":"https:\/\/blog.espol.edu.ec\/myjarrin\/la-ciencia-ecologica-2\/","title":{"rendered":"La ciencia ECOL\u00d3GICA 2"},"content":{"rendered":"<p style=\"text-align: center\"><strong>Componentes de los Ecosistemas<\/strong><\/p>\n<p><strong>Factores bi\u00f3ticos y Abi\u00f3ticos<\/strong><\/p>\n<p><strong>Factores bi\u00f3ticos:<\/strong><\/p>\n<p>Son aquellos componentes de un ecosistema que poseen vida y que permiten el\u00a0desarrollo de la misma. En general los\u00a0factores bi\u00f3ticos son los seres vivos; ejemplo:\u00a0animales, plantas, hongos, bacterias, etc.<\/p>\n<p><strong>Factores abi\u00f3ticos<\/strong><\/p>\n<p>Son aquellos componentes de un ecosistema que no requieren de la acci\u00f3n de los seres vivos, o que no poseen vida, es decir, no realizan\u00a0funcionesvitales dentro de sus estructuras org\u00e1nicas. Los factores abi\u00f3ticos se clasifican en:<\/p>\n<table border=\"1\" cellspacing=\"0\" cellpadding=\"2\">\n<tbody>\n<tr>\n<td width=\"50%\" valign=\"middle\">Factores abi\u00f3ticos qu\u00edmicos<\/td>\n<td width=\"50%\" valign=\"middle\">Factores abi\u00f3ticos f\u00edsicos<\/td>\n<\/tr>\n<tr>\n<td width=\"50%\" valign=\"middle\">ph<\/td>\n<td width=\"50%\" valign=\"middle\">lluvias<\/td>\n<\/tr>\n<tr>\n<td width=\"50%\" valign=\"middle\">composici\u00f3n del\u00a0suelo, agua o aire<\/td>\n<td width=\"50%\" valign=\"middle\">intensidad de la luz solar<\/td>\n<\/tr>\n<tr>\n<td width=\"50%\" valign=\"middle\">sustancias qu\u00edmicas<\/td>\n<td width=\"50%\" valign=\"middle\">temperatura<\/td>\n<\/tr>\n<\/tbody>\n<\/table>\n<p><strong> <\/strong><\/p>\n<p><strong><a name=\"INTER\"><\/a>Interacci\u00f3n entre los organismos<\/strong><\/p>\n<p>* POR ANTAGONISMO:<\/p>\n<ul>\n<li>Competencia: es la\u00a0interacci\u00f3n entre individuos de la misma especie (competencia intraespecifica), que utilizan el mismo recurso y existen en cantidades limitadas. En general es la lucha de dos individuos por obtener un recurso o bien escaso, haciendo uso de sus habilidades; entre losrecursos por los que los organismos luchan est\u00e1n: pareja, alimento, espacio, agua, sitio de apareamiento, etc<\/li>\n<li>Depredaci\u00f3n: es la interacci\u00f3n entre individuos en la cual un organismo capture a otro organismo vivo con fines alimenticios. La depredaci\u00f3n es la ingesti\u00f3n de organismos vivos, incluidas la de las plantas por animales, animal con animal, y planta con animal, y hongos. En la depredaci\u00f3n existen dos componentes:<\/li>\n<li>\n<ul>\n<li>depredador: es aquel que se alimenta de otro organismo vivo<\/li>\n<li>presa: es aquel que se convierte en alimento de otro individuo<\/li>\n<\/ul>\n<\/li>\n<\/ul>\n<p>* POR SIMBIOSIS:<\/p>\n<ul>\n<li>Comensalismo: es la relaci\u00f3n entre dos especies en la cual uno se beneficia y el otro ni se beneficia ni se perjudica<\/li>\n<li>Mutualismo es la relaci\u00f3n entre dos especies en las cuales ambas se benefician<\/li>\n<li>Parasitismo: es una asociaci\u00f3n o relaci\u00f3n entre dos organismos o especies en el cual una se beneficia y la otra se perjudica. Hay tres\u00a0clase de par\u00e1sitos los cuales pueden ser:<\/li>\n<li>\n<ul>\n<li>ectopar\u00e1sito: par\u00e1sitos externos<\/li>\n<li>endopar\u00e1sitos: par\u00e1sitos internos<\/li>\n<li>hiperparasitos: par\u00e1sitos de par\u00e1sitos.<\/li>\n<\/ul>\n<\/li>\n<\/ul>\n<p><img decoding=\"async\" src=\"http:\/\/www.profesorenlinea.cl\/imagenciencias\/ecosistema008.jpg\" alt=\"\" \/><\/p>\n<p style=\"text-align: center\"><strong>Niveles tr\u00f3ficos<\/strong><\/p>\n<p>Un nivel tr\u00f3fico es la posici\u00f3n de una especie en la\u00a0red alimenticia (cadena alimenticia), es decir, su nivel de\u00a0alimentaci\u00f3n, por lo tanto el paso de energ\u00eda de un organismo a otro ocurre a lo largo de una cadena trofica o alimentar\u00eda, es decir, una secuencia de organismos relacionados unos con otros como presa y depredador, son los niveles tr\u00f3ficos<\/p>\n<p><strong>Tipos de niveles tr\u00f3ficos<\/strong><\/p>\n<ul>\n<li>Organismos productores o aut\u00f3trofos: son aquellos organismos que son capaces de crear o producir sus propios\u00a0alimentos (plantas).<\/li>\n<li>Organismos consumidores o heter\u00f3trofos: son aquellos que no son capaces de producir sus propios alimentos (animales, humanos)<\/li>\n<li>Organismos descomponedores o saprofitos: son aquellos que transforman las sustancias org\u00e1nicas en inorg\u00e1nicas para que puedan ser tomadas por las plantas (microorganismos, bacterias, etc)<\/li>\n<\/ul>\n<p><img decoding=\"async\" src=\"http:\/\/www.kalipedia.com\/kalipediamedia\/cienciasnaturales\/media\/200704\/18\/ecologia\/20070418klpcnaecl_23.Ees.SCO.png\" alt=\"\" \/><\/p>\n<p><strong>Clasificaci\u00f3n de los organismos consumidores<\/strong><\/p>\n<ul style=\"margin-top: 5px;margin-left: 20px;padding-left: 15px;margin-bottom: 5px;color: #445555;font-family: Georgia, 'Times New Roman', Times, serif;font-size: 14px;line-height: 18px\">\n<li>consumidores primarios o herb\u00edvoros: son los que se alimentan directamente de las plantas<\/li>\n<li>consumidores secundarios o carn\u00edvoros primarios: son los que se alimentan de los herb\u00edvoros<\/li>\n<li>consumidores terciarios o carn\u00edvoros secundarios: son aquellos que se alimentan de los carn\u00edvoros primarios o consumidores secundarios.<\/li>\n<\/ul>\n<p style=\"margin-top: 9px;margin-right: 0px;margin-bottom: 9px;margin-left: 0px;color: #445555;font-family: Georgia, 'Times New Roman', Times, serif;font-size: 14px;line-height: 18px;padding: 0px\"><strong>Cadena alimenticia<\/strong><\/p>\n<p style=\"margin-top: 9px;margin-right: 0px;margin-bottom: 9px;margin-left: 0px;color: #445555;font-family: Georgia, 'Times New Roman', Times, serif;font-size: 14px;line-height: 18px;padding: 0px\">Es la transferencia de energ\u00eda alimenticia desde su origen, en las plantas a trav\u00e9s de una sucesi\u00f3n de organismos, cada una de los cuales devoran al que le procede y es devorado a su vez por el que le sigue. Ejemplo:<\/p>\n<p><span style=\"color: #445555;font-family: Georgia, 'Times New Roman', Times, serif;line-height: 18px\">Hierbas conejo zorro Tigre<\/span><\/p>\n<p style=\"margin-top: 9px;margin-right: 0px;margin-bottom: 9px;margin-left: 0px;color: #445555;font-family: Georgia, 'Times New Roman', Times, serif;font-size: 14px;line-height: 18px;padding: 0px\">hierbas bachaco gallina Hombre<\/p>\n<p style=\"margin-top: 9px;margin-right: 0px;margin-bottom: 9px;margin-left: 0px;color: #445555;font-family: Georgia, 'Times New Roman', Times, serif;font-size: 14px;line-height: 18px;padding: 0px\">plantas oruga p\u00e1jaro \u00c1guila<\/p>\n<p style=\"margin-top: 9px;margin-right: 0px;margin-bottom: 9px;margin-left: 0px;color: #445555;font-family: Georgia, 'Times New Roman', Times, serif;font-size: 14px;line-height: 18px;padding: 0px\">\n<p style=\"margin-top: 9px;margin-right: 0px;margin-bottom: 9px;margin-left: 0px;color: #445555;font-family: Georgia, 'Times New Roman', Times, serif;font-size: 14px;line-height: 18px;padding: 0px\">\n<p style=\"margin-top: 9px;margin-right: 0px;margin-bottom: 9px;margin-left: 0px;padding: 0px\"><strong>Pir\u00e1mides alimenticias<\/strong><\/p>\n<p style=\"margin-top: 9px;margin-right: 0px;margin-bottom: 9px;margin-left: 0px;padding: 0px\"><strong> <\/strong>Es la representaci\u00f3n grafica de las relaciones cuantitativas de n\u00fameros de organismos, biomasa o flujo de energ\u00eda entre los niveles tr\u00f3ficos de un ecosistema.<\/p>\n<p style=\"margin-top: 9px;margin-right: 0px;margin-bottom: 9px;margin-left: 0px;padding: 0px\">A ra\u00edz de las grandes cantidades de energ\u00eda y biomasa que se disipan en cada nivel trofico, estos\u00a0diagramas casi siempre adoptan la forma de pir\u00e1mides.<\/p>\n<p style=\"margin-top: 9px;margin-right: 0px;margin-bottom: 9px;margin-left: 0px;padding: 0px\"><strong>Tipos de pir\u00e1mides alimenticias<\/strong><\/p>\n<p style=\"margin-top: 9px;margin-right: 0px;margin-bottom: 9px;margin-left: 0px;padding: 0px\">* Num\u00e9ricas: son aquellas en las que se representan un determinado n\u00famero de organismos por cada nivel trofico. Ejemplo:<\/p>\n<p style=\"margin-top: 9px;margin-right: 0px;margin-bottom: 9px;margin-left: 0px;padding: 0px\">\n<p style=\"margin-top: 9px;margin-right: 0px;margin-bottom: 9px;margin-left: 0px;padding: 0px\">15 consumidor<\/p>\n<p style=\"margin-top: 9px;margin-right: 0px;margin-bottom: 9px;margin-left: 0px;padding: 0px\">350 consumidor<\/p>\n<p style=\"margin-top: 9px;margin-right: 0px;margin-bottom: 9px;margin-left: 0px;padding: 0px\">1000\tconsumidor<\/p>\n<p style=\"margin-top: 9px;margin-right: 0px;margin-bottom: 9px;margin-left: 0px;padding: 0px\">25000 productor<\/p>\n<p style=\"margin-top: 9px;margin-right: 0px;margin-bottom: 9px;margin-left: 0px;padding: 0px\">* De biomasa: es la representaci\u00f3n grafica del peso total de todos los organismos o de alg\u00fan grupo de ellos. Ejemplo:<\/p>\n<p style=\"margin-top: 9px;margin-right: 0px;margin-bottom: 9px;margin-left: 0px;padding: 0px\">45\t consumidores terciario<\/p>\n<p style=\"margin-top: 9px;margin-right: 0px;margin-bottom: 9px;margin-left: 0px;padding: 0px\">500 consumidores secundarios<\/p>\n<p style=\"margin-top: 9px;margin-right: 0px;margin-bottom: 9px;margin-left: 0px;padding: 0px\">20000 consumidores primarios<\/p>\n<p style=\"margin-top: 9px;margin-right: 0px;margin-bottom: 9px;margin-left: 0px;padding: 0px\">470000 productores<\/p>\n<p style=\"margin-top: 9px;margin-right: 0px;margin-bottom: 9px;margin-left: 0px;padding: 0px\">* De flujo de energ\u00eda: es la representaci\u00f3n grafica de la transferencia de energ\u00eda en una\u00a0cadena alimenticia por cada nivel trofico. Ejemplo:<\/p>\n<p style=\"margin-top: 9px;margin-right: 0px;margin-bottom: 9px;margin-left: 0px;padding: 0px\">22 cons. terciarios<\/p>\n<p style=\"margin-top: 9px;margin-right: 0px;margin-bottom: 9px;margin-left: 0px;padding: 0px\">415 cons. secundarios<\/p>\n<p style=\"margin-top: 9px;margin-right: 0px;margin-bottom: 9px;margin-left: 0px;padding: 0px\">1986 cons. primarios<\/p>\n<p style=\"margin-top: 9px;margin-right: 0px;margin-bottom: 9px;margin-left: 0px;padding: 0px\">11985 productores<\/p>\n<p style=\"margin-top: 9px;margin-right: 0px;margin-bottom: 9px;margin-left: 0px;padding: 0px\"><img decoding=\"async\" src=\"http:\/\/www.medicinaintegralpanama.com\/wp-content\/uploads\/2011\/06\/piramide_alimentaria_2005.jpg\" alt=\"\" \/><\/p>\n<p style=\"margin-top: 9px;margin-right: 0px;margin-bottom: 9px;margin-left: 0px;padding: 0px\"><img decoding=\"async\" src=\"http:\/\/www.kalipedia.com\/kalipediamedia\/cienciasnaturales\/media\/200704\/18\/ecologia\/20070418klpcnaecl_21.Ees.SCO.png\" alt=\"\" \/><\/p>\n<p style=\"margin-top: 9px;margin-right: 0px;margin-bottom: 9px;margin-left: 0px;padding: 0px\"><img decoding=\"async\" src=\"http:\/\/biocia.files.wordpress.com\/2011\/01\/ciclo-materia.jpg\" alt=\"\" \/><\/p>\n<p style=\"margin-top: 9px;margin-right: 0px;margin-bottom: 9px;margin-left: 0px;padding: 0px\">\n<p style=\"margin-top: 9px;margin-right: 0px;margin-bottom: 9px;margin-left: 0px;padding: 0px\"><strong>Fuente<\/strong><strong>: <\/strong><\/p>\n<ul>\n<li><span style=\"color: #445555;font-family: Georgia, 'Times New Roman', Times, serif;font-size: 14px;line-height: 18px;text-align: left\">Clases de Ecologia y Educacion Ambiental.<\/span><\/li>\n<li><span style=\"line-height: 18px;text-align: left;font-family: Georgia, 'Times New Roman', 'Bitstream Charter', Times, serif;font-size: x-small\"><span style=\"line-height: 19px\">h<\/span><\/span><span style=\"color: #445555;text-align: left;font-size: x-small\">ttp:\/\/www.monografias.com\/trabajos16\/ecosistema-contaminacion\/ecosistema-contaminacion.shtml<\/span><\/li>\n<\/ul>\n<div id=\"_mcePaste\" style=\"width: 1px;height: 1px\">\n<p style=\"margin-top: 9px;margin-right: 0px;margin-bottom: 9px;margin-left: 0px;color: #445555;text-align: left;padding: 0px\"><span style=\"font-size: x-small\"><strong> <\/strong><\/span><\/p>\n<p style=\"margin-top: 9px;margin-right: 0px;margin-bottom: 9px;margin-left: 0px;color: #445555;font-family: Georgia, 'Times New Roman', Times, serif;font-size: 14px;line-height: 18px;padding: 0px\"><span style=\"font-family: Georgia, 'Times New Roman', 'Bitstream Charter', Times, serif;font-size: x-small\"><span style=\"line-height: 19px\"><br \/>\n<\/span><\/span><\/p>\n<\/div>\n","protected":false},"excerpt":{"rendered":"<p>Componentes de los Ecosistemas Factores bi\u00f3ticos y Abi\u00f3ticos Factores bi\u00f3ticos: Son aquellos componentes de un ecosistema que poseen vida y que permiten el\u00a0desarrollo de la misma. En general los\u00a0factores bi\u00f3ticos son los seres vivos; ejemplo:\u00a0animales, plantas, hongos, bacterias, etc. Factores abi\u00f3ticos Son aquellos componentes de un ecosistema que no requieren de la acci\u00f3n de los [&hellip;]<\/p>\n","protected":false},"author":7224,"featured_media":0,"parent":0,"menu_order":0,"comment_status":"open","ping_status":"open","template":"","meta":{"footnotes":""},"class_list":["post-44","page","type-page","status-publish","hentry"],"_links":{"self":[{"href":"https:\/\/blog.espol.edu.ec\/myjarrin\/wp-json\/wp\/v2\/pages\/44","targetHints":{"allow":["GET"]}}],"collection":[{"href":"https:\/\/blog.espol.edu.ec\/myjarrin\/wp-json\/wp\/v2\/pages"}],"about":[{"href":"https:\/\/blog.espol.edu.ec\/myjarrin\/wp-json\/wp\/v2\/types\/page"}],"author":[{"embeddable":true,"href":"https:\/\/blog.espol.edu.ec\/myjarrin\/wp-json\/wp\/v2\/users\/7224"}],"replies":[{"embeddable":true,"href":"https:\/\/blog.espol.edu.ec\/myjarrin\/wp-json\/wp\/v2\/comments?post=44"}],"version-history":[{"count":5,"href":"https:\/\/blog.espol.edu.ec\/myjarrin\/wp-json\/wp\/v2\/pages\/44\/revisions"}],"predecessor-version":[{"id":52,"href":"https:\/\/blog.espol.edu.ec\/myjarrin\/wp-json\/wp\/v2\/pages\/44\/revisions\/52"}],"wp:attachment":[{"href":"https:\/\/blog.espol.edu.ec\/myjarrin\/wp-json\/wp\/v2\/media?parent=44"}],"curies":[{"name":"wp","href":"https:\/\/api.w.org\/{rel}","templated":true}]}}