{"id":54,"date":"2011-11-29T05:38:26","date_gmt":"2011-11-29T05:38:26","guid":{"rendered":"http:\/\/blog.espol.edu.ec\/myjarrin\/?page_id=54"},"modified":"2011-11-29T05:38:45","modified_gmt":"2011-11-29T05:38:45","slug":"la-ciencia-ecologica-3","status":"publish","type":"page","link":"https:\/\/blog.espol.edu.ec\/myjarrin\/la-ciencia-ecologica-3\/","title":{"rendered":"La ciencia ECOL\u00d3GICA 3"},"content":{"rendered":"<p style=\"text-align: center\"><strong>FLUJO DE\u00a0ENERGIA EN EL ECOSISTEMA.<\/strong><\/p>\n<p><img loading=\"lazy\" decoding=\"async\" src=\"http:\/\/www.monografias.com\/trabajos16\/ecosistema-contaminacion\/Image4879.jpg\" alt=\"\" width=\"392\" height=\"746\" \/><\/p>\n<p><strong>Niveles de\u00a0organizaci\u00f3n en ecolog\u00eda<\/strong><\/p>\n<p>Individuo------\u00a0poblaci\u00f3n------ comunidad----- ecosistema----- biosfera<\/p>\n<ul>\n<li>individuo: organismo capaz de reproducirse, que funciona como un todo organizado; realiza todas sus funciones vitales siempre que pueda obtener del medio suficiente materia y energ\u00eda. Es la base de los niveles de organizaci\u00f3n ecol\u00f3gicas<\/li>\n<li>poblaci\u00f3n: es un grupo de individuos de la misma especie capaces de reproducirse entre si y que habitan en un lugar y\u00a0tiempo determinado<\/li>\n<li>comunidad: es el conjunto de poblaci\u00f3n de distintas especies, que viven en un \u00e1rea o\u00a0h\u00e1bitat f\u00edsico y tiempo determinado, y que interact\u00faan entre si<\/li>\n<li>ecosistema: es cualquier lugar o medio donde se encuentran interactuando los seres vivos o factores bi\u00f3ticos y los abi\u00f3ticos<\/li>\n<li>biosfera: es la capa de\u00a0aire, agua y\u00a0tierra donde se encuentra o es posible el desarrollo de la vida<\/li>\n<\/ul>\n<p><strong>Nicho ecol\u00f3gico<\/strong><\/p>\n<p>Es un t\u00e9rmino muy amplio que abarca no solo el espacio f\u00edsico ocupado por un organismo sino su papel funcional como miembro de una comunidad.<\/p>\n<p>Depende no solo de donde vive sino tambi\u00e9n la\u00a0funci\u00f3n que desempe\u00f1a en ella.<\/p>\n<p><strong>H\u00e1bitat ecol\u00f3gico<\/strong><\/p>\n<p>Es un territorio en el que una especie o un grupo de especies encuentran un complejo uniforme de condiciones de vida a las que est\u00e1n adaptadas. Lugar donde puede encontrarse habitualmente los individuos de una especie determinada.<\/p>\n<p><img decoding=\"async\" src=\"http:\/\/3.bp.blogspot.com\/_7U-V9ccFj2E\/S_xuKWArv3I\/AAAAAAAAAPQ\/NZScqrODpJ0\/s1600\/04_03_03_cadena_trofica.jpg\" alt=\"\" \/><\/p>\n<p><img decoding=\"async\" src=\"http:\/\/ecoplexity.org\/files\/\/energy_flux_Span.jpg\" alt=\"\" \/><\/p>\n<p style=\"text-align: center\"><strong>Contaminaci\u00f3n<\/strong><\/p>\n<p>Contaminaci\u00f3n significa todo\u00a0cambio indeseable en algunas caracter\u00edsticas del\u00a0ambiente que afecta negativamente a todos los seres vivos. Estos cambios se generan en forma natural o por acci\u00f3n del ser humano<\/p>\n<p><strong>Tipos de contaminaci\u00f3n<\/strong><\/p>\n<ul>\n<li>contaminaci\u00f3n del agua: es la incorporaci\u00f3n al agua de materias extra\u00f1as, como microorganismos,\u00a0productos qu\u00edmicos, residuos industriales, y de otros tipos o aguas residuales. Estas materias deterioran la\u00a0calidad del agua y la hacen in\u00fatil para los usos pretendidos.<\/li>\n<li>Contaminaci\u00f3n del suelo: es la incorporaci\u00f3n al suelo de materias extra\u00f1as, como\u00a0basura, desechos t\u00f3xicos, productos qu\u00edmicos, y desechos industriales. La\u00a0contaminaci\u00f3n del suelo produce un desequilibrio f\u00edsico, qu\u00edmico y biol\u00f3gico que afecta negativamente las plantas, animales y humanos.<\/li>\n<li>Contaminaci\u00f3n del aire: es la adici\u00f3n da\u00f1ina a la atm\u00f3sfera de\u00a0gases t\u00f3xicos, CO, u otros que afectan el normal desarrollo de plantas, animales y que afectan negativamente la\u00a0salud de los humanos.<\/li>\n<\/ul>\n<p><strong>Efectos de la contaminaci\u00f3n<\/strong><\/p>\n<p>*deteriora cada vez mas a nuestro planeta<\/p>\n<p>*atenta contra la vida de plantas, animales y personas<\/p>\n<p>*genera da\u00f1os f\u00edsicos en los individuos<\/p>\n<p>*convierte en un elemento no consumible al agua<\/p>\n<p>*en los\u00a0suelos contaminados no es posible la siembra<\/p>\n<p><strong>Causas de la contaminaci\u00f3n<\/strong><\/p>\n<ul>\n<li>desechos s\u00f3lidos dom\u00e9sticos<\/li>\n<li>desechos s\u00f3lidos industriales<\/li>\n<li>exceso de fertilizante y productos qu\u00edmicos<\/li>\n<li>tala<\/li>\n<li>quema<\/li>\n<li>basura<\/li>\n<li>el mon\u00f3xido de\u00a0carbono de los veh\u00edculos<\/li>\n<li>desag\u00fces de aguas negras o contaminadas al mar o r\u00edos<\/li>\n<\/ul>\n<p><strong>Medidas preventivas<\/strong><\/p>\n<ul>\n<li>no quemar ni talar plantas<\/li>\n<li>controlar el uso de fertilizantes y pesticidas<\/li>\n<li>no botar\u00a0basura en lugares inapropiados<\/li>\n<li>regular el\u00a0servicio de aseo urbano<\/li>\n<li>crear\u00a0conciencia ciudadana<\/li>\n<li>crear v\u00edas de desag\u00fces para las\u00a0industrias que no lleguen a los mares ni r\u00edos utilizados para el servicio o\u00a0consumo del hombre ni animales<\/li>\n<li>controlar los derramamientos accidentales de petr\u00f3leo<\/li>\n<li>controlar los relaves mineros<\/li>\n<\/ul>\n<p><img decoding=\"async\" src=\"http:\/\/upload.wikimedia.org\/wikipedia\/commons\/thumb\/9\/91\/Atmosphere_composition_diagram.jpg\/320px-Atmosphere_composition_diagram.jpg\" alt=\"\" \/><\/p>\n<p><img decoding=\"async\" src=\"http:\/\/upload.wikimedia.org\/wikipedia\/commons\/thumb\/2\/2e\/Oil-spill.jpg\/220px-Oil-spill.jpg\" alt=\"\" \/><\/p>\n<p>Fuente:<\/p>\n<ul>\n<li>Clases de\u00a0Ecolog\u00eda\u00a0y Educaci\u00f3n Ambiental.<\/li>\n<li>CURTIS, Helena y otros. 2001.\u00a0Biolog\u00eda. 6\u00b0\u00a0Edici\u00f3n en\u00a0espa\u00f1ol.\u00a0Buenos Aires - Argentina. Editorial Panamericana. pp.1405, 1413, 1420 al 1422, 1433, 1439 al 1443.<\/li>\n<li>CARDONA, Mar\u00eda y otros. 1998<strong>.\u00a0Diccionario enciclop\u00e9dico Larousse.<\/strong> 3\u00b0 Edici\u00f3n. Bogot\u00e1 \u2013\u00a0Colombia. Ediciones Larouse. pp. 28, 158, 341, 507, 534, 761.<\/li>\n<li>MARRERO, Levis. 1968.\u00a0<strong>La Tierra y sus Recursos.<\/strong> 13\u00b0 Edici\u00f3n. Caracas \u2013\u00a0Venezuela. Editorial Cultural Venezolana. pp. 277 al 281.<\/li>\n<li>PODUM, Eugene. 1972.\u00a0<strong>Ecolog\u00eda.<\/strong> 3\u00b0 Edici\u00f3n.\u00a0M\u00e9xico \u2013 M\u00e9xico. Editorial Interamericana. pp. 475 al 477.<\/li>\n<li>BERT, Salom\u00f3n. 2002.\u00a0<strong>Enciclopedia Tem\u00e1tica\u00a0Br\u00fajula.<\/strong><\/li>\n<li>OTROS:\u00a0<strong>Gu\u00edas de Biolog\u00eda UDO, UGMA<\/strong>.<\/li>\n<\/ul>\n<p><strong>Direcciones de\u00a0Internet Consultadas.<\/strong><\/p>\n<p>http:\/\/www.terra.com.ve\/aldeaeducativa\/temas\/tareas2ec7d.html<\/p>\n<p>http:\/\/www.terra.com.ve\/aldeaeducativa\/temas\/tareas2ec7d.html<\/p>\n<p>http:\/\/www.ecoportal.net\/temas\/contaminacion.htm<\/p>\n<p>http:\/\/www.monografias.com\/trabajos16\/ecosistema-contaminacion\/ecosistema-contaminacion.shtml<\/p>\n","protected":false},"excerpt":{"rendered":"<p>FLUJO DE\u00a0ENERGIA EN EL ECOSISTEMA. Niveles de\u00a0organizaci\u00f3n en ecolog\u00eda Individuo------\u00a0poblaci\u00f3n------ comunidad----- ecosistema----- biosfera individuo: organismo capaz de reproducirse, que funciona como un todo organizado; realiza todas sus funciones vitales siempre que pueda obtener del medio suficiente materia y energ\u00eda. Es la base de los niveles de organizaci\u00f3n ecol\u00f3gicas poblaci\u00f3n: es un grupo de individuos de [&hellip;]<\/p>\n","protected":false},"author":7224,"featured_media":0,"parent":0,"menu_order":0,"comment_status":"open","ping_status":"open","template":"","meta":{"footnotes":""},"class_list":["post-54","page","type-page","status-publish","hentry"],"_links":{"self":[{"href":"https:\/\/blog.espol.edu.ec\/myjarrin\/wp-json\/wp\/v2\/pages\/54","targetHints":{"allow":["GET"]}}],"collection":[{"href":"https:\/\/blog.espol.edu.ec\/myjarrin\/wp-json\/wp\/v2\/pages"}],"about":[{"href":"https:\/\/blog.espol.edu.ec\/myjarrin\/wp-json\/wp\/v2\/types\/page"}],"author":[{"embeddable":true,"href":"https:\/\/blog.espol.edu.ec\/myjarrin\/wp-json\/wp\/v2\/users\/7224"}],"replies":[{"embeddable":true,"href":"https:\/\/blog.espol.edu.ec\/myjarrin\/wp-json\/wp\/v2\/comments?post=54"}],"version-history":[{"count":2,"href":"https:\/\/blog.espol.edu.ec\/myjarrin\/wp-json\/wp\/v2\/pages\/54\/revisions"}],"predecessor-version":[{"id":56,"href":"https:\/\/blog.espol.edu.ec\/myjarrin\/wp-json\/wp\/v2\/pages\/54\/revisions\/56"}],"wp:attachment":[{"href":"https:\/\/blog.espol.edu.ec\/myjarrin\/wp-json\/wp\/v2\/media?parent=54"}],"curies":[{"name":"wp","href":"https:\/\/api.w.org\/{rel}","templated":true}]}}