{"id":68,"date":"2011-11-29T06:51:17","date_gmt":"2011-11-29T06:51:17","guid":{"rendered":"http:\/\/blog.espol.edu.ec\/myjarrin\/?page_id=68"},"modified":"2011-11-29T06:51:17","modified_gmt":"2011-11-29T06:51:17","slug":"protocolos-ecologicos","status":"publish","type":"page","link":"https:\/\/blog.espol.edu.ec\/myjarrin\/protocolos-ecologicos\/","title":{"rendered":"Protocolos Ecol\u00f3gicos"},"content":{"rendered":"<blockquote>\n<p style=\"text-align: center\"><em><strong>PROTOCOLO DE MONTREAL<\/strong><\/em><\/p>\n<\/blockquote>\n<p style=\"text-align: center\"><em><strong><img decoding=\"async\" src=\"http:\/\/4.bp.blogspot.com\/-BGrXlYTtUxI\/TZ6fk_b0w_I\/AAAAAAAAABk\/GcOJNuFPvwM\/s1600\/protocolomontreal.jpg\" alt=\"\" \/><\/strong><\/em><\/p>\n<p>El <strong>Protocolo de Montreal <\/strong>es un tratado internacional dise\u00f1ado para proteger la capa de ozono reduciendo la producci\u00f3n y el consumo de numerosas sustancias que se ha estudiado que reaccionan con el ozono y se cree que son responsables por el agotamiento de la capa de ozono. El acuerdo fue negociado en 1987 y entr\u00f3 en vigor el 1\u00ba de enero de 1989. La primera reuni\u00f3n de las partes se celebr\u00f3 en Helsinki en mayo de ese 1989. Desde ese momento, el documento ha sido revisado en varias ocasiones, en 1990 (Londres), en 1991 (Nairobi), en 1992 (Copenhague), en 1993 (Bangkok), en 1995 (Viena), en 1997 (Montreal) y en 1999 (Beijing). Se cree que si todos los pa\u00edses cumplen con los objetivos propuestos dentro del tratado, la capa de ozono podr\u00eda haberse recuperado para el a\u00f1o 2050. Debido al alto grado de aceptaci\u00f3n e implementaci\u00f3n que se ha logrado, el tratado ha sido considerado como un ejemplo excepcional de cooperaci\u00f3n internacional.<\/p>\n<p><img decoding=\"async\" src=\"http:\/\/elblogverde.com\/wp-content\/uploads\/2011\/03\/ProtocoloMontreal.jpg\" alt=\"\" \/><\/p>\n<blockquote>\n<p style=\"text-align: center\">\n<p style=\"text-align: center\">\n<p style=\"text-align: center\"><strong><em>PROTOCOLO MADRID<\/em><\/strong><\/p>\n<\/blockquote>\n<p style=\"text-align: left\">Acordado en Madrid en octubre de 1991, por el cual todas las naciones signatarias se comprometen a regular sus actividades en la zona ant\u00e1rtida, asegurando una previa evaluaci\u00f3n de las mismas, sujetas a procedimientos de monitoreo e informaci\u00f3n hacia los dem\u00e1s signatarios a fin de asegurar la minimizaci\u00f3n de cualquier tipo de impacto ambiental.<\/p>\n<p><img decoding=\"async\" src=\"http:\/\/ramonlarramendi.com\/imgs\/logo_tp.jpg\" alt=\"\" \/><\/p>\n<blockquote>\n<p style=\"text-align: center\"><strong><em>ACUERDO DE BRUNDTLAND<\/em><\/strong><\/p>\n<\/blockquote>\n<p style=\"text-align: left\"><img decoding=\"async\" src=\"http:\/\/www.xtimeline.com\/__UserPic_Large\/34157\/evt090729004600073.jpg\" alt=\"\" \/><\/p>\n<p style=\"text-align: left\">\n<p style=\"text-align: left\">\n<blockquote>\n<p style=\"text-align: center\"><em><strong><strong>INFORME DE BRUNDTLAND<\/strong><\/strong><\/em><\/p>\n<\/blockquote>\n<p>Informe socio-econ\u00f3mico elaborado por distintas naciones en 1987 para la ONU, por una comisi\u00f3n encabezada por la doctora\u00a0Gro Harlem Brundtland. Originalmente, se llam\u00f3 Nuestro Futuro Com\u00fan (<em>Our Common Future<\/em>, en ingl\u00e9s). En este informe, se utiliz\u00f3 por primera vez el t\u00e9rmino\u00a0desarrollo sostenible (o desarrollo sustentable), definido como aquel que\u00a0<em>satisface las necesidades del presente sin comprometer las necesidades de las futuras generaciones.<\/em> Implica un cambio muy importante en cuanto a la idea de sustentabilidad, principalmente ecol\u00f3gica, y a un marco que da tambi\u00e9n \u00e9nfasis al contexto econ\u00f3mico y social del desarrollo.<\/p>\n<h2><span style=\"font-weight: normal\">Objetivos<\/span><\/h2>\n<ul>\n<li>Llevar a cabo dos tipos de restricciones:\n<ul>\n<li>Ecol\u00f3gicas, es decir, la conservaci\u00f3n de nuestro planeta Tierra.<\/li>\n<li>Morales: renunciar a los niveles de consumo a los que no todos los individuos puedan aspirar.<\/li>\n<\/ul>\n<\/li>\n<li>Crecimiento econ\u00f3mico en los lugares donde no se satisfacen las necesidades anteriores, es decir, en los pa\u00edses pobres.<\/li>\n<li>Control demogr\u00e1fico, referido principalmente a las tasas de natalidad.<\/li>\n<li>No poner en peligro los sistemas naturales que sostienen la vida en la Tierra.<\/li>\n<li>La conservaci\u00f3n de los ecosistemas debe estar subordinada al bienestar humano, pues no todos los ecosistemas pueden ser conservados en su estado virgen.<\/li>\n<li>El uso de los recursos no renovables debe ser lo m\u00e1s eficiente posible.<\/li>\n<\/ul>\n<p>El desarrollo sostenible requiere entender que la inacci\u00f3n traer\u00e1 consecuencias; se deben cambiar las estructuras institucionales y fomentar las conductas individuales en relaci\u00f3n a los objetivos anteriormente descritos. Tambi\u00e9n se puso de manifiesto la necesidad de llevar a cabo una nueva conferencia a nivel mundial, dado que los objetivos propuestos en conferencias anteriores no estaban siendo cumplidos. As\u00ed, en 1992 se llev\u00f3 a cabo la Conferencia Sobre Medio Ambiente y Desarrollo sostenible en R\u00edo de Janeiro.<\/p>\n<p style=\"text-align: left\">\n<blockquote>\n<p style=\"text-align: center\">\n<p style=\"text-align: center\">\n<p style=\"text-align: center\"><strong><em>CONVENIO DIVERSIDAD ECOL\u00d3GICA<\/em><\/strong><\/p>\n<\/blockquote>\n<p>En 1992 se celebr\u00f3 en R\u00edo de Janeiro, Brasil, la Conferencia de las Naciones Unidas sobre Medio Ambiente y Desarrollo, tambi\u00e9n conocida como la \"Cumbre de la Tierra\". Dicha reuni\u00f3n gener\u00f3 tres logros significativos en materia de protecci\u00f3n ambiental:\u00a0 la Convenci\u00f3n Marco de las Naciones Unidas sobre el Cambio Clim\u00e1tico (UNFCCC, por sus siglas en ingl\u00e9s), la Convenci\u00f3n de Lucha contra la Desertificaci\u00f3n (UNCCD) y el Convenio sobre la Diversidad Biol\u00f3gica (CDB), siendo este \u00faltimo el primer acuerdo mundial enfocado en la conservaci\u00f3n y el uso sostenible de la biodiversidad.<br \/>\nHitos ambientales<\/p>\n<p>El CDB gan\u00f3 r\u00e1pidamente una aceptaci\u00f3n generalizada y m\u00e1s de 150 gobiernos firmaron el documento en el marco de la Cumbre en R\u00edo de Janeiro.<\/p>\n<blockquote>\n<p style=\"text-align: center\"><img decoding=\"async\" src=\"http:\/\/4.bp.blogspot.com\/-xS78vFdJTT8\/TdGUu4nfghI\/AAAAAAAAACE\/VJRreS1qHMQ\/s1600\/biodiversidad1.jpg\" alt=\"\" \/><\/p>\n<p style=\"text-align: center\"><img decoding=\"async\" src=\"http:\/\/3.bp.blogspot.com\/-a_YeL-zGh8k\/TdlsXotpmCI\/AAAAAAAAAeQ\/WALLI7w_Xk0\/s1600\/6c0e48fe-1132-4e6d-9002-acea64d97614.png\" alt=\"\" \/><\/p>\n<p style=\"text-align: center\">\n<p style=\"text-align: center\">\n<p style=\"text-align: center\">\n<p style=\"text-align: center\">\n<p style=\"text-align: center\"><em><strong>PROTOCOLO DE KYOTO<\/strong><\/em><\/p>\n<\/blockquote>\n<p style=\"text-align: left\"><em><strong> <\/strong><\/em>El\u00a0<strong>Protocolo de Kioto sobre el cambio clim\u00e1tico<\/strong><span style=\"text-align: -webkit-auto\"> es un protocolo de la <\/span><span style=\"text-align: -webkit-auto\">CMNUCC<\/span><span style=\"text-align: -webkit-auto\">, y un acuerdo internacional que tiene por objetivo reducir las emisiones de seis <\/span><span style=\"text-align: -webkit-auto\">gases de efecto invernadero<\/span><span style=\"text-align: -webkit-auto\"> que causan el <\/span><span style=\"text-align: -webkit-auto\">calentamiento global<\/span><span style=\"text-align: -webkit-auto\">: <\/span><span style=\"text-align: -webkit-auto\">di\u00f3xido de carbono<\/span><span style=\"text-align: -webkit-auto\"> (CO<\/span><sub>2<\/sub><span style=\"text-align: -webkit-auto\">), gas <\/span><span style=\"text-align: -webkit-auto\">metano<\/span><span style=\"text-align: -webkit-auto\">(CH<\/span><sub>4<\/sub><span style=\"text-align: -webkit-auto\">) y <\/span><span style=\"text-align: -webkit-auto\">\u00f3xido nitroso<\/span><span style=\"text-align: -webkit-auto\"> (N<\/span><sub>2<\/sub><span style=\"text-align: -webkit-auto\">O), adem\u00e1s de tres gases industriales fluorados: Hidrofluorocarbonos (HFC), <\/span><span style=\"text-align: -webkit-auto\">Perfluorocarbonos<\/span><span style=\"text-align: -webkit-auto\"> (PFC) y<\/span><span style=\"text-align: -webkit-auto\">Hexafluoruro de azufre<\/span><span style=\"text-align: -webkit-auto\"> (SF<\/span><sub>6<\/sub><span style=\"text-align: -webkit-auto\">), en un porcentaje aproximado de al menos un 5%, dentro del periodo que va desde el a\u00f1o 2008 al 2012, en comparaci\u00f3n a las emisiones al a\u00f1o 1990. Por ejemplo, si las emisiones de estos gases en el a\u00f1o 1990 alcanzaban el 100%, para el a\u00f1o 2012 deber\u00e1n de haberse reducido como m\u00ednimo al 95%. Es preciso se\u00f1alar que esto no significa que cada pa\u00eds deba reducir sus emisiones de gases regulados en un 5% como m\u00ednimo, sino que este es un porcentaje a nivel global y, por el contrario, cada pa\u00eds obligado por Kioto tiene sus propios porcentajes de emisi\u00f3n que debe disminuir.<\/span><\/p>\n<p style=\"text-align: left\">El protocolo fue inicialmente adoptado el 11 de diciembre de 1997 en Kioto, Jap\u00f3n pero no entr\u00f3 en vigor hasta el 16 de febrero de 2005. En noviembre de 2009, eran 187 estados los que ratificaron el protocolo.\u00a0EEUU mayor emisor de gases de invernadero mundial\u00a0no ha ratificado el protocolo.<\/p>\n<p style=\"text-align: left\">El instrumento se encuentra dentro del marco de la\u00a0Convenci\u00f3n Marco de las Naciones Unidas sobre el Cambio Clim\u00e1tico (CMNUCC), suscrita en\u00a01992 dentro de lo que se conoci\u00f3 como la\u00a0Cumbre de la Tierra de\u00a0R\u00edo de Janeiro. El protocolo vino a dar fuerza vinculante a lo que en ese entonces no pudo hacer la\u00a0CMNUCC.<\/p>\n<blockquote>\n<p style=\"text-align: left\"><strong><em><img decoding=\"async\" src=\"http:\/\/4.bp.blogspot.com\/-Qq_yr95qyGk\/TdcLaBkvLkI\/AAAAAAAAACc\/j8Tt8OcDoAw\/s1600\/kioto2.jpg\" alt=\"\" \/><img decoding=\"async\" src=\"http:\/\/3.bp.blogspot.com\/_XyZ8CYMrrFg\/SyGItaLCDQI\/AAAAAAAAA2g\/dV36_j9gmd8\/S150\/kyoto_plus_logo.gif\" alt=\"\" \/><\/em><\/strong><\/p>\n<p style=\"text-align: left\">\n<p style=\"text-align: center\">\n<p style=\"text-align: center\">\n<p style=\"text-align: center\"><em><strong>IPCC<\/strong><\/em><\/p>\n<p style=\"text-align: center\"><img decoding=\"async\" src=\"http:\/\/www.intercambioclimatico.com\/wp-content\/uploads\/ipcc.jpg\" alt=\"\" \/><\/p>\n<\/blockquote>\n<p style=\"text-align: center\"><span><span>nforme especial sobre la gesti\u00f3n de los riesgos de eventos extremos <\/span><\/span><br \/>\n<span><span>y desastres para el Avance de Adaptaci\u00f3n al Cambio Clim\u00e1tico<\/span><\/span><\/p>\n<p style=\"text-align: left\"><span><span><span><span>El AR5 proporcionar\u00e1 una actualizaci\u00f3n de conocimientos sobre los aspectos cient\u00edficos, t\u00e9cnicos y socioecon\u00f3micos del cambio clim\u00e1tico. <\/span><span>La informaci\u00f3n sobre el perfil y otros contenidos a tratar se pueden encontrar en el<\/span><\/span><span><span>documento de referencia AR5<\/span><\/span><span><span> y <\/span><\/span><span><span>documento de alcance SYR<\/span><\/span><span><span> . <\/span><span>M\u00e1s de <\/span><span>800 autores<\/span><span> , seleccionados de entre alrededor de 3000 propuestas, est\u00e1n envueltas en escribir los informes. <\/span><span>En primer lugar las reuniones de los autores principales se han celebrado. <\/span><span>Para el horario de AR5 reuniones conexas, per\u00edodos de revisi\u00f3n, y otras fechas importantes, por favor consulte el <\/span><span>calendario<\/span><span> . <\/span><\/span><\/span><\/span><\/p>\n<p style=\"text-align: left\">\n<p style=\"text-align: left\">\n<p style=\"text-align: left\">\n<blockquote>\n<p style=\"text-align: center\"><em><strong>PROGRAMA DE LAS NACIONES UNIDAS PARA LA CONSERVACI\u00d3N DEL MEDIO AMBIENTE<\/strong><\/em><\/p>\n<\/blockquote>\n<p style=\"text-align: left\"><span><span><span><span><img decoding=\"async\" src=\"http:\/\/1.bp.blogspot.com\/-vp9Or-6bV0o\/TsFD-xTHuWI\/AAAAAAAAAdk\/l3Ruqg2TI4E\/s400\/PNUMA+PROGRAMA+DE+NACIONES+UNIDAS+PARA+EL+MEDIO+AMBIENTE.gif\" alt=\"\" \/><img decoding=\"async\" src=\"http:\/\/organismos.chubut.gov.ar\/ambiente\/files\/2009\/06\/logo20pnuma.gif\" alt=\"\" \/><\/span><\/span><\/span><\/span><\/p>\n<p style=\"text-align: left\">\n<p><em>Programa de Naciones Unidas para el Medio Ambiente<strong>,<\/strong> PNUMA<strong>, ('<\/strong><\/em><strong>UNEP<\/strong> por sus siglas en ingl\u00e9s) con sede en\u00a0Nairobi,\u00a0Kenia, es un programa de las\u00a0Naciones Unidas que coordina las actividades relacionadas con el\u00a0medio ambiente, asistiendo a los pa\u00edses en la implementaci\u00f3n de pol\u00edticas medioambientales adecuadas as\u00ed como a fomentar el\u00a0desarrollo sostenible. Fue creado por recomendaci\u00f3n de la Conferencia de las Naciones Unidas sobre el Desarrollo Humanos (Estocolmo - 1972).<\/p>\n<p>Su misi\u00f3n es proporcionar liderazgo y promover los esfuerzos conjuntos para el cuidado del medio ambiente, alentando, informando y capacitando a las naciones y a los pueblos para que mejoren su vida sin comprometer la de las futuras generaciones.<\/p>\n<p>Sus actividades cubren un amplio rango de temas, desde la\u00a0atm\u00f3sfera y los\u00a0ecosistemas terrestres, la promoci\u00f3n de las ciencias medioambientales y la difusi\u00f3n de informaci\u00f3n relacionada hasta la emisi\u00f3n de advertencias y la capacidad para responder a emergencias relacionadas con desastres medioambientales.<\/p>\n<p>El PNUMA es la principal autoridad mundial en el \u00e1rea ambiental. Este programa:<\/p>\n<ul>\n<li>Eval\u00faa el estado del\u00a0medio ambiente mundial e identifica las cuestiones que necesitan ser objeto de cooperaci\u00f3n internacional.<\/li>\n<li>Ayuda a formular la legislaci\u00f3n sobre el medio ambiente y a incorporar las consideraciones ambientales a las pol\u00edticas y los programas sociales y econ\u00f3micos del sistema de Naciones Unidas.<\/li>\n<li>Dirige y alienta asociaciones para proteger el medio ambiente.<\/li>\n<li>Promueve conocimientos cient\u00edficos e informaci\u00f3n sobre el tema ambiental.<\/li>\n<li>Desarrolla e impulsa informes regionales y nacionales sobre el estado del medio ambiente y sus perspectivas.<\/li>\n<li>Promueve el desarrollo de tratados ambientales internacionales y contribuye al incremento de las capacidades nacionales para enfrentar estos problemas.<\/li>\n<\/ul>\n<p>El PNUMA ha desarrollado gu\u00edas y tratados sobre temas como el transporte internacional de productos qu\u00edmicos potencialmente peligrosos, contaminaci\u00f3n del aire transfronteriza y contaminaci\u00f3n de acu\u00edferos internacionales.<\/p>\n<p style=\"text-align: left\">La\u00a0Organizaci\u00f3n Meteorol\u00f3gica Mundial y el PNUMA establecieron el\u00a0Panel Intergubernamental del Cambio Clim\u00e1tico en\u00a01988.<\/p>\n<p style=\"text-align: left\">\n<p style=\"text-align: left\">\n<p style=\"text-align: left\"><em><strong>Fuente:<\/strong><\/em><\/p>\n<ul>\n<li><strong>Clases de Ecol\u00f3gia y Educaci\u00f3n Ambiental<\/strong><\/li>\n<li>http:\/\/www.paralibros.com\/passim\/ppress\/prpantar.htm<\/li>\n<li>http:\/\/mundometeorologia.portalmundos.com\/protocolos-y-politicas-medioambientales\/<\/li>\n<li>http:\/\/es.wikipedia.org\/wiki\/Informe_Brundtland<\/li>\n<li>http:\/\/www.biodiversidad.gob.mx\/planeta\/CDB\/cdb.html<\/li>\n<li>http:\/\/es.wikipedia.org\/wiki\/Protocolo_de_Kioto_sobre_el_cambio_clim%C3%A1tico<\/li>\n<\/ul>\n<p style=\"text-align: left\"><strong><em><br \/>\n<\/em><\/strong><\/p>\n<blockquote>\n<p style=\"text-align: center\">\n<\/blockquote>\n","protected":false},"excerpt":{"rendered":"<p>PROTOCOLO DE MONTREAL El Protocolo de Montreal es un tratado internacional dise\u00f1ado para proteger la capa de ozono reduciendo la producci\u00f3n y el consumo de numerosas sustancias que se ha estudiado que reaccionan con el ozono y se cree que son responsables por el agotamiento de la capa de ozono. El acuerdo fue negociado en [&hellip;]<\/p>\n","protected":false},"author":7224,"featured_media":0,"parent":0,"menu_order":0,"comment_status":"open","ping_status":"open","template":"","meta":{"footnotes":""},"class_list":["post-68","page","type-page","status-publish","hentry"],"_links":{"self":[{"href":"https:\/\/blog.espol.edu.ec\/myjarrin\/wp-json\/wp\/v2\/pages\/68","targetHints":{"allow":["GET"]}}],"collection":[{"href":"https:\/\/blog.espol.edu.ec\/myjarrin\/wp-json\/wp\/v2\/pages"}],"about":[{"href":"https:\/\/blog.espol.edu.ec\/myjarrin\/wp-json\/wp\/v2\/types\/page"}],"author":[{"embeddable":true,"href":"https:\/\/blog.espol.edu.ec\/myjarrin\/wp-json\/wp\/v2\/users\/7224"}],"replies":[{"embeddable":true,"href":"https:\/\/blog.espol.edu.ec\/myjarrin\/wp-json\/wp\/v2\/comments?post=68"}],"version-history":[{"count":1,"href":"https:\/\/blog.espol.edu.ec\/myjarrin\/wp-json\/wp\/v2\/pages\/68\/revisions"}],"predecessor-version":[{"id":76,"href":"https:\/\/blog.espol.edu.ec\/myjarrin\/wp-json\/wp\/v2\/pages\/68\/revisions\/76"}],"wp:attachment":[{"href":"https:\/\/blog.espol.edu.ec\/myjarrin\/wp-json\/wp\/v2\/media?parent=68"}],"curies":[{"name":"wp","href":"https:\/\/api.w.org\/{rel}","templated":true}]}}