{"id":2,"date":"2015-10-22T02:29:08","date_gmt":"2015-10-22T02:29:08","guid":{"rendered":"http:\/\/blog.espol.edu.ec\/nabernal\/?page_id=2"},"modified":"2015-11-10T05:23:59","modified_gmt":"2015-11-10T05:23:59","slug":"pagina-ejemplo","status":"publish","type":"page","link":"https:\/\/blog.espol.edu.ec\/nabernal\/pagina-ejemplo\/","title":{"rendered":"Para pensar."},"content":{"rendered":"<p><a href=\"http:\/\/blog.espol.edu.ec\/nabernal\/files\/2015\/10\/11896566_1008015215914560_6613556975448091431_o.jpg\"><img loading=\"lazy\" decoding=\"async\" class=\"alignnone size-medium wp-image-4\" src=\"http:\/\/blog.espol.edu.ec\/nabernal\/files\/2015\/10\/11896566_1008015215914560_6613556975448091431_o-300x200.jpg\" alt=\"11896566_1008015215914560_6613556975448091431_o\" width=\"300\" height=\"200\" srcset=\"https:\/\/blog.espol.edu.ec\/nabernal\/files\/2015\/10\/11896566_1008015215914560_6613556975448091431_o-300x200.jpg 300w, https:\/\/blog.espol.edu.ec\/nabernal\/files\/2015\/10\/11896566_1008015215914560_6613556975448091431_o-1024x683.jpg 1024w, https:\/\/blog.espol.edu.ec\/nabernal\/files\/2015\/10\/11896566_1008015215914560_6613556975448091431_o.jpg 2048w\" sizes=\"auto, (max-width: 300px) 100vw, 300px\" \/><\/a><\/p>\n<p>AMOR SIN L\u00cdMITES.<\/p>\n<ul>\n<li>\u00bfQU\u00c9 ES PARA TI EL AMOR SIN L\u00cdMITES?...<\/li>\n<li>\u00bfSER\u00c1 QUE EXISTE?...<\/li>\n<\/ul>\n<p>\u00a1Pues si existe!, aun cuando tengamos aflicciones y preocupaciones, hay alguien que nos ama de esa manera, independiente de lo que hayas hecho, ya sea malo o bueno, aunque creas o <strong><em><u>no <\/u><\/em><\/strong>en \u00c9L\u2026<\/p>\n<p>Ese alguien es DIOS. \u00bfY c\u00f3mo nos lo demuestra?<\/p>\n<p>Quiz\u00e1s piensas que el amor de Dios se basa, que tan bien te comportas o haces lo correcto. Que si fallas te dejar\u00e1 de amar, \u00a1pues no! Su amor es incondicional y nos lo demuestra a trav\u00e9s de SU HIJO, Jesucristo. Qui\u00e9n muri\u00f3 en la cruz, en lugar de nosotros. Dios es un eterno enamorado. \u201c<em><u>Porque de tal manera am\u00f3 Dios al mundo, que dio a su hijo unig\u00e9nito, para que todo aquel que en \u00c9l crea, no se pierda, m\u00e1s tenga vida eterna\u201d<\/u><\/em> Evangelio de Juan 3:16. <em><u>\u201cDios muestra su amor para con nosotros en que siendo a\u00fan pecadores, Cristo muri\u00f3 por nosotros\u201d Ep\u00edstola a los Romanos 5:8.<\/u><\/em><\/p>\n<p>\u201cSu Amor es sacrificio, Dios por amor a nosotros, ide\u00f3 una forma de que nos libr\u00e1ramos del justo castigo que merec\u00edamos por nuestros pecados y volvi\u00e9ramos a tener una relaci\u00f3n m\u00e1s cercana con \u00c9L. Envi\u00f3 a un sustituto- Su Hijo- para que sufriera ese castigo por cada uno de nosotros. \u00c9L no descarga Sus sentencias y Su ira sobre ninguno de nosotros porque Jes\u00fas ya lo tom\u00f3 sobre S\u00ed\u201d <em>(Devocionales para cada d\u00eda)<\/em>. Lo \u00fanico que tenemos que hacer para que nuestros pecados sean perdonados, es, CREER, pero no es tan solo un conocimiento de creencia, es una decisi\u00f3n, un estilo de vida, es tener una relaci\u00f3n, asi como una relaci\u00f3n de amistad. Dios quiere tener esa cercan\u00eda contigo, para quitarte toda esa carga que llevas encima, viviendo esta vida a tu manera, no la que Dios tiene para Ti, es entregarle Tu vida al Ser que te Cre\u00f3.<\/p>\n<p>No te aseguro que despu\u00e9s de haberle entregado tu vida a \u00c9L, vas a estar exento de problemas. \u00bfY t\u00fa dir\u00e1s, entonces cual ser\u00e1 la diferencia de aceptarlo? La diferencia es que ya no vas a estar solo, es que vas a darle Tus cargas a \u00c9l, descansar y confiar en que \u00c9L te va a sacar de esa situaci\u00f3n. Es que tu vida va a ser transformada, vas a ser libre. Su Amor te dar\u00e1 refugio, cuando nadie m\u00e1s quiera d\u00e1rtelo. Lo que te avergonzaba y te hac\u00eda sentir de lo peor y sin Valor, Dios te dice, Yo puedo limpiarlo y restaurarte, tan solo que lo busques.<\/p>\n<p>&nbsp;<\/p>\n<p>&nbsp;<\/p>\n","protected":false},"excerpt":{"rendered":"<p>AMOR SIN L\u00cdMITES. \u00bfQU\u00c9 ES PARA TI EL AMOR SIN L\u00cdMITES?... \u00bfSER\u00c1 QUE EXISTE?... \u00a1Pues si existe!, aun cuando tengamos aflicciones y preocupaciones, hay alguien que nos ama de esa manera, independiente de lo que hayas hecho, ya sea malo &hellip; <a href=\"https:\/\/blog.espol.edu.ec\/nabernal\/pagina-ejemplo\/\">Sigue leyendo <span class=\"meta-nav\">&rarr;<\/span><\/a><\/p>\n","protected":false},"author":9920,"featured_media":0,"parent":0,"menu_order":0,"comment_status":"closed","ping_status":"open","template":"","meta":{"footnotes":""},"class_list":["post-2","page","type-page","status-publish","hentry"],"_links":{"self":[{"href":"https:\/\/blog.espol.edu.ec\/nabernal\/wp-json\/wp\/v2\/pages\/2","targetHints":{"allow":["GET"]}}],"collection":[{"href":"https:\/\/blog.espol.edu.ec\/nabernal\/wp-json\/wp\/v2\/pages"}],"about":[{"href":"https:\/\/blog.espol.edu.ec\/nabernal\/wp-json\/wp\/v2\/types\/page"}],"author":[{"embeddable":true,"href":"https:\/\/blog.espol.edu.ec\/nabernal\/wp-json\/wp\/v2\/users\/9920"}],"replies":[{"embeddable":true,"href":"https:\/\/blog.espol.edu.ec\/nabernal\/wp-json\/wp\/v2\/comments?post=2"}],"version-history":[{"count":4,"href":"https:\/\/blog.espol.edu.ec\/nabernal\/wp-json\/wp\/v2\/pages\/2\/revisions"}],"predecessor-version":[{"id":53,"href":"https:\/\/blog.espol.edu.ec\/nabernal\/wp-json\/wp\/v2\/pages\/2\/revisions\/53"}],"wp:attachment":[{"href":"https:\/\/blog.espol.edu.ec\/nabernal\/wp-json\/wp\/v2\/media?parent=2"}],"curies":[{"name":"wp","href":"https:\/\/api.w.org\/{rel}","templated":true}]}}