{"id":9,"date":"2015-10-22T02:55:17","date_gmt":"2015-10-22T02:55:17","guid":{"rendered":"http:\/\/blog.espol.edu.ec\/nabernal\/?page_id=9"},"modified":"2015-11-10T05:17:41","modified_gmt":"2015-11-10T05:17:41","slug":"mi-primera-pagina","status":"publish","type":"page","link":"https:\/\/blog.espol.edu.ec\/nabernal\/mi-primera-pagina\/","title":{"rendered":"Have fun- TP"},"content":{"rendered":"<p><a href=\"http:\/\/blog.espol.edu.ec\/nabernal\/files\/2015\/11\/cropped-11896040_1035154153162996_3796158761951463046_n.jpg\"><img loading=\"lazy\" decoding=\"async\" class=\"wp-image-39 alignleft\" src=\"http:\/\/blog.espol.edu.ec\/nabernal\/files\/2015\/11\/cropped-11896040_1035154153162996_3796158761951463046_n-300x165.jpg\" alt=\"cropped-11896040_1035154153162996_3796158761951463046_n.jpg\" width=\"600\" height=\"330\" srcset=\"https:\/\/blog.espol.edu.ec\/nabernal\/files\/2015\/11\/cropped-11896040_1035154153162996_3796158761951463046_n-300x165.jpg 300w, https:\/\/blog.espol.edu.ec\/nabernal\/files\/2015\/11\/cropped-11896040_1035154153162996_3796158761951463046_n.jpg 940w\" sizes=\"auto, (max-width: 600px) 100vw, 600px\" \/><\/a><\/p>\n<p>Domingo de sonrisas y diversi\u00f3n, aprendiendo con los ni\u00f1os m\u00e1s del amor de Dios.<\/p>\n<p>Ministerio TP 5-6 a\u00f1os.<\/p>\n<p>&nbsp;<\/p>\n<p>&nbsp;<\/p>\n<p>&nbsp;<\/p>\n<p><a href=\"http:\/\/blog.espol.edu.ec\/nabernal\/files\/2015\/10\/10540682_10152769792712629_4584494961518441689_o.jpg\"><img loading=\"lazy\" decoding=\"async\" class=\"alignnone  wp-image-45\" src=\"http:\/\/blog.espol.edu.ec\/nabernal\/files\/2015\/10\/10540682_10152769792712629_4584494961518441689_o-300x169.jpg\" alt=\"10540682_10152769792712629_4584494961518441689_o\" width=\"586\" height=\"330\" srcset=\"https:\/\/blog.espol.edu.ec\/nabernal\/files\/2015\/10\/10540682_10152769792712629_4584494961518441689_o-300x169.jpg 300w, https:\/\/blog.espol.edu.ec\/nabernal\/files\/2015\/10\/10540682_10152769792712629_4584494961518441689_o-1024x576.jpg 1024w, https:\/\/blog.espol.edu.ec\/nabernal\/files\/2015\/10\/10540682_10152769792712629_4584494961518441689_o.jpg 2048w\" sizes=\"auto, (max-width: 586px) 100vw, 586px\" \/><\/a><\/p>\n<p>Feria de la solidaridad 2014. Cada a\u00f1o se realiza un macro evento en TP, en donde los ni\u00f1os juegan , cantan y se divierten mientras aprenden de Dios.<\/p>\n<p><a href=\"http:\/\/blog.espol.edu.ec\/nabernal\/files\/2015\/11\/1899264_10152092277663042_1746888049_o.jpg\"><img loading=\"lazy\" decoding=\"async\" class=\"alignnone  wp-image-42\" src=\"http:\/\/blog.espol.edu.ec\/nabernal\/files\/2015\/11\/1899264_10152092277663042_1746888049_o-300x212.jpg\" alt=\"1899264_10152092277663042_1746888049_o\" width=\"579\" height=\"408\" srcset=\"https:\/\/blog.espol.edu.ec\/nabernal\/files\/2015\/11\/1899264_10152092277663042_1746888049_o-300x212.jpg 300w, https:\/\/blog.espol.edu.ec\/nabernal\/files\/2015\/11\/1899264_10152092277663042_1746888049_o-1024x724.jpg 1024w, https:\/\/blog.espol.edu.ec\/nabernal\/files\/2015\/11\/1899264_10152092277663042_1746888049_o.jpg 1684w\" sizes=\"auto, (max-width: 579px) 100vw, 579px\" \/><\/a><\/p>\n<p>Logotipo <a href=\"http:\/\/www.ccgye.org\/ministerios\/#\">Tierra Prometida<\/a>.<\/p>\n<p><a href=\"http:\/\/blog.espol.edu.ec\/nabernal\/files\/2015\/11\/12096021_10153287970098042_4316926506413407266_n.jpg\"><img loading=\"lazy\" decoding=\"async\" class=\"alignnone  wp-image-40\" src=\"http:\/\/blog.espol.edu.ec\/nabernal\/files\/2015\/11\/12096021_10153287970098042_4316926506413407266_n-300x200.jpg\" alt=\"12096021_10153287970098042_4316926506413407266_n\" width=\"572\" height=\"381\" srcset=\"https:\/\/blog.espol.edu.ec\/nabernal\/files\/2015\/11\/12096021_10153287970098042_4316926506413407266_n-300x200.jpg 300w, https:\/\/blog.espol.edu.ec\/nabernal\/files\/2015\/11\/12096021_10153287970098042_4316926506413407266_n.jpg 960w\" sizes=\"auto, (max-width: 572px) 100vw, 572px\" \/><\/a><\/p>\n<p>Feria de la solidaridad 2015.<\/p>\n<p><a href=\"http:\/\/blog.espol.edu.ec\/nabernal\/files\/2015\/10\/12068973_1041738415858324_4941238391612469751_o.jpg\"><img loading=\"lazy\" decoding=\"async\" class=\"alignnone  wp-image-49\" src=\"http:\/\/blog.espol.edu.ec\/nabernal\/files\/2015\/10\/12068973_1041738415858324_4941238391612469751_o-300x169.jpg\" alt=\"12068973_1041738415858324_4941238391612469751_o\" width=\"588\" height=\"331\" srcset=\"https:\/\/blog.espol.edu.ec\/nabernal\/files\/2015\/10\/12068973_1041738415858324_4941238391612469751_o-300x169.jpg 300w, https:\/\/blog.espol.edu.ec\/nabernal\/files\/2015\/10\/12068973_1041738415858324_4941238391612469751_o-1024x576.jpg 1024w, https:\/\/blog.espol.edu.ec\/nabernal\/files\/2015\/10\/12068973_1041738415858324_4941238391612469751_o.jpg 1280w\" sizes=\"auto, (max-width: 588px) 100vw, 588px\" \/><\/a><\/p>\n<p>El hombre que tiene amigos ha de mostrarse amigo; Y amigo hay m\u00e1s unido que un hermano. Proverbios 18:24. La amistad es un tesoro.<\/p>\n<p>Consiervos y amigos en<a href=\"http:\/\/www.ccgye.org\/ministerios\/#\"> Tp<\/a> 5-6 a\u00f1os: <a href=\"https:\/\/www.facebook.com\/SnaPtup?fref=ts\">Ra\u00fal<\/a>, <a href=\"https:\/\/www.facebook.com\/mariafernanda.florestumbaco?fref=ts\">Mafer<\/a>, <a href=\"https:\/\/www.facebook.com\/alexitop.limones?fref=ts\">Alexis<\/a>, <a href=\"https:\/\/www.facebook.com\/todosjuntosparakyoseaunvacan?fref=ts\">Jes\u00fas<\/a>.<\/p>\n<p><a href=\"http:\/\/blog.espol.edu.ec\/nabernal\/files\/2015\/10\/11402706_993023104063189_6413974987025868604_n.jpg\"><img loading=\"lazy\" decoding=\"async\" class=\"alignnone  wp-image-50\" src=\"http:\/\/blog.espol.edu.ec\/nabernal\/files\/2015\/10\/11402706_993023104063189_6413974987025868604_n-300x300.jpg\" alt=\"11402706_993023104063189_6413974987025868604_n\" width=\"510\" height=\"510\" srcset=\"https:\/\/blog.espol.edu.ec\/nabernal\/files\/2015\/10\/11402706_993023104063189_6413974987025868604_n-300x300.jpg 300w, https:\/\/blog.espol.edu.ec\/nabernal\/files\/2015\/10\/11402706_993023104063189_6413974987025868604_n-150x150.jpg 150w, https:\/\/blog.espol.edu.ec\/nabernal\/files\/2015\/10\/11402706_993023104063189_6413974987025868604_n.jpg 720w\" sizes=\"auto, (max-width: 510px) 100vw, 510px\" \/><\/a><\/p>\n<p>Capacitaci\u00f3n de maestros. Disc\u00edpulos <a href=\"https:\/\/www.facebook.com\/groups\/902672356422797\/980646148625417\/?notif_t=group_activity\">F.E.D.<\/a><\/p>\n<p>Con amigos y siervos incre\u00edbles: <a href=\"https:\/\/www.facebook.com\/anaula2?fref=ts\">\u00c1ngel<\/a>, <a href=\"https:\/\/www.facebook.com\/mayrapaola.escalantesuarez?fref=ts\">Paola<\/a>, <a href=\"https:\/\/www.facebook.com\/mariafernanda.florestumbaco?fref=ts\">Mafer<\/a>, <a href=\"https:\/\/www.facebook.com\/profile.php?id=100003486111433&amp;fref=ts\">Melani,<\/a> <a href=\"https:\/\/www.facebook.com\/vanessa.mendez.37853?fref=ts\">Vanessa<\/a>.<\/p>\n<p><a href=\"http:\/\/blog.espol.edu.ec\/nabernal\/files\/2015\/10\/11751471_10200928079360009_1917214184221651105_n1.jpg\"><img loading=\"lazy\" decoding=\"async\" class=\"alignnone  wp-image-51\" src=\"http:\/\/blog.espol.edu.ec\/nabernal\/files\/2015\/10\/11751471_10200928079360009_1917214184221651105_n1-300x181.jpg\" alt=\"11751471_10200928079360009_1917214184221651105_n\" width=\"494\" height=\"297\" srcset=\"https:\/\/blog.espol.edu.ec\/nabernal\/files\/2015\/10\/11751471_10200928079360009_1917214184221651105_n1-300x181.jpg 300w, https:\/\/blog.espol.edu.ec\/nabernal\/files\/2015\/10\/11751471_10200928079360009_1917214184221651105_n1.jpg 960w\" sizes=\"auto, (max-width: 494px) 100vw, 494px\" \/><\/a><\/p>\n<p>Aprendiendo sobre la Creaci\u00f3n de Dios.<\/p>\n","protected":false},"excerpt":{"rendered":"<p>Domingo de sonrisas y diversi\u00f3n, aprendiendo con los ni\u00f1os m\u00e1s del amor de Dios. Ministerio TP 5-6 a\u00f1os. &nbsp; &nbsp; &nbsp; Feria de la solidaridad 2014. Cada a\u00f1o se realiza un macro evento en TP, en donde los ni\u00f1os juegan &hellip; <a href=\"https:\/\/blog.espol.edu.ec\/nabernal\/mi-primera-pagina\/\">Sigue leyendo <span class=\"meta-nav\">&rarr;<\/span><\/a><\/p>\n","protected":false},"author":9920,"featured_media":0,"parent":0,"menu_order":0,"comment_status":"closed","ping_status":"closed","template":"","meta":{"footnotes":""},"class_list":["post-9","page","type-page","status-publish","hentry"],"_links":{"self":[{"href":"https:\/\/blog.espol.edu.ec\/nabernal\/wp-json\/wp\/v2\/pages\/9","targetHints":{"allow":["GET"]}}],"collection":[{"href":"https:\/\/blog.espol.edu.ec\/nabernal\/wp-json\/wp\/v2\/pages"}],"about":[{"href":"https:\/\/blog.espol.edu.ec\/nabernal\/wp-json\/wp\/v2\/types\/page"}],"author":[{"embeddable":true,"href":"https:\/\/blog.espol.edu.ec\/nabernal\/wp-json\/wp\/v2\/users\/9920"}],"replies":[{"embeddable":true,"href":"https:\/\/blog.espol.edu.ec\/nabernal\/wp-json\/wp\/v2\/comments?post=9"}],"version-history":[{"count":6,"href":"https:\/\/blog.espol.edu.ec\/nabernal\/wp-json\/wp\/v2\/pages\/9\/revisions"}],"predecessor-version":[{"id":52,"href":"https:\/\/blog.espol.edu.ec\/nabernal\/wp-json\/wp\/v2\/pages\/9\/revisions\/52"}],"wp:attachment":[{"href":"https:\/\/blog.espol.edu.ec\/nabernal\/wp-json\/wp\/v2\/media?parent=9"}],"curies":[{"name":"wp","href":"https:\/\/api.w.org\/{rel}","templated":true}]}}